{"id":43897,"date":"2023-01-23T14:41:27","date_gmt":"2023-01-23T13:41:27","guid":{"rendered":"https:\/\/www.italyfamilyhotels.it\/hotels\/family-hotel-biancaneve"},"modified":"2023-01-23T15:52:53","modified_gmt":"2023-01-23T14:52:53","slug":"family-hotel-biancaneve","status":"publish","type":"page","link":"https:\/\/www.italyfamilyhotels.it\/fr\/hotels\/family-hotel-biancaneve","title":{"rendered":"Family Hotel Biancaneve"},"content":{"rendered":"\n<p>Nous vous accueillons vous et votre famille pour des\u00a0<b>vacances fabuleuses dans les Dolomites<\/b>, durant lesquelles vous accompagneront les protagonistes de la plus belle histoire de tous les temps : \u00ab\u00a0Blanche-Neige et les 7 nains\u00a0\u00bb.\u00a0Pour vos enfants, nous organisons <b>des jeux et des ateliers pendant 13 heures par jour<\/b>, \u00e9galement dans la\u00a0<b>\u00ab\u00a0Piscine des 7 nains\u00a0\u00bb chauff\u00e9e<\/b>, pendant que nous nous occupons des\u00a0<b>enfants \u00e0 partir de 12 mois<\/b>\u00a0avec l&#8217;aide professionnelle de nos douces nounous.<\/p>\n\n\n\n<p>Vivez des journ\u00e9es passionnantes en contact \u00e9troit avec la nature, gr\u00e2ce aux\u00a0<b>excursions guid\u00e9es avec Rudi et l&#8217;\u00e9quipe d&#8217;animation<\/b>. Si vous aimez p\u00e9daler, nous mettons \u00e0 votre disposition des v\u00e9los pour explorer les nombreuses\u00a0<b>pistes cyclables destin\u00e9es aux familles<\/b>. Et puis ne manquez pas l&#8217;exclusif\u00a0<b>\u00ab\u00a0Programme Family Nature\u00a0\u00bb<\/b>, \u00e9tudi\u00e9 par des experts en p\u00e9dagogie naturelle : l&#8217;occasion unique de partir avec les enfants \u00e0 la recherche de pierres magiques et de rencontrer le fantastique homme de pierre, Rocky.\u00a0Gr\u00e2ce \u00e0 un\u00a0<b>emplacement directement sur les pistes<\/b>, vous pourrez profiter du plus grand domaine skiable d&#8217;Europe, avec<b>\u00a0\u00e9cole de ski pour les enfants \u00e0 partir de 3 ans<\/b>. En alternative, nous organisons des<b>\u00a0excursions hivernales en raquettes<\/b>\u00a0pour vivre la magie de la for\u00eat enneig\u00e9e, \u00e9galement avec les plus petits.<\/p>\n\n\n\n<p>Au retour, d\u00e9tendez-vous dans le\u00a0<b>centre Spa avec les enfants<\/b>. Nous leur r\u00e9servons des soins tr\u00e8s particuliers : mini manucure, massage d\u00e9licat \u00e0 l&#8217;huile de camomille et au miel, nettoyage du visage avec des produits naturels pour les ados. Et, pendant que les plus petits nagent et jouent en toute s\u00e9curit\u00e9 dans la piscine qui leur est d\u00e9di\u00e9e, piquez une t\u00eate dans la piscine \u00e0 d\u00e9bordement panoramique et chauff\u00e9e, l\u2019Infinity Pool, ou offrez-vous des soins de bien-\u00eatre.<\/p>\n\n\n\n<p>Le conte de f\u00e9es continue \u00e9galement \u00e0 table, avec\u00a0de <b>d\u00e9licieux menus pour les plus jeunes<\/b>, con\u00e7us par des nutritionnistes de confiance, d&#8217;excellents plats traditionnels pour maman et papa, des aliments pour b\u00e9b\u00e9s, des bouillons et des velout\u00e9s toujours frais pour les enfants en phase de sevrage, sans oublier le gourmand\u00a0<b>go\u00fbter de l&#8217;apr\u00e8s-midi<\/b>.<\/p>\n","protected":false},"excerpt":{"rendered":"<p>Nous vous accueillons vous et votre famille pour des\u00a0vacances fabuleuses dans les Dolomites, durant lesquelles vous accompagneront les protagonistes de la plus belle histoire de tous les temps : \u00ab\u00a0Blanche-Neige et les 7 nains\u00a0\u00bb.\u00a0Pour vos enfants, nous organisons des jeux et des ateliers pendant 13 heures par jour, \u00e9galement dans la\u00a0\u00ab\u00a0Piscine des 7 nains\u00a0\u00bb chauff\u00e9e, &hellip;<\/p>\n","protected":false},"author":48,"featured_media":0,"parent":29729,"menu_order":0,"comment_status":"closed","ping_status":"closed","template":"page-templates\/scheda_hotel.php","meta":{"_acf_changed":false,"inline_featured_image":false,"footnotes":""},"class_list":["post-43897","page","type-page","status-publish","hentry"],"acf":[],"yoast_head":"<!-- This site is optimized with the Yoast SEO plugin v27.1 - https:\/\/yoast.com\/product\/yoast-seo-wordpress\/ -->\n<title>Family Hotel Biancaneve 4 \u00e9toiles Superior, Selva di Val Gardena<\/title>\n<meta name=\"description\" content=\"Envie de vacances en famille ? D\u00e9couvrez les offres pour familles du Family Hotel Biancaneve \u00e0 Selva di Val Gardena\" \/>\n<meta name=\"robots\" content=\"index, follow, max-snippet:-1, max-image-preview:large, max-video-preview:-1\" \/>\n<link rel=\"canonical\" href=\"https:\/\/www.italyfamilyhotels.it\/fr\/hotels\/family-hotel-biancaneve\" \/>\n<meta property=\"og:locale\" content=\"fr_FR\" \/>\n<meta property=\"og:type\" content=\"article\" \/>\n<meta property=\"og:title\" content=\"Family Hotel Biancaneve 4 \u00e9toiles Superior, Selva di Val Gardena\" \/>\n<meta property=\"og:description\" content=\"Envie de vacances en famille ? D\u00e9couvrez les offres pour familles du Family Hotel Biancaneve \u00e0 Selva di Val Gardena\" \/>\n<meta property=\"og:url\" content=\"https:\/\/www.italyfamilyhotels.it\/fr\/hotels\/family-hotel-biancaneve\" \/>\n<meta property=\"og:site_name\" content=\"Italy Family Hotels\" \/>\n<meta property=\"article:publisher\" content=\"https:\/\/www.facebook.com\/ItalyFamilyHotels\/\" \/>\n<meta property=\"article:modified_time\" content=\"2023-01-23T14:52:53+00:00\" \/>\n<meta name=\"twitter:card\" content=\"summary_large_image\" \/>\n<meta name=\"twitter:label1\" content=\"Dur\u00e9e de lecture estim\u00e9e\" \/>\n\t<meta name=\"twitter:data1\" content=\"2 minutes\" \/>\n<script type=\"application\/ld+json\" class=\"yoast-schema-graph\">{\"@context\":\"https:\/\/schema.org\",\"@graph\":[{\"@type\":\"WebPage\",\"@id\":\"https:\/\/www.italyfamilyhotels.it\/fr\/hotels\/family-hotel-biancaneve\",\"url\":\"https:\/\/www.italyfamilyhotels.it\/fr\/hotels\/family-hotel-biancaneve\",\"name\":\"Family Hotel Biancaneve 4 \u00e9toiles Superior, Selva di Val Gardena\",\"isPartOf\":{\"@id\":\"https:\/\/www.italyfamilyhotels.it\/#website\"},\"datePublished\":\"2023-01-23T13:41:27+00:00\",\"dateModified\":\"2023-01-23T14:52:53+00:00\",\"description\":\"Envie de vacances en famille ? D\u00e9couvrez les offres pour familles du Family Hotel Biancaneve \u00e0 Selva di Val Gardena\",\"breadcrumb\":{\"@id\":\"https:\/\/www.italyfamilyhotels.it\/fr\/hotels\/family-hotel-biancaneve#breadcrumb\"},\"inLanguage\":\"fr-FR\",\"potentialAction\":[{\"@type\":\"ReadAction\",\"target\":[\"https:\/\/www.italyfamilyhotels.it\/fr\/hotels\/family-hotel-biancaneve\"]}]},{\"@type\":\"BreadcrumbList\",\"@id\":\"https:\/\/www.italyfamilyhotels.it\/fr\/hotels\/family-hotel-biancaneve#breadcrumb\",\"itemListElement\":[{\"@type\":\"ListItem\",\"position\":1,\"name\":\"Home\",\"item\":\"https:\/\/www.italyfamilyhotels.it\/fr\"},{\"@type\":\"ListItem\",\"position\":2,\"name\":\"Family Hotels\",\"item\":\"https:\/\/www.italyfamilyhotels.it\/fr\/hotels\"},{\"@type\":\"ListItem\",\"position\":3,\"name\":\"Family Hotel Biancaneve\"}]},{\"@type\":\"WebSite\",\"@id\":\"https:\/\/www.italyfamilyhotels.it\/#website\",\"url\":\"https:\/\/www.italyfamilyhotels.it\/\",\"name\":\"Italy Family Hotels\",\"description\":\"\",\"potentialAction\":[{\"@type\":\"SearchAction\",\"target\":{\"@type\":\"EntryPoint\",\"urlTemplate\":\"https:\/\/www.italyfamilyhotels.it\/?s={search_term_string}\"},\"query-input\":{\"@type\":\"PropertyValueSpecification\",\"valueRequired\":true,\"valueName\":\"search_term_string\"}}],\"inLanguage\":\"fr-FR\"}]}<\/script>\n<!-- \/ Yoast SEO plugin. -->","yoast_head_json":{"title":"Family Hotel Biancaneve 4 \u00e9toiles Superior, Selva di Val Gardena","description":"Envie de vacances en famille ? D\u00e9couvrez les offres pour familles du Family Hotel Biancaneve \u00e0 Selva di Val Gardena","robots":{"index":"index","follow":"follow","max-snippet":"max-snippet:-1","max-image-preview":"max-image-preview:large","max-video-preview":"max-video-preview:-1"},"canonical":"https:\/\/www.italyfamilyhotels.it\/fr\/hotels\/family-hotel-biancaneve","og_locale":"fr_FR","og_type":"article","og_title":"Family Hotel Biancaneve 4 \u00e9toiles Superior, Selva di Val Gardena","og_description":"Envie de vacances en famille ? D\u00e9couvrez les offres pour familles du Family Hotel Biancaneve \u00e0 Selva di Val Gardena","og_url":"https:\/\/www.italyfamilyhotels.it\/fr\/hotels\/family-hotel-biancaneve","og_site_name":"Italy Family Hotels","article_publisher":"https:\/\/www.facebook.com\/ItalyFamilyHotels\/","article_modified_time":"2023-01-23T14:52:53+00:00","twitter_card":"summary_large_image","twitter_misc":{"Dur\u00e9e de lecture estim\u00e9e":"2 minutes"},"schema":{"@context":"https:\/\/schema.org","@graph":[{"@type":"WebPage","@id":"https:\/\/www.italyfamilyhotels.it\/fr\/hotels\/family-hotel-biancaneve","url":"https:\/\/www.italyfamilyhotels.it\/fr\/hotels\/family-hotel-biancaneve","name":"Family Hotel Biancaneve 4 \u00e9toiles Superior, Selva di Val Gardena","isPartOf":{"@id":"https:\/\/www.italyfamilyhotels.it\/#website"},"datePublished":"2023-01-23T13:41:27+00:00","dateModified":"2023-01-23T14:52:53+00:00","description":"Envie de vacances en famille ? D\u00e9couvrez les offres pour familles du Family Hotel Biancaneve \u00e0 Selva di Val Gardena","breadcrumb":{"@id":"https:\/\/www.italyfamilyhotels.it\/fr\/hotels\/family-hotel-biancaneve#breadcrumb"},"inLanguage":"fr-FR","potentialAction":[{"@type":"ReadAction","target":["https:\/\/www.italyfamilyhotels.it\/fr\/hotels\/family-hotel-biancaneve"]}]},{"@type":"BreadcrumbList","@id":"https:\/\/www.italyfamilyhotels.it\/fr\/hotels\/family-hotel-biancaneve#breadcrumb","itemListElement":[{"@type":"ListItem","position":1,"name":"Home","item":"https:\/\/www.italyfamilyhotels.it\/fr"},{"@type":"ListItem","position":2,"name":"Family Hotels","item":"https:\/\/www.italyfamilyhotels.it\/fr\/hotels"},{"@type":"ListItem","position":3,"name":"Family Hotel Biancaneve"}]},{"@type":"WebSite","@id":"https:\/\/www.italyfamilyhotels.it\/#website","url":"https:\/\/www.italyfamilyhotels.it\/","name":"Italy Family Hotels","description":"","potentialAction":[{"@type":"SearchAction","target":{"@type":"EntryPoint","urlTemplate":"https:\/\/www.italyfamilyhotels.it\/?s={search_term_string}"},"query-input":{"@type":"PropertyValueSpecification","valueRequired":true,"valueName":"search_term_string"}}],"inLanguage":"fr-FR"}]}},"_links":{"self":[{"href":"https:\/\/www.italyfamilyhotels.it\/fr\/wp-json\/wp\/v2\/pages\/43897","targetHints":{"allow":["GET"]}}],"collection":[{"href":"https:\/\/www.italyfamilyhotels.it\/fr\/wp-json\/wp\/v2\/pages"}],"about":[{"href":"https:\/\/www.italyfamilyhotels.it\/fr\/wp-json\/wp\/v2\/types\/page"}],"author":[{"embeddable":true,"href":"https:\/\/www.italyfamilyhotels.it\/fr\/wp-json\/wp\/v2\/users\/48"}],"replies":[{"embeddable":true,"href":"https:\/\/www.italyfamilyhotels.it\/fr\/wp-json\/wp\/v2\/comments?post=43897"}],"version-history":[{"count":2,"href":"https:\/\/www.italyfamilyhotels.it\/fr\/wp-json\/wp\/v2\/pages\/43897\/revisions"}],"predecessor-version":[{"id":44003,"href":"https:\/\/www.italyfamilyhotels.it\/fr\/wp-json\/wp\/v2\/pages\/43897\/revisions\/44003"}],"up":[{"embeddable":true,"href":"https:\/\/www.italyfamilyhotels.it\/fr\/wp-json\/wp\/v2\/pages\/29729"}],"wp:attachment":[{"href":"https:\/\/www.italyfamilyhotels.it\/fr\/wp-json\/wp\/v2\/media?parent=43897"}],"curies":[{"name":"wp","href":"https:\/\/api.w.org\/{rel}","templated":true}]}}