{"id":43895,"date":"2023-01-23T14:41:12","date_gmt":"2023-01-23T13:41:12","guid":{"rendered":"https:\/\/www.italyfamilyhotels.it\/hotels\/club-family-aparthotel-costa-dei-pini"},"modified":"2023-03-16T16:08:28","modified_gmt":"2023-03-16T15:08:28","slug":"club-family-aparthotel-costa-dei-pini","status":"publish","type":"page","link":"https:\/\/www.italyfamilyhotels.it\/fr\/hotels\/club-family-aparthotel-costa-dei-pini","title":{"rendered":"Club Family Appart&#8217;h\u00f4tel Costa dei Pini"},"content":{"rendered":"\n<p>Le parfum de la pin\u00e8de s\u00e9culaire de Pinarella di Cervia enveloppe le&nbsp;<b>Club Family Appart&#8217;h\u00f4tel Costa dei Pini<\/b>, tandis que le son relaxant des vagues de la&nbsp;<b>mer situ\u00e9e \u00e0 seulement 50 m\u00e8tres<\/b>&nbsp;devient la bande originale des vacances.<\/p>\n\n\n\n<p>Ici, vous trouverez&nbsp;des <b>appartements spacieux et lumineux<\/b>, des nids accueillants \u00e9quip\u00e9s de tout le confort h\u00f4telier o\u00f9&nbsp;<b>2 enfants s\u00e9journent gratuitement jusqu&#8217;\u00e0 18 ans<\/b>&nbsp;! Vivez des vacances sans soucis gr\u00e2ce \u00e0 la&nbsp;<b>formule Tout compris<\/b>&nbsp;gr\u00e2ce \u00e0 laquelle profiter de tous les services d&#8217;un village touristique mais toujours avec une douce&nbsp;<b>ambiance familiale<\/b>. Pendant que vos bouts de chou d\u00e9gustent une glace \u00e0 l&#8217;h\u00f4tel, profitez de <b>boissons \u00e0 volont\u00e9 toute la journ\u00e9e<\/b>, \u00e9galement au bord des deux piscines chauff\u00e9es avec toboggan pour les enfants et sur la plage, pour vous rafra\u00eechir avec des boissons non alcoolis\u00e9es et des \u00ab&nbsp;granite&nbsp;\u00bb sous le parasol.<\/p>\n\n\n\n<p>Vous atteindrez la&nbsp;<b>plage priv\u00e9e<\/b>&nbsp;en faisant une promenade avec les enfants parmi les couleurs de la pin\u00e8de : il suffit de suivre le bleu qui se devine dans le vert, pour trouver un espace s\u00fbr et exclusif avec parasols, transats, jeux, jeu gonflable et douches chaudes.<\/p>\n\n\n\n<p>Gr\u00e2ce au service&nbsp;<b>\u00e0 emporter<\/b>, vous pourrez profiter d&#8217;un d\u00e9jeuner ou d&#8217;un d\u00eener intime en famille sur le balcon meubl\u00e9 de votre appartement.<\/p>\n\n\n\n<p>Tu connais la nouveaut\u00e9 ? Pendant tout l&#8217;\u00e9t\u00e9,<strong> avec un s\u00e9jour minimum de 6 nuits, nous offrons \u00e0 toute ta famille les billets pour Mirabilandia<\/strong>, le parc d&#8217;attractions le plus c\u00e9l\u00e8bre de Romagne!<\/p>\n","protected":false},"excerpt":{"rendered":"<p>Le parfum de la pin\u00e8de s\u00e9culaire de Pinarella di Cervia enveloppe le&nbsp;Club Family Appart&#8217;h\u00f4tel Costa dei Pini, tandis que le son relaxant des vagues de la&nbsp;mer situ\u00e9e \u00e0 seulement 50 m\u00e8tres&nbsp;devient la bande originale des vacances. Ici, vous trouverez&nbsp;des appartements spacieux et lumineux, des nids accueillants \u00e9quip\u00e9s de tout le confort h\u00f4telier o\u00f9&nbsp;2 enfants s\u00e9journent &hellip;<\/p>\n","protected":false},"author":27,"featured_media":0,"parent":29729,"menu_order":0,"comment_status":"closed","ping_status":"closed","template":"page-templates\/scheda_hotel.php","meta":{"_acf_changed":false,"inline_featured_image":false,"footnotes":""},"class_list":["post-43895","page","type-page","status-publish","hentry"],"acf":[],"yoast_head":"<!-- This site is optimized with the Yoast SEO plugin v27.1 - https:\/\/yoast.com\/product\/yoast-seo-wordpress\/ -->\n<title>Club Family Aparthotel Costa dei Pini 3 \u00e9toiles, Pinnarella di Cervia<\/title>\n<meta name=\"description\" content=\"Envie de vacances en famille ? D\u00e9couvrez les offres pour familles du Club Family Aparthotel Costa dei Pini \u00e0 Pinnarella di Cervia\" \/>\n<meta name=\"robots\" content=\"index, follow, max-snippet:-1, max-image-preview:large, max-video-preview:-1\" \/>\n<link rel=\"canonical\" href=\"https:\/\/www.italyfamilyhotels.it\/fr\/hotels\/club-family-aparthotel-costa-dei-pini\" \/>\n<meta property=\"og:locale\" content=\"fr_FR\" \/>\n<meta property=\"og:type\" content=\"article\" \/>\n<meta property=\"og:title\" content=\"Club Family Aparthotel Costa dei Pini 3 \u00e9toiles, Pinnarella di Cervia\" \/>\n<meta property=\"og:description\" content=\"Envie de vacances en famille ? D\u00e9couvrez les offres pour familles du Club Family Aparthotel Costa dei Pini \u00e0 Pinnarella di Cervia\" \/>\n<meta property=\"og:url\" content=\"https:\/\/www.italyfamilyhotels.it\/fr\/hotels\/club-family-aparthotel-costa-dei-pini\" \/>\n<meta property=\"og:site_name\" content=\"Italy Family Hotels\" \/>\n<meta property=\"article:publisher\" content=\"https:\/\/www.facebook.com\/ItalyFamilyHotels\/\" \/>\n<meta property=\"article:modified_time\" content=\"2023-03-16T15:08:28+00:00\" \/>\n<meta name=\"twitter:card\" content=\"summary_large_image\" \/>\n<meta name=\"twitter:label1\" content=\"Dur\u00e9e de lecture estim\u00e9e\" \/>\n\t<meta name=\"twitter:data1\" content=\"1 minute\" \/>\n<script type=\"application\/ld+json\" class=\"yoast-schema-graph\">{\"@context\":\"https:\/\/schema.org\",\"@graph\":[{\"@type\":\"WebPage\",\"@id\":\"https:\/\/www.italyfamilyhotels.it\/fr\/hotels\/club-family-aparthotel-costa-dei-pini\",\"url\":\"https:\/\/www.italyfamilyhotels.it\/fr\/hotels\/club-family-aparthotel-costa-dei-pini\",\"name\":\"Club Family Aparthotel Costa dei Pini 3 \u00e9toiles, Pinnarella di Cervia\",\"isPartOf\":{\"@id\":\"https:\/\/www.italyfamilyhotels.it\/#website\"},\"datePublished\":\"2023-01-23T13:41:12+00:00\",\"dateModified\":\"2023-03-16T15:08:28+00:00\",\"description\":\"Envie de vacances en famille ? D\u00e9couvrez les offres pour familles du Club Family Aparthotel Costa dei Pini \u00e0 Pinnarella di Cervia\",\"breadcrumb\":{\"@id\":\"https:\/\/www.italyfamilyhotels.it\/fr\/hotels\/club-family-aparthotel-costa-dei-pini#breadcrumb\"},\"inLanguage\":\"fr-FR\",\"potentialAction\":[{\"@type\":\"ReadAction\",\"target\":[\"https:\/\/www.italyfamilyhotels.it\/fr\/hotels\/club-family-aparthotel-costa-dei-pini\"]}]},{\"@type\":\"BreadcrumbList\",\"@id\":\"https:\/\/www.italyfamilyhotels.it\/fr\/hotels\/club-family-aparthotel-costa-dei-pini#breadcrumb\",\"itemListElement\":[{\"@type\":\"ListItem\",\"position\":1,\"name\":\"Home\",\"item\":\"https:\/\/www.italyfamilyhotels.it\/fr\"},{\"@type\":\"ListItem\",\"position\":2,\"name\":\"Family Hotels\",\"item\":\"https:\/\/www.italyfamilyhotels.it\/fr\/hotels\"},{\"@type\":\"ListItem\",\"position\":3,\"name\":\"Club Family Appart&#8217;h\u00f4tel Costa dei Pini\"}]},{\"@type\":\"WebSite\",\"@id\":\"https:\/\/www.italyfamilyhotels.it\/#website\",\"url\":\"https:\/\/www.italyfamilyhotels.it\/\",\"name\":\"Italy Family Hotels\",\"description\":\"\",\"potentialAction\":[{\"@type\":\"SearchAction\",\"target\":{\"@type\":\"EntryPoint\",\"urlTemplate\":\"https:\/\/www.italyfamilyhotels.it\/?s={search_term_string}\"},\"query-input\":{\"@type\":\"PropertyValueSpecification\",\"valueRequired\":true,\"valueName\":\"search_term_string\"}}],\"inLanguage\":\"fr-FR\"}]}<\/script>\n<!-- \/ Yoast SEO plugin. -->","yoast_head_json":{"title":"Club Family Aparthotel Costa dei Pini 3 \u00e9toiles, Pinnarella di Cervia","description":"Envie de vacances en famille ? D\u00e9couvrez les offres pour familles du Club Family Aparthotel Costa dei Pini \u00e0 Pinnarella di Cervia","robots":{"index":"index","follow":"follow","max-snippet":"max-snippet:-1","max-image-preview":"max-image-preview:large","max-video-preview":"max-video-preview:-1"},"canonical":"https:\/\/www.italyfamilyhotels.it\/fr\/hotels\/club-family-aparthotel-costa-dei-pini","og_locale":"fr_FR","og_type":"article","og_title":"Club Family Aparthotel Costa dei Pini 3 \u00e9toiles, Pinnarella di Cervia","og_description":"Envie de vacances en famille ? D\u00e9couvrez les offres pour familles du Club Family Aparthotel Costa dei Pini \u00e0 Pinnarella di Cervia","og_url":"https:\/\/www.italyfamilyhotels.it\/fr\/hotels\/club-family-aparthotel-costa-dei-pini","og_site_name":"Italy Family Hotels","article_publisher":"https:\/\/www.facebook.com\/ItalyFamilyHotels\/","article_modified_time":"2023-03-16T15:08:28+00:00","twitter_card":"summary_large_image","twitter_misc":{"Dur\u00e9e de lecture estim\u00e9e":"1 minute"},"schema":{"@context":"https:\/\/schema.org","@graph":[{"@type":"WebPage","@id":"https:\/\/www.italyfamilyhotels.it\/fr\/hotels\/club-family-aparthotel-costa-dei-pini","url":"https:\/\/www.italyfamilyhotels.it\/fr\/hotels\/club-family-aparthotel-costa-dei-pini","name":"Club Family Aparthotel Costa dei Pini 3 \u00e9toiles, Pinnarella di Cervia","isPartOf":{"@id":"https:\/\/www.italyfamilyhotels.it\/#website"},"datePublished":"2023-01-23T13:41:12+00:00","dateModified":"2023-03-16T15:08:28+00:00","description":"Envie de vacances en famille ? D\u00e9couvrez les offres pour familles du Club Family Aparthotel Costa dei Pini \u00e0 Pinnarella di Cervia","breadcrumb":{"@id":"https:\/\/www.italyfamilyhotels.it\/fr\/hotels\/club-family-aparthotel-costa-dei-pini#breadcrumb"},"inLanguage":"fr-FR","potentialAction":[{"@type":"ReadAction","target":["https:\/\/www.italyfamilyhotels.it\/fr\/hotels\/club-family-aparthotel-costa-dei-pini"]}]},{"@type":"BreadcrumbList","@id":"https:\/\/www.italyfamilyhotels.it\/fr\/hotels\/club-family-aparthotel-costa-dei-pini#breadcrumb","itemListElement":[{"@type":"ListItem","position":1,"name":"Home","item":"https:\/\/www.italyfamilyhotels.it\/fr"},{"@type":"ListItem","position":2,"name":"Family Hotels","item":"https:\/\/www.italyfamilyhotels.it\/fr\/hotels"},{"@type":"ListItem","position":3,"name":"Club Family Appart&#8217;h\u00f4tel Costa dei Pini"}]},{"@type":"WebSite","@id":"https:\/\/www.italyfamilyhotels.it\/#website","url":"https:\/\/www.italyfamilyhotels.it\/","name":"Italy Family Hotels","description":"","potentialAction":[{"@type":"SearchAction","target":{"@type":"EntryPoint","urlTemplate":"https:\/\/www.italyfamilyhotels.it\/?s={search_term_string}"},"query-input":{"@type":"PropertyValueSpecification","valueRequired":true,"valueName":"search_term_string"}}],"inLanguage":"fr-FR"}]}},"_links":{"self":[{"href":"https:\/\/www.italyfamilyhotels.it\/fr\/wp-json\/wp\/v2\/pages\/43895","targetHints":{"allow":["GET"]}}],"collection":[{"href":"https:\/\/www.italyfamilyhotels.it\/fr\/wp-json\/wp\/v2\/pages"}],"about":[{"href":"https:\/\/www.italyfamilyhotels.it\/fr\/wp-json\/wp\/v2\/types\/page"}],"author":[{"embeddable":true,"href":"https:\/\/www.italyfamilyhotels.it\/fr\/wp-json\/wp\/v2\/users\/27"}],"replies":[{"embeddable":true,"href":"https:\/\/www.italyfamilyhotels.it\/fr\/wp-json\/wp\/v2\/comments?post=43895"}],"version-history":[{"count":6,"href":"https:\/\/www.italyfamilyhotels.it\/fr\/wp-json\/wp\/v2\/pages\/43895\/revisions"}],"predecessor-version":[{"id":48064,"href":"https:\/\/www.italyfamilyhotels.it\/fr\/wp-json\/wp\/v2\/pages\/43895\/revisions\/48064"}],"up":[{"embeddable":true,"href":"https:\/\/www.italyfamilyhotels.it\/fr\/wp-json\/wp\/v2\/pages\/29729"}],"wp:attachment":[{"href":"https:\/\/www.italyfamilyhotels.it\/fr\/wp-json\/wp\/v2\/media?parent=43895"}],"curies":[{"name":"wp","href":"https:\/\/api.w.org\/{rel}","templated":true}]}}