{"id":43889,"date":"2023-01-23T14:40:25","date_gmt":"2023-01-23T13:40:25","guid":{"rendered":"https:\/\/www.italyfamilyhotels.it\/hotels\/astoria-comfort-hotel"},"modified":"2023-06-15T14:32:04","modified_gmt":"2023-06-15T12:32:04","slug":"astoria-comfort-hotel","status":"publish","type":"page","link":"https:\/\/www.italyfamilyhotels.it\/fr\/hotels\/astoria-comfort-hotel","title":{"rendered":"Astoria Comfort Hotel"},"content":{"rendered":"\n<p>L&#8217;histoire de notre h\u00f4tel d\u00e9bute en 1964, date \u00e0 partir de laquelle nous avons accueilli de nombreuses familles et enfants heureux. L&#8217;<b>Astoria Comfort Hotel se situe au c\u0153ur d&#8217;Andalo<\/b>, un des&nbsp;<b>plus des lieux les plus adapt\u00e9s aux familles dans le Trentin<\/b>&nbsp;! Aussi bien en \u00e9t\u00e9 qu&#8217;en hiver,&nbsp;<b>nous organisons des excursions<\/b>&nbsp;dans les Dolomites,&nbsp;des <b>sorties en poussette<\/b>, des visites \u00e0 la&nbsp;<b>ferme p\u00e9dagogique<\/b>,&nbsp;des <b>laboratoires<\/b>&nbsp;de montagne,&nbsp;une <b>\u00e9cole de ski<\/b>&nbsp;et&nbsp;des <b>promenades&nbsp;<\/b>sur la neige. Nous voulons rendre vos vacances m\u00e9morables, avec des exp\u00e9riences familiales adapt\u00e9es \u00e0 tous les \u00e2ges !<\/p>\n\n\n\n<p>Notre \u00e9quipe d&#8217;animation se compose de&nbsp;<b>professionnels&nbsp;<\/b>qui s&#8217;occupent de vos enfants en toute&nbsp;<b>s\u00e9curit\u00e9<\/b>, les impliquant dans des activit\u00e9s toujours nouvelles et sous la supervision de&nbsp;<b>la mascotte Andalotto le tigre<\/b>&nbsp;! Ainsi, pendant qu&#8217;ils se font des amis, vous pouvez prendre du temps pour vous et&nbsp;<b>vous d\u00e9tendre entre SPA et centre de beaut\u00e9<\/b>.<\/p>\n\n\n\n<p>Ici, les espaces de divertissement ne manquent pas, entre&nbsp;<b>jardin \u00e9quip\u00e9<\/b>&nbsp;avec aire de jeux,&nbsp;<b>pi\u00e8ces int\u00e9rieures color\u00e9es<\/b>&nbsp;et pas seulement. Vous trouverez \u00e9galement&nbsp;<b>trois piscines pour tous les go\u00fbts<\/b>&nbsp;(une seule nous semblait trop peu !) : piscine avec&nbsp;<i>bains \u00e0 hydromassage<\/i>&nbsp;pour une d\u00e9tente dans les bulles, un&nbsp;<i>bassin avec des toboggans<\/i>&nbsp;pour de nombreuses comp\u00e9titions dans l\u2019eau et une grande pour nager. Entre un plongeon et un autre, laissez-vous dorloter dans notre&nbsp;<b>restaurant gastronomique pour familles<\/b>, o\u00f9 nous pr\u00e9parons chaque jour nos plats \u00e0 base de mati\u00e8res premi\u00e8res locales.<\/p>\n","protected":false},"excerpt":{"rendered":"<p>L&#8217;histoire de notre h\u00f4tel d\u00e9bute en 1964, date \u00e0 partir de laquelle nous avons accueilli de nombreuses familles et enfants heureux. L&#8217;Astoria Comfort Hotel se situe au c\u0153ur d&#8217;Andalo, un des&nbsp;plus des lieux les plus adapt\u00e9s aux familles dans le Trentin&nbsp;! Aussi bien en \u00e9t\u00e9 qu&#8217;en hiver,&nbsp;nous organisons des excursions&nbsp;dans les Dolomites,&nbsp;des sorties en poussette, &hellip;<\/p>\n","protected":false},"author":533,"featured_media":0,"parent":29729,"menu_order":0,"comment_status":"closed","ping_status":"closed","template":"page-templates\/scheda_hotel.php","meta":{"_acf_changed":false,"inline_featured_image":false,"footnotes":""},"class_list":["post-43889","page","type-page","status-publish","hentry"],"acf":[],"yoast_head":"<!-- This site is optimized with the Yoast SEO plugin v27.1 - https:\/\/yoast.com\/product\/yoast-seo-wordpress\/ -->\n<title>Astoria Comfort Hotel 3 \u00e9toiles Superior, Andalo<\/title>\n<meta name=\"description\" content=\"Envie de vacances en famille ? D\u00e9couvrez les offres pour familles de l\u2019Astoria Comfort Hotel \u00e0 Andalo\" \/>\n<meta name=\"robots\" content=\"index, follow, max-snippet:-1, max-image-preview:large, max-video-preview:-1\" \/>\n<link rel=\"canonical\" href=\"https:\/\/www.italyfamilyhotels.it\/fr\/hotels\/astoria-comfort-hotel\" \/>\n<meta property=\"og:locale\" content=\"fr_FR\" \/>\n<meta property=\"og:type\" content=\"article\" \/>\n<meta property=\"og:title\" content=\"Astoria Comfort Hotel 3 \u00e9toiles Superior, Andalo\" \/>\n<meta property=\"og:description\" content=\"Envie de vacances en famille ? D\u00e9couvrez les offres pour familles de l\u2019Astoria Comfort Hotel \u00e0 Andalo\" \/>\n<meta property=\"og:url\" content=\"https:\/\/www.italyfamilyhotels.it\/fr\/hotels\/astoria-comfort-hotel\" \/>\n<meta property=\"og:site_name\" content=\"Italy Family Hotels\" \/>\n<meta property=\"article:publisher\" content=\"https:\/\/www.facebook.com\/ItalyFamilyHotels\/\" \/>\n<meta property=\"article:modified_time\" content=\"2023-06-15T12:32:04+00:00\" \/>\n<meta name=\"twitter:card\" content=\"summary_large_image\" \/>\n<meta name=\"twitter:label1\" content=\"Dur\u00e9e de lecture estim\u00e9e\" \/>\n\t<meta name=\"twitter:data1\" content=\"1 minute\" \/>\n<script type=\"application\/ld+json\" class=\"yoast-schema-graph\">{\"@context\":\"https:\/\/schema.org\",\"@graph\":[{\"@type\":\"WebPage\",\"@id\":\"https:\/\/www.italyfamilyhotels.it\/fr\/hotels\/astoria-comfort-hotel\",\"url\":\"https:\/\/www.italyfamilyhotels.it\/fr\/hotels\/astoria-comfort-hotel\",\"name\":\"Astoria Comfort Hotel 3 \u00e9toiles Superior, Andalo\",\"isPartOf\":{\"@id\":\"https:\/\/www.italyfamilyhotels.it\/#website\"},\"datePublished\":\"2023-01-23T13:40:25+00:00\",\"dateModified\":\"2023-06-15T12:32:04+00:00\",\"description\":\"Envie de vacances en famille ? D\u00e9couvrez les offres pour familles de l\u2019Astoria Comfort Hotel \u00e0 Andalo\",\"breadcrumb\":{\"@id\":\"https:\/\/www.italyfamilyhotels.it\/fr\/hotels\/astoria-comfort-hotel#breadcrumb\"},\"inLanguage\":\"fr-FR\",\"potentialAction\":[{\"@type\":\"ReadAction\",\"target\":[\"https:\/\/www.italyfamilyhotels.it\/fr\/hotels\/astoria-comfort-hotel\"]}]},{\"@type\":\"BreadcrumbList\",\"@id\":\"https:\/\/www.italyfamilyhotels.it\/fr\/hotels\/astoria-comfort-hotel#breadcrumb\",\"itemListElement\":[{\"@type\":\"ListItem\",\"position\":1,\"name\":\"Home\",\"item\":\"https:\/\/www.italyfamilyhotels.it\/fr\"},{\"@type\":\"ListItem\",\"position\":2,\"name\":\"Family Hotels\",\"item\":\"https:\/\/www.italyfamilyhotels.it\/fr\/hotels\"},{\"@type\":\"ListItem\",\"position\":3,\"name\":\"Astoria Comfort Hotel\"}]},{\"@type\":\"WebSite\",\"@id\":\"https:\/\/www.italyfamilyhotels.it\/#website\",\"url\":\"https:\/\/www.italyfamilyhotels.it\/\",\"name\":\"Italy Family Hotels\",\"description\":\"\",\"potentialAction\":[{\"@type\":\"SearchAction\",\"target\":{\"@type\":\"EntryPoint\",\"urlTemplate\":\"https:\/\/www.italyfamilyhotels.it\/?s={search_term_string}\"},\"query-input\":{\"@type\":\"PropertyValueSpecification\",\"valueRequired\":true,\"valueName\":\"search_term_string\"}}],\"inLanguage\":\"fr-FR\"}]}<\/script>\n<!-- \/ Yoast SEO plugin. -->","yoast_head_json":{"title":"Astoria Comfort Hotel 3 \u00e9toiles Superior, Andalo","description":"Envie de vacances en famille ? D\u00e9couvrez les offres pour familles de l\u2019Astoria Comfort Hotel \u00e0 Andalo","robots":{"index":"index","follow":"follow","max-snippet":"max-snippet:-1","max-image-preview":"max-image-preview:large","max-video-preview":"max-video-preview:-1"},"canonical":"https:\/\/www.italyfamilyhotels.it\/fr\/hotels\/astoria-comfort-hotel","og_locale":"fr_FR","og_type":"article","og_title":"Astoria Comfort Hotel 3 \u00e9toiles Superior, Andalo","og_description":"Envie de vacances en famille ? D\u00e9couvrez les offres pour familles de l\u2019Astoria Comfort Hotel \u00e0 Andalo","og_url":"https:\/\/www.italyfamilyhotels.it\/fr\/hotels\/astoria-comfort-hotel","og_site_name":"Italy Family Hotels","article_publisher":"https:\/\/www.facebook.com\/ItalyFamilyHotels\/","article_modified_time":"2023-06-15T12:32:04+00:00","twitter_card":"summary_large_image","twitter_misc":{"Dur\u00e9e de lecture estim\u00e9e":"1 minute"},"schema":{"@context":"https:\/\/schema.org","@graph":[{"@type":"WebPage","@id":"https:\/\/www.italyfamilyhotels.it\/fr\/hotels\/astoria-comfort-hotel","url":"https:\/\/www.italyfamilyhotels.it\/fr\/hotels\/astoria-comfort-hotel","name":"Astoria Comfort Hotel 3 \u00e9toiles Superior, Andalo","isPartOf":{"@id":"https:\/\/www.italyfamilyhotels.it\/#website"},"datePublished":"2023-01-23T13:40:25+00:00","dateModified":"2023-06-15T12:32:04+00:00","description":"Envie de vacances en famille ? D\u00e9couvrez les offres pour familles de l\u2019Astoria Comfort Hotel \u00e0 Andalo","breadcrumb":{"@id":"https:\/\/www.italyfamilyhotels.it\/fr\/hotels\/astoria-comfort-hotel#breadcrumb"},"inLanguage":"fr-FR","potentialAction":[{"@type":"ReadAction","target":["https:\/\/www.italyfamilyhotels.it\/fr\/hotels\/astoria-comfort-hotel"]}]},{"@type":"BreadcrumbList","@id":"https:\/\/www.italyfamilyhotels.it\/fr\/hotels\/astoria-comfort-hotel#breadcrumb","itemListElement":[{"@type":"ListItem","position":1,"name":"Home","item":"https:\/\/www.italyfamilyhotels.it\/fr"},{"@type":"ListItem","position":2,"name":"Family Hotels","item":"https:\/\/www.italyfamilyhotels.it\/fr\/hotels"},{"@type":"ListItem","position":3,"name":"Astoria Comfort Hotel"}]},{"@type":"WebSite","@id":"https:\/\/www.italyfamilyhotels.it\/#website","url":"https:\/\/www.italyfamilyhotels.it\/","name":"Italy Family Hotels","description":"","potentialAction":[{"@type":"SearchAction","target":{"@type":"EntryPoint","urlTemplate":"https:\/\/www.italyfamilyhotels.it\/?s={search_term_string}"},"query-input":{"@type":"PropertyValueSpecification","valueRequired":true,"valueName":"search_term_string"}}],"inLanguage":"fr-FR"}]}},"_links":{"self":[{"href":"https:\/\/www.italyfamilyhotels.it\/fr\/wp-json\/wp\/v2\/pages\/43889","targetHints":{"allow":["GET"]}}],"collection":[{"href":"https:\/\/www.italyfamilyhotels.it\/fr\/wp-json\/wp\/v2\/pages"}],"about":[{"href":"https:\/\/www.italyfamilyhotels.it\/fr\/wp-json\/wp\/v2\/types\/page"}],"author":[{"embeddable":true,"href":"https:\/\/www.italyfamilyhotels.it\/fr\/wp-json\/wp\/v2\/users\/533"}],"replies":[{"embeddable":true,"href":"https:\/\/www.italyfamilyhotels.it\/fr\/wp-json\/wp\/v2\/comments?post=43889"}],"version-history":[{"count":4,"href":"https:\/\/www.italyfamilyhotels.it\/fr\/wp-json\/wp\/v2\/pages\/43889\/revisions"}],"predecessor-version":[{"id":50004,"href":"https:\/\/www.italyfamilyhotels.it\/fr\/wp-json\/wp\/v2\/pages\/43889\/revisions\/50004"}],"up":[{"embeddable":true,"href":"https:\/\/www.italyfamilyhotels.it\/fr\/wp-json\/wp\/v2\/pages\/29729"}],"wp:attachment":[{"href":"https:\/\/www.italyfamilyhotels.it\/fr\/wp-json\/wp\/v2\/media?parent=43889"}],"curies":[{"name":"wp","href":"https:\/\/api.w.org\/{rel}","templated":true}]}}