{"id":43887,"date":"2023-01-23T14:40:04","date_gmt":"2023-01-23T13:40:04","guid":{"rendered":"https:\/\/www.italyfamilyhotels.it\/hotels\/piz-galin-grand-hotel"},"modified":"2026-01-08T15:03:46","modified_gmt":"2026-01-08T14:03:46","slug":"piz-galin-grand-hotel","status":"publish","type":"page","link":"https:\/\/www.italyfamilyhotels.it\/fr\/hotels\/piz-galin-grand-hotel","title":{"rendered":"Piz Galin Grand H\u00f4tel"},"content":{"rendered":"\n<p>Vous souhaitez offrir des vacances de r\u00eave \u00e0 vos enfants ? Alors nous vous attendons au&nbsp;<b>Piz Galin Grand H\u00f4tel<\/b>&nbsp;pour vous faire vivre des moments de douce&nbsp;<b>d\u00e9tente en famille, dans les nuages,<\/b> pour des vacances chaleureuses.<\/p>\n\n\n\n<p>Notre \u00e9tablissement se fond dans le splendide th\u00e9\u00e2tre naturel des&nbsp;<b>Dolomites del Brenta<\/b>, au c\u0153ur de l\u2019<b>Andalo<\/b>.<\/p>\n\n\n\n<p>Au&nbsp;<b>Pizziland<\/b>, tout juste r\u00e9nov\u00e9 et&nbsp;<b>encore plus grand<\/b>, notre \u00e9quipe d&#8217;animation organise&nbsp;<b>tous les jours<\/b>&nbsp;<b>13 heures de divertissement<\/b>&nbsp;sp\u00e9cialement con\u00e7u pour impliquer les enfants de tous \u00e2ges. Les petits&nbsp;<b>de 0 \u00e0 3 ans<\/b>&nbsp;disposent de leur propre espace pour se faire dorloter et jouer \u00e0 la cr\u00e8che&nbsp;<b>Nido di Pizzi<\/b> et, outre les&nbsp;<b>\u00e9quipements b\u00e9b\u00e9<\/b>&nbsp;disponibles, vous trouverez \u00e9galement le <b>coin&nbsp;<\/b>bouillies et une&nbsp;<b>piscine pour b\u00e9b\u00e9<\/b>.<\/p>\n\n\n\n<p>Ainsi, pendant que nous nous occupons de vos enfants, vous pourrez enfin vous tailler ce moment de d\u00e9tente et de bien-\u00eatre dont vous r\u00eaviez depuis longtemps dans notre exclusivif&nbsp;<b>Sky SPA, avec une vue imprenable sur les Dolomites<\/b>.<\/p>\n\n\n\n<p>Mais passer des vacances au Piz Galin, c&#8217;est \u00e9galement s&#8217;amuser en famille, avec notamment des plong\u00e9es dans la&nbsp;<b>piscine familiale chauff\u00e9e<\/b>&nbsp;et de belles&nbsp;<b>excursions<\/b>. Chaque jour, en effet, vous trouverez un&nbsp;<b>programme tr\u00e8s riche de sorties dans la nature et d\u2019exp\u00e9rimentation<\/b>, de diff\u00e9rentes difficult\u00e9s\u2026 \u00e9galement adapt\u00e9es aux parents avec poussette !<\/p>\n\n\n\n<p>Entre une activit\u00e9 et une autre, ne manquez pas le savoureux&nbsp;<b>go\u00fbter gourmand<\/b>&nbsp;et les saveurs authentiques du Trentin dans les plats de notre restaurant, pr\u00e9par\u00e9s avec des produits biologiques issus d&#8217;entreprises locales.<\/p>\n\n\n\n<p>Enfin, dans les&nbsp;<b>grandes<\/b>&nbsp;<b>suites<\/b>&nbsp;soign\u00e9es dans les moindres d\u00e9tails et&nbsp;<b>\u00e9quip\u00e9es de tout ce dont une famille a besoin<\/b>, terminez les journ\u00e9es entre cocooning et sommeil berc\u00e9 par les parfums de la montagne.<\/p>\n","protected":false},"excerpt":{"rendered":"<p>Vous souhaitez offrir des vacances de r\u00eave \u00e0 vos enfants ? Alors nous vous attendons au&nbsp;Piz Galin Grand H\u00f4tel&nbsp;pour vous faire vivre des moments de douce&nbsp;d\u00e9tente en famille, dans les nuages, pour des vacances chaleureuses. Notre \u00e9tablissement se fond dans le splendide th\u00e9\u00e2tre naturel des&nbsp;Dolomites del Brenta, au c\u0153ur de l\u2019Andalo. Au&nbsp;Pizziland, tout juste r\u00e9nov\u00e9 &hellip;<\/p>\n","protected":false},"author":99,"featured_media":0,"parent":29729,"menu_order":0,"comment_status":"closed","ping_status":"closed","template":"page-templates\/scheda_hotel.php","meta":{"_acf_changed":false,"inline_featured_image":false,"footnotes":""},"class_list":["post-43887","page","type-page","status-publish","hentry"],"acf":[],"yoast_head":"<!-- This site is optimized with the Yoast SEO plugin v27.1 - https:\/\/yoast.com\/product\/yoast-seo-wordpress\/ -->\n<title>Piz Galin Grand Hotel 4 \u00e9toiles Superior, Andalo<\/title>\n<meta name=\"description\" content=\"Envie de vacances en famille ? D\u00e9couvrez les offres pour familles du Piz Galin Grand Hotel \u00e0 Andalo\" \/>\n<meta name=\"robots\" content=\"index, follow, max-snippet:-1, max-image-preview:large, max-video-preview:-1\" \/>\n<link rel=\"canonical\" href=\"https:\/\/www.italyfamilyhotels.it\/fr\/hotels\/piz-galin-grand-hotel\" \/>\n<meta property=\"og:locale\" content=\"fr_FR\" \/>\n<meta property=\"og:type\" content=\"article\" \/>\n<meta property=\"og:title\" content=\"Piz Galin Grand Hotel 4 \u00e9toiles Superior, Andalo\" \/>\n<meta property=\"og:description\" content=\"Envie de vacances en famille ? D\u00e9couvrez les offres pour familles du Piz Galin Grand Hotel \u00e0 Andalo\" \/>\n<meta property=\"og:url\" content=\"https:\/\/www.italyfamilyhotels.it\/fr\/hotels\/piz-galin-grand-hotel\" \/>\n<meta property=\"og:site_name\" content=\"Italy Family Hotels\" \/>\n<meta property=\"article:publisher\" content=\"https:\/\/www.facebook.com\/ItalyFamilyHotels\/\" \/>\n<meta property=\"article:modified_time\" content=\"2026-01-08T14:03:46+00:00\" \/>\n<meta name=\"twitter:card\" content=\"summary_large_image\" \/>\n<meta name=\"twitter:label1\" content=\"Dur\u00e9e de lecture estim\u00e9e\" \/>\n\t<meta name=\"twitter:data1\" content=\"2 minutes\" \/>\n<script type=\"application\/ld+json\" class=\"yoast-schema-graph\">{\"@context\":\"https:\/\/schema.org\",\"@graph\":[{\"@type\":\"WebPage\",\"@id\":\"https:\/\/www.italyfamilyhotels.it\/fr\/hotels\/piz-galin-grand-hotel\",\"url\":\"https:\/\/www.italyfamilyhotels.it\/fr\/hotels\/piz-galin-grand-hotel\",\"name\":\"Piz Galin Grand Hotel 4 \u00e9toiles Superior, Andalo\",\"isPartOf\":{\"@id\":\"https:\/\/www.italyfamilyhotels.it\/#website\"},\"datePublished\":\"2023-01-23T13:40:04+00:00\",\"dateModified\":\"2026-01-08T14:03:46+00:00\",\"description\":\"Envie de vacances en famille ? D\u00e9couvrez les offres pour familles du Piz Galin Grand Hotel \u00e0 Andalo\",\"breadcrumb\":{\"@id\":\"https:\/\/www.italyfamilyhotels.it\/fr\/hotels\/piz-galin-grand-hotel#breadcrumb\"},\"inLanguage\":\"fr-FR\",\"potentialAction\":[{\"@type\":\"ReadAction\",\"target\":[\"https:\/\/www.italyfamilyhotels.it\/fr\/hotels\/piz-galin-grand-hotel\"]}]},{\"@type\":\"BreadcrumbList\",\"@id\":\"https:\/\/www.italyfamilyhotels.it\/fr\/hotels\/piz-galin-grand-hotel#breadcrumb\",\"itemListElement\":[{\"@type\":\"ListItem\",\"position\":1,\"name\":\"Home\",\"item\":\"https:\/\/www.italyfamilyhotels.it\/fr\"},{\"@type\":\"ListItem\",\"position\":2,\"name\":\"Family Hotels\",\"item\":\"https:\/\/www.italyfamilyhotels.it\/fr\/hotels\"},{\"@type\":\"ListItem\",\"position\":3,\"name\":\"Piz Galin Grand H\u00f4tel\"}]},{\"@type\":\"WebSite\",\"@id\":\"https:\/\/www.italyfamilyhotels.it\/#website\",\"url\":\"https:\/\/www.italyfamilyhotels.it\/\",\"name\":\"Italy Family Hotels\",\"description\":\"\",\"potentialAction\":[{\"@type\":\"SearchAction\",\"target\":{\"@type\":\"EntryPoint\",\"urlTemplate\":\"https:\/\/www.italyfamilyhotels.it\/?s={search_term_string}\"},\"query-input\":{\"@type\":\"PropertyValueSpecification\",\"valueRequired\":true,\"valueName\":\"search_term_string\"}}],\"inLanguage\":\"fr-FR\"}]}<\/script>\n<!-- \/ Yoast SEO plugin. -->","yoast_head_json":{"title":"Piz Galin Grand Hotel 4 \u00e9toiles Superior, Andalo","description":"Envie de vacances en famille ? D\u00e9couvrez les offres pour familles du Piz Galin Grand Hotel \u00e0 Andalo","robots":{"index":"index","follow":"follow","max-snippet":"max-snippet:-1","max-image-preview":"max-image-preview:large","max-video-preview":"max-video-preview:-1"},"canonical":"https:\/\/www.italyfamilyhotels.it\/fr\/hotels\/piz-galin-grand-hotel","og_locale":"fr_FR","og_type":"article","og_title":"Piz Galin Grand Hotel 4 \u00e9toiles Superior, Andalo","og_description":"Envie de vacances en famille ? D\u00e9couvrez les offres pour familles du Piz Galin Grand Hotel \u00e0 Andalo","og_url":"https:\/\/www.italyfamilyhotels.it\/fr\/hotels\/piz-galin-grand-hotel","og_site_name":"Italy Family Hotels","article_publisher":"https:\/\/www.facebook.com\/ItalyFamilyHotels\/","article_modified_time":"2026-01-08T14:03:46+00:00","twitter_card":"summary_large_image","twitter_misc":{"Dur\u00e9e de lecture estim\u00e9e":"2 minutes"},"schema":{"@context":"https:\/\/schema.org","@graph":[{"@type":"WebPage","@id":"https:\/\/www.italyfamilyhotels.it\/fr\/hotels\/piz-galin-grand-hotel","url":"https:\/\/www.italyfamilyhotels.it\/fr\/hotels\/piz-galin-grand-hotel","name":"Piz Galin Grand Hotel 4 \u00e9toiles Superior, Andalo","isPartOf":{"@id":"https:\/\/www.italyfamilyhotels.it\/#website"},"datePublished":"2023-01-23T13:40:04+00:00","dateModified":"2026-01-08T14:03:46+00:00","description":"Envie de vacances en famille ? D\u00e9couvrez les offres pour familles du Piz Galin Grand Hotel \u00e0 Andalo","breadcrumb":{"@id":"https:\/\/www.italyfamilyhotels.it\/fr\/hotels\/piz-galin-grand-hotel#breadcrumb"},"inLanguage":"fr-FR","potentialAction":[{"@type":"ReadAction","target":["https:\/\/www.italyfamilyhotels.it\/fr\/hotels\/piz-galin-grand-hotel"]}]},{"@type":"BreadcrumbList","@id":"https:\/\/www.italyfamilyhotels.it\/fr\/hotels\/piz-galin-grand-hotel#breadcrumb","itemListElement":[{"@type":"ListItem","position":1,"name":"Home","item":"https:\/\/www.italyfamilyhotels.it\/fr"},{"@type":"ListItem","position":2,"name":"Family Hotels","item":"https:\/\/www.italyfamilyhotels.it\/fr\/hotels"},{"@type":"ListItem","position":3,"name":"Piz Galin Grand H\u00f4tel"}]},{"@type":"WebSite","@id":"https:\/\/www.italyfamilyhotels.it\/#website","url":"https:\/\/www.italyfamilyhotels.it\/","name":"Italy Family Hotels","description":"","potentialAction":[{"@type":"SearchAction","target":{"@type":"EntryPoint","urlTemplate":"https:\/\/www.italyfamilyhotels.it\/?s={search_term_string}"},"query-input":{"@type":"PropertyValueSpecification","valueRequired":true,"valueName":"search_term_string"}}],"inLanguage":"fr-FR"}]}},"_links":{"self":[{"href":"https:\/\/www.italyfamilyhotels.it\/fr\/wp-json\/wp\/v2\/pages\/43887","targetHints":{"allow":["GET"]}}],"collection":[{"href":"https:\/\/www.italyfamilyhotels.it\/fr\/wp-json\/wp\/v2\/pages"}],"about":[{"href":"https:\/\/www.italyfamilyhotels.it\/fr\/wp-json\/wp\/v2\/types\/page"}],"author":[{"embeddable":true,"href":"https:\/\/www.italyfamilyhotels.it\/fr\/wp-json\/wp\/v2\/users\/99"}],"replies":[{"embeddable":true,"href":"https:\/\/www.italyfamilyhotels.it\/fr\/wp-json\/wp\/v2\/comments?post=43887"}],"version-history":[{"count":8,"href":"https:\/\/www.italyfamilyhotels.it\/fr\/wp-json\/wp\/v2\/pages\/43887\/revisions"}],"predecessor-version":[{"id":73566,"href":"https:\/\/www.italyfamilyhotels.it\/fr\/wp-json\/wp\/v2\/pages\/43887\/revisions\/73566"}],"up":[{"embeddable":true,"href":"https:\/\/www.italyfamilyhotels.it\/fr\/wp-json\/wp\/v2\/pages\/29729"}],"wp:attachment":[{"href":"https:\/\/www.italyfamilyhotels.it\/fr\/wp-json\/wp\/v2\/media?parent=43887"}],"curies":[{"name":"wp","href":"https:\/\/api.w.org\/{rel}","templated":true}]}}