{"id":43884,"date":"2023-01-23T14:36:46","date_gmt":"2023-01-23T13:36:46","guid":{"rendered":"https:\/\/www.italyfamilyhotels.it\/hotels\/hotel-sport-residenza"},"modified":"2026-04-02T11:37:19","modified_gmt":"2026-04-02T09:37:19","slug":"hotel-sport-residenza","status":"publish","type":"page","link":"https:\/\/www.italyfamilyhotels.it\/fr\/hotels\/hotel-sport-residenza","title":{"rendered":"Hotel Sport &#038; Residenza"},"content":{"rendered":"\n<p><b>\u00c0 seulement 100 m\u00e8tres de la mer et de la plage dor\u00e9e de <strong>Villamarina &#8211; Gatteo Mare<\/strong><\/b>, \u00e0 deux pas du centre-ville, mais dans le calme, au <b>Sport H\u00f4tel &amp; Residenza<\/b>, vous trouver une v\u00e9ritable oasis de tranquillit\u00e9. Architecture m\u00e9diterran\u00e9enne, couleurs vives et reposantes et grande attention accord\u00e9e au confort de toute la famille : dans notre \u00e9tablissement, vous pouvez choisir de s\u00e9journer dans les splendides appartements et suites de la r\u00e9sidence, ou dans les chambres d&#8217;h\u00f4tel riches en style et design. <b>Le grand parc aquatique fait le bonheur des petits et des grands, 280 m\u00b2 d&#8217;eau avec bains \u00e0 remous, fontaine pour l&#8217;hydroth\u00e9rapie et Aquabike<\/b>, et un <b>espace b\u00e9b\u00e9 avec eau peu profonde<\/b> enti\u00e8rement d\u00e9di\u00e9 aux jeux de vos enfants, pendant que vous bronzez confortablement dans le <b>solarium au bord de la piscine<\/b>.<\/p>\n\n\n\n<p><b>La plage au service exclusif de nos clients<\/b>, offre toute l&#8217;intimit\u00e9 dont vous avez toujours r\u00eav\u00e9e pour vous d\u00e9tendre sous le parasol avec notre douce serviette \u00e9ponge. Vous y trouverez \u00e9galement une aire de jeux.<\/p>\n\n\n\n<p>Nous prenons soin de vos enfants au quotidien avec de nombreuses activit\u00e9s propos\u00e9es aussi bien au bord de la piscine que sur la plage, avec un <b>personnel d&#8217;animation qualifi\u00e9 <\/b>accompagn\u00e9 de notre l\u00e9gendaire <b>Mascotte Marino, le crabe sauveteur (Marino Granchio Bagnino\u00ae)<\/b>, protagoniste de nombreuses histoires qui font r\u00eaver et amusent nos petits h\u00f4tes. Sur demande, nous proposons \u00e9galement un service de blanchisserie, de baby-sitting et de p\u00e9diatre.<\/p>\n\n\n\n<p>Le soin accord\u00e9 aux enfants se poursuit \u00e0 table avec les <b>menus b\u00e9b\u00e9<\/b>, <b>des plats sains et savoureux, pr\u00e9par\u00e9s avec les produits toujours frais de notre campagne et de notre exploitation \u00ab&nbsp;La Fattoria&nbsp;\u00bb<\/b>. Chaque jour, un large choix de cuisine m\u00e9diterran\u00e9enne, des buffets de l\u00e9gumes et d&#8217;entr\u00e9es, et une d\u00e9dicace aux <b>plats traditionnels de la Romagne.<\/b><\/p>\n\n\n\n<p>Et pour vous faire sentir les \u00e9motions de la <b>Romagne authentique<\/b>, nous organisons chaque semaine un voyage dans notre <b>ferme de la fin du 19e si\u00e8cle, \u00ab&nbsp;La Fattoria&nbsp;\u00bb, ins\u00e9r\u00e9e dans une exploitation de 120 000 m\u00b2 d&#8217;oliviers, de tournesols et de vignes,<\/b> une occasion inoubliable pour toutes les familles.<\/p>\n","protected":false},"excerpt":{"rendered":"<p>\u00c0 seulement 100 m\u00e8tres de la mer et de la plage dor\u00e9e de Villamarina &#8211; Gatteo Mare, \u00e0 deux pas du centre-ville, mais dans le calme, au Sport H\u00f4tel &amp; Residenza, vous trouver une v\u00e9ritable oasis de tranquillit\u00e9. Architecture m\u00e9diterran\u00e9enne, couleurs vives et reposantes et grande attention accord\u00e9e au confort de toute la famille : &hellip;<\/p>\n","protected":false},"author":117,"featured_media":0,"parent":29729,"menu_order":0,"comment_status":"closed","ping_status":"closed","template":"page-templates\/scheda_hotel.php","meta":{"_acf_changed":false,"inline_featured_image":false,"footnotes":""},"class_list":["post-43884","page","type-page","status-publish","hentry"],"acf":[],"yoast_head":"<!-- This site is optimized with the Yoast SEO plugin v27.1 - https:\/\/yoast.com\/product\/yoast-seo-wordpress\/ -->\n<title>H\u00f4tel Sport &amp; Residenza 3 \u00e9toiles Superior, Cesenatico<\/title>\n<meta name=\"description\" content=\"Envie de vacances en famille ? D\u00e9couvrez les offres pour familles de l\u2019H\u00f4tel Sport &amp; Residenza \u00e0 Cesenatico\" \/>\n<meta name=\"robots\" content=\"index, follow, max-snippet:-1, max-image-preview:large, max-video-preview:-1\" \/>\n<link rel=\"canonical\" href=\"https:\/\/www.italyfamilyhotels.it\/fr\/hotels\/hotel-sport-residenza\" \/>\n<meta property=\"og:locale\" content=\"fr_FR\" \/>\n<meta property=\"og:type\" content=\"article\" \/>\n<meta property=\"og:title\" content=\"H\u00f4tel Sport &amp; Residenza 3 \u00e9toiles Superior, Cesenatico\" \/>\n<meta property=\"og:description\" content=\"Envie de vacances en famille ? D\u00e9couvrez les offres pour familles de l\u2019H\u00f4tel Sport &amp; Residenza \u00e0 Cesenatico\" \/>\n<meta property=\"og:url\" content=\"https:\/\/www.italyfamilyhotels.it\/fr\/hotels\/hotel-sport-residenza\" \/>\n<meta property=\"og:site_name\" content=\"Italy Family Hotels\" \/>\n<meta property=\"article:publisher\" content=\"https:\/\/www.facebook.com\/ItalyFamilyHotels\/\" \/>\n<meta property=\"article:modified_time\" content=\"2026-04-02T09:37:19+00:00\" \/>\n<meta name=\"twitter:card\" content=\"summary_large_image\" \/>\n<meta name=\"twitter:label1\" content=\"Dur\u00e9e de lecture estim\u00e9e\" \/>\n\t<meta name=\"twitter:data1\" content=\"2 minutes\" \/>\n<script type=\"application\/ld+json\" class=\"yoast-schema-graph\">{\"@context\":\"https:\/\/schema.org\",\"@graph\":[{\"@type\":\"WebPage\",\"@id\":\"https:\/\/www.italyfamilyhotels.it\/fr\/hotels\/hotel-sport-residenza\",\"url\":\"https:\/\/www.italyfamilyhotels.it\/fr\/hotels\/hotel-sport-residenza\",\"name\":\"H\u00f4tel Sport & Residenza 3 \u00e9toiles Superior, Cesenatico\",\"isPartOf\":{\"@id\":\"https:\/\/www.italyfamilyhotels.it\/#website\"},\"datePublished\":\"2023-01-23T13:36:46+00:00\",\"dateModified\":\"2026-04-02T09:37:19+00:00\",\"description\":\"Envie de vacances en famille ? D\u00e9couvrez les offres pour familles de l\u2019H\u00f4tel Sport & Residenza \u00e0 Cesenatico\",\"breadcrumb\":{\"@id\":\"https:\/\/www.italyfamilyhotels.it\/fr\/hotels\/hotel-sport-residenza#breadcrumb\"},\"inLanguage\":\"fr-FR\",\"potentialAction\":[{\"@type\":\"ReadAction\",\"target\":[\"https:\/\/www.italyfamilyhotels.it\/fr\/hotels\/hotel-sport-residenza\"]}]},{\"@type\":\"BreadcrumbList\",\"@id\":\"https:\/\/www.italyfamilyhotels.it\/fr\/hotels\/hotel-sport-residenza#breadcrumb\",\"itemListElement\":[{\"@type\":\"ListItem\",\"position\":1,\"name\":\"Home\",\"item\":\"https:\/\/www.italyfamilyhotels.it\/fr\"},{\"@type\":\"ListItem\",\"position\":2,\"name\":\"Family Hotels\",\"item\":\"https:\/\/www.italyfamilyhotels.it\/fr\/hotels\"},{\"@type\":\"ListItem\",\"position\":3,\"name\":\"Hotel Sport &#038; Residenza\"}]},{\"@type\":\"WebSite\",\"@id\":\"https:\/\/www.italyfamilyhotels.it\/#website\",\"url\":\"https:\/\/www.italyfamilyhotels.it\/\",\"name\":\"Italy Family Hotels\",\"description\":\"\",\"potentialAction\":[{\"@type\":\"SearchAction\",\"target\":{\"@type\":\"EntryPoint\",\"urlTemplate\":\"https:\/\/www.italyfamilyhotels.it\/?s={search_term_string}\"},\"query-input\":{\"@type\":\"PropertyValueSpecification\",\"valueRequired\":true,\"valueName\":\"search_term_string\"}}],\"inLanguage\":\"fr-FR\"}]}<\/script>\n<!-- \/ Yoast SEO plugin. -->","yoast_head_json":{"title":"H\u00f4tel Sport & Residenza 3 \u00e9toiles Superior, Cesenatico","description":"Envie de vacances en famille ? D\u00e9couvrez les offres pour familles de l\u2019H\u00f4tel Sport & Residenza \u00e0 Cesenatico","robots":{"index":"index","follow":"follow","max-snippet":"max-snippet:-1","max-image-preview":"max-image-preview:large","max-video-preview":"max-video-preview:-1"},"canonical":"https:\/\/www.italyfamilyhotels.it\/fr\/hotels\/hotel-sport-residenza","og_locale":"fr_FR","og_type":"article","og_title":"H\u00f4tel Sport & Residenza 3 \u00e9toiles Superior, Cesenatico","og_description":"Envie de vacances en famille ? D\u00e9couvrez les offres pour familles de l\u2019H\u00f4tel Sport & Residenza \u00e0 Cesenatico","og_url":"https:\/\/www.italyfamilyhotels.it\/fr\/hotels\/hotel-sport-residenza","og_site_name":"Italy Family Hotels","article_publisher":"https:\/\/www.facebook.com\/ItalyFamilyHotels\/","article_modified_time":"2026-04-02T09:37:19+00:00","twitter_card":"summary_large_image","twitter_misc":{"Dur\u00e9e de lecture estim\u00e9e":"2 minutes"},"schema":{"@context":"https:\/\/schema.org","@graph":[{"@type":"WebPage","@id":"https:\/\/www.italyfamilyhotels.it\/fr\/hotels\/hotel-sport-residenza","url":"https:\/\/www.italyfamilyhotels.it\/fr\/hotels\/hotel-sport-residenza","name":"H\u00f4tel Sport & Residenza 3 \u00e9toiles Superior, Cesenatico","isPartOf":{"@id":"https:\/\/www.italyfamilyhotels.it\/#website"},"datePublished":"2023-01-23T13:36:46+00:00","dateModified":"2026-04-02T09:37:19+00:00","description":"Envie de vacances en famille ? D\u00e9couvrez les offres pour familles de l\u2019H\u00f4tel Sport & Residenza \u00e0 Cesenatico","breadcrumb":{"@id":"https:\/\/www.italyfamilyhotels.it\/fr\/hotels\/hotel-sport-residenza#breadcrumb"},"inLanguage":"fr-FR","potentialAction":[{"@type":"ReadAction","target":["https:\/\/www.italyfamilyhotels.it\/fr\/hotels\/hotel-sport-residenza"]}]},{"@type":"BreadcrumbList","@id":"https:\/\/www.italyfamilyhotels.it\/fr\/hotels\/hotel-sport-residenza#breadcrumb","itemListElement":[{"@type":"ListItem","position":1,"name":"Home","item":"https:\/\/www.italyfamilyhotels.it\/fr"},{"@type":"ListItem","position":2,"name":"Family Hotels","item":"https:\/\/www.italyfamilyhotels.it\/fr\/hotels"},{"@type":"ListItem","position":3,"name":"Hotel Sport &#038; Residenza"}]},{"@type":"WebSite","@id":"https:\/\/www.italyfamilyhotels.it\/#website","url":"https:\/\/www.italyfamilyhotels.it\/","name":"Italy Family Hotels","description":"","potentialAction":[{"@type":"SearchAction","target":{"@type":"EntryPoint","urlTemplate":"https:\/\/www.italyfamilyhotels.it\/?s={search_term_string}"},"query-input":{"@type":"PropertyValueSpecification","valueRequired":true,"valueName":"search_term_string"}}],"inLanguage":"fr-FR"}]}},"_links":{"self":[{"href":"https:\/\/www.italyfamilyhotels.it\/fr\/wp-json\/wp\/v2\/pages\/43884","targetHints":{"allow":["GET"]}}],"collection":[{"href":"https:\/\/www.italyfamilyhotels.it\/fr\/wp-json\/wp\/v2\/pages"}],"about":[{"href":"https:\/\/www.italyfamilyhotels.it\/fr\/wp-json\/wp\/v2\/types\/page"}],"author":[{"embeddable":true,"href":"https:\/\/www.italyfamilyhotels.it\/fr\/wp-json\/wp\/v2\/users\/117"}],"replies":[{"embeddable":true,"href":"https:\/\/www.italyfamilyhotels.it\/fr\/wp-json\/wp\/v2\/comments?post=43884"}],"version-history":[{"count":5,"href":"https:\/\/www.italyfamilyhotels.it\/fr\/wp-json\/wp\/v2\/pages\/43884\/revisions"}],"predecessor-version":[{"id":77196,"href":"https:\/\/www.italyfamilyhotels.it\/fr\/wp-json\/wp\/v2\/pages\/43884\/revisions\/77196"}],"up":[{"embeddable":true,"href":"https:\/\/www.italyfamilyhotels.it\/fr\/wp-json\/wp\/v2\/pages\/29729"}],"wp:attachment":[{"href":"https:\/\/www.italyfamilyhotels.it\/fr\/wp-json\/wp\/v2\/media?parent=43884"}],"curies":[{"name":"wp","href":"https:\/\/api.w.org\/{rel}","templated":true}]}}