{"id":43882,"date":"2023-01-23T14:36:27","date_gmt":"2023-01-23T13:36:27","guid":{"rendered":"https:\/\/www.italyfamilyhotels.it\/hotels\/hotel-lungomare"},"modified":"2023-02-16T16:54:01","modified_gmt":"2023-02-16T15:54:01","slug":"hotel-lungomare","status":"publish","type":"page","link":"https:\/\/www.italyfamilyhotels.it\/fr\/hotels\/hotel-lungomare","title":{"rendered":"H\u00f4tel Lungomare"},"content":{"rendered":"\n<p>Contrairement \u00e0 beaucoup d&#8217;autres h\u00f4tels, la diff\u00e9rence ici se fait sentir avant m\u00eame d&#8217;entrer : c\u2019est la <b>plage, situ\u00e9e juste devant la porte,<\/b> qui sugg\u00e8re imm\u00e9diatement l&#8217;id\u00e9e que des vacances \u00e0 <b>H\u00f4tel Lungomare <\/b>de <b>Cesenatico <\/b>auront quelque chose d&#8217;unique&nbsp;; un c\u0153ur de d\u00e9tente qui bat au rythme des besoins des vacanciers, qu&#8217;il s&#8217;agisse de parents avec enfants ou de cyclistes d\u00e9sireux de parcourir les m\u00eames itin\u00e9raires que leur idole, Marco Pantani. Entour\u00e9 de verdure et de tranquillit\u00e9, <b>\u00e0 quelques pas de la zone pi\u00e9tonne de Villamarina<\/b>, il se situe dans tous les cas \u00e0 courte distance des principaux parcs d&#8217;attractions de la Riviera Romagnole, dont la tradition culinaire est un avant-poste. Nous vous offrons <b>une gourde<\/b> \u00e0 remplir aux distributeurs des \u00e9tages, pour <b>avoir toujours de l&#8217;eau \u00e0 disposition<\/b> dans le plus grand respect de l&#8217;environnement !<\/p>\n\n\n\n<p>Le traitement en demi-pension comprend :<\/p>\n\n\n\n<ul class=\"wp-block-list\">\n<li>Nuit\u00e9e(s)<\/li>\n\n\n\n<li>Petit-d\u00e9jeuner copieux<\/li>\n\n\n\n<li>D\u00eener avec eau aux repas<\/li>\n\n\n\n<li>Acc\u00e8s \u00e0 la piscine ext\u00e9rieure, chauff\u00e9e \u00e0 29&nbsp;\u00b0C, salinis\u00e9e et avec bains \u00e0 remous, \u00e9quip\u00e9e d&#8217;un bassin pour enfants avec eau peu profonde<\/li>\n\n\n\n<li>Gourde en cadeau, \u00e0 remplir aux distributeurs situ\u00e9s dans les \u00e9tages<\/li>\n<\/ul>\n\n\n\n<p>Ne manquez pas non plus notre forfait sp\u00e9cial d\u00e9tente, avec une entr\u00e9e au centre de bien-\u00eatre pour les adultes mais \u00e9galement pour les enfants, pendant ce que nous appelons le moment Family Time !<\/p>\n\n\n\n<p>Si vous pr\u00e9f\u00e9rez manger dans votre chambre en famille, ou rester sur la plage sans bouger de votre transat, l&#8217;h\u00f4tel propose un <b>service de livraison de nourriture<\/b>. Le m\u00e9nage est depuis toujours tr\u00e8s soign\u00e9, avec une grande attention accord\u00e9e aux d\u00e9tails : enfants et parents trouveront des espaces parfaitement aseptis\u00e9s, pour des vacances en toute tranquillit\u00e9.<\/p>\n","protected":false},"excerpt":{"rendered":"<p>Contrairement \u00e0 beaucoup d&#8217;autres h\u00f4tels, la diff\u00e9rence ici se fait sentir avant m\u00eame d&#8217;entrer : c\u2019est la plage, situ\u00e9e juste devant la porte, qui sugg\u00e8re imm\u00e9diatement l&#8217;id\u00e9e que des vacances \u00e0 H\u00f4tel Lungomare de Cesenatico auront quelque chose d&#8217;unique&nbsp;; un c\u0153ur de d\u00e9tente qui bat au rythme des besoins des vacanciers, qu&#8217;il s&#8217;agisse de parents &hellip;<\/p>\n","protected":false},"author":75,"featured_media":0,"parent":29729,"menu_order":0,"comment_status":"closed","ping_status":"closed","template":"page-templates\/scheda_hotel.php","meta":{"_acf_changed":false,"inline_featured_image":false,"footnotes":""},"class_list":["post-43882","page","type-page","status-publish","hentry"],"acf":[],"yoast_head":"<!-- This site is optimized with the Yoast SEO plugin v27.1 - https:\/\/yoast.com\/product\/yoast-seo-wordpress\/ -->\n<title>H\u00f4tel Lungomare 4 \u00e9toiles, Cesenatico-Villamarina<\/title>\n<meta name=\"description\" content=\"Envie de vacances en famille ? D\u00e9couvrez les offres pour familles de l\u2019H\u00f4tel Lungomare \u00e0 Cesenatico-Villamarina\" \/>\n<meta name=\"robots\" content=\"index, follow, max-snippet:-1, max-image-preview:large, max-video-preview:-1\" \/>\n<link rel=\"canonical\" href=\"https:\/\/www.italyfamilyhotels.it\/fr\/hotels\/hotel-lungomare\" \/>\n<meta property=\"og:locale\" content=\"fr_FR\" \/>\n<meta property=\"og:type\" content=\"article\" \/>\n<meta property=\"og:title\" content=\"H\u00f4tel Lungomare 4 \u00e9toiles, Cesenatico-Villamarina\" \/>\n<meta property=\"og:description\" content=\"Envie de vacances en famille ? D\u00e9couvrez les offres pour familles de l\u2019H\u00f4tel Lungomare \u00e0 Cesenatico-Villamarina\" \/>\n<meta property=\"og:url\" content=\"https:\/\/www.italyfamilyhotels.it\/fr\/hotels\/hotel-lungomare\" \/>\n<meta property=\"og:site_name\" content=\"Italy Family Hotels\" \/>\n<meta property=\"article:publisher\" content=\"https:\/\/www.facebook.com\/ItalyFamilyHotels\/\" \/>\n<meta property=\"article:modified_time\" content=\"2023-02-16T15:54:01+00:00\" \/>\n<meta name=\"twitter:card\" content=\"summary_large_image\" \/>\n<meta name=\"twitter:label1\" content=\"Dur\u00e9e de lecture estim\u00e9e\" \/>\n\t<meta name=\"twitter:data1\" content=\"1 minute\" \/>\n<script type=\"application\/ld+json\" class=\"yoast-schema-graph\">{\"@context\":\"https:\/\/schema.org\",\"@graph\":[{\"@type\":\"WebPage\",\"@id\":\"https:\/\/www.italyfamilyhotels.it\/fr\/hotels\/hotel-lungomare\",\"url\":\"https:\/\/www.italyfamilyhotels.it\/fr\/hotels\/hotel-lungomare\",\"name\":\"H\u00f4tel Lungomare 4 \u00e9toiles, Cesenatico-Villamarina\",\"isPartOf\":{\"@id\":\"https:\/\/www.italyfamilyhotels.it\/#website\"},\"datePublished\":\"2023-01-23T13:36:27+00:00\",\"dateModified\":\"2023-02-16T15:54:01+00:00\",\"description\":\"Envie de vacances en famille ? D\u00e9couvrez les offres pour familles de l\u2019H\u00f4tel Lungomare \u00e0 Cesenatico-Villamarina\",\"breadcrumb\":{\"@id\":\"https:\/\/www.italyfamilyhotels.it\/fr\/hotels\/hotel-lungomare#breadcrumb\"},\"inLanguage\":\"fr-FR\",\"potentialAction\":[{\"@type\":\"ReadAction\",\"target\":[\"https:\/\/www.italyfamilyhotels.it\/fr\/hotels\/hotel-lungomare\"]}]},{\"@type\":\"BreadcrumbList\",\"@id\":\"https:\/\/www.italyfamilyhotels.it\/fr\/hotels\/hotel-lungomare#breadcrumb\",\"itemListElement\":[{\"@type\":\"ListItem\",\"position\":1,\"name\":\"Home\",\"item\":\"https:\/\/www.italyfamilyhotels.it\/fr\"},{\"@type\":\"ListItem\",\"position\":2,\"name\":\"Family Hotels\",\"item\":\"https:\/\/www.italyfamilyhotels.it\/fr\/hotels\"},{\"@type\":\"ListItem\",\"position\":3,\"name\":\"H\u00f4tel Lungomare\"}]},{\"@type\":\"WebSite\",\"@id\":\"https:\/\/www.italyfamilyhotels.it\/#website\",\"url\":\"https:\/\/www.italyfamilyhotels.it\/\",\"name\":\"Italy Family Hotels\",\"description\":\"\",\"potentialAction\":[{\"@type\":\"SearchAction\",\"target\":{\"@type\":\"EntryPoint\",\"urlTemplate\":\"https:\/\/www.italyfamilyhotels.it\/?s={search_term_string}\"},\"query-input\":{\"@type\":\"PropertyValueSpecification\",\"valueRequired\":true,\"valueName\":\"search_term_string\"}}],\"inLanguage\":\"fr-FR\"}]}<\/script>\n<!-- \/ Yoast SEO plugin. -->","yoast_head_json":{"title":"H\u00f4tel Lungomare 4 \u00e9toiles, Cesenatico-Villamarina","description":"Envie de vacances en famille ? D\u00e9couvrez les offres pour familles de l\u2019H\u00f4tel Lungomare \u00e0 Cesenatico-Villamarina","robots":{"index":"index","follow":"follow","max-snippet":"max-snippet:-1","max-image-preview":"max-image-preview:large","max-video-preview":"max-video-preview:-1"},"canonical":"https:\/\/www.italyfamilyhotels.it\/fr\/hotels\/hotel-lungomare","og_locale":"fr_FR","og_type":"article","og_title":"H\u00f4tel Lungomare 4 \u00e9toiles, Cesenatico-Villamarina","og_description":"Envie de vacances en famille ? D\u00e9couvrez les offres pour familles de l\u2019H\u00f4tel Lungomare \u00e0 Cesenatico-Villamarina","og_url":"https:\/\/www.italyfamilyhotels.it\/fr\/hotels\/hotel-lungomare","og_site_name":"Italy Family Hotels","article_publisher":"https:\/\/www.facebook.com\/ItalyFamilyHotels\/","article_modified_time":"2023-02-16T15:54:01+00:00","twitter_card":"summary_large_image","twitter_misc":{"Dur\u00e9e de lecture estim\u00e9e":"1 minute"},"schema":{"@context":"https:\/\/schema.org","@graph":[{"@type":"WebPage","@id":"https:\/\/www.italyfamilyhotels.it\/fr\/hotels\/hotel-lungomare","url":"https:\/\/www.italyfamilyhotels.it\/fr\/hotels\/hotel-lungomare","name":"H\u00f4tel Lungomare 4 \u00e9toiles, Cesenatico-Villamarina","isPartOf":{"@id":"https:\/\/www.italyfamilyhotels.it\/#website"},"datePublished":"2023-01-23T13:36:27+00:00","dateModified":"2023-02-16T15:54:01+00:00","description":"Envie de vacances en famille ? D\u00e9couvrez les offres pour familles de l\u2019H\u00f4tel Lungomare \u00e0 Cesenatico-Villamarina","breadcrumb":{"@id":"https:\/\/www.italyfamilyhotels.it\/fr\/hotels\/hotel-lungomare#breadcrumb"},"inLanguage":"fr-FR","potentialAction":[{"@type":"ReadAction","target":["https:\/\/www.italyfamilyhotels.it\/fr\/hotels\/hotel-lungomare"]}]},{"@type":"BreadcrumbList","@id":"https:\/\/www.italyfamilyhotels.it\/fr\/hotels\/hotel-lungomare#breadcrumb","itemListElement":[{"@type":"ListItem","position":1,"name":"Home","item":"https:\/\/www.italyfamilyhotels.it\/fr"},{"@type":"ListItem","position":2,"name":"Family Hotels","item":"https:\/\/www.italyfamilyhotels.it\/fr\/hotels"},{"@type":"ListItem","position":3,"name":"H\u00f4tel Lungomare"}]},{"@type":"WebSite","@id":"https:\/\/www.italyfamilyhotels.it\/#website","url":"https:\/\/www.italyfamilyhotels.it\/","name":"Italy Family Hotels","description":"","potentialAction":[{"@type":"SearchAction","target":{"@type":"EntryPoint","urlTemplate":"https:\/\/www.italyfamilyhotels.it\/?s={search_term_string}"},"query-input":{"@type":"PropertyValueSpecification","valueRequired":true,"valueName":"search_term_string"}}],"inLanguage":"fr-FR"}]}},"_links":{"self":[{"href":"https:\/\/www.italyfamilyhotels.it\/fr\/wp-json\/wp\/v2\/pages\/43882","targetHints":{"allow":["GET"]}}],"collection":[{"href":"https:\/\/www.italyfamilyhotels.it\/fr\/wp-json\/wp\/v2\/pages"}],"about":[{"href":"https:\/\/www.italyfamilyhotels.it\/fr\/wp-json\/wp\/v2\/types\/page"}],"author":[{"embeddable":true,"href":"https:\/\/www.italyfamilyhotels.it\/fr\/wp-json\/wp\/v2\/users\/75"}],"replies":[{"embeddable":true,"href":"https:\/\/www.italyfamilyhotels.it\/fr\/wp-json\/wp\/v2\/comments?post=43882"}],"version-history":[{"count":7,"href":"https:\/\/www.italyfamilyhotels.it\/fr\/wp-json\/wp\/v2\/pages\/43882\/revisions"}],"predecessor-version":[{"id":46403,"href":"https:\/\/www.italyfamilyhotels.it\/fr\/wp-json\/wp\/v2\/pages\/43882\/revisions\/46403"}],"up":[{"embeddable":true,"href":"https:\/\/www.italyfamilyhotels.it\/fr\/wp-json\/wp\/v2\/pages\/29729"}],"wp:attachment":[{"href":"https:\/\/www.italyfamilyhotels.it\/fr\/wp-json\/wp\/v2\/media?parent=43882"}],"curies":[{"name":"wp","href":"https:\/\/api.w.org\/{rel}","templated":true}]}}