{"id":43880,"date":"2023-01-23T14:36:04","date_gmt":"2023-01-23T13:36:04","guid":{"rendered":"https:\/\/www.italyfamilyhotels.it\/hotels\/ambiez-suite-hotel-family-wellness"},"modified":"2025-10-06T12:24:01","modified_gmt":"2025-10-06T10:24:01","slug":"ambiez-suite-hotel-family-wellness","status":"publish","type":"page","link":"https:\/\/www.italyfamilyhotels.it\/fr\/hotels\/ambiez-suite-hotel-family-wellness","title":{"rendered":"Ambiez Suite Hotel Family &#038; Wellness"},"content":{"rendered":"\n<p>Nous sommes \u00e0\u00a0<b>Andalo<\/b>,\u00a0<b>sur le plateau de Paganella<\/b>, au c\u0153ur de panoramas \u00e0 couper le souffle sur les Dolomites. Ici, \u00e0 <b>Ambiez Dolomiti Family Style Hotel<\/b>, nous vous attendons \u00e0 bras ouverts pour vos vacances en famille ! Une exp\u00e9rience fantastique, pens\u00e9e sur mesure pour vous et vos enfants, protagonistes de chaque espace et activit\u00e9. Ils sont \u00e9galement les bienvenus dans notre\u00a0<b>centre Spa<\/b>, car chez nous,\u00a0<b>le bien-\u00eatre est une affaire de famille<\/b>. En effet, les princes et princesses peuvent se d\u00e9tendre avec\u00a0des <b>soins format mini<\/b>\u00a0et d&#8217;autres parfaitement adapt\u00e9s aux <b>adolescents<\/b>, ou encore s\u2019amuser dans la\u00a0<b>piscine couverte et chauff\u00e9e<\/b>\u00a0avec bain \u00e0 remous.<\/p>\n\n\n\n<p>L&#8217;\u00e9quipe d&#8217;animation organise des <b>activit\u00e9s pour enfants plus ou moins grands de 3 \u00e0 12 ans<\/b>\u00a0: pensez, le\u00a0<b>Mini Club est ouvert tous les jours de 8h30 \u00e0 22h00<\/b>\u00a0! Il renferme une\u00a0<b>salle de jeux int\u00e9rieure,<\/b>\u00a0enti\u00e8rement \u00e9quip\u00e9e pour les petits et les plus \u00e2g\u00e9s, et un\u00a0<b>grand jardin<\/b>\u00a0pour jouer dehors.<\/p>\n\n\n\n<p>Nous nous occupons soigneusement de la\u00a0<b>cuisine<\/b>, en commen\u00e7ant par la recherche d\u2019<b>ingr\u00e9dients authentiques et frais<\/b>, que nous transformons en plats de la\u00a0<b>tradition du Trentin<\/b>\u00a0et autres propositions\u00a0<b>internationales<\/b>. Pour nos invit\u00e9s tr\u00e8s sp\u00e9ciaux, les\u00a0<b>enfants, nous ouvrons le restaurant plus t\u00f4t<\/b>\u00a0et nous pr\u00e9parons\u00a0<b>des menus simples mais savoureux<\/b>. Si vous souffrez d\u2019<b>intol\u00e9rances alimentaires<\/b>,\u00a0n&#8217;h\u00e9sitez pas \u00e0 nous le dire et\u00a0<b>nous nous chargerons de vous pr\u00e9parer de d\u00e9licieux plats<\/b>\u00a0!<\/p>\n\n\n\n<p>En fin de journ\u00e9e, nos\u00a0<b>chambres<\/b>\u00a0vous accueilleront dans une \u00e9treinte confortable, pour vous reposer dans une ambiance montagnarde, sans sacrifier l\u2019aspect pratique des\u00a0<b>services b\u00e9b\u00e9<\/b>\u00a0qui vous permettront de voyager l\u00e9ger avec vos enfants.<\/p>\n","protected":false},"excerpt":{"rendered":"<p>Nous sommes \u00e0\u00a0Andalo,\u00a0sur le plateau de Paganella, au c\u0153ur de panoramas \u00e0 couper le souffle sur les Dolomites. Ici, \u00e0 Ambiez Dolomiti Family Style Hotel, nous vous attendons \u00e0 bras ouverts pour vos vacances en famille ! Une exp\u00e9rience fantastique, pens\u00e9e sur mesure pour vous et vos enfants, protagonistes de chaque espace et activit\u00e9. Ils &hellip;<\/p>\n","protected":false},"author":7,"featured_media":0,"parent":29729,"menu_order":0,"comment_status":"closed","ping_status":"closed","template":"page-templates\/scheda_hotel.php","meta":{"_acf_changed":false,"inline_featured_image":false,"footnotes":""},"class_list":["post-43880","page","type-page","status-publish","hentry"],"acf":[],"yoast_head":"<!-- This site is optimized with the Yoast SEO plugin v27.1 - https:\/\/yoast.com\/product\/yoast-seo-wordpress\/ -->\n<title>Ambiez Suite Hotel Family &amp; Wellness 4 \u00e9toiles, Andalo<\/title>\n<meta name=\"description\" content=\"Envie de vacances en famille ? D\u00e9couvrez les offres pour familles de l\u2019Ambiez Suite Hotel Family &amp; Wellness \u00e0 Andalo\" \/>\n<meta name=\"robots\" content=\"index, follow, max-snippet:-1, max-image-preview:large, max-video-preview:-1\" \/>\n<link rel=\"canonical\" href=\"https:\/\/www.italyfamilyhotels.it\/fr\/hotels\/ambiez-suite-hotel-family-wellness\" \/>\n<meta property=\"og:locale\" content=\"fr_FR\" \/>\n<meta property=\"og:type\" content=\"article\" \/>\n<meta property=\"og:title\" content=\"Ambiez Suite Hotel Family &amp; Wellness 4 \u00e9toiles, Andalo\" \/>\n<meta property=\"og:description\" content=\"Envie de vacances en famille ? D\u00e9couvrez les offres pour familles de l\u2019Ambiez Suite Hotel Family &amp; Wellness \u00e0 Andalo\" \/>\n<meta property=\"og:url\" content=\"https:\/\/www.italyfamilyhotels.it\/fr\/hotels\/ambiez-suite-hotel-family-wellness\" \/>\n<meta property=\"og:site_name\" content=\"Italy Family Hotels\" \/>\n<meta property=\"article:publisher\" content=\"https:\/\/www.facebook.com\/ItalyFamilyHotels\/\" \/>\n<meta property=\"article:modified_time\" content=\"2025-10-06T10:24:01+00:00\" \/>\n<meta name=\"twitter:card\" content=\"summary_large_image\" \/>\n<meta name=\"twitter:label1\" content=\"Dur\u00e9e de lecture estim\u00e9e\" \/>\n\t<meta name=\"twitter:data1\" content=\"1 minute\" \/>\n<script type=\"application\/ld+json\" class=\"yoast-schema-graph\">{\"@context\":\"https:\/\/schema.org\",\"@graph\":[{\"@type\":\"WebPage\",\"@id\":\"https:\/\/www.italyfamilyhotels.it\/fr\/hotels\/ambiez-suite-hotel-family-wellness\",\"url\":\"https:\/\/www.italyfamilyhotels.it\/fr\/hotels\/ambiez-suite-hotel-family-wellness\",\"name\":\"Ambiez Suite Hotel Family & Wellness 4 \u00e9toiles, Andalo\",\"isPartOf\":{\"@id\":\"https:\/\/www.italyfamilyhotels.it\/#website\"},\"datePublished\":\"2023-01-23T13:36:04+00:00\",\"dateModified\":\"2025-10-06T10:24:01+00:00\",\"description\":\"Envie de vacances en famille ? D\u00e9couvrez les offres pour familles de l\u2019Ambiez Suite Hotel Family & Wellness \u00e0 Andalo\",\"breadcrumb\":{\"@id\":\"https:\/\/www.italyfamilyhotels.it\/fr\/hotels\/ambiez-suite-hotel-family-wellness#breadcrumb\"},\"inLanguage\":\"fr-FR\",\"potentialAction\":[{\"@type\":\"ReadAction\",\"target\":[\"https:\/\/www.italyfamilyhotels.it\/fr\/hotels\/ambiez-suite-hotel-family-wellness\"]}]},{\"@type\":\"BreadcrumbList\",\"@id\":\"https:\/\/www.italyfamilyhotels.it\/fr\/hotels\/ambiez-suite-hotel-family-wellness#breadcrumb\",\"itemListElement\":[{\"@type\":\"ListItem\",\"position\":1,\"name\":\"Home\",\"item\":\"https:\/\/www.italyfamilyhotels.it\/fr\"},{\"@type\":\"ListItem\",\"position\":2,\"name\":\"Family Hotels\",\"item\":\"https:\/\/www.italyfamilyhotels.it\/fr\/hotels\"},{\"@type\":\"ListItem\",\"position\":3,\"name\":\"Ambiez Suite Hotel Family &#038; Wellness\"}]},{\"@type\":\"WebSite\",\"@id\":\"https:\/\/www.italyfamilyhotels.it\/#website\",\"url\":\"https:\/\/www.italyfamilyhotels.it\/\",\"name\":\"Italy Family Hotels\",\"description\":\"\",\"potentialAction\":[{\"@type\":\"SearchAction\",\"target\":{\"@type\":\"EntryPoint\",\"urlTemplate\":\"https:\/\/www.italyfamilyhotels.it\/?s={search_term_string}\"},\"query-input\":{\"@type\":\"PropertyValueSpecification\",\"valueRequired\":true,\"valueName\":\"search_term_string\"}}],\"inLanguage\":\"fr-FR\"}]}<\/script>\n<!-- \/ Yoast SEO plugin. -->","yoast_head_json":{"title":"Ambiez Suite Hotel Family & Wellness 4 \u00e9toiles, Andalo","description":"Envie de vacances en famille ? D\u00e9couvrez les offres pour familles de l\u2019Ambiez Suite Hotel Family & Wellness \u00e0 Andalo","robots":{"index":"index","follow":"follow","max-snippet":"max-snippet:-1","max-image-preview":"max-image-preview:large","max-video-preview":"max-video-preview:-1"},"canonical":"https:\/\/www.italyfamilyhotels.it\/fr\/hotels\/ambiez-suite-hotel-family-wellness","og_locale":"fr_FR","og_type":"article","og_title":"Ambiez Suite Hotel Family & Wellness 4 \u00e9toiles, Andalo","og_description":"Envie de vacances en famille ? D\u00e9couvrez les offres pour familles de l\u2019Ambiez Suite Hotel Family & Wellness \u00e0 Andalo","og_url":"https:\/\/www.italyfamilyhotels.it\/fr\/hotels\/ambiez-suite-hotel-family-wellness","og_site_name":"Italy Family Hotels","article_publisher":"https:\/\/www.facebook.com\/ItalyFamilyHotels\/","article_modified_time":"2025-10-06T10:24:01+00:00","twitter_card":"summary_large_image","twitter_misc":{"Dur\u00e9e de lecture estim\u00e9e":"1 minute"},"schema":{"@context":"https:\/\/schema.org","@graph":[{"@type":"WebPage","@id":"https:\/\/www.italyfamilyhotels.it\/fr\/hotels\/ambiez-suite-hotel-family-wellness","url":"https:\/\/www.italyfamilyhotels.it\/fr\/hotels\/ambiez-suite-hotel-family-wellness","name":"Ambiez Suite Hotel Family & Wellness 4 \u00e9toiles, Andalo","isPartOf":{"@id":"https:\/\/www.italyfamilyhotels.it\/#website"},"datePublished":"2023-01-23T13:36:04+00:00","dateModified":"2025-10-06T10:24:01+00:00","description":"Envie de vacances en famille ? D\u00e9couvrez les offres pour familles de l\u2019Ambiez Suite Hotel Family & Wellness \u00e0 Andalo","breadcrumb":{"@id":"https:\/\/www.italyfamilyhotels.it\/fr\/hotels\/ambiez-suite-hotel-family-wellness#breadcrumb"},"inLanguage":"fr-FR","potentialAction":[{"@type":"ReadAction","target":["https:\/\/www.italyfamilyhotels.it\/fr\/hotels\/ambiez-suite-hotel-family-wellness"]}]},{"@type":"BreadcrumbList","@id":"https:\/\/www.italyfamilyhotels.it\/fr\/hotels\/ambiez-suite-hotel-family-wellness#breadcrumb","itemListElement":[{"@type":"ListItem","position":1,"name":"Home","item":"https:\/\/www.italyfamilyhotels.it\/fr"},{"@type":"ListItem","position":2,"name":"Family Hotels","item":"https:\/\/www.italyfamilyhotels.it\/fr\/hotels"},{"@type":"ListItem","position":3,"name":"Ambiez Suite Hotel Family &#038; Wellness"}]},{"@type":"WebSite","@id":"https:\/\/www.italyfamilyhotels.it\/#website","url":"https:\/\/www.italyfamilyhotels.it\/","name":"Italy Family Hotels","description":"","potentialAction":[{"@type":"SearchAction","target":{"@type":"EntryPoint","urlTemplate":"https:\/\/www.italyfamilyhotels.it\/?s={search_term_string}"},"query-input":{"@type":"PropertyValueSpecification","valueRequired":true,"valueName":"search_term_string"}}],"inLanguage":"fr-FR"}]}},"_links":{"self":[{"href":"https:\/\/www.italyfamilyhotels.it\/fr\/wp-json\/wp\/v2\/pages\/43880","targetHints":{"allow":["GET"]}}],"collection":[{"href":"https:\/\/www.italyfamilyhotels.it\/fr\/wp-json\/wp\/v2\/pages"}],"about":[{"href":"https:\/\/www.italyfamilyhotels.it\/fr\/wp-json\/wp\/v2\/types\/page"}],"author":[{"embeddable":true,"href":"https:\/\/www.italyfamilyhotels.it\/fr\/wp-json\/wp\/v2\/users\/7"}],"replies":[{"embeddable":true,"href":"https:\/\/www.italyfamilyhotels.it\/fr\/wp-json\/wp\/v2\/comments?post=43880"}],"version-history":[{"count":4,"href":"https:\/\/www.italyfamilyhotels.it\/fr\/wp-json\/wp\/v2\/pages\/43880\/revisions"}],"predecessor-version":[{"id":71592,"href":"https:\/\/www.italyfamilyhotels.it\/fr\/wp-json\/wp\/v2\/pages\/43880\/revisions\/71592"}],"up":[{"embeddable":true,"href":"https:\/\/www.italyfamilyhotels.it\/fr\/wp-json\/wp\/v2\/pages\/29729"}],"wp:attachment":[{"href":"https:\/\/www.italyfamilyhotels.it\/fr\/wp-json\/wp\/v2\/media?parent=43880"}],"curies":[{"name":"wp","href":"https:\/\/api.w.org\/{rel}","templated":true}]}}