{"id":43874,"date":"2023-01-23T14:35:13","date_gmt":"2023-01-23T13:35:13","guid":{"rendered":"https:\/\/www.italyfamilyhotels.it\/hotels\/hotel-sarti"},"modified":"2023-01-23T15:52:42","modified_gmt":"2023-01-23T14:52:42","slug":"hotel-sarti","status":"publish","type":"page","link":"https:\/\/www.italyfamilyhotels.it\/fr\/hotels\/hotel-sarti","title":{"rendered":"H\u00f4tel Sarti"},"content":{"rendered":"\n<p>\u00c0 seulement 10 minutes \u00e0 pied du c\u00e9l\u00e8bre <b>Viale Ceccarini<\/b>, avec ses vitrines branch\u00e9es et ses clubs anim\u00e9s, et <b>donnant directement sur la mer<\/b>, nous vous attendons \u00e0 l\u2019<b>H\u00f4tel Sarti<\/b> pour vous offrir le s\u00e9jour id\u00e9al et une exp\u00e9rience confortable et amusante de <b>vacances en famille \u00e0 Riccione<\/b>. Vous pouvez descendre \u00e0 la <b>plage situ\u00e9e juste devant l&#8217;h\u00f4tel<\/b> ou vous d\u00e9tendre avec une belle baignade dans la grande <b>piscine ext\u00e9rieure<\/b>, l&#8217;une des plus grandes de Riccione ! Nous pouvons \u00e9galement vous dorloter dans notre <b>centre de bien-\u00eatre<\/b>, tandis que notre <b>personnel d&#8217;animation<\/b> accompagnera vos enfants au quotidien, avec <b>mille initiatives, jeux et activit\u00e9s cr\u00e9atives<\/b>, en prenant \u00e9galement soin d&#8217;eux pendant les repas dans le <b>petit restaurant \u00ab\u00a0Briciole e Favole\u00a0\u00bb \u00e0 horaires flexibles. <\/b><\/p>\n\n\n\n<p>Et en parlant de cuisine, dans la salle du <b>restaurant \u00ab\u00a0Da Lucia\u00a0\u00bb<\/b>, nous vous faisons vivre une exp\u00e9rience unique avec les nombreuses d\u00e9licieuses propositions de petit-d\u00e9jeuner, d\u00e9jeuner et d\u00eener, avec les plats typiques de la <b>cuisine romagnole<\/b>, des <b>p\u00e2tes fra\u00eeches artisanales<\/b>, des <b>glaces et p\u00e2tisseries de notre production<\/b>, des soir\u00e9es gastronomiques \u00e0 th\u00e8me et une carte des vins aux \u00e9tiquettes prestigieuses. Pour vos enfants, nous avons \u00e9galement pens\u00e9 \u00e0 un <b>service de garde d&#8217;enfants, d\u2019assistance p\u00e9diatrique<\/b> ainsi qu\u2019\u00e0 un <b>service de blanchisserie<\/b> sur demande. Et pour tous les <b>amateurs de v\u00e9lo<\/b>, notre h\u00f4tel est le point de d\u00e9part id\u00e9al pour se mettre en selle \u00e0 la d\u00e9couverte des merveilles de la r\u00e9gion.<\/p>\n","protected":false},"excerpt":{"rendered":"<p>\u00c0 seulement 10 minutes \u00e0 pied du c\u00e9l\u00e8bre Viale Ceccarini, avec ses vitrines branch\u00e9es et ses clubs anim\u00e9s, et donnant directement sur la mer, nous vous attendons \u00e0 l\u2019H\u00f4tel Sarti pour vous offrir le s\u00e9jour id\u00e9al et une exp\u00e9rience confortable et amusante de vacances en famille \u00e0 Riccione. Vous pouvez descendre \u00e0 la plage situ\u00e9e &hellip;<\/p>\n","protected":false},"author":112,"featured_media":0,"parent":29729,"menu_order":0,"comment_status":"closed","ping_status":"closed","template":"page-templates\/scheda_hotel.php","meta":{"_acf_changed":false,"inline_featured_image":false,"footnotes":""},"class_list":["post-43874","page","type-page","status-publish","hentry"],"acf":[],"yoast_head":"<!-- This site is optimized with the Yoast SEO plugin v27.1 - https:\/\/yoast.com\/product\/yoast-seo-wordpress\/ -->\n<title>H\u00f4tel Sarti 4 \u00e9toiles, Riccione<\/title>\n<meta name=\"description\" content=\"Envie de vacances en famille ? D\u00e9couvrez les offres pour familles de l&#039;H\u00f4tel Sarti \u00e0 Riccione\" \/>\n<meta name=\"robots\" content=\"index, follow, max-snippet:-1, max-image-preview:large, max-video-preview:-1\" \/>\n<link rel=\"canonical\" href=\"https:\/\/www.italyfamilyhotels.it\/fr\/hotels\/hotel-sarti\" \/>\n<meta property=\"og:locale\" content=\"fr_FR\" \/>\n<meta property=\"og:type\" content=\"article\" \/>\n<meta property=\"og:title\" content=\"H\u00f4tel Sarti 4 \u00e9toiles, Riccione\" \/>\n<meta property=\"og:description\" content=\"Envie de vacances en famille ? D\u00e9couvrez les offres pour familles de l&#039;H\u00f4tel Sarti \u00e0 Riccione\" \/>\n<meta property=\"og:url\" content=\"https:\/\/www.italyfamilyhotels.it\/fr\/hotels\/hotel-sarti\" \/>\n<meta property=\"og:site_name\" content=\"Italy Family Hotels\" \/>\n<meta property=\"article:publisher\" content=\"https:\/\/www.facebook.com\/ItalyFamilyHotels\/\" \/>\n<meta property=\"article:modified_time\" content=\"2023-01-23T14:52:42+00:00\" \/>\n<meta name=\"twitter:card\" content=\"summary_large_image\" \/>\n<meta name=\"twitter:label1\" content=\"Dur\u00e9e de lecture estim\u00e9e\" \/>\n\t<meta name=\"twitter:data1\" content=\"1 minute\" \/>\n<script type=\"application\/ld+json\" class=\"yoast-schema-graph\">{\"@context\":\"https:\/\/schema.org\",\"@graph\":[{\"@type\":\"WebPage\",\"@id\":\"https:\/\/www.italyfamilyhotels.it\/fr\/hotels\/hotel-sarti\",\"url\":\"https:\/\/www.italyfamilyhotels.it\/fr\/hotels\/hotel-sarti\",\"name\":\"H\u00f4tel Sarti 4 \u00e9toiles, Riccione\",\"isPartOf\":{\"@id\":\"https:\/\/www.italyfamilyhotels.it\/#website\"},\"datePublished\":\"2023-01-23T13:35:13+00:00\",\"dateModified\":\"2023-01-23T14:52:42+00:00\",\"description\":\"Envie de vacances en famille ? D\u00e9couvrez les offres pour familles de l'H\u00f4tel Sarti \u00e0 Riccione\",\"breadcrumb\":{\"@id\":\"https:\/\/www.italyfamilyhotels.it\/fr\/hotels\/hotel-sarti#breadcrumb\"},\"inLanguage\":\"fr-FR\",\"potentialAction\":[{\"@type\":\"ReadAction\",\"target\":[\"https:\/\/www.italyfamilyhotels.it\/fr\/hotels\/hotel-sarti\"]}]},{\"@type\":\"BreadcrumbList\",\"@id\":\"https:\/\/www.italyfamilyhotels.it\/fr\/hotels\/hotel-sarti#breadcrumb\",\"itemListElement\":[{\"@type\":\"ListItem\",\"position\":1,\"name\":\"Home\",\"item\":\"https:\/\/www.italyfamilyhotels.it\/fr\"},{\"@type\":\"ListItem\",\"position\":2,\"name\":\"Family Hotels\",\"item\":\"https:\/\/www.italyfamilyhotels.it\/fr\/hotels\"},{\"@type\":\"ListItem\",\"position\":3,\"name\":\"H\u00f4tel Sarti\"}]},{\"@type\":\"WebSite\",\"@id\":\"https:\/\/www.italyfamilyhotels.it\/#website\",\"url\":\"https:\/\/www.italyfamilyhotels.it\/\",\"name\":\"Italy Family Hotels\",\"description\":\"\",\"potentialAction\":[{\"@type\":\"SearchAction\",\"target\":{\"@type\":\"EntryPoint\",\"urlTemplate\":\"https:\/\/www.italyfamilyhotels.it\/?s={search_term_string}\"},\"query-input\":{\"@type\":\"PropertyValueSpecification\",\"valueRequired\":true,\"valueName\":\"search_term_string\"}}],\"inLanguage\":\"fr-FR\"}]}<\/script>\n<!-- \/ Yoast SEO plugin. -->","yoast_head_json":{"title":"H\u00f4tel Sarti 4 \u00e9toiles, Riccione","description":"Envie de vacances en famille ? D\u00e9couvrez les offres pour familles de l'H\u00f4tel Sarti \u00e0 Riccione","robots":{"index":"index","follow":"follow","max-snippet":"max-snippet:-1","max-image-preview":"max-image-preview:large","max-video-preview":"max-video-preview:-1"},"canonical":"https:\/\/www.italyfamilyhotels.it\/fr\/hotels\/hotel-sarti","og_locale":"fr_FR","og_type":"article","og_title":"H\u00f4tel Sarti 4 \u00e9toiles, Riccione","og_description":"Envie de vacances en famille ? D\u00e9couvrez les offres pour familles de l'H\u00f4tel Sarti \u00e0 Riccione","og_url":"https:\/\/www.italyfamilyhotels.it\/fr\/hotels\/hotel-sarti","og_site_name":"Italy Family Hotels","article_publisher":"https:\/\/www.facebook.com\/ItalyFamilyHotels\/","article_modified_time":"2023-01-23T14:52:42+00:00","twitter_card":"summary_large_image","twitter_misc":{"Dur\u00e9e de lecture estim\u00e9e":"1 minute"},"schema":{"@context":"https:\/\/schema.org","@graph":[{"@type":"WebPage","@id":"https:\/\/www.italyfamilyhotels.it\/fr\/hotels\/hotel-sarti","url":"https:\/\/www.italyfamilyhotels.it\/fr\/hotels\/hotel-sarti","name":"H\u00f4tel Sarti 4 \u00e9toiles, Riccione","isPartOf":{"@id":"https:\/\/www.italyfamilyhotels.it\/#website"},"datePublished":"2023-01-23T13:35:13+00:00","dateModified":"2023-01-23T14:52:42+00:00","description":"Envie de vacances en famille ? D\u00e9couvrez les offres pour familles de l'H\u00f4tel Sarti \u00e0 Riccione","breadcrumb":{"@id":"https:\/\/www.italyfamilyhotels.it\/fr\/hotels\/hotel-sarti#breadcrumb"},"inLanguage":"fr-FR","potentialAction":[{"@type":"ReadAction","target":["https:\/\/www.italyfamilyhotels.it\/fr\/hotels\/hotel-sarti"]}]},{"@type":"BreadcrumbList","@id":"https:\/\/www.italyfamilyhotels.it\/fr\/hotels\/hotel-sarti#breadcrumb","itemListElement":[{"@type":"ListItem","position":1,"name":"Home","item":"https:\/\/www.italyfamilyhotels.it\/fr"},{"@type":"ListItem","position":2,"name":"Family Hotels","item":"https:\/\/www.italyfamilyhotels.it\/fr\/hotels"},{"@type":"ListItem","position":3,"name":"H\u00f4tel Sarti"}]},{"@type":"WebSite","@id":"https:\/\/www.italyfamilyhotels.it\/#website","url":"https:\/\/www.italyfamilyhotels.it\/","name":"Italy Family Hotels","description":"","potentialAction":[{"@type":"SearchAction","target":{"@type":"EntryPoint","urlTemplate":"https:\/\/www.italyfamilyhotels.it\/?s={search_term_string}"},"query-input":{"@type":"PropertyValueSpecification","valueRequired":true,"valueName":"search_term_string"}}],"inLanguage":"fr-FR"}]}},"_links":{"self":[{"href":"https:\/\/www.italyfamilyhotels.it\/fr\/wp-json\/wp\/v2\/pages\/43874","targetHints":{"allow":["GET"]}}],"collection":[{"href":"https:\/\/www.italyfamilyhotels.it\/fr\/wp-json\/wp\/v2\/pages"}],"about":[{"href":"https:\/\/www.italyfamilyhotels.it\/fr\/wp-json\/wp\/v2\/types\/page"}],"author":[{"embeddable":true,"href":"https:\/\/www.italyfamilyhotels.it\/fr\/wp-json\/wp\/v2\/users\/112"}],"replies":[{"embeddable":true,"href":"https:\/\/www.italyfamilyhotels.it\/fr\/wp-json\/wp\/v2\/comments?post=43874"}],"version-history":[{"count":3,"href":"https:\/\/www.italyfamilyhotels.it\/fr\/wp-json\/wp\/v2\/pages\/43874\/revisions"}],"predecessor-version":[{"id":43986,"href":"https:\/\/www.italyfamilyhotels.it\/fr\/wp-json\/wp\/v2\/pages\/43874\/revisions\/43986"}],"up":[{"embeddable":true,"href":"https:\/\/www.italyfamilyhotels.it\/fr\/wp-json\/wp\/v2\/pages\/29729"}],"wp:attachment":[{"href":"https:\/\/www.italyfamilyhotels.it\/fr\/wp-json\/wp\/v2\/media?parent=43874"}],"curies":[{"name":"wp","href":"https:\/\/api.w.org\/{rel}","templated":true}]}}