{"id":43872,"date":"2023-01-23T14:34:46","date_gmt":"2023-01-23T13:34:46","guid":{"rendered":"https:\/\/www.italyfamilyhotels.it\/hotels\/alpino-baby-family"},"modified":"2026-01-08T15:00:24","modified_gmt":"2026-01-08T14:00:24","slug":"alpino-baby-family","status":"publish","type":"page","link":"https:\/\/www.italyfamilyhotels.it\/fr\/hotels\/alpino-baby-family","title":{"rendered":"Alpino Baby Family"},"content":{"rendered":"\n<p>Il existe un royaume magique \u00e0&nbsp;<b>Andalo<\/b>&nbsp;o\u00f9 se trouvent les enfants qui emm\u00e8nent papa et maman en vacances : c&#8217;est l\u2019<b>Alpino Baby Family<\/b>, le seul qui accueille exclusivement des familles pour des&nbsp;<b>vacances Tout compris<\/b>. Si vous r\u00eavez de profiter pleinement et en toute libert\u00e9 d&#8217;un&nbsp;<b>s\u00e9jour en famille tout compris<\/b>, vous \u00eates au bon endroit !<\/p>\n\n\n\n<p>Le c\u0153ur des vacances est le&nbsp;<b>Gaia Land<\/b>, soit <b>2&nbsp;000&nbsp;m\u00b2<\/b>&nbsp;de pur bonheur ! Le&nbsp;<b>Gaia Mini&nbsp;<\/b>et le&nbsp;<b>Gaia Kids<\/b>,&nbsp;sont un monde d&#8217;amusement pour les plus petits, que nous accompagnons avec des animations, des ateliers, des mini cours de cuisine, entre l&#8217;aire de jeux int\u00e9rieure et l&#8217;immense&nbsp;<b>Jardin de Gaia<\/b>. Pour les petits \u00e0 partir de 1 mois, il y a le&nbsp;<b>Gaia Baby<\/b>,&nbsp;une v\u00e9ritable cr\u00e8che de vacances ! De cette fa\u00e7on, m\u00eame maman et papa pourront profiter de moments de pure d\u00e9tente dans l&#8217;intimit\u00e9 et l&#8217;exclusivit\u00e9&nbsp;de la <b>cabine de massage du jardin<\/b>&nbsp;&#8211; en choisissant entre un massage relaxant, sportif, \u00e9motionnel &#8211; du sauna bio ou avec un plongeon dans la<strong> piscine ext\u00e9rieur chauff\u00e9<\/strong>. Et peut-\u00eatre terminer la journ\u00e9e avec un d\u00eener romantique, car ici, les enfants<b> mangent avec l&#8217;\u00e9quipe d&#8217;animation<\/b>.<\/p>\n\n\n\n<p>Pour tous les petits voyageurs qui ne veulent pas renoncer aux plongeons m\u00eame en montagne, d\u00e9couvrez le <b>Gaia Splash<\/b>, un&nbsp;<strong>Baby Family Parc Aquatique <\/strong><b>couvert de 800 m\u00b2<\/b>&nbsp;: c\u2019est parti pour des batailles au canon \u00e0 eau, un peu de cocooning sous le champignon d&#8217;eau et des comp\u00e9titions sur le toboggan aquatique de 65&nbsp;m de long !<\/p>\n\n\n\n<p>Chaque jour, vous pourrez choisir entre plusieurs&nbsp;<b>exp\u00e9riences et<\/b>&nbsp;<b>excursions organis\u00e9es sur les Dolomites de Brenta<\/b>, \u00e9galement sur des parcours adapt\u00e9s aux poussettes. Gr\u00e2ce \u00e0 notre formule Tout compris, vous pouvez profiter des sorties sans limite de temps, car nous mettons \u00e0 votre disposition un&nbsp;<b>panier pique-nique avec couvertures<\/b>, ou des&nbsp;<b>bons<\/b>&nbsp;\u00e0 utiliser dans les refuges affili\u00e9s ! Apr\u00e8s une journ\u00e9e de randonn\u00e9e, un&nbsp;<b>go\u00fbter MYTHIQUE<\/b> vous attend d\u00e8s votre retour, avec de l&#8217;eau de source (un choix durable pour l&#8217;environnement), du lait de montagne et des jus de fruits \u00e0 volont\u00e9.<\/p>\n\n\n\n<p>Ici, \u00e0 l&#8217;Alpino Baby l\u2019<b>exp\u00e9rience culinaire est \u00e9cologique<\/b>&nbsp;et bas\u00e9e sur la&nbsp;<b>cha\u00eene d&#8217;approvisionnement courte<\/b>&nbsp;de la plus haute qualit\u00e9 : papa Herri, le Chef, s&#8217;occupe personnellement de chaque plat. Pour nos invit\u00e9s d&#8217;honneur, les enfants, vous trouverez un&nbsp;<b>buffet enfant<\/b>&nbsp;avec des plats authentiques et d\u00e9licieux, des bouillies, des bouillons, des velout\u00e9s, des p\u00e2tisseries en tout genre, et un&nbsp;<b>espace biberon<\/b>&nbsp;avec du lait frais de montagne, de la nourriture pour b\u00e9b\u00e9 et tout ce dont vous avez besoin en cas de grosse faim entre les heures habituelles de repas !&nbsp;<\/p>\n","protected":false},"excerpt":{"rendered":"<p>Il existe un royaume magique \u00e0&nbsp;Andalo&nbsp;o\u00f9 se trouvent les enfants qui emm\u00e8nent papa et maman en vacances : c&#8217;est l\u2019Alpino Baby Family, le seul qui accueille exclusivement des familles pour des&nbsp;vacances Tout compris. Si vous r\u00eavez de profiter pleinement et en toute libert\u00e9 d&#8217;un&nbsp;s\u00e9jour en famille tout compris, vous \u00eates au bon endroit ! Le &hellip;<\/p>\n","protected":false},"author":5,"featured_media":0,"parent":29729,"menu_order":0,"comment_status":"closed","ping_status":"closed","template":"page-templates\/scheda_hotel.php","meta":{"_acf_changed":false,"inline_featured_image":false,"footnotes":""},"class_list":["post-43872","page","type-page","status-publish","hentry"],"acf":[],"yoast_head":"<!-- This site is optimized with the Yoast SEO plugin v27.1 - https:\/\/yoast.com\/product\/yoast-seo-wordpress\/ -->\n<title>Alpino Baby Family Hotel 3 \u00e9toiles Superior, Andalo<\/title>\n<meta name=\"description\" content=\"Envie de vacances en famille ? D\u00e9couvrez les offres pour familles de l\u2019Alpino Baby Family Hotel \u00e0 Andalo dans les Dolomites\" \/>\n<meta name=\"robots\" content=\"index, follow, max-snippet:-1, max-image-preview:large, max-video-preview:-1\" \/>\n<link rel=\"canonical\" href=\"https:\/\/www.italyfamilyhotels.it\/fr\/hotels\/alpino-baby-family\" \/>\n<meta property=\"og:locale\" content=\"fr_FR\" \/>\n<meta property=\"og:type\" content=\"article\" \/>\n<meta property=\"og:title\" content=\"Alpino Baby Family Hotel 3 \u00e9toiles Superior, Andalo\" \/>\n<meta property=\"og:description\" content=\"Envie de vacances en famille ? D\u00e9couvrez les offres pour familles de l\u2019Alpino Baby Family Hotel \u00e0 Andalo dans les Dolomites\" \/>\n<meta property=\"og:url\" content=\"https:\/\/www.italyfamilyhotels.it\/fr\/hotels\/alpino-baby-family\" \/>\n<meta property=\"og:site_name\" content=\"Italy Family Hotels\" \/>\n<meta property=\"article:publisher\" content=\"https:\/\/www.facebook.com\/ItalyFamilyHotels\/\" \/>\n<meta property=\"article:modified_time\" content=\"2026-01-08T14:00:24+00:00\" \/>\n<meta name=\"twitter:card\" content=\"summary_large_image\" \/>\n<meta name=\"twitter:label1\" content=\"Dur\u00e9e de lecture estim\u00e9e\" \/>\n\t<meta name=\"twitter:data1\" content=\"2 minutes\" \/>\n<script type=\"application\/ld+json\" class=\"yoast-schema-graph\">{\"@context\":\"https:\/\/schema.org\",\"@graph\":[{\"@type\":\"WebPage\",\"@id\":\"https:\/\/www.italyfamilyhotels.it\/fr\/hotels\/alpino-baby-family\",\"url\":\"https:\/\/www.italyfamilyhotels.it\/fr\/hotels\/alpino-baby-family\",\"name\":\"Alpino Baby Family Hotel 3 \u00e9toiles Superior, Andalo\",\"isPartOf\":{\"@id\":\"https:\/\/www.italyfamilyhotels.it\/#website\"},\"datePublished\":\"2023-01-23T13:34:46+00:00\",\"dateModified\":\"2026-01-08T14:00:24+00:00\",\"description\":\"Envie de vacances en famille ? D\u00e9couvrez les offres pour familles de l\u2019Alpino Baby Family Hotel \u00e0 Andalo dans les Dolomites\",\"breadcrumb\":{\"@id\":\"https:\/\/www.italyfamilyhotels.it\/fr\/hotels\/alpino-baby-family#breadcrumb\"},\"inLanguage\":\"fr-FR\",\"potentialAction\":[{\"@type\":\"ReadAction\",\"target\":[\"https:\/\/www.italyfamilyhotels.it\/fr\/hotels\/alpino-baby-family\"]}]},{\"@type\":\"BreadcrumbList\",\"@id\":\"https:\/\/www.italyfamilyhotels.it\/fr\/hotels\/alpino-baby-family#breadcrumb\",\"itemListElement\":[{\"@type\":\"ListItem\",\"position\":1,\"name\":\"Home\",\"item\":\"https:\/\/www.italyfamilyhotels.it\/fr\"},{\"@type\":\"ListItem\",\"position\":2,\"name\":\"Family Hotels\",\"item\":\"https:\/\/www.italyfamilyhotels.it\/fr\/hotels\"},{\"@type\":\"ListItem\",\"position\":3,\"name\":\"Alpino Baby Family\"}]},{\"@type\":\"WebSite\",\"@id\":\"https:\/\/www.italyfamilyhotels.it\/#website\",\"url\":\"https:\/\/www.italyfamilyhotels.it\/\",\"name\":\"Italy Family Hotels\",\"description\":\"\",\"potentialAction\":[{\"@type\":\"SearchAction\",\"target\":{\"@type\":\"EntryPoint\",\"urlTemplate\":\"https:\/\/www.italyfamilyhotels.it\/?s={search_term_string}\"},\"query-input\":{\"@type\":\"PropertyValueSpecification\",\"valueRequired\":true,\"valueName\":\"search_term_string\"}}],\"inLanguage\":\"fr-FR\"}]}<\/script>\n<!-- \/ Yoast SEO plugin. -->","yoast_head_json":{"title":"Alpino Baby Family Hotel 3 \u00e9toiles Superior, Andalo","description":"Envie de vacances en famille ? D\u00e9couvrez les offres pour familles de l\u2019Alpino Baby Family Hotel \u00e0 Andalo dans les Dolomites","robots":{"index":"index","follow":"follow","max-snippet":"max-snippet:-1","max-image-preview":"max-image-preview:large","max-video-preview":"max-video-preview:-1"},"canonical":"https:\/\/www.italyfamilyhotels.it\/fr\/hotels\/alpino-baby-family","og_locale":"fr_FR","og_type":"article","og_title":"Alpino Baby Family Hotel 3 \u00e9toiles Superior, Andalo","og_description":"Envie de vacances en famille ? D\u00e9couvrez les offres pour familles de l\u2019Alpino Baby Family Hotel \u00e0 Andalo dans les Dolomites","og_url":"https:\/\/www.italyfamilyhotels.it\/fr\/hotels\/alpino-baby-family","og_site_name":"Italy Family Hotels","article_publisher":"https:\/\/www.facebook.com\/ItalyFamilyHotels\/","article_modified_time":"2026-01-08T14:00:24+00:00","twitter_card":"summary_large_image","twitter_misc":{"Dur\u00e9e de lecture estim\u00e9e":"2 minutes"},"schema":{"@context":"https:\/\/schema.org","@graph":[{"@type":"WebPage","@id":"https:\/\/www.italyfamilyhotels.it\/fr\/hotels\/alpino-baby-family","url":"https:\/\/www.italyfamilyhotels.it\/fr\/hotels\/alpino-baby-family","name":"Alpino Baby Family Hotel 3 \u00e9toiles Superior, Andalo","isPartOf":{"@id":"https:\/\/www.italyfamilyhotels.it\/#website"},"datePublished":"2023-01-23T13:34:46+00:00","dateModified":"2026-01-08T14:00:24+00:00","description":"Envie de vacances en famille ? D\u00e9couvrez les offres pour familles de l\u2019Alpino Baby Family Hotel \u00e0 Andalo dans les Dolomites","breadcrumb":{"@id":"https:\/\/www.italyfamilyhotels.it\/fr\/hotels\/alpino-baby-family#breadcrumb"},"inLanguage":"fr-FR","potentialAction":[{"@type":"ReadAction","target":["https:\/\/www.italyfamilyhotels.it\/fr\/hotels\/alpino-baby-family"]}]},{"@type":"BreadcrumbList","@id":"https:\/\/www.italyfamilyhotels.it\/fr\/hotels\/alpino-baby-family#breadcrumb","itemListElement":[{"@type":"ListItem","position":1,"name":"Home","item":"https:\/\/www.italyfamilyhotels.it\/fr"},{"@type":"ListItem","position":2,"name":"Family Hotels","item":"https:\/\/www.italyfamilyhotels.it\/fr\/hotels"},{"@type":"ListItem","position":3,"name":"Alpino Baby Family"}]},{"@type":"WebSite","@id":"https:\/\/www.italyfamilyhotels.it\/#website","url":"https:\/\/www.italyfamilyhotels.it\/","name":"Italy Family Hotels","description":"","potentialAction":[{"@type":"SearchAction","target":{"@type":"EntryPoint","urlTemplate":"https:\/\/www.italyfamilyhotels.it\/?s={search_term_string}"},"query-input":{"@type":"PropertyValueSpecification","valueRequired":true,"valueName":"search_term_string"}}],"inLanguage":"fr-FR"}]}},"_links":{"self":[{"href":"https:\/\/www.italyfamilyhotels.it\/fr\/wp-json\/wp\/v2\/pages\/43872","targetHints":{"allow":["GET"]}}],"collection":[{"href":"https:\/\/www.italyfamilyhotels.it\/fr\/wp-json\/wp\/v2\/pages"}],"about":[{"href":"https:\/\/www.italyfamilyhotels.it\/fr\/wp-json\/wp\/v2\/types\/page"}],"author":[{"embeddable":true,"href":"https:\/\/www.italyfamilyhotels.it\/fr\/wp-json\/wp\/v2\/users\/5"}],"replies":[{"embeddable":true,"href":"https:\/\/www.italyfamilyhotels.it\/fr\/wp-json\/wp\/v2\/comments?post=43872"}],"version-history":[{"count":9,"href":"https:\/\/www.italyfamilyhotels.it\/fr\/wp-json\/wp\/v2\/pages\/43872\/revisions"}],"predecessor-version":[{"id":73521,"href":"https:\/\/www.italyfamilyhotels.it\/fr\/wp-json\/wp\/v2\/pages\/43872\/revisions\/73521"}],"up":[{"embeddable":true,"href":"https:\/\/www.italyfamilyhotels.it\/fr\/wp-json\/wp\/v2\/pages\/29729"}],"wp:attachment":[{"href":"https:\/\/www.italyfamilyhotels.it\/fr\/wp-json\/wp\/v2\/media?parent=43872"}],"curies":[{"name":"wp","href":"https:\/\/api.w.org\/{rel}","templated":true}]}}