{"id":43868,"date":"2023-01-23T14:34:09","date_gmt":"2023-01-23T13:34:09","guid":{"rendered":"https:\/\/www.italyfamilyhotels.it\/hotels\/hotel-corallo"},"modified":"2026-04-01T16:52:00","modified_gmt":"2026-04-01T14:52:00","slug":"hotel-corallo","status":"publish","type":"page","link":"https:\/\/www.italyfamilyhotels.it\/fr\/hotels\/hotel-corallo","title":{"rendered":"H\u00f4tel Corallo"},"content":{"rendered":"\n<p>Nous nous trouvons sur le&nbsp;<b>Front de mer de Riccione<\/b>, pr\u00e9cis\u00e9ment <b>devant la plage \u00e9quip\u00e9e<\/b>, id\u00e9ale pour les familles et les enfants. Pour les petits invit\u00e9s d&#8217;honneur, notre&nbsp;<b>personnel d&#8217;animation qualifi\u00e9<\/b>&nbsp;organise de nombreux jeux, ateliers&nbsp;<b>7 jours sur 7 au Cora e Lallo Smile Club<\/b>, \u00e9galement avec spectacles en soir\u00e9e.<\/p>\n\n\n\n<p>L&#8217;h\u00f4tel dispose de 3 piscines :<\/p>\n\n\n\n<p>&#8211; La<b>&nbsp;grande piscine<\/b>&nbsp;qui descend en pente douce et d\u00e9bouche dans un c\u0153ur fait de bains \u00e0 remous, pour s&#8217;immerger dans une autre journ\u00e9e de vacances sous le soleil.<\/p>\n\n\n\n<p>&#8211; La&nbsp;<b>Baby Pool avec toboggan<\/b>, une piscine de 15 m\u00e8tres de long, 40 cm de profondeur, d\u00e9di\u00e9e \u00e0 nos petits h\u00f4tes avec bain \u00e0 remous, d\u2019o\u00f9 les parents peuvent confortablement regarder jouer leurs enfants. Le plaisir est garanti !<\/p>\n\n\n\n<p>&#8211; La\u00a0<b>Relax Pool<\/b>\u00a0du Centre de bien-\u00eatre Corallo Bay, accessible aux seuls adultes (hors ponts et jours f\u00e9ri\u00e9s). R\u00e9servez un s\u00e9jour de <strong>7 nuits<\/strong> entre le <strong>15 juin et le 13 septembre 2026<\/strong> et recevez <strong>2 CADEAUX<\/strong> : le <strong>Free Pass au SPA<\/strong>, soit 1 entr\u00e9e de 2 heures par jour et par personne sur r\u00e9servation ; et une <strong>r\u00e9duction de 30 %<\/strong> sur les massages et les soins (hors services d&#8217;esth\u00e9tique).<\/p>\n\n\n\n<p>Et feu vert au go\u00fbt ! Pr\u00e9parez-vous \u00e0 savourer&nbsp;une <b>excellente cuisine traditionnelle<\/b>&nbsp;dans notre restaurant \u00ab&nbsp;Il Corallino&nbsp;\u00bb, avec des plats sp\u00e9ciaux pour lesquels les chefs choisissent des mati\u00e8res premi\u00e8res s\u00e9lectionn\u00e9es d&#8217;origine contr\u00f4l\u00e9e, \u00e9galement durant les&nbsp;<b>soir\u00e9es \u00e0 th\u00e8me<\/b>,&nbsp;entra\u00eenant toute la famille dans un tourbillon de plaisir gourmand. Comme le &#8220;Seafood Dinner&#8221; du mercredi, un riche barbecue de poissons frais grill\u00e9s par le chef Fabrizio, que vous pourrez d\u00e9guster sur le toit avec vue panoramique ; ou le &#8220;Sweet Night and the Magician Larry&#8217;s Show&#8221; du jeudi, avec un buffet de snacks sucr\u00e9s au bord de la <\/p>\n\n\n\n<p>Vous trouverez des&nbsp;<b>services enfants aussi bien dans la salle \u00e0 manger que dans la chambre<\/b>,&nbsp;tels que des lits b\u00e9b\u00e9, des berceaux \u00e0 barri\u00e8res, des cache-prises, une baignoire, une veilleuse, une table \u00e0 langer, un chauffe-biberon, pour vous permettre de voyager l\u00e9ger m\u00eame avec des enfants.<\/p>\n","protected":false},"excerpt":{"rendered":"<p>Nous nous trouvons sur le&nbsp;Front de mer de Riccione, pr\u00e9cis\u00e9ment devant la plage \u00e9quip\u00e9e, id\u00e9ale pour les familles et les enfants. Pour les petits invit\u00e9s d&#8217;honneur, notre&nbsp;personnel d&#8217;animation qualifi\u00e9&nbsp;organise de nombreux jeux, ateliers&nbsp;7 jours sur 7 au Cora e Lallo Smile Club, \u00e9galement avec spectacles en soir\u00e9e. L&#8217;h\u00f4tel dispose de 3 piscines : &#8211; La&nbsp;grande &hellip;<\/p>\n","protected":false},"author":51,"featured_media":0,"parent":29729,"menu_order":0,"comment_status":"closed","ping_status":"closed","template":"page-templates\/scheda_hotel.php","meta":{"_acf_changed":false,"inline_featured_image":false,"footnotes":""},"class_list":["post-43868","page","type-page","status-publish","hentry"],"acf":[],"yoast_head":"<!-- This site is optimized with the Yoast SEO plugin v27.1 - https:\/\/yoast.com\/product\/yoast-seo-wordpress\/ -->\n<title>H\u00f4tel Corallo 4 \u00e9toiles, Riccione<\/title>\n<meta name=\"description\" content=\"Envie de vacances en famille ? D\u00e9couvrez les offres pour familles de l&#039;H\u00f4tel Corallo \u00e0 Riccione\" \/>\n<meta name=\"robots\" content=\"index, follow, max-snippet:-1, max-image-preview:large, max-video-preview:-1\" \/>\n<link rel=\"canonical\" href=\"https:\/\/www.italyfamilyhotels.it\/fr\/hotels\/hotel-corallo\" \/>\n<meta property=\"og:locale\" content=\"fr_FR\" \/>\n<meta property=\"og:type\" content=\"article\" \/>\n<meta property=\"og:title\" content=\"H\u00f4tel Corallo 4 \u00e9toiles, Riccione\" \/>\n<meta property=\"og:description\" content=\"Envie de vacances en famille ? D\u00e9couvrez les offres pour familles de l&#039;H\u00f4tel Corallo \u00e0 Riccione\" \/>\n<meta property=\"og:url\" content=\"https:\/\/www.italyfamilyhotels.it\/fr\/hotels\/hotel-corallo\" \/>\n<meta property=\"og:site_name\" content=\"Italy Family Hotels\" \/>\n<meta property=\"article:publisher\" content=\"https:\/\/www.facebook.com\/ItalyFamilyHotels\/\" \/>\n<meta property=\"article:modified_time\" content=\"2026-04-01T14:52:00+00:00\" \/>\n<meta name=\"twitter:card\" content=\"summary_large_image\" \/>\n<meta name=\"twitter:label1\" content=\"Dur\u00e9e de lecture estim\u00e9e\" \/>\n\t<meta name=\"twitter:data1\" content=\"2 minutes\" \/>\n<script type=\"application\/ld+json\" class=\"yoast-schema-graph\">{\"@context\":\"https:\/\/schema.org\",\"@graph\":[{\"@type\":\"WebPage\",\"@id\":\"https:\/\/www.italyfamilyhotels.it\/fr\/hotels\/hotel-corallo\",\"url\":\"https:\/\/www.italyfamilyhotels.it\/fr\/hotels\/hotel-corallo\",\"name\":\"H\u00f4tel Corallo 4 \u00e9toiles, Riccione\",\"isPartOf\":{\"@id\":\"https:\/\/www.italyfamilyhotels.it\/#website\"},\"datePublished\":\"2023-01-23T13:34:09+00:00\",\"dateModified\":\"2026-04-01T14:52:00+00:00\",\"description\":\"Envie de vacances en famille ? D\u00e9couvrez les offres pour familles de l'H\u00f4tel Corallo \u00e0 Riccione\",\"breadcrumb\":{\"@id\":\"https:\/\/www.italyfamilyhotels.it\/fr\/hotels\/hotel-corallo#breadcrumb\"},\"inLanguage\":\"fr-FR\",\"potentialAction\":[{\"@type\":\"ReadAction\",\"target\":[\"https:\/\/www.italyfamilyhotels.it\/fr\/hotels\/hotel-corallo\"]}]},{\"@type\":\"BreadcrumbList\",\"@id\":\"https:\/\/www.italyfamilyhotels.it\/fr\/hotels\/hotel-corallo#breadcrumb\",\"itemListElement\":[{\"@type\":\"ListItem\",\"position\":1,\"name\":\"Home\",\"item\":\"https:\/\/www.italyfamilyhotels.it\/fr\"},{\"@type\":\"ListItem\",\"position\":2,\"name\":\"Family Hotels\",\"item\":\"https:\/\/www.italyfamilyhotels.it\/fr\/hotels\"},{\"@type\":\"ListItem\",\"position\":3,\"name\":\"H\u00f4tel Corallo\"}]},{\"@type\":\"WebSite\",\"@id\":\"https:\/\/www.italyfamilyhotels.it\/#website\",\"url\":\"https:\/\/www.italyfamilyhotels.it\/\",\"name\":\"Italy Family Hotels\",\"description\":\"\",\"potentialAction\":[{\"@type\":\"SearchAction\",\"target\":{\"@type\":\"EntryPoint\",\"urlTemplate\":\"https:\/\/www.italyfamilyhotels.it\/?s={search_term_string}\"},\"query-input\":{\"@type\":\"PropertyValueSpecification\",\"valueRequired\":true,\"valueName\":\"search_term_string\"}}],\"inLanguage\":\"fr-FR\"}]}<\/script>\n<!-- \/ Yoast SEO plugin. -->","yoast_head_json":{"title":"H\u00f4tel Corallo 4 \u00e9toiles, Riccione","description":"Envie de vacances en famille ? D\u00e9couvrez les offres pour familles de l'H\u00f4tel Corallo \u00e0 Riccione","robots":{"index":"index","follow":"follow","max-snippet":"max-snippet:-1","max-image-preview":"max-image-preview:large","max-video-preview":"max-video-preview:-1"},"canonical":"https:\/\/www.italyfamilyhotels.it\/fr\/hotels\/hotel-corallo","og_locale":"fr_FR","og_type":"article","og_title":"H\u00f4tel Corallo 4 \u00e9toiles, Riccione","og_description":"Envie de vacances en famille ? D\u00e9couvrez les offres pour familles de l'H\u00f4tel Corallo \u00e0 Riccione","og_url":"https:\/\/www.italyfamilyhotels.it\/fr\/hotels\/hotel-corallo","og_site_name":"Italy Family Hotels","article_publisher":"https:\/\/www.facebook.com\/ItalyFamilyHotels\/","article_modified_time":"2026-04-01T14:52:00+00:00","twitter_card":"summary_large_image","twitter_misc":{"Dur\u00e9e de lecture estim\u00e9e":"2 minutes"},"schema":{"@context":"https:\/\/schema.org","@graph":[{"@type":"WebPage","@id":"https:\/\/www.italyfamilyhotels.it\/fr\/hotels\/hotel-corallo","url":"https:\/\/www.italyfamilyhotels.it\/fr\/hotels\/hotel-corallo","name":"H\u00f4tel Corallo 4 \u00e9toiles, Riccione","isPartOf":{"@id":"https:\/\/www.italyfamilyhotels.it\/#website"},"datePublished":"2023-01-23T13:34:09+00:00","dateModified":"2026-04-01T14:52:00+00:00","description":"Envie de vacances en famille ? D\u00e9couvrez les offres pour familles de l'H\u00f4tel Corallo \u00e0 Riccione","breadcrumb":{"@id":"https:\/\/www.italyfamilyhotels.it\/fr\/hotels\/hotel-corallo#breadcrumb"},"inLanguage":"fr-FR","potentialAction":[{"@type":"ReadAction","target":["https:\/\/www.italyfamilyhotels.it\/fr\/hotels\/hotel-corallo"]}]},{"@type":"BreadcrumbList","@id":"https:\/\/www.italyfamilyhotels.it\/fr\/hotels\/hotel-corallo#breadcrumb","itemListElement":[{"@type":"ListItem","position":1,"name":"Home","item":"https:\/\/www.italyfamilyhotels.it\/fr"},{"@type":"ListItem","position":2,"name":"Family Hotels","item":"https:\/\/www.italyfamilyhotels.it\/fr\/hotels"},{"@type":"ListItem","position":3,"name":"H\u00f4tel Corallo"}]},{"@type":"WebSite","@id":"https:\/\/www.italyfamilyhotels.it\/#website","url":"https:\/\/www.italyfamilyhotels.it\/","name":"Italy Family Hotels","description":"","potentialAction":[{"@type":"SearchAction","target":{"@type":"EntryPoint","urlTemplate":"https:\/\/www.italyfamilyhotels.it\/?s={search_term_string}"},"query-input":{"@type":"PropertyValueSpecification","valueRequired":true,"valueName":"search_term_string"}}],"inLanguage":"fr-FR"}]}},"_links":{"self":[{"href":"https:\/\/www.italyfamilyhotels.it\/fr\/wp-json\/wp\/v2\/pages\/43868","targetHints":{"allow":["GET"]}}],"collection":[{"href":"https:\/\/www.italyfamilyhotels.it\/fr\/wp-json\/wp\/v2\/pages"}],"about":[{"href":"https:\/\/www.italyfamilyhotels.it\/fr\/wp-json\/wp\/v2\/types\/page"}],"author":[{"embeddable":true,"href":"https:\/\/www.italyfamilyhotels.it\/fr\/wp-json\/wp\/v2\/users\/51"}],"replies":[{"embeddable":true,"href":"https:\/\/www.italyfamilyhotels.it\/fr\/wp-json\/wp\/v2\/comments?post=43868"}],"version-history":[{"count":24,"href":"https:\/\/www.italyfamilyhotels.it\/fr\/wp-json\/wp\/v2\/pages\/43868\/revisions"}],"predecessor-version":[{"id":76723,"href":"https:\/\/www.italyfamilyhotels.it\/fr\/wp-json\/wp\/v2\/pages\/43868\/revisions\/76723"}],"up":[{"embeddable":true,"href":"https:\/\/www.italyfamilyhotels.it\/fr\/wp-json\/wp\/v2\/pages\/29729"}],"wp:attachment":[{"href":"https:\/\/www.italyfamilyhotels.it\/fr\/wp-json\/wp\/v2\/media?parent=43868"}],"curies":[{"name":"wp","href":"https:\/\/api.w.org\/{rel}","templated":true}]}}