{"id":43866,"date":"2023-01-23T14:33:57","date_gmt":"2023-01-23T13:33:57","guid":{"rendered":"https:\/\/www.italyfamilyhotels.it\/hotels\/hotel-new-castle"},"modified":"2023-02-01T15:46:17","modified_gmt":"2023-02-01T14:46:17","slug":"hotel-new-castle","status":"publish","type":"page","link":"https:\/\/www.italyfamilyhotels.it\/fr\/hotels\/hotel-new-castle","title":{"rendered":"H\u00f4tel New Castle"},"content":{"rendered":"\n<p>Nous vous souhaitons la bienvenue au&nbsp;<b>c\u0153ur de Cesenatico<\/b>&nbsp;pour des&nbsp;<b>vacances en famille<\/b>&nbsp;au nom de l&#8217;insouciance et du plaisir, notamment gr\u00e2ce \u00e0 notre offre sp\u00e9ciale&nbsp;<b>Formule Tout compris<\/b>&nbsp;avec tous les services inclus&nbsp;!<\/p>\n\n\n\n<p>Nous dorlotons votre palais lors du&nbsp;<b>petit-d\u00e9jeuner avec des produits frais locaux<\/b>,&nbsp;et nous vous r\u00e9servons un&nbsp;<b>endroit exclusif sur les plages voisines<\/b>&nbsp;affili\u00e9es, o\u00f9 les enfants&nbsp;<b>de 3 \u00e0 10 ans<\/b>&nbsp;appr\u00e9cieront les activit\u00e9s du&nbsp;<b>Mini-club<\/b>&nbsp;aussi bien le matin que l&#8217;apr\u00e8s-midi, tandis que vous pourrez vous d\u00e9tendre entre bains de soleil et activit\u00e9s sportives. Le sable doux qui descend doucement dans la mer est parfait pour les plus petits. Et si vous souhaitez rester sur la plage pour le d\u00e9jeuner, choisissez parmi&nbsp;<b>plus de 20 propositions \u00e0 emporter<\/b>&nbsp;pr\u00e9par\u00e9es par nos soins et que nous vous livrons dans un sac isotherme pour garantir la fra\u00eecheur.<\/p>\n\n\n\n<p>L&#8217;apr\u00e8s-midi, \u00e0 l&#8217;h\u00f4tel, vous trouverez le <b>go\u00fbter des enfants<\/b>, une douce parenth\u00e8se avant de continuer \u00e0 jouer sur la plage avec l&#8217;\u00e9quipe du Mini Club, plonger dans la&nbsp;<b>piscine affili\u00e9e<\/b>&nbsp;o\u00f9 vous pouvez acc\u00e8s tous les jours ou profitez de la sortie quotidienne en&nbsp;<b>v\u00e9lo avec si\u00e8ge enfant et casque<\/b>&nbsp;que nous mettons \u00e0 la disposition de votre famille.<\/p>\n\n\n\n<p>Le moment des<b>&nbsp;repas est lui aussi un moment de f\u00eate sous l\u2019enseigne du go\u00fbt et de la d\u00e9tente<\/b>. D\u00e9gustez tranquillement notre cuisine pendant que nos&nbsp;<b>douces nounous<\/b>&nbsp;s\u2019occupent de vos&nbsp;<b>enfants<\/b>&nbsp;avant la&nbsp;<b>baby-dance<\/b>, pour danser sous les \u00e9toiles de Cesenatico !<\/p>\n\n\n\n<p>\u00c0 l&#8217;heure du coucher, vous pouvez \u00eatre s\u00fbr(e) de vous accorder un tendre moment de cocooning et de repos. Dans la&nbsp;<b>chambre<\/b>, nous avons pr\u00e9vu tout le&nbsp;<b>n\u00e9cessaire pour vos enfants<\/b>, avec \u00e9galement le&nbsp;<b>mini-bar<\/b>&nbsp;rempli de&nbsp;<b>lait et de boissons<\/b>&nbsp;!<\/p>\n","protected":false},"excerpt":{"rendered":"<p>Nous vous souhaitons la bienvenue au&nbsp;c\u0153ur de Cesenatico&nbsp;pour des&nbsp;vacances en famille&nbsp;au nom de l&#8217;insouciance et du plaisir, notamment gr\u00e2ce \u00e0 notre offre sp\u00e9ciale&nbsp;Formule Tout compris&nbsp;avec tous les services inclus&nbsp;! Nous dorlotons votre palais lors du&nbsp;petit-d\u00e9jeuner avec des produits frais locaux,&nbsp;et nous vous r\u00e9servons un&nbsp;endroit exclusif sur les plages voisines&nbsp;affili\u00e9es, o\u00f9 les enfants&nbsp;de 3 \u00e0 10 &hellip;<\/p>\n","protected":false},"author":86,"featured_media":0,"parent":29729,"menu_order":0,"comment_status":"closed","ping_status":"closed","template":"page-templates\/scheda_hotel.php","meta":{"_acf_changed":false,"inline_featured_image":false,"footnotes":""},"class_list":["post-43866","page","type-page","status-publish","hentry"],"acf":[],"yoast_head":"<!-- This site is optimized with the Yoast SEO plugin v27.1 - https:\/\/yoast.com\/product\/yoast-seo-wordpress\/ -->\n<title>H\u00f4tel New Castle 3 \u00e9toiles, Cesenatico<\/title>\n<meta name=\"description\" content=\"Envie de vacances en famille ? D\u00e9couvrez les offres pour familles de l\u2019H\u00f4tel New Castle \u00e0 Cesenatico\" \/>\n<meta name=\"robots\" content=\"index, follow, max-snippet:-1, max-image-preview:large, max-video-preview:-1\" \/>\n<link rel=\"canonical\" href=\"https:\/\/www.italyfamilyhotels.it\/fr\/hotels\/hotel-new-castle\" \/>\n<meta property=\"og:locale\" content=\"fr_FR\" \/>\n<meta property=\"og:type\" content=\"article\" \/>\n<meta property=\"og:title\" content=\"H\u00f4tel New Castle 3 \u00e9toiles, Cesenatico\" \/>\n<meta property=\"og:description\" content=\"Envie de vacances en famille ? D\u00e9couvrez les offres pour familles de l\u2019H\u00f4tel New Castle \u00e0 Cesenatico\" \/>\n<meta property=\"og:url\" content=\"https:\/\/www.italyfamilyhotels.it\/fr\/hotels\/hotel-new-castle\" \/>\n<meta property=\"og:site_name\" content=\"Italy Family Hotels\" \/>\n<meta property=\"article:publisher\" content=\"https:\/\/www.facebook.com\/ItalyFamilyHotels\/\" \/>\n<meta property=\"article:modified_time\" content=\"2023-02-01T14:46:17+00:00\" \/>\n<meta name=\"twitter:card\" content=\"summary_large_image\" \/>\n<meta name=\"twitter:label1\" content=\"Dur\u00e9e de lecture estim\u00e9e\" \/>\n\t<meta name=\"twitter:data1\" content=\"2 minutes\" \/>\n<script type=\"application\/ld+json\" class=\"yoast-schema-graph\">{\"@context\":\"https:\/\/schema.org\",\"@graph\":[{\"@type\":\"WebPage\",\"@id\":\"https:\/\/www.italyfamilyhotels.it\/fr\/hotels\/hotel-new-castle\",\"url\":\"https:\/\/www.italyfamilyhotels.it\/fr\/hotels\/hotel-new-castle\",\"name\":\"H\u00f4tel New Castle 3 \u00e9toiles, Cesenatico\",\"isPartOf\":{\"@id\":\"https:\/\/www.italyfamilyhotels.it\/#website\"},\"datePublished\":\"2023-01-23T13:33:57+00:00\",\"dateModified\":\"2023-02-01T14:46:17+00:00\",\"description\":\"Envie de vacances en famille ? D\u00e9couvrez les offres pour familles de l\u2019H\u00f4tel New Castle \u00e0 Cesenatico\",\"breadcrumb\":{\"@id\":\"https:\/\/www.italyfamilyhotels.it\/fr\/hotels\/hotel-new-castle#breadcrumb\"},\"inLanguage\":\"fr-FR\",\"potentialAction\":[{\"@type\":\"ReadAction\",\"target\":[\"https:\/\/www.italyfamilyhotels.it\/fr\/hotels\/hotel-new-castle\"]}]},{\"@type\":\"BreadcrumbList\",\"@id\":\"https:\/\/www.italyfamilyhotels.it\/fr\/hotels\/hotel-new-castle#breadcrumb\",\"itemListElement\":[{\"@type\":\"ListItem\",\"position\":1,\"name\":\"Home\",\"item\":\"https:\/\/www.italyfamilyhotels.it\/fr\"},{\"@type\":\"ListItem\",\"position\":2,\"name\":\"Family Hotels\",\"item\":\"https:\/\/www.italyfamilyhotels.it\/fr\/hotels\"},{\"@type\":\"ListItem\",\"position\":3,\"name\":\"H\u00f4tel New Castle\"}]},{\"@type\":\"WebSite\",\"@id\":\"https:\/\/www.italyfamilyhotels.it\/#website\",\"url\":\"https:\/\/www.italyfamilyhotels.it\/\",\"name\":\"Italy Family Hotels\",\"description\":\"\",\"potentialAction\":[{\"@type\":\"SearchAction\",\"target\":{\"@type\":\"EntryPoint\",\"urlTemplate\":\"https:\/\/www.italyfamilyhotels.it\/?s={search_term_string}\"},\"query-input\":{\"@type\":\"PropertyValueSpecification\",\"valueRequired\":true,\"valueName\":\"search_term_string\"}}],\"inLanguage\":\"fr-FR\"}]}<\/script>\n<!-- \/ Yoast SEO plugin. -->","yoast_head_json":{"title":"H\u00f4tel New Castle 3 \u00e9toiles, Cesenatico","description":"Envie de vacances en famille ? D\u00e9couvrez les offres pour familles de l\u2019H\u00f4tel New Castle \u00e0 Cesenatico","robots":{"index":"index","follow":"follow","max-snippet":"max-snippet:-1","max-image-preview":"max-image-preview:large","max-video-preview":"max-video-preview:-1"},"canonical":"https:\/\/www.italyfamilyhotels.it\/fr\/hotels\/hotel-new-castle","og_locale":"fr_FR","og_type":"article","og_title":"H\u00f4tel New Castle 3 \u00e9toiles, Cesenatico","og_description":"Envie de vacances en famille ? D\u00e9couvrez les offres pour familles de l\u2019H\u00f4tel New Castle \u00e0 Cesenatico","og_url":"https:\/\/www.italyfamilyhotels.it\/fr\/hotels\/hotel-new-castle","og_site_name":"Italy Family Hotels","article_publisher":"https:\/\/www.facebook.com\/ItalyFamilyHotels\/","article_modified_time":"2023-02-01T14:46:17+00:00","twitter_card":"summary_large_image","twitter_misc":{"Dur\u00e9e de lecture estim\u00e9e":"2 minutes"},"schema":{"@context":"https:\/\/schema.org","@graph":[{"@type":"WebPage","@id":"https:\/\/www.italyfamilyhotels.it\/fr\/hotels\/hotel-new-castle","url":"https:\/\/www.italyfamilyhotels.it\/fr\/hotels\/hotel-new-castle","name":"H\u00f4tel New Castle 3 \u00e9toiles, Cesenatico","isPartOf":{"@id":"https:\/\/www.italyfamilyhotels.it\/#website"},"datePublished":"2023-01-23T13:33:57+00:00","dateModified":"2023-02-01T14:46:17+00:00","description":"Envie de vacances en famille ? D\u00e9couvrez les offres pour familles de l\u2019H\u00f4tel New Castle \u00e0 Cesenatico","breadcrumb":{"@id":"https:\/\/www.italyfamilyhotels.it\/fr\/hotels\/hotel-new-castle#breadcrumb"},"inLanguage":"fr-FR","potentialAction":[{"@type":"ReadAction","target":["https:\/\/www.italyfamilyhotels.it\/fr\/hotels\/hotel-new-castle"]}]},{"@type":"BreadcrumbList","@id":"https:\/\/www.italyfamilyhotels.it\/fr\/hotels\/hotel-new-castle#breadcrumb","itemListElement":[{"@type":"ListItem","position":1,"name":"Home","item":"https:\/\/www.italyfamilyhotels.it\/fr"},{"@type":"ListItem","position":2,"name":"Family Hotels","item":"https:\/\/www.italyfamilyhotels.it\/fr\/hotels"},{"@type":"ListItem","position":3,"name":"H\u00f4tel New Castle"}]},{"@type":"WebSite","@id":"https:\/\/www.italyfamilyhotels.it\/#website","url":"https:\/\/www.italyfamilyhotels.it\/","name":"Italy Family Hotels","description":"","potentialAction":[{"@type":"SearchAction","target":{"@type":"EntryPoint","urlTemplate":"https:\/\/www.italyfamilyhotels.it\/?s={search_term_string}"},"query-input":{"@type":"PropertyValueSpecification","valueRequired":true,"valueName":"search_term_string"}}],"inLanguage":"fr-FR"}]}},"_links":{"self":[{"href":"https:\/\/www.italyfamilyhotels.it\/fr\/wp-json\/wp\/v2\/pages\/43866","targetHints":{"allow":["GET"]}}],"collection":[{"href":"https:\/\/www.italyfamilyhotels.it\/fr\/wp-json\/wp\/v2\/pages"}],"about":[{"href":"https:\/\/www.italyfamilyhotels.it\/fr\/wp-json\/wp\/v2\/types\/page"}],"author":[{"embeddable":true,"href":"https:\/\/www.italyfamilyhotels.it\/fr\/wp-json\/wp\/v2\/users\/86"}],"replies":[{"embeddable":true,"href":"https:\/\/www.italyfamilyhotels.it\/fr\/wp-json\/wp\/v2\/comments?post=43866"}],"version-history":[{"count":5,"href":"https:\/\/www.italyfamilyhotels.it\/fr\/wp-json\/wp\/v2\/pages\/43866\/revisions"}],"predecessor-version":[{"id":45139,"href":"https:\/\/www.italyfamilyhotels.it\/fr\/wp-json\/wp\/v2\/pages\/43866\/revisions\/45139"}],"up":[{"embeddable":true,"href":"https:\/\/www.italyfamilyhotels.it\/fr\/wp-json\/wp\/v2\/pages\/29729"}],"wp:attachment":[{"href":"https:\/\/www.italyfamilyhotels.it\/fr\/wp-json\/wp\/v2\/media?parent=43866"}],"curies":[{"name":"wp","href":"https:\/\/api.w.org\/{rel}","templated":true}]}}