{"id":43862,"date":"2023-01-23T14:33:21","date_gmt":"2023-01-23T13:33:21","guid":{"rendered":"https:\/\/www.italyfamilyhotels.it\/hotels\/miramonti-gourmet-spa"},"modified":"2023-02-16T16:42:24","modified_gmt":"2023-02-16T15:42:24","slug":"miramonti-gourmet-spa","status":"publish","type":"page","link":"https:\/\/www.italyfamilyhotels.it\/fr\/hotels\/miramonti-gourmet-spa","title":{"rendered":"MiraMonti Gourmet &#038; Spa"},"content":{"rendered":"\n<p>Nous accueillons votre famille \u00e0 l\u2019<b>H\u00f4tel Miramonti \u00e0 Frabosa Soprana<\/b>, o\u00f9 les collines et les hautes montagnes se rencontrent dans des paysages \u00e0 couper le souffle. Ici, tout est pens\u00e9 pour vous faire vivre des&nbsp;<b>vacances en famille compl\u00e8tes et relaxantes<\/b>, avec des activit\u00e9s et des services sp\u00e9ciaux con\u00e7us pour choyer les enfants, des h\u00f4tes auxquels nous tenons beaucoup, mais \u00e9galement les mamans et les papas.<\/p>\n\n\n\n<p><b>Tous les jours, de 9h30 \u00e0 22h00<\/b>,&nbsp;notre \u00e9quipe d&#8217;animation, men\u00e9e par la sympathique&nbsp;<b>mascotte Mimi<\/b>, entra\u00eene les enfants dans des activit\u00e9s ludiques, des ateliers, des spectacles et des go\u00fbters gourmands. Et cela ne s&#8217;arr\u00eate pas l\u00e0, car nous proposons \u00e9galement des&nbsp;<b>excursions guid\u00e9es<\/b> adapt\u00e9es \u00e0 toutes les petites jambes &#8211; et aux poussettes &#8211; pour apprendre aux plus petits les secrets et les curiosit\u00e9s de la montagne.<\/p>\n\n\n\n<p>Et que dire des espaces ? Ils sont si grands et si color\u00e9s qu&#8217;ils permettent aux enfants de vivre des aventures passionnantes !&nbsp;<b>2 salles de jeux int\u00e9rieures toujours ouvertes<\/b>,&nbsp;<b>2 aires de jeux ext\u00e9rieures<\/b>&nbsp;pour l&#8217;\u00e9t\u00e9, avec une <b>ferme p\u00e9dagogique<\/b> et un&nbsp;<b>\u00e9chiquier g\u00e9ant<\/b>&nbsp;dans le jardin. Oui, chez nous le&nbsp;<b>le parc est un immense espace vert clos<\/b>, dans lequel jouer en toute s\u00e9curit\u00e9.<\/p>\n\n\n\n<p>Pendant que nous nous occupons du divertissement des plus jeunes, vous pourrez vous d\u00e9tendre dans le&nbsp;<b>Mspa<\/b>,&nbsp;<b>avec des programmes de bien-\u00eatre con\u00e7us sp\u00e9cifiquement pour les m\u00e8res et les p\u00e8res&nbsp;<\/b>qui veulent s&#8217;offrir un moment exclusif : sauna forestier et finlandais, bain de vapeur, parcours Acqua Alpina, M-Lounge. \u00c0 l\u2019ext\u00e9rieur, vous trouvez une romantique&nbsp;<b>piscine d&#8217;eau chaude<\/b>, pour admirer la montagne dans la plus grande d\u00e9tente. Vous pouvez \u00e9galement vous arr\u00eater sur la&nbsp;<b>terrasse panoramique<\/b>&nbsp;pour un ap\u00e9ritif ou un vin chaud aromatique.<\/p>\n\n\n\n<p>Nous ne vous l&#8217;avons pas encore dit, mais chez nous, vous trouverez tout ce dont vous avez besoin pour&nbsp;<b>partir en vacances tranquilles avec vos enfants<\/b>&nbsp;:&nbsp;<b>kit b\u00e9b\u00e9 complet dans la salle et dans la chambre<\/b>, avec \u00e9galement des draps et des couvertures pour le lit de camping, des v\u00e9los avec si\u00e8ges enfants et casques, des poussettes et autres porte-b\u00e9b\u00e9s \u00e0 louer. Vous pouvez \u00e9galement communiquer les besoins alimentaires de vos enfants au personnel de cuisine&nbsp;afin de b\u00e9n\u00e9ficier de <b>nourriture pour b\u00e9b\u00e9 \u00e0 horaires flexibles<\/b>.<\/p>\n\n\n\n<p>Que seraient des vacances sans une exp\u00e9rience gastronomique de qualit\u00e9 ? C&#8217;est la raison pour laquelle nous aimons vous servir&nbsp;des <b>plats typiques de la tradition pi\u00e9montaise<\/b>&nbsp;et faire plaisir aux enfants avec&nbsp;des <b>menus b\u00e9b\u00e9 sains et savoureux<\/b>.<\/p>\n","protected":false},"excerpt":{"rendered":"<p>Nous accueillons votre famille \u00e0 l\u2019H\u00f4tel Miramonti \u00e0 Frabosa Soprana, o\u00f9 les collines et les hautes montagnes se rencontrent dans des paysages \u00e0 couper le souffle. Ici, tout est pens\u00e9 pour vous faire vivre des&nbsp;vacances en famille compl\u00e8tes et relaxantes, avec des activit\u00e9s et des services sp\u00e9ciaux con\u00e7us pour choyer les enfants, des h\u00f4tes auxquels &hellip;<\/p>\n","protected":false},"author":82,"featured_media":0,"parent":29729,"menu_order":0,"comment_status":"closed","ping_status":"closed","template":"page-templates\/scheda_hotel.php","meta":{"_acf_changed":false,"inline_featured_image":false,"footnotes":""},"class_list":["post-43862","page","type-page","status-publish","hentry"],"acf":[],"yoast_head":"<!-- This site is optimized with the Yoast SEO plugin v27.1 - https:\/\/yoast.com\/product\/yoast-seo-wordpress\/ -->\n<title>MiraMonti Gourmet &amp; Spa 3 \u00e9toiles Frabosa Soprana<\/title>\n<meta name=\"description\" content=\"Envie de vacances en famille ? D\u00e9couvrez les offres pour familles du MiraMonti Gourmet &amp; Spa \u00e0 Frabosa Soprana\" \/>\n<meta name=\"robots\" content=\"index, follow, max-snippet:-1, max-image-preview:large, max-video-preview:-1\" \/>\n<link rel=\"canonical\" href=\"https:\/\/www.italyfamilyhotels.it\/fr\/hotels\/miramonti-gourmet-spa\" \/>\n<meta property=\"og:locale\" content=\"fr_FR\" \/>\n<meta property=\"og:type\" content=\"article\" \/>\n<meta property=\"og:title\" content=\"MiraMonti Gourmet &amp; Spa 3 \u00e9toiles Frabosa Soprana\" \/>\n<meta property=\"og:description\" content=\"Envie de vacances en famille ? D\u00e9couvrez les offres pour familles du MiraMonti Gourmet &amp; Spa \u00e0 Frabosa Soprana\" \/>\n<meta property=\"og:url\" content=\"https:\/\/www.italyfamilyhotels.it\/fr\/hotels\/miramonti-gourmet-spa\" \/>\n<meta property=\"og:site_name\" content=\"Italy Family Hotels\" \/>\n<meta property=\"article:publisher\" content=\"https:\/\/www.facebook.com\/ItalyFamilyHotels\/\" \/>\n<meta property=\"article:modified_time\" content=\"2023-02-16T15:42:24+00:00\" \/>\n<meta name=\"twitter:card\" content=\"summary_large_image\" \/>\n<meta name=\"twitter:label1\" content=\"Dur\u00e9e de lecture estim\u00e9e\" \/>\n\t<meta name=\"twitter:data1\" content=\"2 minutes\" \/>\n<script type=\"application\/ld+json\" class=\"yoast-schema-graph\">{\"@context\":\"https:\/\/schema.org\",\"@graph\":[{\"@type\":\"WebPage\",\"@id\":\"https:\/\/www.italyfamilyhotels.it\/fr\/hotels\/miramonti-gourmet-spa\",\"url\":\"https:\/\/www.italyfamilyhotels.it\/fr\/hotels\/miramonti-gourmet-spa\",\"name\":\"MiraMonti Gourmet & Spa 3 \u00e9toiles Frabosa Soprana\",\"isPartOf\":{\"@id\":\"https:\/\/www.italyfamilyhotels.it\/#website\"},\"datePublished\":\"2023-01-23T13:33:21+00:00\",\"dateModified\":\"2023-02-16T15:42:24+00:00\",\"description\":\"Envie de vacances en famille ? D\u00e9couvrez les offres pour familles du MiraMonti Gourmet & Spa \u00e0 Frabosa Soprana\",\"breadcrumb\":{\"@id\":\"https:\/\/www.italyfamilyhotels.it\/fr\/hotels\/miramonti-gourmet-spa#breadcrumb\"},\"inLanguage\":\"fr-FR\",\"potentialAction\":[{\"@type\":\"ReadAction\",\"target\":[\"https:\/\/www.italyfamilyhotels.it\/fr\/hotels\/miramonti-gourmet-spa\"]}]},{\"@type\":\"BreadcrumbList\",\"@id\":\"https:\/\/www.italyfamilyhotels.it\/fr\/hotels\/miramonti-gourmet-spa#breadcrumb\",\"itemListElement\":[{\"@type\":\"ListItem\",\"position\":1,\"name\":\"Home\",\"item\":\"https:\/\/www.italyfamilyhotels.it\/fr\"},{\"@type\":\"ListItem\",\"position\":2,\"name\":\"Family Hotels\",\"item\":\"https:\/\/www.italyfamilyhotels.it\/fr\/hotels\"},{\"@type\":\"ListItem\",\"position\":3,\"name\":\"MiraMonti Gourmet &#038; Spa\"}]},{\"@type\":\"WebSite\",\"@id\":\"https:\/\/www.italyfamilyhotels.it\/#website\",\"url\":\"https:\/\/www.italyfamilyhotels.it\/\",\"name\":\"Italy Family Hotels\",\"description\":\"\",\"potentialAction\":[{\"@type\":\"SearchAction\",\"target\":{\"@type\":\"EntryPoint\",\"urlTemplate\":\"https:\/\/www.italyfamilyhotels.it\/?s={search_term_string}\"},\"query-input\":{\"@type\":\"PropertyValueSpecification\",\"valueRequired\":true,\"valueName\":\"search_term_string\"}}],\"inLanguage\":\"fr-FR\"}]}<\/script>\n<!-- \/ Yoast SEO plugin. -->","yoast_head_json":{"title":"MiraMonti Gourmet & Spa 3 \u00e9toiles Frabosa Soprana","description":"Envie de vacances en famille ? D\u00e9couvrez les offres pour familles du MiraMonti Gourmet & Spa \u00e0 Frabosa Soprana","robots":{"index":"index","follow":"follow","max-snippet":"max-snippet:-1","max-image-preview":"max-image-preview:large","max-video-preview":"max-video-preview:-1"},"canonical":"https:\/\/www.italyfamilyhotels.it\/fr\/hotels\/miramonti-gourmet-spa","og_locale":"fr_FR","og_type":"article","og_title":"MiraMonti Gourmet & Spa 3 \u00e9toiles Frabosa Soprana","og_description":"Envie de vacances en famille ? D\u00e9couvrez les offres pour familles du MiraMonti Gourmet & Spa \u00e0 Frabosa Soprana","og_url":"https:\/\/www.italyfamilyhotels.it\/fr\/hotels\/miramonti-gourmet-spa","og_site_name":"Italy Family Hotels","article_publisher":"https:\/\/www.facebook.com\/ItalyFamilyHotels\/","article_modified_time":"2023-02-16T15:42:24+00:00","twitter_card":"summary_large_image","twitter_misc":{"Dur\u00e9e de lecture estim\u00e9e":"2 minutes"},"schema":{"@context":"https:\/\/schema.org","@graph":[{"@type":"WebPage","@id":"https:\/\/www.italyfamilyhotels.it\/fr\/hotels\/miramonti-gourmet-spa","url":"https:\/\/www.italyfamilyhotels.it\/fr\/hotels\/miramonti-gourmet-spa","name":"MiraMonti Gourmet & Spa 3 \u00e9toiles Frabosa Soprana","isPartOf":{"@id":"https:\/\/www.italyfamilyhotels.it\/#website"},"datePublished":"2023-01-23T13:33:21+00:00","dateModified":"2023-02-16T15:42:24+00:00","description":"Envie de vacances en famille ? D\u00e9couvrez les offres pour familles du MiraMonti Gourmet & Spa \u00e0 Frabosa Soprana","breadcrumb":{"@id":"https:\/\/www.italyfamilyhotels.it\/fr\/hotels\/miramonti-gourmet-spa#breadcrumb"},"inLanguage":"fr-FR","potentialAction":[{"@type":"ReadAction","target":["https:\/\/www.italyfamilyhotels.it\/fr\/hotels\/miramonti-gourmet-spa"]}]},{"@type":"BreadcrumbList","@id":"https:\/\/www.italyfamilyhotels.it\/fr\/hotels\/miramonti-gourmet-spa#breadcrumb","itemListElement":[{"@type":"ListItem","position":1,"name":"Home","item":"https:\/\/www.italyfamilyhotels.it\/fr"},{"@type":"ListItem","position":2,"name":"Family Hotels","item":"https:\/\/www.italyfamilyhotels.it\/fr\/hotels"},{"@type":"ListItem","position":3,"name":"MiraMonti Gourmet &#038; Spa"}]},{"@type":"WebSite","@id":"https:\/\/www.italyfamilyhotels.it\/#website","url":"https:\/\/www.italyfamilyhotels.it\/","name":"Italy Family Hotels","description":"","potentialAction":[{"@type":"SearchAction","target":{"@type":"EntryPoint","urlTemplate":"https:\/\/www.italyfamilyhotels.it\/?s={search_term_string}"},"query-input":{"@type":"PropertyValueSpecification","valueRequired":true,"valueName":"search_term_string"}}],"inLanguage":"fr-FR"}]}},"_links":{"self":[{"href":"https:\/\/www.italyfamilyhotels.it\/fr\/wp-json\/wp\/v2\/pages\/43862","targetHints":{"allow":["GET"]}}],"collection":[{"href":"https:\/\/www.italyfamilyhotels.it\/fr\/wp-json\/wp\/v2\/pages"}],"about":[{"href":"https:\/\/www.italyfamilyhotels.it\/fr\/wp-json\/wp\/v2\/types\/page"}],"author":[{"embeddable":true,"href":"https:\/\/www.italyfamilyhotels.it\/fr\/wp-json\/wp\/v2\/users\/82"}],"replies":[{"embeddable":true,"href":"https:\/\/www.italyfamilyhotels.it\/fr\/wp-json\/wp\/v2\/comments?post=43862"}],"version-history":[{"count":4,"href":"https:\/\/www.italyfamilyhotels.it\/fr\/wp-json\/wp\/v2\/pages\/43862\/revisions"}],"predecessor-version":[{"id":46388,"href":"https:\/\/www.italyfamilyhotels.it\/fr\/wp-json\/wp\/v2\/pages\/43862\/revisions\/46388"}],"up":[{"embeddable":true,"href":"https:\/\/www.italyfamilyhotels.it\/fr\/wp-json\/wp\/v2\/pages\/29729"}],"wp:attachment":[{"href":"https:\/\/www.italyfamilyhotels.it\/fr\/wp-json\/wp\/v2\/media?parent=43862"}],"curies":[{"name":"wp","href":"https:\/\/api.w.org\/{rel}","templated":true}]}}