{"id":43855,"date":"2023-01-23T14:32:14","date_gmt":"2023-01-23T13:32:14","guid":{"rendered":"https:\/\/www.italyfamilyhotels.it\/hotels\/hotel-dory-suite"},"modified":"2023-01-23T15:52:30","modified_gmt":"2023-01-23T14:52:30","slug":"hotel-dory-suite","status":"publish","type":"page","link":"https:\/\/www.italyfamilyhotels.it\/fr\/hotels\/hotel-dory-suite","title":{"rendered":"H\u00f4tel Dory &#038; Suite"},"content":{"rendered":"\n<p>L\u2019<b>H\u00f4tel Dory<\/b> <b>de Riccione<\/b> accueille votre famille depuis plus de 60 ans dans un <b>style incomparable<\/b> avec la possibilit\u00e9 de profiter d&#8217;un <b>tourisme lent<\/b>, caract\u00e9ris\u00e9 par des <b>exp\u00e9riences familiales authentiques <\/b>\u00e0 vivre avec vos enfants, la d\u00e9couverte des v\u00e9ritables saveurs des <b>produits locaux<\/b>, des moments de <b>d\u00e9tente sur la plage situ\u00e9e \u00e0 80 m\u00e8tres d&#8217;ici<\/b>, ou encore <b>au bord de la piscine<\/b>. Un <b>bassin de 110 cm de profondeur<\/b>, id\u00e9al notamment pour les plus petits, qui peuvent nager comme de petits poissons, et s&#8217;amuser entre cascades, geysers et fontaines !<\/p>\n\n\n\n<p>Ici, la recette des vacances a des ingr\u00e9dients particuliers : un <b>centre Spa familial<\/b> o\u00f9 partager soins et d\u00e9tente avec vos enfants dans les <b>grands jacuzzis<\/b>, un <b>personnel d&#8217;animation sp\u00e9cialis\u00e9<\/b> qui organise des activit\u00e9s spatiales telles que des batailles d&#8217;eau dans la mer, des aventures dans le Sky Park, ou encore des concours de patinage et des courses de Go-Kart. Les <b>chambres r\u00e9nov\u00e9es, grandes<\/b> et tr\u00e8s soign\u00e9es proposent de nombreux services d\u00e9di\u00e9s \u00e0 la famille, exactement comme \u00e0 la maison. Vous aurez \u00e9galement l\u2019occasion de d\u00e9guster des <b>mets et vins de qualit\u00e9<\/b>, caract\u00e9ris\u00e9s par les saveurs incomparables du territoire, et cuisin\u00e9s avec raffinement et amour par le Chef Solideo. Et vous pourrez d\u00e9guster nos plats en toute tranquillit\u00e9 pendant que vos <b>enfants mangent avec les animatrices<\/b> dans le jardin de la D-Place adjacente, <b>\u00e0 partir du mois de juillet<\/b>.<\/p>\n\n\n\n<p>Mais les surprises ne finissent pas l\u00e0, car si vous r\u00e9servez notre <b>Formula Style<\/b>, le service de plage, le parking et des<b> cadeaux sp\u00e9ciaux<\/b> sont inclus, \u00e0 savoir deux <b>gourdes <\/b>et un <b>conte pour les enfants<\/b> \u00e9crit exclusivement pour notre h\u00f4tel, dont l\u2019argent r\u00e9colt\u00e9 est utilis\u00e9 pour soutenir le nettoyage de la mer Adriatique. Ainsi, <b>en prenant des vacances, vous prendrez \u00e9galement soin de l&#8217;environnement<\/b>\u00a0!<\/p>\n\n\n\n<p>Gr\u00e2ce au pratique <b>service d&#8217;enregistrement en ligne<\/b>, vous <b>sauterez la queue \u00e0 la r\u00e9ception<\/b> et commencerez imm\u00e9diatement \u00e0 vivre une exp\u00e9rience familiale chaque jour plus \u00e9tonnante !<\/p>\n","protected":false},"excerpt":{"rendered":"<p>L\u2019H\u00f4tel Dory de Riccione accueille votre famille depuis plus de 60 ans dans un style incomparable avec la possibilit\u00e9 de profiter d&#8217;un tourisme lent, caract\u00e9ris\u00e9 par des exp\u00e9riences familiales authentiques \u00e0 vivre avec vos enfants, la d\u00e9couverte des v\u00e9ritables saveurs des produits locaux, des moments de d\u00e9tente sur la plage situ\u00e9e \u00e0 80 m\u00e8tres d&#8217;ici, &hellip;<\/p>\n","protected":false},"author":56,"featured_media":0,"parent":29729,"menu_order":0,"comment_status":"closed","ping_status":"closed","template":"page-templates\/scheda_hotel.php","meta":{"_acf_changed":false,"inline_featured_image":false,"footnotes":""},"class_list":["post-43855","page","type-page","status-publish","hentry"],"acf":[],"yoast_head":"<!-- This site is optimized with the Yoast SEO plugin v27.1 - https:\/\/yoast.com\/product\/yoast-seo-wordpress\/ -->\n<title>H\u00f4tel Dory &amp; Suite 4 \u00e9toiles, Riccione<\/title>\n<meta name=\"description\" content=\"Envie de vacances en famille ? D\u00e9couvrez les offres pour familles de l&#039;H\u00f4tel Dory &amp; Suite \u00e0 Riccione\" \/>\n<meta name=\"robots\" content=\"index, follow, max-snippet:-1, max-image-preview:large, max-video-preview:-1\" \/>\n<link rel=\"canonical\" href=\"https:\/\/www.italyfamilyhotels.it\/fr\/hotels\/hotel-dory-suite\" \/>\n<meta property=\"og:locale\" content=\"fr_FR\" \/>\n<meta property=\"og:type\" content=\"article\" \/>\n<meta property=\"og:title\" content=\"H\u00f4tel Dory &amp; Suite 4 \u00e9toiles, Riccione\" \/>\n<meta property=\"og:description\" content=\"Envie de vacances en famille ? D\u00e9couvrez les offres pour familles de l&#039;H\u00f4tel Dory &amp; Suite \u00e0 Riccione\" \/>\n<meta property=\"og:url\" content=\"https:\/\/www.italyfamilyhotels.it\/fr\/hotels\/hotel-dory-suite\" \/>\n<meta property=\"og:site_name\" content=\"Italy Family Hotels\" \/>\n<meta property=\"article:publisher\" content=\"https:\/\/www.facebook.com\/ItalyFamilyHotels\/\" \/>\n<meta property=\"article:modified_time\" content=\"2023-01-23T14:52:30+00:00\" \/>\n<meta name=\"twitter:card\" content=\"summary_large_image\" \/>\n<meta name=\"twitter:label1\" content=\"Dur\u00e9e de lecture estim\u00e9e\" \/>\n\t<meta name=\"twitter:data1\" content=\"2 minutes\" \/>\n<script type=\"application\/ld+json\" class=\"yoast-schema-graph\">{\"@context\":\"https:\/\/schema.org\",\"@graph\":[{\"@type\":\"WebPage\",\"@id\":\"https:\/\/www.italyfamilyhotels.it\/fr\/hotels\/hotel-dory-suite\",\"url\":\"https:\/\/www.italyfamilyhotels.it\/fr\/hotels\/hotel-dory-suite\",\"name\":\"H\u00f4tel Dory & Suite 4 \u00e9toiles, Riccione\",\"isPartOf\":{\"@id\":\"https:\/\/www.italyfamilyhotels.it\/#website\"},\"datePublished\":\"2023-01-23T13:32:14+00:00\",\"dateModified\":\"2023-01-23T14:52:30+00:00\",\"description\":\"Envie de vacances en famille ? D\u00e9couvrez les offres pour familles de l'H\u00f4tel Dory & Suite \u00e0 Riccione\",\"breadcrumb\":{\"@id\":\"https:\/\/www.italyfamilyhotels.it\/fr\/hotels\/hotel-dory-suite#breadcrumb\"},\"inLanguage\":\"fr-FR\",\"potentialAction\":[{\"@type\":\"ReadAction\",\"target\":[\"https:\/\/www.italyfamilyhotels.it\/fr\/hotels\/hotel-dory-suite\"]}]},{\"@type\":\"BreadcrumbList\",\"@id\":\"https:\/\/www.italyfamilyhotels.it\/fr\/hotels\/hotel-dory-suite#breadcrumb\",\"itemListElement\":[{\"@type\":\"ListItem\",\"position\":1,\"name\":\"Home\",\"item\":\"https:\/\/www.italyfamilyhotels.it\/fr\"},{\"@type\":\"ListItem\",\"position\":2,\"name\":\"Family Hotels\",\"item\":\"https:\/\/www.italyfamilyhotels.it\/fr\/hotels\"},{\"@type\":\"ListItem\",\"position\":3,\"name\":\"H\u00f4tel Dory &#038; Suite\"}]},{\"@type\":\"WebSite\",\"@id\":\"https:\/\/www.italyfamilyhotels.it\/#website\",\"url\":\"https:\/\/www.italyfamilyhotels.it\/\",\"name\":\"Italy Family Hotels\",\"description\":\"\",\"potentialAction\":[{\"@type\":\"SearchAction\",\"target\":{\"@type\":\"EntryPoint\",\"urlTemplate\":\"https:\/\/www.italyfamilyhotels.it\/?s={search_term_string}\"},\"query-input\":{\"@type\":\"PropertyValueSpecification\",\"valueRequired\":true,\"valueName\":\"search_term_string\"}}],\"inLanguage\":\"fr-FR\"}]}<\/script>\n<!-- \/ Yoast SEO plugin. -->","yoast_head_json":{"title":"H\u00f4tel Dory & Suite 4 \u00e9toiles, Riccione","description":"Envie de vacances en famille ? D\u00e9couvrez les offres pour familles de l'H\u00f4tel Dory & Suite \u00e0 Riccione","robots":{"index":"index","follow":"follow","max-snippet":"max-snippet:-1","max-image-preview":"max-image-preview:large","max-video-preview":"max-video-preview:-1"},"canonical":"https:\/\/www.italyfamilyhotels.it\/fr\/hotels\/hotel-dory-suite","og_locale":"fr_FR","og_type":"article","og_title":"H\u00f4tel Dory & Suite 4 \u00e9toiles, Riccione","og_description":"Envie de vacances en famille ? D\u00e9couvrez les offres pour familles de l'H\u00f4tel Dory & Suite \u00e0 Riccione","og_url":"https:\/\/www.italyfamilyhotels.it\/fr\/hotels\/hotel-dory-suite","og_site_name":"Italy Family Hotels","article_publisher":"https:\/\/www.facebook.com\/ItalyFamilyHotels\/","article_modified_time":"2023-01-23T14:52:30+00:00","twitter_card":"summary_large_image","twitter_misc":{"Dur\u00e9e de lecture estim\u00e9e":"2 minutes"},"schema":{"@context":"https:\/\/schema.org","@graph":[{"@type":"WebPage","@id":"https:\/\/www.italyfamilyhotels.it\/fr\/hotels\/hotel-dory-suite","url":"https:\/\/www.italyfamilyhotels.it\/fr\/hotels\/hotel-dory-suite","name":"H\u00f4tel Dory & Suite 4 \u00e9toiles, Riccione","isPartOf":{"@id":"https:\/\/www.italyfamilyhotels.it\/#website"},"datePublished":"2023-01-23T13:32:14+00:00","dateModified":"2023-01-23T14:52:30+00:00","description":"Envie de vacances en famille ? D\u00e9couvrez les offres pour familles de l'H\u00f4tel Dory & Suite \u00e0 Riccione","breadcrumb":{"@id":"https:\/\/www.italyfamilyhotels.it\/fr\/hotels\/hotel-dory-suite#breadcrumb"},"inLanguage":"fr-FR","potentialAction":[{"@type":"ReadAction","target":["https:\/\/www.italyfamilyhotels.it\/fr\/hotels\/hotel-dory-suite"]}]},{"@type":"BreadcrumbList","@id":"https:\/\/www.italyfamilyhotels.it\/fr\/hotels\/hotel-dory-suite#breadcrumb","itemListElement":[{"@type":"ListItem","position":1,"name":"Home","item":"https:\/\/www.italyfamilyhotels.it\/fr"},{"@type":"ListItem","position":2,"name":"Family Hotels","item":"https:\/\/www.italyfamilyhotels.it\/fr\/hotels"},{"@type":"ListItem","position":3,"name":"H\u00f4tel Dory &#038; Suite"}]},{"@type":"WebSite","@id":"https:\/\/www.italyfamilyhotels.it\/#website","url":"https:\/\/www.italyfamilyhotels.it\/","name":"Italy Family Hotels","description":"","potentialAction":[{"@type":"SearchAction","target":{"@type":"EntryPoint","urlTemplate":"https:\/\/www.italyfamilyhotels.it\/?s={search_term_string}"},"query-input":{"@type":"PropertyValueSpecification","valueRequired":true,"valueName":"search_term_string"}}],"inLanguage":"fr-FR"}]}},"_links":{"self":[{"href":"https:\/\/www.italyfamilyhotels.it\/fr\/wp-json\/wp\/v2\/pages\/43855","targetHints":{"allow":["GET"]}}],"collection":[{"href":"https:\/\/www.italyfamilyhotels.it\/fr\/wp-json\/wp\/v2\/pages"}],"about":[{"href":"https:\/\/www.italyfamilyhotels.it\/fr\/wp-json\/wp\/v2\/types\/page"}],"author":[{"embeddable":true,"href":"https:\/\/www.italyfamilyhotels.it\/fr\/wp-json\/wp\/v2\/users\/56"}],"replies":[{"embeddable":true,"href":"https:\/\/www.italyfamilyhotels.it\/fr\/wp-json\/wp\/v2\/comments?post=43855"}],"version-history":[{"count":3,"href":"https:\/\/www.italyfamilyhotels.it\/fr\/wp-json\/wp\/v2\/pages\/43855\/revisions"}],"predecessor-version":[{"id":43967,"href":"https:\/\/www.italyfamilyhotels.it\/fr\/wp-json\/wp\/v2\/pages\/43855\/revisions\/43967"}],"up":[{"embeddable":true,"href":"https:\/\/www.italyfamilyhotels.it\/fr\/wp-json\/wp\/v2\/pages\/29729"}],"wp:attachment":[{"href":"https:\/\/www.italyfamilyhotels.it\/fr\/wp-json\/wp\/v2\/media?parent=43855"}],"curies":[{"name":"wp","href":"https:\/\/api.w.org\/{rel}","templated":true}]}}