{"id":43851,"date":"2023-01-23T14:31:39","date_gmt":"2023-01-23T13:31:39","guid":{"rendered":"https:\/\/www.italyfamilyhotels.it\/hotels\/hotel-adlon"},"modified":"2026-01-08T15:07:18","modified_gmt":"2026-01-08T14:07:18","slug":"hotel-adlon","status":"publish","type":"page","link":"https:\/\/www.italyfamilyhotels.it\/fr\/hotels\/hotel-adlon","title":{"rendered":"H\u00f4tel Adlon"},"content":{"rendered":"\n<p>Sur la plage de Riccione, des&nbsp;<b>\u00ab&nbsp;vacances de qualit\u00e9, adapt\u00e9es aux enfants&nbsp;\u00bb<\/b>&nbsp;&#8211; comme le dit notre slogan &#8211; attend les familles qui souhaitent passer un s\u00e9jour relaxant dans l\u2019atmosph\u00e8re de bien-\u00eatre et de plaisir de l\u2019<b>H\u00f4tel Adlon<\/b>. Depuis&nbsp;<b>1963<\/b>, nous offrons \u00e0 nos clients un<b>&nbsp;programme riche en excursions, \u00e9v\u00e8nements, cours gratuits, d\u00eeners \u00e0 th\u00e8me et spectacles<\/b>, pour enrichir une offre qui sait s\u2019adresser encore plus particuli\u00e8rement aux&nbsp;<b>amoureux du cyclisme<\/b>.&nbsp;<b>La mer est deux tous petits pas, sans aucune route \u00e0 traverser<\/b>, et la vie nocturne est un choix que l&#8217;on peut se payer le luxe d&#8217;ignorer ou non, selon l&#8217;humeur du jour.<\/p>\n\n\n\n<p>Pour des vacances sans soucis,\u00a0<b>une personne de contact est toujours \u00e0 votre disposition<\/b> si vous avez des questions sur la s\u00e9curit\u00e9. Tout l&#8217;h\u00f4tel est muni de\u00a0<b>panneaux d&#8217;information et de signes<\/b> qui vous permettent de vous d\u00e9placer en toute s\u00e9curit\u00e9, sans efforts. Vous pouvez \u00e9galement utiliser notre\u00a0<b>application, tr\u00e8s pratique, avec laquelle acc\u00e9der aux services de l&#8217;h\u00f4tel directement depuis votre smartphone<\/b>, et choisir le\u00a0<b>service d&#8217;enregistrement en ligne<\/b> pour commencer vos vacances d\u00e8s votre arriv\u00e9e ! <\/p>\n","protected":false},"excerpt":{"rendered":"<p>Sur la plage de Riccione, des&nbsp;\u00ab&nbsp;vacances de qualit\u00e9, adapt\u00e9es aux enfants&nbsp;\u00bb&nbsp;&#8211; comme le dit notre slogan &#8211; attend les familles qui souhaitent passer un s\u00e9jour relaxant dans l\u2019atmosph\u00e8re de bien-\u00eatre et de plaisir de l\u2019H\u00f4tel Adlon. Depuis&nbsp;1963, nous offrons \u00e0 nos clients un&nbsp;programme riche en excursions, \u00e9v\u00e8nements, cours gratuits, d\u00eeners \u00e0 th\u00e8me et spectacles, pour &hellip;<\/p>\n","protected":false},"author":41,"featured_media":0,"parent":29729,"menu_order":0,"comment_status":"closed","ping_status":"closed","template":"page-templates\/scheda_hotel.php","meta":{"_acf_changed":false,"inline_featured_image":false,"footnotes":""},"class_list":["post-43851","page","type-page","status-publish","hentry"],"acf":[],"yoast_head":"<!-- This site is optimized with the Yoast SEO plugin v27.1 - https:\/\/yoast.com\/product\/yoast-seo-wordpress\/ -->\n<title>H\u00f4tel Adlon 3 \u00e9toiles, Riccione<\/title>\n<meta name=\"description\" content=\"Envie de vacances en famille ? D\u00e9couvrez les offres pour familles de l&#039;H\u00f4tel Adlon \u00e0 Riccione\" \/>\n<meta name=\"robots\" content=\"index, follow, max-snippet:-1, max-image-preview:large, max-video-preview:-1\" \/>\n<link rel=\"canonical\" href=\"https:\/\/www.italyfamilyhotels.it\/fr\/hotels\/hotel-adlon\" \/>\n<meta property=\"og:locale\" content=\"fr_FR\" \/>\n<meta property=\"og:type\" content=\"article\" \/>\n<meta property=\"og:title\" content=\"H\u00f4tel Adlon 3 \u00e9toiles, Riccione\" \/>\n<meta property=\"og:description\" content=\"Envie de vacances en famille ? D\u00e9couvrez les offres pour familles de l&#039;H\u00f4tel Adlon \u00e0 Riccione\" \/>\n<meta property=\"og:url\" content=\"https:\/\/www.italyfamilyhotels.it\/fr\/hotels\/hotel-adlon\" \/>\n<meta property=\"og:site_name\" content=\"Italy Family Hotels\" \/>\n<meta property=\"article:publisher\" content=\"https:\/\/www.facebook.com\/ItalyFamilyHotels\/\" \/>\n<meta property=\"article:modified_time\" content=\"2026-01-08T14:07:18+00:00\" \/>\n<meta name=\"twitter:card\" content=\"summary_large_image\" \/>\n<meta name=\"twitter:label1\" content=\"Dur\u00e9e de lecture estim\u00e9e\" \/>\n\t<meta name=\"twitter:data1\" content=\"1 minute\" \/>\n<script type=\"application\/ld+json\" class=\"yoast-schema-graph\">{\"@context\":\"https:\/\/schema.org\",\"@graph\":[{\"@type\":\"WebPage\",\"@id\":\"https:\/\/www.italyfamilyhotels.it\/fr\/hotels\/hotel-adlon\",\"url\":\"https:\/\/www.italyfamilyhotels.it\/fr\/hotels\/hotel-adlon\",\"name\":\"H\u00f4tel Adlon 3 \u00e9toiles, Riccione\",\"isPartOf\":{\"@id\":\"https:\/\/www.italyfamilyhotels.it\/#website\"},\"datePublished\":\"2023-01-23T13:31:39+00:00\",\"dateModified\":\"2026-01-08T14:07:18+00:00\",\"description\":\"Envie de vacances en famille ? D\u00e9couvrez les offres pour familles de l'H\u00f4tel Adlon \u00e0 Riccione\",\"breadcrumb\":{\"@id\":\"https:\/\/www.italyfamilyhotels.it\/fr\/hotels\/hotel-adlon#breadcrumb\"},\"inLanguage\":\"fr-FR\",\"potentialAction\":[{\"@type\":\"ReadAction\",\"target\":[\"https:\/\/www.italyfamilyhotels.it\/fr\/hotels\/hotel-adlon\"]}]},{\"@type\":\"BreadcrumbList\",\"@id\":\"https:\/\/www.italyfamilyhotels.it\/fr\/hotels\/hotel-adlon#breadcrumb\",\"itemListElement\":[{\"@type\":\"ListItem\",\"position\":1,\"name\":\"Home\",\"item\":\"https:\/\/www.italyfamilyhotels.it\/fr\"},{\"@type\":\"ListItem\",\"position\":2,\"name\":\"Family Hotels\",\"item\":\"https:\/\/www.italyfamilyhotels.it\/fr\/hotels\"},{\"@type\":\"ListItem\",\"position\":3,\"name\":\"H\u00f4tel Adlon\"}]},{\"@type\":\"WebSite\",\"@id\":\"https:\/\/www.italyfamilyhotels.it\/#website\",\"url\":\"https:\/\/www.italyfamilyhotels.it\/\",\"name\":\"Italy Family Hotels\",\"description\":\"\",\"potentialAction\":[{\"@type\":\"SearchAction\",\"target\":{\"@type\":\"EntryPoint\",\"urlTemplate\":\"https:\/\/www.italyfamilyhotels.it\/?s={search_term_string}\"},\"query-input\":{\"@type\":\"PropertyValueSpecification\",\"valueRequired\":true,\"valueName\":\"search_term_string\"}}],\"inLanguage\":\"fr-FR\"}]}<\/script>\n<!-- \/ Yoast SEO plugin. -->","yoast_head_json":{"title":"H\u00f4tel Adlon 3 \u00e9toiles, Riccione","description":"Envie de vacances en famille ? D\u00e9couvrez les offres pour familles de l'H\u00f4tel Adlon \u00e0 Riccione","robots":{"index":"index","follow":"follow","max-snippet":"max-snippet:-1","max-image-preview":"max-image-preview:large","max-video-preview":"max-video-preview:-1"},"canonical":"https:\/\/www.italyfamilyhotels.it\/fr\/hotels\/hotel-adlon","og_locale":"fr_FR","og_type":"article","og_title":"H\u00f4tel Adlon 3 \u00e9toiles, Riccione","og_description":"Envie de vacances en famille ? D\u00e9couvrez les offres pour familles de l'H\u00f4tel Adlon \u00e0 Riccione","og_url":"https:\/\/www.italyfamilyhotels.it\/fr\/hotels\/hotel-adlon","og_site_name":"Italy Family Hotels","article_publisher":"https:\/\/www.facebook.com\/ItalyFamilyHotels\/","article_modified_time":"2026-01-08T14:07:18+00:00","twitter_card":"summary_large_image","twitter_misc":{"Dur\u00e9e de lecture estim\u00e9e":"1 minute"},"schema":{"@context":"https:\/\/schema.org","@graph":[{"@type":"WebPage","@id":"https:\/\/www.italyfamilyhotels.it\/fr\/hotels\/hotel-adlon","url":"https:\/\/www.italyfamilyhotels.it\/fr\/hotels\/hotel-adlon","name":"H\u00f4tel Adlon 3 \u00e9toiles, Riccione","isPartOf":{"@id":"https:\/\/www.italyfamilyhotels.it\/#website"},"datePublished":"2023-01-23T13:31:39+00:00","dateModified":"2026-01-08T14:07:18+00:00","description":"Envie de vacances en famille ? D\u00e9couvrez les offres pour familles de l'H\u00f4tel Adlon \u00e0 Riccione","breadcrumb":{"@id":"https:\/\/www.italyfamilyhotels.it\/fr\/hotels\/hotel-adlon#breadcrumb"},"inLanguage":"fr-FR","potentialAction":[{"@type":"ReadAction","target":["https:\/\/www.italyfamilyhotels.it\/fr\/hotels\/hotel-adlon"]}]},{"@type":"BreadcrumbList","@id":"https:\/\/www.italyfamilyhotels.it\/fr\/hotels\/hotel-adlon#breadcrumb","itemListElement":[{"@type":"ListItem","position":1,"name":"Home","item":"https:\/\/www.italyfamilyhotels.it\/fr"},{"@type":"ListItem","position":2,"name":"Family Hotels","item":"https:\/\/www.italyfamilyhotels.it\/fr\/hotels"},{"@type":"ListItem","position":3,"name":"H\u00f4tel Adlon"}]},{"@type":"WebSite","@id":"https:\/\/www.italyfamilyhotels.it\/#website","url":"https:\/\/www.italyfamilyhotels.it\/","name":"Italy Family Hotels","description":"","potentialAction":[{"@type":"SearchAction","target":{"@type":"EntryPoint","urlTemplate":"https:\/\/www.italyfamilyhotels.it\/?s={search_term_string}"},"query-input":{"@type":"PropertyValueSpecification","valueRequired":true,"valueName":"search_term_string"}}],"inLanguage":"fr-FR"}]}},"_links":{"self":[{"href":"https:\/\/www.italyfamilyhotels.it\/fr\/wp-json\/wp\/v2\/pages\/43851","targetHints":{"allow":["GET"]}}],"collection":[{"href":"https:\/\/www.italyfamilyhotels.it\/fr\/wp-json\/wp\/v2\/pages"}],"about":[{"href":"https:\/\/www.italyfamilyhotels.it\/fr\/wp-json\/wp\/v2\/types\/page"}],"author":[{"embeddable":true,"href":"https:\/\/www.italyfamilyhotels.it\/fr\/wp-json\/wp\/v2\/users\/41"}],"replies":[{"embeddable":true,"href":"https:\/\/www.italyfamilyhotels.it\/fr\/wp-json\/wp\/v2\/comments?post=43851"}],"version-history":[{"count":5,"href":"https:\/\/www.italyfamilyhotels.it\/fr\/wp-json\/wp\/v2\/pages\/43851\/revisions"}],"predecessor-version":[{"id":73597,"href":"https:\/\/www.italyfamilyhotels.it\/fr\/wp-json\/wp\/v2\/pages\/43851\/revisions\/73597"}],"up":[{"embeddable":true,"href":"https:\/\/www.italyfamilyhotels.it\/fr\/wp-json\/wp\/v2\/pages\/29729"}],"wp:attachment":[{"href":"https:\/\/www.italyfamilyhotels.it\/fr\/wp-json\/wp\/v2\/media?parent=43851"}],"curies":[{"name":"wp","href":"https:\/\/api.w.org\/{rel}","templated":true}]}}