{"id":43849,"date":"2023-01-23T14:31:25","date_gmt":"2023-01-23T13:31:25","guid":{"rendered":"https:\/\/www.italyfamilyhotels.it\/hotels\/hotel-belvedere"},"modified":"2023-01-23T15:52:26","modified_gmt":"2023-01-23T14:52:26","slug":"hotel-belvedere","status":"publish","type":"page","link":"https:\/\/www.italyfamilyhotels.it\/fr\/hotels\/hotel-belvedere","title":{"rendered":"H\u00f4tel Belvedere"},"content":{"rendered":"\n<p>\u00c0<b> Riccione<\/b>, au c\u0153ur de la <b>Riviera Romagnole<\/b>, nous vous attendons \u00e0 l\u2019<b>H\u00f4tel Belvedere<\/b>, notre <b>oasis de style et \u00e9l\u00e9gance<\/b> consacr\u00e9e \u00e0 la recherche d\u2019<b>harmonie et de d\u00e9tente<\/b>. Notre <b>plage priv\u00e9e<\/b> se situe juste en face de l&#8217;h\u00f4tel et, avec <b>la grande piscine ext\u00e9rieure<\/b>, allie le d\u00e9sir de confort et de divertissement des clients de tout \u00e2ge. Nos <b>chambres au mobilier raffin\u00e9 <\/b>communiquent <b>la chaleur et la convivialit\u00e9 <\/b>d\u2019un environnement unique, pour les couples et les familles, et <b>proposent tous les services <\/b>n\u00e9cessaires pour rendre le <b>s\u00e9jour de vos enfants aussi confortable que possible<\/b>, comme <b>un lit b\u00e9b\u00e9, une table \u00e0 langer, une baignoire et un chauffe-biberon<\/b>. Notre fantastique <b>espace bien-\u00eatre<\/b> vous propose <b>450 m\u00b2 de bien-\u00eatre<\/b>, avec un merveilleux <b>centre spa<\/b> \u00e9quip\u00e9 de <b>piscine, bain \u00e0 remous, sauna bio, bain turc, grotte froide, douche \u00e9motionnelle et parcours Kneipp<\/b>, o\u00f9 vous adonner \u00e0 des moments inoubliables de<b> relaxation<\/b>. Mais le plaisir de nos h\u00f4tes passe aussi par <b>le palais<\/b>, avec des plats qui varient <b>de la tradition romagnole \u00e0 une cuisine exclusive et raffin\u00e9e<\/b> pr\u00e9par\u00e9e avec d\u2019<b>excellentes mati\u00e8res premi\u00e8res, fra\u00eecheur et cr\u00e9ativit\u00e9<\/b>. Et pour les enfants, c\u2019est le <b>\u00ab\u00a0Chef du Biberon\u00a0\u00bb <\/b>qui s&#8217;occupe de la pr\u00e9paration des aliments pour b\u00e9b\u00e9s avec un <b>espace restauration r\u00e9serv\u00e9 aux familles<\/b>.<\/p>\n","protected":false},"excerpt":{"rendered":"<p>\u00c0 Riccione, au c\u0153ur de la Riviera Romagnole, nous vous attendons \u00e0 l\u2019H\u00f4tel Belvedere, notre oasis de style et \u00e9l\u00e9gance consacr\u00e9e \u00e0 la recherche d\u2019harmonie et de d\u00e9tente. Notre plage priv\u00e9e se situe juste en face de l&#8217;h\u00f4tel et, avec la grande piscine ext\u00e9rieure, allie le d\u00e9sir de confort et de divertissement des clients de &hellip;<\/p>\n","protected":false},"author":47,"featured_media":0,"parent":29729,"menu_order":0,"comment_status":"closed","ping_status":"closed","template":"page-templates\/scheda_hotel.php","meta":{"_acf_changed":false,"inline_featured_image":false,"footnotes":""},"class_list":["post-43849","page","type-page","status-publish","hentry"],"acf":[],"yoast_head":"<!-- This site is optimized with the Yoast SEO plugin v27.1 - https:\/\/yoast.com\/product\/yoast-seo-wordpress\/ -->\n<title>H\u00f4tel Belvedere 4 \u00e9toiles, Riccione<\/title>\n<meta name=\"description\" content=\"Envie de vacances en famille ? D\u00e9couvrez les offres pour familles de l&#039;H\u00f4tel Belvedere \u00e0 Riccione\" \/>\n<meta name=\"robots\" content=\"index, follow, max-snippet:-1, max-image-preview:large, max-video-preview:-1\" \/>\n<link rel=\"canonical\" href=\"https:\/\/www.italyfamilyhotels.it\/fr\/hotels\/hotel-belvedere\" \/>\n<meta property=\"og:locale\" content=\"fr_FR\" \/>\n<meta property=\"og:type\" content=\"article\" \/>\n<meta property=\"og:title\" content=\"H\u00f4tel Belvedere 4 \u00e9toiles, Riccione\" \/>\n<meta property=\"og:description\" content=\"Envie de vacances en famille ? D\u00e9couvrez les offres pour familles de l&#039;H\u00f4tel Belvedere \u00e0 Riccione\" \/>\n<meta property=\"og:url\" content=\"https:\/\/www.italyfamilyhotels.it\/fr\/hotels\/hotel-belvedere\" \/>\n<meta property=\"og:site_name\" content=\"Italy Family Hotels\" \/>\n<meta property=\"article:publisher\" content=\"https:\/\/www.facebook.com\/ItalyFamilyHotels\/\" \/>\n<meta property=\"article:modified_time\" content=\"2023-01-23T14:52:26+00:00\" \/>\n<meta name=\"twitter:card\" content=\"summary_large_image\" \/>\n<meta name=\"twitter:label1\" content=\"Dur\u00e9e de lecture estim\u00e9e\" \/>\n\t<meta name=\"twitter:data1\" content=\"1 minute\" \/>\n<script type=\"application\/ld+json\" class=\"yoast-schema-graph\">{\"@context\":\"https:\/\/schema.org\",\"@graph\":[{\"@type\":\"WebPage\",\"@id\":\"https:\/\/www.italyfamilyhotels.it\/fr\/hotels\/hotel-belvedere\",\"url\":\"https:\/\/www.italyfamilyhotels.it\/fr\/hotels\/hotel-belvedere\",\"name\":\"H\u00f4tel Belvedere 4 \u00e9toiles, Riccione\",\"isPartOf\":{\"@id\":\"https:\/\/www.italyfamilyhotels.it\/#website\"},\"datePublished\":\"2023-01-23T13:31:25+00:00\",\"dateModified\":\"2023-01-23T14:52:26+00:00\",\"description\":\"Envie de vacances en famille ? D\u00e9couvrez les offres pour familles de l'H\u00f4tel Belvedere \u00e0 Riccione\",\"breadcrumb\":{\"@id\":\"https:\/\/www.italyfamilyhotels.it\/fr\/hotels\/hotel-belvedere#breadcrumb\"},\"inLanguage\":\"fr-FR\",\"potentialAction\":[{\"@type\":\"ReadAction\",\"target\":[\"https:\/\/www.italyfamilyhotels.it\/fr\/hotels\/hotel-belvedere\"]}]},{\"@type\":\"BreadcrumbList\",\"@id\":\"https:\/\/www.italyfamilyhotels.it\/fr\/hotels\/hotel-belvedere#breadcrumb\",\"itemListElement\":[{\"@type\":\"ListItem\",\"position\":1,\"name\":\"Home\",\"item\":\"https:\/\/www.italyfamilyhotels.it\/fr\"},{\"@type\":\"ListItem\",\"position\":2,\"name\":\"Family Hotels\",\"item\":\"https:\/\/www.italyfamilyhotels.it\/fr\/hotels\"},{\"@type\":\"ListItem\",\"position\":3,\"name\":\"H\u00f4tel Belvedere\"}]},{\"@type\":\"WebSite\",\"@id\":\"https:\/\/www.italyfamilyhotels.it\/#website\",\"url\":\"https:\/\/www.italyfamilyhotels.it\/\",\"name\":\"Italy Family Hotels\",\"description\":\"\",\"potentialAction\":[{\"@type\":\"SearchAction\",\"target\":{\"@type\":\"EntryPoint\",\"urlTemplate\":\"https:\/\/www.italyfamilyhotels.it\/?s={search_term_string}\"},\"query-input\":{\"@type\":\"PropertyValueSpecification\",\"valueRequired\":true,\"valueName\":\"search_term_string\"}}],\"inLanguage\":\"fr-FR\"}]}<\/script>\n<!-- \/ Yoast SEO plugin. -->","yoast_head_json":{"title":"H\u00f4tel Belvedere 4 \u00e9toiles, Riccione","description":"Envie de vacances en famille ? D\u00e9couvrez les offres pour familles de l'H\u00f4tel Belvedere \u00e0 Riccione","robots":{"index":"index","follow":"follow","max-snippet":"max-snippet:-1","max-image-preview":"max-image-preview:large","max-video-preview":"max-video-preview:-1"},"canonical":"https:\/\/www.italyfamilyhotels.it\/fr\/hotels\/hotel-belvedere","og_locale":"fr_FR","og_type":"article","og_title":"H\u00f4tel Belvedere 4 \u00e9toiles, Riccione","og_description":"Envie de vacances en famille ? D\u00e9couvrez les offres pour familles de l'H\u00f4tel Belvedere \u00e0 Riccione","og_url":"https:\/\/www.italyfamilyhotels.it\/fr\/hotels\/hotel-belvedere","og_site_name":"Italy Family Hotels","article_publisher":"https:\/\/www.facebook.com\/ItalyFamilyHotels\/","article_modified_time":"2023-01-23T14:52:26+00:00","twitter_card":"summary_large_image","twitter_misc":{"Dur\u00e9e de lecture estim\u00e9e":"1 minute"},"schema":{"@context":"https:\/\/schema.org","@graph":[{"@type":"WebPage","@id":"https:\/\/www.italyfamilyhotels.it\/fr\/hotels\/hotel-belvedere","url":"https:\/\/www.italyfamilyhotels.it\/fr\/hotels\/hotel-belvedere","name":"H\u00f4tel Belvedere 4 \u00e9toiles, Riccione","isPartOf":{"@id":"https:\/\/www.italyfamilyhotels.it\/#website"},"datePublished":"2023-01-23T13:31:25+00:00","dateModified":"2023-01-23T14:52:26+00:00","description":"Envie de vacances en famille ? D\u00e9couvrez les offres pour familles de l'H\u00f4tel Belvedere \u00e0 Riccione","breadcrumb":{"@id":"https:\/\/www.italyfamilyhotels.it\/fr\/hotels\/hotel-belvedere#breadcrumb"},"inLanguage":"fr-FR","potentialAction":[{"@type":"ReadAction","target":["https:\/\/www.italyfamilyhotels.it\/fr\/hotels\/hotel-belvedere"]}]},{"@type":"BreadcrumbList","@id":"https:\/\/www.italyfamilyhotels.it\/fr\/hotels\/hotel-belvedere#breadcrumb","itemListElement":[{"@type":"ListItem","position":1,"name":"Home","item":"https:\/\/www.italyfamilyhotels.it\/fr"},{"@type":"ListItem","position":2,"name":"Family Hotels","item":"https:\/\/www.italyfamilyhotels.it\/fr\/hotels"},{"@type":"ListItem","position":3,"name":"H\u00f4tel Belvedere"}]},{"@type":"WebSite","@id":"https:\/\/www.italyfamilyhotels.it\/#website","url":"https:\/\/www.italyfamilyhotels.it\/","name":"Italy Family Hotels","description":"","potentialAction":[{"@type":"SearchAction","target":{"@type":"EntryPoint","urlTemplate":"https:\/\/www.italyfamilyhotels.it\/?s={search_term_string}"},"query-input":{"@type":"PropertyValueSpecification","valueRequired":true,"valueName":"search_term_string"}}],"inLanguage":"fr-FR"}]}},"_links":{"self":[{"href":"https:\/\/www.italyfamilyhotels.it\/fr\/wp-json\/wp\/v2\/pages\/43849","targetHints":{"allow":["GET"]}}],"collection":[{"href":"https:\/\/www.italyfamilyhotels.it\/fr\/wp-json\/wp\/v2\/pages"}],"about":[{"href":"https:\/\/www.italyfamilyhotels.it\/fr\/wp-json\/wp\/v2\/types\/page"}],"author":[{"embeddable":true,"href":"https:\/\/www.italyfamilyhotels.it\/fr\/wp-json\/wp\/v2\/users\/47"}],"replies":[{"embeddable":true,"href":"https:\/\/www.italyfamilyhotels.it\/fr\/wp-json\/wp\/v2\/comments?post=43849"}],"version-history":[{"count":3,"href":"https:\/\/www.italyfamilyhotels.it\/fr\/wp-json\/wp\/v2\/pages\/43849\/revisions"}],"predecessor-version":[{"id":43962,"href":"https:\/\/www.italyfamilyhotels.it\/fr\/wp-json\/wp\/v2\/pages\/43849\/revisions\/43962"}],"up":[{"embeddable":true,"href":"https:\/\/www.italyfamilyhotels.it\/fr\/wp-json\/wp\/v2\/pages\/29729"}],"wp:attachment":[{"href":"https:\/\/www.italyfamilyhotels.it\/fr\/wp-json\/wp\/v2\/media?parent=43849"}],"curies":[{"name":"wp","href":"https:\/\/api.w.org\/{rel}","templated":true}]}}