{"id":43847,"date":"2023-01-23T14:30:31","date_gmt":"2023-01-23T13:30:31","guid":{"rendered":"https:\/\/www.italyfamilyhotels.it\/destinations\/trentin-haut-adige\/family-hotel-a-monte-bondone"},"modified":"2023-01-25T10:39:13","modified_gmt":"2023-01-25T09:39:13","slug":"family-hotel-a-monte-bondone","status":"publish","type":"page","link":"https:\/\/www.italyfamilyhotels.it\/fr\/destinations\/trentin-haut-adige\/family-hotel-a-monte-bondone","title":{"rendered":"Family Hotel \u00a0\u00e0 Monte Bondone"},"content":{"rendered":"\n<p><b>Mont Bondone<\/b> est synonyme de <b>vacances \u00e0 la montagne avec les enfants<\/b>&nbsp;! Un endroit calme et agr\u00e9able, \u00e0 courte distance de la ville de Trente, qui se pr\u00eate \u00e0 de fantastiques <b>s\u00e9jours en famille<\/b>. Vous y trouverez un <b>domaine skiable avec 20 km de pistes<\/b> pour tous les niveaux de difficult\u00e9, une \u00e9cole de ski, Snowpark, Family Village avec Mini Club, animations, baby-cross, terrain pour les premiers pas. Il est \u00e9galement possible de faire de belles <b>promenades dans une nature <\/b>pr\u00e9serv\u00e9e, sur des sentiers faciles adapt\u00e9s aux enfants, avec pourquoi pas un <b>arr\u00eat en refuge<\/b> pour d\u00e9guster quelques produits typiques.<\/p>\n\n\n\n<p>Monte Bondone compte aussi le <b>Jardin Botanique Alpin Viote<\/b>, l&#8217;un des plus anciennes des Alpes, o\u00f9 sont organis\u00e9s des ateliers et des activit\u00e9s d&#8217;\u00e9t\u00e9 et d&#8217;hiver. Toujours dans le bassin de Viote, vous pourrez admirer la vo\u00fbte c\u00e9leste avec vos enfants depuis la <b>Terrazza delle Stelle<\/b>, un observatoire astronomique loin de toute pollution lumineuse, o\u00f9 vivre une exp\u00e9rience m\u00e9morable la t\u00eate en l\u2019air.<\/p>\n\n\n\n<p>Pour les petits explorateurs qui aiment l&#8217;aventure (en toute s\u00e9curit\u00e9&nbsp;!), une journ\u00e9e \u00e0 l\u2019<b>Aeropark de Monte Bondone<\/b>&nbsp;: avec l&#8217;assistance de guides alpins, permettra aux enfants de tout \u00e2ge d\u2019apprendre \u00e0 escalader la roche, \u00e0 descendre en rappel et \u00e0 s\u2019adonner \u00e0 la via ferrata, au pont tib\u00e9tain et autres t\u00e9l\u00e9ph\u00e9riques tyroliens.<\/p>\n","protected":false},"excerpt":{"rendered":"<p>Mont Bondone est synonyme de vacances \u00e0 la montagne avec les enfants&nbsp;! Un endroit calme et agr\u00e9able, \u00e0 courte distance de la ville de Trente, qui se pr\u00eate \u00e0 de fantastiques s\u00e9jours en famille. Vous y trouverez un domaine skiable avec 20 km de pistes pour tous les niveaux de difficult\u00e9, une \u00e9cole de ski, &hellip;<\/p>\n","protected":false},"author":167,"featured_media":0,"parent":43583,"menu_order":0,"comment_status":"closed","ping_status":"closed","template":"page-templates\/scheda_localita.php","meta":{"_acf_changed":false,"inline_featured_image":false,"footnotes":""},"class_list":["post-43847","page","type-page","status-publish","hentry"],"acf":[],"yoast_head":"<!-- This site is optimized with the Yoast SEO plugin v27.1 - https:\/\/yoast.com\/product\/yoast-seo-wordpress\/ -->\n<title>Les meilleurs H\u00f4tels pour familles \u00e0 Monte Bondone<\/title>\n<meta name=\"description\" content=\"Envie de vacances avec des enfants dans le Trentin Haut-Adige\u00a0? Nous avons s\u00e9lectionn\u00e9 les meilleurs Family Hotels de Monte Bondone\u00a0!\" \/>\n<meta name=\"robots\" content=\"index, follow, max-snippet:-1, max-image-preview:large, max-video-preview:-1\" \/>\n<link rel=\"canonical\" href=\"https:\/\/www.italyfamilyhotels.it\/fr\/destinations\/trentin-haut-adige\/family-hotel-a-monte-bondone\" \/>\n<meta property=\"og:locale\" content=\"fr_FR\" \/>\n<meta property=\"og:type\" content=\"article\" \/>\n<meta property=\"og:title\" content=\"Les meilleurs H\u00f4tels pour familles \u00e0 Monte Bondone\" \/>\n<meta property=\"og:description\" content=\"Envie de vacances avec des enfants dans le Trentin Haut-Adige\u00a0? Nous avons s\u00e9lectionn\u00e9 les meilleurs Family Hotels de Monte Bondone\u00a0!\" \/>\n<meta property=\"og:url\" content=\"https:\/\/www.italyfamilyhotels.it\/fr\/destinations\/trentin-haut-adige\/family-hotel-a-monte-bondone\" \/>\n<meta property=\"og:site_name\" content=\"Italy Family Hotels\" \/>\n<meta property=\"article:publisher\" content=\"https:\/\/www.facebook.com\/ItalyFamilyHotels\/\" \/>\n<meta property=\"article:modified_time\" content=\"2023-01-25T09:39:13+00:00\" \/>\n<meta name=\"twitter:card\" content=\"summary_large_image\" \/>\n<meta name=\"twitter:label1\" content=\"Dur\u00e9e de lecture estim\u00e9e\" \/>\n\t<meta name=\"twitter:data1\" content=\"1 minute\" \/>\n<script type=\"application\/ld+json\" class=\"yoast-schema-graph\">{\"@context\":\"https:\/\/schema.org\",\"@graph\":[{\"@type\":\"WebPage\",\"@id\":\"https:\/\/www.italyfamilyhotels.it\/fr\/destinations\/trentin-haut-adige\/family-hotel-a-monte-bondone\",\"url\":\"https:\/\/www.italyfamilyhotels.it\/fr\/destinations\/trentin-haut-adige\/family-hotel-a-monte-bondone\",\"name\":\"Les meilleurs H\u00f4tels pour familles \u00e0 Monte Bondone\",\"isPartOf\":{\"@id\":\"https:\/\/www.italyfamilyhotels.it\/#website\"},\"datePublished\":\"2023-01-23T13:30:31+00:00\",\"dateModified\":\"2023-01-25T09:39:13+00:00\",\"description\":\"Envie de vacances avec des enfants dans le Trentin Haut-Adige\u00a0? Nous avons s\u00e9lectionn\u00e9 les meilleurs Family Hotels de Monte Bondone\u00a0!\",\"breadcrumb\":{\"@id\":\"https:\/\/www.italyfamilyhotels.it\/fr\/destinations\/trentin-haut-adige\/family-hotel-a-monte-bondone#breadcrumb\"},\"inLanguage\":\"fr-FR\",\"potentialAction\":[{\"@type\":\"ReadAction\",\"target\":[\"https:\/\/www.italyfamilyhotels.it\/fr\/destinations\/trentin-haut-adige\/family-hotel-a-monte-bondone\"]}]},{\"@type\":\"BreadcrumbList\",\"@id\":\"https:\/\/www.italyfamilyhotels.it\/fr\/destinations\/trentin-haut-adige\/family-hotel-a-monte-bondone#breadcrumb\",\"itemListElement\":[{\"@type\":\"ListItem\",\"position\":1,\"name\":\"Home\",\"item\":\"https:\/\/www.italyfamilyhotels.it\/fr\"},{\"@type\":\"ListItem\",\"position\":2,\"name\":\"Destinations\",\"item\":\"https:\/\/www.italyfamilyhotels.it\/fr\/destinations\"},{\"@type\":\"ListItem\",\"position\":3,\"name\":\"Trentin Haut-Adige\",\"item\":\"https:\/\/www.italyfamilyhotels.it\/fr\/destinations\/trentin-haut-adige\"},{\"@type\":\"ListItem\",\"position\":4,\"name\":\"Family Hotel \u00a0\u00e0 Monte Bondone\"}]},{\"@type\":\"WebSite\",\"@id\":\"https:\/\/www.italyfamilyhotels.it\/#website\",\"url\":\"https:\/\/www.italyfamilyhotels.it\/\",\"name\":\"Italy Family Hotels\",\"description\":\"\",\"potentialAction\":[{\"@type\":\"SearchAction\",\"target\":{\"@type\":\"EntryPoint\",\"urlTemplate\":\"https:\/\/www.italyfamilyhotels.it\/?s={search_term_string}\"},\"query-input\":{\"@type\":\"PropertyValueSpecification\",\"valueRequired\":true,\"valueName\":\"search_term_string\"}}],\"inLanguage\":\"fr-FR\"}]}<\/script>\n<!-- \/ Yoast SEO plugin. -->","yoast_head_json":{"title":"Les meilleurs H\u00f4tels pour familles \u00e0 Monte Bondone","description":"Envie de vacances avec des enfants dans le Trentin Haut-Adige\u00a0? Nous avons s\u00e9lectionn\u00e9 les meilleurs Family Hotels de Monte Bondone\u00a0!","robots":{"index":"index","follow":"follow","max-snippet":"max-snippet:-1","max-image-preview":"max-image-preview:large","max-video-preview":"max-video-preview:-1"},"canonical":"https:\/\/www.italyfamilyhotels.it\/fr\/destinations\/trentin-haut-adige\/family-hotel-a-monte-bondone","og_locale":"fr_FR","og_type":"article","og_title":"Les meilleurs H\u00f4tels pour familles \u00e0 Monte Bondone","og_description":"Envie de vacances avec des enfants dans le Trentin Haut-Adige\u00a0? Nous avons s\u00e9lectionn\u00e9 les meilleurs Family Hotels de Monte Bondone\u00a0!","og_url":"https:\/\/www.italyfamilyhotels.it\/fr\/destinations\/trentin-haut-adige\/family-hotel-a-monte-bondone","og_site_name":"Italy Family Hotels","article_publisher":"https:\/\/www.facebook.com\/ItalyFamilyHotels\/","article_modified_time":"2023-01-25T09:39:13+00:00","twitter_card":"summary_large_image","twitter_misc":{"Dur\u00e9e de lecture estim\u00e9e":"1 minute"},"schema":{"@context":"https:\/\/schema.org","@graph":[{"@type":"WebPage","@id":"https:\/\/www.italyfamilyhotels.it\/fr\/destinations\/trentin-haut-adige\/family-hotel-a-monte-bondone","url":"https:\/\/www.italyfamilyhotels.it\/fr\/destinations\/trentin-haut-adige\/family-hotel-a-monte-bondone","name":"Les meilleurs H\u00f4tels pour familles \u00e0 Monte Bondone","isPartOf":{"@id":"https:\/\/www.italyfamilyhotels.it\/#website"},"datePublished":"2023-01-23T13:30:31+00:00","dateModified":"2023-01-25T09:39:13+00:00","description":"Envie de vacances avec des enfants dans le Trentin Haut-Adige\u00a0? Nous avons s\u00e9lectionn\u00e9 les meilleurs Family Hotels de Monte Bondone\u00a0!","breadcrumb":{"@id":"https:\/\/www.italyfamilyhotels.it\/fr\/destinations\/trentin-haut-adige\/family-hotel-a-monte-bondone#breadcrumb"},"inLanguage":"fr-FR","potentialAction":[{"@type":"ReadAction","target":["https:\/\/www.italyfamilyhotels.it\/fr\/destinations\/trentin-haut-adige\/family-hotel-a-monte-bondone"]}]},{"@type":"BreadcrumbList","@id":"https:\/\/www.italyfamilyhotels.it\/fr\/destinations\/trentin-haut-adige\/family-hotel-a-monte-bondone#breadcrumb","itemListElement":[{"@type":"ListItem","position":1,"name":"Home","item":"https:\/\/www.italyfamilyhotels.it\/fr"},{"@type":"ListItem","position":2,"name":"Destinations","item":"https:\/\/www.italyfamilyhotels.it\/fr\/destinations"},{"@type":"ListItem","position":3,"name":"Trentin Haut-Adige","item":"https:\/\/www.italyfamilyhotels.it\/fr\/destinations\/trentin-haut-adige"},{"@type":"ListItem","position":4,"name":"Family Hotel \u00a0\u00e0 Monte Bondone"}]},{"@type":"WebSite","@id":"https:\/\/www.italyfamilyhotels.it\/#website","url":"https:\/\/www.italyfamilyhotels.it\/","name":"Italy Family Hotels","description":"","potentialAction":[{"@type":"SearchAction","target":{"@type":"EntryPoint","urlTemplate":"https:\/\/www.italyfamilyhotels.it\/?s={search_term_string}"},"query-input":{"@type":"PropertyValueSpecification","valueRequired":true,"valueName":"search_term_string"}}],"inLanguage":"fr-FR"}]}},"_links":{"self":[{"href":"https:\/\/www.italyfamilyhotels.it\/fr\/wp-json\/wp\/v2\/pages\/43847","targetHints":{"allow":["GET"]}}],"collection":[{"href":"https:\/\/www.italyfamilyhotels.it\/fr\/wp-json\/wp\/v2\/pages"}],"about":[{"href":"https:\/\/www.italyfamilyhotels.it\/fr\/wp-json\/wp\/v2\/types\/page"}],"author":[{"embeddable":true,"href":"https:\/\/www.italyfamilyhotels.it\/fr\/wp-json\/wp\/v2\/users\/167"}],"replies":[{"embeddable":true,"href":"https:\/\/www.italyfamilyhotels.it\/fr\/wp-json\/wp\/v2\/comments?post=43847"}],"version-history":[{"count":2,"href":"https:\/\/www.italyfamilyhotels.it\/fr\/wp-json\/wp\/v2\/pages\/43847\/revisions"}],"predecessor-version":[{"id":44373,"href":"https:\/\/www.italyfamilyhotels.it\/fr\/wp-json\/wp\/v2\/pages\/43847\/revisions\/44373"}],"up":[{"embeddable":true,"href":"https:\/\/www.italyfamilyhotels.it\/fr\/wp-json\/wp\/v2\/pages\/43583"}],"wp:attachment":[{"href":"https:\/\/www.italyfamilyhotels.it\/fr\/wp-json\/wp\/v2\/media?parent=43847"}],"curies":[{"name":"wp","href":"https:\/\/api.w.org\/{rel}","templated":true}]}}