{"id":43838,"date":"2023-01-23T14:24:49","date_gmt":"2023-01-23T13:24:49","guid":{"rendered":"https:\/\/www.italyfamilyhotels.it\/destinations\/frioul-venetie-julienne\/tarvisio"},"modified":"2023-01-24T15:45:47","modified_gmt":"2023-01-24T14:45:47","slug":"tarvisio","status":"publish","type":"page","link":"https:\/\/www.italyfamilyhotels.it\/fr\/destinations\/dolomites-frioulanes\/tarvisio","title":{"rendered":"Tarvisio"},"content":{"rendered":"\n<p><b>Tarvisio<\/b> est une station de montagne nich\u00e9e au c\u0153ur de la <b>Valcanale<\/b>, \u00e0 la fronti\u00e8re entre l&#8217;Autriche et la Slov\u00e9nie, avec un climat propice \u00e0 l&#8217;accueil de petits et grands touristes toute l&#8217;ann\u00e9e. En <b>\u00e9t\u00e9, Tarvisio<\/b> devient le point de d\u00e9part id\u00e9al pour des <b>randonn\u00e9es faciles avec des enfants<\/b>, comme une promenade le long des beaux <b>lacs de Fusine<\/b>, le <b>Chemin des Gnomes<\/b> pr\u00e8s de la rivi\u00e8re Bartolo, des excursions sur les <b>monts Lussari<\/b> et le long du <b>Sentier Animalborghetto<\/b>, un itin\u00e9raire th\u00e9matique pour d\u00e9couvrir les animaux qui vivent dans la r\u00e9gion. En <b>hiver<\/b>, la ville est recouverte de neige et se transforme en un r\u00eave pour les amoureux d\u2019<b>activit\u00e9s d&#8217;hiver en plein air <\/b>et pour tous les mini-athl\u00e8tes qui veulent commencer \u00e0 faire du ski, des raquettes ou de la luge avec papa et maman. Bien entendu, les <b>remont\u00e9es m\u00e9caniques<\/b>, les <b>parcs d\u2019attractions sur la neige<\/b> \u2013 le Snow Park \u00e0 Tarvisio, Nevelandia \u00e0 Sappada et Piancavallo, Fantasy Snow Park \u00e0 Forni di Sopra &#8211; ne manquent pas, sans oublier le tr\u00e8s amusant <b>bobsleigh sur rails<\/b>.<\/p>\n","protected":false},"excerpt":{"rendered":"<p>Tarvisio est une station de montagne nich\u00e9e au c\u0153ur de la Valcanale, \u00e0 la fronti\u00e8re entre l&#8217;Autriche et la Slov\u00e9nie, avec un climat propice \u00e0 l&#8217;accueil de petits et grands touristes toute l&#8217;ann\u00e9e. En \u00e9t\u00e9, Tarvisio devient le point de d\u00e9part id\u00e9al pour des randonn\u00e9es faciles avec des enfants, comme une promenade le long des &hellip;<\/p>\n","protected":false},"author":2,"featured_media":0,"parent":43836,"menu_order":0,"comment_status":"closed","ping_status":"closed","template":"page-templates\/scheda_localita.php","meta":{"_acf_changed":false,"inline_featured_image":false,"footnotes":""},"class_list":["post-43838","page","type-page","status-publish","hentry"],"acf":[],"yoast_head":"<!-- This site is optimized with the Yoast SEO plugin v27.1 - https:\/\/yoast.com\/product\/yoast-seo-wordpress\/ -->\n<title>Les meilleurs H\u00f4tels pour familles \u00e0 Tarvisio<\/title>\n<meta name=\"description\" content=\"Envie de vacances en famille en Italie? Nous avons s\u00e9lectionn\u00e9 les meilleurs Family Hotel \u00e0 Tarvisio en Frioul-V\u00e9n\u00e9tie-Julienne\" \/>\n<meta name=\"robots\" content=\"index, follow, max-snippet:-1, max-image-preview:large, max-video-preview:-1\" \/>\n<link rel=\"canonical\" href=\"https:\/\/www.italyfamilyhotels.it\/fr\/destinations\/dolomites-frioulanes\/tarvisio\" \/>\n<meta property=\"og:locale\" content=\"fr_FR\" \/>\n<meta property=\"og:type\" content=\"article\" \/>\n<meta property=\"og:title\" content=\"Les meilleurs H\u00f4tels pour familles \u00e0 Tarvisio\" \/>\n<meta property=\"og:description\" content=\"Envie de vacances en famille en Italie? Nous avons s\u00e9lectionn\u00e9 les meilleurs Family Hotel \u00e0 Tarvisio en Frioul-V\u00e9n\u00e9tie-Julienne\" \/>\n<meta property=\"og:url\" content=\"https:\/\/www.italyfamilyhotels.it\/fr\/destinations\/dolomites-frioulanes\/tarvisio\" \/>\n<meta property=\"og:site_name\" content=\"Italy Family Hotels\" \/>\n<meta property=\"article:publisher\" content=\"https:\/\/www.facebook.com\/ItalyFamilyHotels\/\" \/>\n<meta property=\"article:modified_time\" content=\"2023-01-24T14:45:47+00:00\" \/>\n<meta name=\"twitter:card\" content=\"summary_large_image\" \/>\n<meta name=\"twitter:label1\" content=\"Dur\u00e9e de lecture estim\u00e9e\" \/>\n\t<meta name=\"twitter:data1\" content=\"1 minute\" \/>\n<script type=\"application\/ld+json\" class=\"yoast-schema-graph\">{\"@context\":\"https:\/\/schema.org\",\"@graph\":[{\"@type\":\"WebPage\",\"@id\":\"https:\/\/www.italyfamilyhotels.it\/fr\/destinations\/dolomites-frioulanes\/tarvisio\",\"url\":\"https:\/\/www.italyfamilyhotels.it\/fr\/destinations\/dolomites-frioulanes\/tarvisio\",\"name\":\"Les meilleurs H\u00f4tels pour familles \u00e0 Tarvisio\",\"isPartOf\":{\"@id\":\"https:\/\/www.italyfamilyhotels.it\/#website\"},\"datePublished\":\"2023-01-23T13:24:49+00:00\",\"dateModified\":\"2023-01-24T14:45:47+00:00\",\"description\":\"Envie de vacances en famille en Italie? Nous avons s\u00e9lectionn\u00e9 les meilleurs Family Hotel \u00e0 Tarvisio en Frioul-V\u00e9n\u00e9tie-Julienne\",\"breadcrumb\":{\"@id\":\"https:\/\/www.italyfamilyhotels.it\/fr\/destinations\/dolomites-frioulanes\/tarvisio#breadcrumb\"},\"inLanguage\":\"fr-FR\",\"potentialAction\":[{\"@type\":\"ReadAction\",\"target\":[\"https:\/\/www.italyfamilyhotels.it\/fr\/destinations\/dolomites-frioulanes\/tarvisio\"]}]},{\"@type\":\"BreadcrumbList\",\"@id\":\"https:\/\/www.italyfamilyhotels.it\/fr\/destinations\/dolomites-frioulanes\/tarvisio#breadcrumb\",\"itemListElement\":[{\"@type\":\"ListItem\",\"position\":1,\"name\":\"Home\",\"item\":\"https:\/\/www.italyfamilyhotels.it\/fr\"},{\"@type\":\"ListItem\",\"position\":2,\"name\":\"Destinations\",\"item\":\"https:\/\/www.italyfamilyhotels.it\/fr\/destinations\"},{\"@type\":\"ListItem\",\"position\":3,\"name\":\"Dolomites frioulanes\",\"item\":\"https:\/\/www.italyfamilyhotels.it\/fr\/destinations\/dolomites-frioulanes\"},{\"@type\":\"ListItem\",\"position\":4,\"name\":\"Tarvisio\"}]},{\"@type\":\"WebSite\",\"@id\":\"https:\/\/www.italyfamilyhotels.it\/#website\",\"url\":\"https:\/\/www.italyfamilyhotels.it\/\",\"name\":\"Italy Family Hotels\",\"description\":\"\",\"potentialAction\":[{\"@type\":\"SearchAction\",\"target\":{\"@type\":\"EntryPoint\",\"urlTemplate\":\"https:\/\/www.italyfamilyhotels.it\/?s={search_term_string}\"},\"query-input\":{\"@type\":\"PropertyValueSpecification\",\"valueRequired\":true,\"valueName\":\"search_term_string\"}}],\"inLanguage\":\"fr-FR\"}]}<\/script>\n<!-- \/ Yoast SEO plugin. -->","yoast_head_json":{"title":"Les meilleurs H\u00f4tels pour familles \u00e0 Tarvisio","description":"Envie de vacances en famille en Italie? Nous avons s\u00e9lectionn\u00e9 les meilleurs Family Hotel \u00e0 Tarvisio en Frioul-V\u00e9n\u00e9tie-Julienne","robots":{"index":"index","follow":"follow","max-snippet":"max-snippet:-1","max-image-preview":"max-image-preview:large","max-video-preview":"max-video-preview:-1"},"canonical":"https:\/\/www.italyfamilyhotels.it\/fr\/destinations\/dolomites-frioulanes\/tarvisio","og_locale":"fr_FR","og_type":"article","og_title":"Les meilleurs H\u00f4tels pour familles \u00e0 Tarvisio","og_description":"Envie de vacances en famille en Italie? Nous avons s\u00e9lectionn\u00e9 les meilleurs Family Hotel \u00e0 Tarvisio en Frioul-V\u00e9n\u00e9tie-Julienne","og_url":"https:\/\/www.italyfamilyhotels.it\/fr\/destinations\/dolomites-frioulanes\/tarvisio","og_site_name":"Italy Family Hotels","article_publisher":"https:\/\/www.facebook.com\/ItalyFamilyHotels\/","article_modified_time":"2023-01-24T14:45:47+00:00","twitter_card":"summary_large_image","twitter_misc":{"Dur\u00e9e de lecture estim\u00e9e":"1 minute"},"schema":{"@context":"https:\/\/schema.org","@graph":[{"@type":"WebPage","@id":"https:\/\/www.italyfamilyhotels.it\/fr\/destinations\/dolomites-frioulanes\/tarvisio","url":"https:\/\/www.italyfamilyhotels.it\/fr\/destinations\/dolomites-frioulanes\/tarvisio","name":"Les meilleurs H\u00f4tels pour familles \u00e0 Tarvisio","isPartOf":{"@id":"https:\/\/www.italyfamilyhotels.it\/#website"},"datePublished":"2023-01-23T13:24:49+00:00","dateModified":"2023-01-24T14:45:47+00:00","description":"Envie de vacances en famille en Italie? Nous avons s\u00e9lectionn\u00e9 les meilleurs Family Hotel \u00e0 Tarvisio en Frioul-V\u00e9n\u00e9tie-Julienne","breadcrumb":{"@id":"https:\/\/www.italyfamilyhotels.it\/fr\/destinations\/dolomites-frioulanes\/tarvisio#breadcrumb"},"inLanguage":"fr-FR","potentialAction":[{"@type":"ReadAction","target":["https:\/\/www.italyfamilyhotels.it\/fr\/destinations\/dolomites-frioulanes\/tarvisio"]}]},{"@type":"BreadcrumbList","@id":"https:\/\/www.italyfamilyhotels.it\/fr\/destinations\/dolomites-frioulanes\/tarvisio#breadcrumb","itemListElement":[{"@type":"ListItem","position":1,"name":"Home","item":"https:\/\/www.italyfamilyhotels.it\/fr"},{"@type":"ListItem","position":2,"name":"Destinations","item":"https:\/\/www.italyfamilyhotels.it\/fr\/destinations"},{"@type":"ListItem","position":3,"name":"Dolomites frioulanes","item":"https:\/\/www.italyfamilyhotels.it\/fr\/destinations\/dolomites-frioulanes"},{"@type":"ListItem","position":4,"name":"Tarvisio"}]},{"@type":"WebSite","@id":"https:\/\/www.italyfamilyhotels.it\/#website","url":"https:\/\/www.italyfamilyhotels.it\/","name":"Italy Family Hotels","description":"","potentialAction":[{"@type":"SearchAction","target":{"@type":"EntryPoint","urlTemplate":"https:\/\/www.italyfamilyhotels.it\/?s={search_term_string}"},"query-input":{"@type":"PropertyValueSpecification","valueRequired":true,"valueName":"search_term_string"}}],"inLanguage":"fr-FR"}]}},"_links":{"self":[{"href":"https:\/\/www.italyfamilyhotels.it\/fr\/wp-json\/wp\/v2\/pages\/43838","targetHints":{"allow":["GET"]}}],"collection":[{"href":"https:\/\/www.italyfamilyhotels.it\/fr\/wp-json\/wp\/v2\/pages"}],"about":[{"href":"https:\/\/www.italyfamilyhotels.it\/fr\/wp-json\/wp\/v2\/types\/page"}],"author":[{"embeddable":true,"href":"https:\/\/www.italyfamilyhotels.it\/fr\/wp-json\/wp\/v2\/users\/2"}],"replies":[{"embeddable":true,"href":"https:\/\/www.italyfamilyhotels.it\/fr\/wp-json\/wp\/v2\/comments?post=43838"}],"version-history":[{"count":1,"href":"https:\/\/www.italyfamilyhotels.it\/fr\/wp-json\/wp\/v2\/pages\/43838\/revisions"}],"predecessor-version":[{"id":43839,"href":"https:\/\/www.italyfamilyhotels.it\/fr\/wp-json\/wp\/v2\/pages\/43838\/revisions\/43839"}],"up":[{"embeddable":true,"href":"https:\/\/www.italyfamilyhotels.it\/fr\/wp-json\/wp\/v2\/pages\/43836"}],"wp:attachment":[{"href":"https:\/\/www.italyfamilyhotels.it\/fr\/wp-json\/wp\/v2\/media?parent=43838"}],"curies":[{"name":"wp","href":"https:\/\/api.w.org\/{rel}","templated":true}]}}