{"id":43836,"date":"2023-01-23T14:24:42","date_gmt":"2023-01-23T13:24:42","guid":{"rendered":"https:\/\/www.italyfamilyhotels.it\/destinations\/frioul-venetie-julienne"},"modified":"2023-02-03T10:56:01","modified_gmt":"2023-02-03T09:56:01","slug":"dolomites-frioulanes","status":"publish","type":"page","link":"https:\/\/www.italyfamilyhotels.it\/fr\/destinations\/dolomites-frioulanes","title":{"rendered":"Dolomites frioulanes"},"content":{"rendered":"\n<p>Les <strong>Dolomites frioulanes<\/strong> sont un m\u00e9lange de styles et de cultures, \u00e0 forte \u00e2me multi-ethnique et d&#8217;Europe centrale. Les <strong>familles avec enfants<\/strong> y trouveront un <strong>territoire familial<\/strong>, o\u00f9 chaque saison donne l&#8217;opportunit\u00e9 de partager des exp\u00e9riences et des activit\u00e9s de plein air&nbsp;! <strong>Excursions \u00e9galement adapt\u00e9es aux enfants<\/strong>, par exemple dans les <strong>zones fauniques <\/strong>de Cimolais et Forni di Sopra, ou encore la fantastique <strong>visite du barrage de Vajont<\/strong> et du canyon situ\u00e9 le long de l-<strong>ancienne route de la Valcellina<\/strong>, du lac de Barcis, ainsi qu\u2019une exp\u00e9rience unique \u00e0 la recherche des <strong>empreintes de dinosaures<\/strong> d\u00e9couvertes \u00e0 Casera Casavento. Sans oublier le <strong>Snow Park<\/strong>, les \u00e9coles de ski, la possibilit\u00e9 de <strong>faire de la marche en raquette<\/strong>s sur des chemins \u00e9galement parfaits pour les plus petits ou \u00e9prouver le frisson de se lancer sur les rails de <strong>bobsleigh<\/strong>. Les <strong>Dolomites frioulanes<\/strong> renferment \u00e9galement une <strong>culture mill\u00e9naire<\/strong>, avec des ch\u00e2teaux, palais antiques, monuments, sites historiques, galeries d&#8217;art, mus\u00e9es et petits villages, qui sont la cerise sur le g\u00e2teau d&#8217;une r\u00e9gion qui sait satisfaire les souhaits de toutes les familles.<\/p>\n","protected":false},"excerpt":{"rendered":"<p>Les Dolomites frioulanes sont un m\u00e9lange de styles et de cultures, \u00e0 forte \u00e2me multi-ethnique et d&#8217;Europe centrale. Les familles avec enfants y trouveront un territoire familial, o\u00f9 chaque saison donne l&#8217;opportunit\u00e9 de partager des exp\u00e9riences et des activit\u00e9s de plein air&nbsp;! Excursions \u00e9galement adapt\u00e9es aux enfants, par exemple dans les zones fauniques de Cimolais &hellip;<\/p>\n","protected":false},"author":2,"featured_media":0,"parent":43316,"menu_order":0,"comment_status":"closed","ping_status":"closed","template":"page-templates\/scheda_destinazione.php","meta":{"_acf_changed":false,"inline_featured_image":false,"footnotes":""},"class_list":["post-43836","page","type-page","status-publish","hentry"],"acf":[],"yoast_head":"<!-- This site is optimized with the Yoast SEO plugin v27.1 - https:\/\/yoast.com\/product\/yoast-seo-wordpress\/ -->\n<title>H\u00f4tels pour familles sur les Dolomites frioulanes\u00a0: les meilleurs Family Hotel sur les Dolomites frioulanes<\/title>\n<meta name=\"description\" content=\"Envie de vacances en famille\u00a0? Nous avons s\u00e9lectionn\u00e9 les meilleurs Family Hotel sur les Dolomites frioulanes\" \/>\n<meta name=\"robots\" content=\"index, follow, max-snippet:-1, max-image-preview:large, max-video-preview:-1\" \/>\n<link rel=\"canonical\" href=\"https:\/\/www.italyfamilyhotels.it\/fr\/destinations\/dolomites-frioulanes\" \/>\n<meta property=\"og:locale\" content=\"fr_FR\" \/>\n<meta property=\"og:type\" content=\"article\" \/>\n<meta property=\"og:title\" content=\"H\u00f4tels pour familles sur les Dolomites frioulanes\u00a0: les meilleurs Family Hotel sur les Dolomites frioulanes\" \/>\n<meta property=\"og:description\" content=\"Envie de vacances en famille\u00a0? Nous avons s\u00e9lectionn\u00e9 les meilleurs Family Hotel sur les Dolomites frioulanes\" \/>\n<meta property=\"og:url\" content=\"https:\/\/www.italyfamilyhotels.it\/fr\/destinations\/dolomites-frioulanes\" \/>\n<meta property=\"og:site_name\" content=\"Italy Family Hotels\" \/>\n<meta property=\"article:publisher\" content=\"https:\/\/www.facebook.com\/ItalyFamilyHotels\/\" \/>\n<meta property=\"article:modified_time\" content=\"2023-02-03T09:56:01+00:00\" \/>\n<meta name=\"twitter:card\" content=\"summary_large_image\" \/>\n<meta name=\"twitter:label1\" content=\"Dur\u00e9e de lecture estim\u00e9e\" \/>\n\t<meta name=\"twitter:data1\" content=\"1 minute\" \/>\n<script type=\"application\/ld+json\" class=\"yoast-schema-graph\">{\"@context\":\"https:\/\/schema.org\",\"@graph\":[{\"@type\":\"WebPage\",\"@id\":\"https:\/\/www.italyfamilyhotels.it\/fr\/destinations\/dolomites-frioulanes\",\"url\":\"https:\/\/www.italyfamilyhotels.it\/fr\/destinations\/dolomites-frioulanes\",\"name\":\"H\u00f4tels pour familles sur les Dolomites frioulanes\u00a0: les meilleurs Family Hotel sur les Dolomites frioulanes\",\"isPartOf\":{\"@id\":\"https:\/\/www.italyfamilyhotels.it\/#website\"},\"datePublished\":\"2023-01-23T13:24:42+00:00\",\"dateModified\":\"2023-02-03T09:56:01+00:00\",\"description\":\"Envie de vacances en famille\u00a0? Nous avons s\u00e9lectionn\u00e9 les meilleurs Family Hotel sur les Dolomites frioulanes\",\"breadcrumb\":{\"@id\":\"https:\/\/www.italyfamilyhotels.it\/fr\/destinations\/dolomites-frioulanes#breadcrumb\"},\"inLanguage\":\"fr-FR\",\"potentialAction\":[{\"@type\":\"ReadAction\",\"target\":[\"https:\/\/www.italyfamilyhotels.it\/fr\/destinations\/dolomites-frioulanes\"]}]},{\"@type\":\"BreadcrumbList\",\"@id\":\"https:\/\/www.italyfamilyhotels.it\/fr\/destinations\/dolomites-frioulanes#breadcrumb\",\"itemListElement\":[{\"@type\":\"ListItem\",\"position\":1,\"name\":\"Home\",\"item\":\"https:\/\/www.italyfamilyhotels.it\/fr\"},{\"@type\":\"ListItem\",\"position\":2,\"name\":\"Destinations\",\"item\":\"https:\/\/www.italyfamilyhotels.it\/fr\/destinations\"},{\"@type\":\"ListItem\",\"position\":3,\"name\":\"Dolomites frioulanes\"}]},{\"@type\":\"WebSite\",\"@id\":\"https:\/\/www.italyfamilyhotels.it\/#website\",\"url\":\"https:\/\/www.italyfamilyhotels.it\/\",\"name\":\"Italy Family Hotels\",\"description\":\"\",\"potentialAction\":[{\"@type\":\"SearchAction\",\"target\":{\"@type\":\"EntryPoint\",\"urlTemplate\":\"https:\/\/www.italyfamilyhotels.it\/?s={search_term_string}\"},\"query-input\":{\"@type\":\"PropertyValueSpecification\",\"valueRequired\":true,\"valueName\":\"search_term_string\"}}],\"inLanguage\":\"fr-FR\"}]}<\/script>\n<!-- \/ Yoast SEO plugin. -->","yoast_head_json":{"title":"H\u00f4tels pour familles sur les Dolomites frioulanes\u00a0: les meilleurs Family Hotel sur les Dolomites frioulanes","description":"Envie de vacances en famille\u00a0? Nous avons s\u00e9lectionn\u00e9 les meilleurs Family Hotel sur les Dolomites frioulanes","robots":{"index":"index","follow":"follow","max-snippet":"max-snippet:-1","max-image-preview":"max-image-preview:large","max-video-preview":"max-video-preview:-1"},"canonical":"https:\/\/www.italyfamilyhotels.it\/fr\/destinations\/dolomites-frioulanes","og_locale":"fr_FR","og_type":"article","og_title":"H\u00f4tels pour familles sur les Dolomites frioulanes\u00a0: les meilleurs Family Hotel sur les Dolomites frioulanes","og_description":"Envie de vacances en famille\u00a0? Nous avons s\u00e9lectionn\u00e9 les meilleurs Family Hotel sur les Dolomites frioulanes","og_url":"https:\/\/www.italyfamilyhotels.it\/fr\/destinations\/dolomites-frioulanes","og_site_name":"Italy Family Hotels","article_publisher":"https:\/\/www.facebook.com\/ItalyFamilyHotels\/","article_modified_time":"2023-02-03T09:56:01+00:00","twitter_card":"summary_large_image","twitter_misc":{"Dur\u00e9e de lecture estim\u00e9e":"1 minute"},"schema":{"@context":"https:\/\/schema.org","@graph":[{"@type":"WebPage","@id":"https:\/\/www.italyfamilyhotels.it\/fr\/destinations\/dolomites-frioulanes","url":"https:\/\/www.italyfamilyhotels.it\/fr\/destinations\/dolomites-frioulanes","name":"H\u00f4tels pour familles sur les Dolomites frioulanes\u00a0: les meilleurs Family Hotel sur les Dolomites frioulanes","isPartOf":{"@id":"https:\/\/www.italyfamilyhotels.it\/#website"},"datePublished":"2023-01-23T13:24:42+00:00","dateModified":"2023-02-03T09:56:01+00:00","description":"Envie de vacances en famille\u00a0? Nous avons s\u00e9lectionn\u00e9 les meilleurs Family Hotel sur les Dolomites frioulanes","breadcrumb":{"@id":"https:\/\/www.italyfamilyhotels.it\/fr\/destinations\/dolomites-frioulanes#breadcrumb"},"inLanguage":"fr-FR","potentialAction":[{"@type":"ReadAction","target":["https:\/\/www.italyfamilyhotels.it\/fr\/destinations\/dolomites-frioulanes"]}]},{"@type":"BreadcrumbList","@id":"https:\/\/www.italyfamilyhotels.it\/fr\/destinations\/dolomites-frioulanes#breadcrumb","itemListElement":[{"@type":"ListItem","position":1,"name":"Home","item":"https:\/\/www.italyfamilyhotels.it\/fr"},{"@type":"ListItem","position":2,"name":"Destinations","item":"https:\/\/www.italyfamilyhotels.it\/fr\/destinations"},{"@type":"ListItem","position":3,"name":"Dolomites frioulanes"}]},{"@type":"WebSite","@id":"https:\/\/www.italyfamilyhotels.it\/#website","url":"https:\/\/www.italyfamilyhotels.it\/","name":"Italy Family Hotels","description":"","potentialAction":[{"@type":"SearchAction","target":{"@type":"EntryPoint","urlTemplate":"https:\/\/www.italyfamilyhotels.it\/?s={search_term_string}"},"query-input":{"@type":"PropertyValueSpecification","valueRequired":true,"valueName":"search_term_string"}}],"inLanguage":"fr-FR"}]}},"_links":{"self":[{"href":"https:\/\/www.italyfamilyhotels.it\/fr\/wp-json\/wp\/v2\/pages\/43836","targetHints":{"allow":["GET"]}}],"collection":[{"href":"https:\/\/www.italyfamilyhotels.it\/fr\/wp-json\/wp\/v2\/pages"}],"about":[{"href":"https:\/\/www.italyfamilyhotels.it\/fr\/wp-json\/wp\/v2\/types\/page"}],"author":[{"embeddable":true,"href":"https:\/\/www.italyfamilyhotels.it\/fr\/wp-json\/wp\/v2\/users\/2"}],"replies":[{"embeddable":true,"href":"https:\/\/www.italyfamilyhotels.it\/fr\/wp-json\/wp\/v2\/comments?post=43836"}],"version-history":[{"count":4,"href":"https:\/\/www.italyfamilyhotels.it\/fr\/wp-json\/wp\/v2\/pages\/43836\/revisions"}],"predecessor-version":[{"id":45246,"href":"https:\/\/www.italyfamilyhotels.it\/fr\/wp-json\/wp\/v2\/pages\/43836\/revisions\/45246"}],"up":[{"embeddable":true,"href":"https:\/\/www.italyfamilyhotels.it\/fr\/wp-json\/wp\/v2\/pages\/43316"}],"wp:attachment":[{"href":"https:\/\/www.italyfamilyhotels.it\/fr\/wp-json\/wp\/v2\/media?parent=43836"}],"curies":[{"name":"wp","href":"https:\/\/api.w.org\/{rel}","templated":true}]}}