{"id":43834,"date":"2023-01-23T14:24:38","date_gmt":"2023-01-23T13:24:38","guid":{"rendered":"https:\/\/www.italyfamilyhotels.it\/destinations\/abruzzes\/tortoreto-lido"},"modified":"2023-01-24T15:53:47","modified_gmt":"2023-01-24T14:53:47","slug":"tortoreto-lido","status":"publish","type":"page","link":"https:\/\/www.italyfamilyhotels.it\/fr\/destinations\/abruzzes-mer\/tortoreto-lido","title":{"rendered":"Tortoreto Lido"},"content":{"rendered":"\n<p>Tortoreto Lido vante <b>4&nbsp;km de c\u00f4te<\/b> dont profiter en s\u2019<b>amusant<\/b> et en se <b>d\u00e9tendant<\/b>&nbsp;: les plages libres alternent avec les <b>\u00e9tablissements \u00e9quip\u00e9s<\/b>, lesquels proposent un riche programme d\u2019<b>animation <\/b>pour les enfants. La mer aux <b>eaux propres<\/b> qui <b>descend lentement<\/b> et le <b>sable doux<\/b> font de Tortoreto Lido un cadre fantastique pour des <b>vacances en famille<\/b>. Le <b>front de mer<\/b> est un <b>espace actif<\/b> o\u00f9 s&#8217;amuser en toute s\u00e9curit\u00e9, avec des <b>aires de jeux<\/b> \u00e0 l&#8217;ombre des palmiers, ou encore faire du sport, se promener en toute s\u00e9curit\u00e9 avec les plus petits, patiner et faire du v\u00e9lo sur la <b>piste<\/b> <b>cyclable<\/b>.<\/p>\n","protected":false},"excerpt":{"rendered":"<p>Tortoreto Lido vante 4&nbsp;km de c\u00f4te dont profiter en s\u2019amusant et en se d\u00e9tendant&nbsp;: les plages libres alternent avec les \u00e9tablissements \u00e9quip\u00e9s, lesquels proposent un riche programme d\u2019animation pour les enfants. La mer aux eaux propres qui descend lentement et le sable doux font de Tortoreto Lido un cadre fantastique pour des vacances en famille. &hellip;<\/p>\n","protected":false},"author":2,"featured_media":0,"parent":43563,"menu_order":0,"comment_status":"closed","ping_status":"closed","template":"page-templates\/scheda_localita.php","meta":{"_acf_changed":false,"inline_featured_image":false,"footnotes":""},"class_list":["post-43834","page","type-page","status-publish","hentry"],"acf":[],"yoast_head":"<!-- This site is optimized with the Yoast SEO plugin v27.1 - https:\/\/yoast.com\/product\/yoast-seo-wordpress\/ -->\n<title>Les meilleurs H\u00f4tels pour familles \u00e0 Tortoreto Lido<\/title>\n<meta name=\"description\" content=\"Envie de vacances en famille ? Nous avons s\u00e9lectionn\u00e9 les meilleurs Family Hotel en Italie \u00e0 Tortoreto Lido\" \/>\n<meta name=\"robots\" content=\"index, follow, max-snippet:-1, max-image-preview:large, max-video-preview:-1\" \/>\n<link rel=\"canonical\" href=\"https:\/\/www.italyfamilyhotels.it\/fr\/destinations\/abruzzes-mer\/tortoreto-lido\" \/>\n<meta property=\"og:locale\" content=\"fr_FR\" \/>\n<meta property=\"og:type\" content=\"article\" \/>\n<meta property=\"og:title\" content=\"Les meilleurs H\u00f4tels pour familles \u00e0 Tortoreto Lido\" \/>\n<meta property=\"og:description\" content=\"Envie de vacances en famille ? Nous avons s\u00e9lectionn\u00e9 les meilleurs Family Hotel en Italie \u00e0 Tortoreto Lido\" \/>\n<meta property=\"og:url\" content=\"https:\/\/www.italyfamilyhotels.it\/fr\/destinations\/abruzzes-mer\/tortoreto-lido\" \/>\n<meta property=\"og:site_name\" content=\"Italy Family Hotels\" \/>\n<meta property=\"article:publisher\" content=\"https:\/\/www.facebook.com\/ItalyFamilyHotels\/\" \/>\n<meta property=\"article:modified_time\" content=\"2023-01-24T14:53:47+00:00\" \/>\n<meta name=\"twitter:card\" content=\"summary_large_image\" \/>\n<meta name=\"twitter:label1\" content=\"Dur\u00e9e de lecture estim\u00e9e\" \/>\n\t<meta name=\"twitter:data1\" content=\"1 minute\" \/>\n<script type=\"application\/ld+json\" class=\"yoast-schema-graph\">{\"@context\":\"https:\/\/schema.org\",\"@graph\":[{\"@type\":\"WebPage\",\"@id\":\"https:\/\/www.italyfamilyhotels.it\/fr\/destinations\/abruzzes-mer\/tortoreto-lido\",\"url\":\"https:\/\/www.italyfamilyhotels.it\/fr\/destinations\/abruzzes-mer\/tortoreto-lido\",\"name\":\"Les meilleurs H\u00f4tels pour familles \u00e0 Tortoreto Lido\",\"isPartOf\":{\"@id\":\"https:\/\/www.italyfamilyhotels.it\/#website\"},\"datePublished\":\"2023-01-23T13:24:38+00:00\",\"dateModified\":\"2023-01-24T14:53:47+00:00\",\"description\":\"Envie de vacances en famille ? Nous avons s\u00e9lectionn\u00e9 les meilleurs Family Hotel en Italie \u00e0 Tortoreto Lido\",\"breadcrumb\":{\"@id\":\"https:\/\/www.italyfamilyhotels.it\/fr\/destinations\/abruzzes-mer\/tortoreto-lido#breadcrumb\"},\"inLanguage\":\"fr-FR\",\"potentialAction\":[{\"@type\":\"ReadAction\",\"target\":[\"https:\/\/www.italyfamilyhotels.it\/fr\/destinations\/abruzzes-mer\/tortoreto-lido\"]}]},{\"@type\":\"BreadcrumbList\",\"@id\":\"https:\/\/www.italyfamilyhotels.it\/fr\/destinations\/abruzzes-mer\/tortoreto-lido#breadcrumb\",\"itemListElement\":[{\"@type\":\"ListItem\",\"position\":1,\"name\":\"Home\",\"item\":\"https:\/\/www.italyfamilyhotels.it\/fr\"},{\"@type\":\"ListItem\",\"position\":2,\"name\":\"Destinations\",\"item\":\"https:\/\/www.italyfamilyhotels.it\/fr\/destinations\"},{\"@type\":\"ListItem\",\"position\":3,\"name\":\"Abruzzes\",\"item\":\"https:\/\/www.italyfamilyhotels.it\/fr\/destinations\/abruzzes-mer\"},{\"@type\":\"ListItem\",\"position\":4,\"name\":\"Tortoreto Lido\"}]},{\"@type\":\"WebSite\",\"@id\":\"https:\/\/www.italyfamilyhotels.it\/#website\",\"url\":\"https:\/\/www.italyfamilyhotels.it\/\",\"name\":\"Italy Family Hotels\",\"description\":\"\",\"potentialAction\":[{\"@type\":\"SearchAction\",\"target\":{\"@type\":\"EntryPoint\",\"urlTemplate\":\"https:\/\/www.italyfamilyhotels.it\/?s={search_term_string}\"},\"query-input\":{\"@type\":\"PropertyValueSpecification\",\"valueRequired\":true,\"valueName\":\"search_term_string\"}}],\"inLanguage\":\"fr-FR\"}]}<\/script>\n<!-- \/ Yoast SEO plugin. -->","yoast_head_json":{"title":"Les meilleurs H\u00f4tels pour familles \u00e0 Tortoreto Lido","description":"Envie de vacances en famille ? Nous avons s\u00e9lectionn\u00e9 les meilleurs Family Hotel en Italie \u00e0 Tortoreto Lido","robots":{"index":"index","follow":"follow","max-snippet":"max-snippet:-1","max-image-preview":"max-image-preview:large","max-video-preview":"max-video-preview:-1"},"canonical":"https:\/\/www.italyfamilyhotels.it\/fr\/destinations\/abruzzes-mer\/tortoreto-lido","og_locale":"fr_FR","og_type":"article","og_title":"Les meilleurs H\u00f4tels pour familles \u00e0 Tortoreto Lido","og_description":"Envie de vacances en famille ? Nous avons s\u00e9lectionn\u00e9 les meilleurs Family Hotel en Italie \u00e0 Tortoreto Lido","og_url":"https:\/\/www.italyfamilyhotels.it\/fr\/destinations\/abruzzes-mer\/tortoreto-lido","og_site_name":"Italy Family Hotels","article_publisher":"https:\/\/www.facebook.com\/ItalyFamilyHotels\/","article_modified_time":"2023-01-24T14:53:47+00:00","twitter_card":"summary_large_image","twitter_misc":{"Dur\u00e9e de lecture estim\u00e9e":"1 minute"},"schema":{"@context":"https:\/\/schema.org","@graph":[{"@type":"WebPage","@id":"https:\/\/www.italyfamilyhotels.it\/fr\/destinations\/abruzzes-mer\/tortoreto-lido","url":"https:\/\/www.italyfamilyhotels.it\/fr\/destinations\/abruzzes-mer\/tortoreto-lido","name":"Les meilleurs H\u00f4tels pour familles \u00e0 Tortoreto Lido","isPartOf":{"@id":"https:\/\/www.italyfamilyhotels.it\/#website"},"datePublished":"2023-01-23T13:24:38+00:00","dateModified":"2023-01-24T14:53:47+00:00","description":"Envie de vacances en famille ? Nous avons s\u00e9lectionn\u00e9 les meilleurs Family Hotel en Italie \u00e0 Tortoreto Lido","breadcrumb":{"@id":"https:\/\/www.italyfamilyhotels.it\/fr\/destinations\/abruzzes-mer\/tortoreto-lido#breadcrumb"},"inLanguage":"fr-FR","potentialAction":[{"@type":"ReadAction","target":["https:\/\/www.italyfamilyhotels.it\/fr\/destinations\/abruzzes-mer\/tortoreto-lido"]}]},{"@type":"BreadcrumbList","@id":"https:\/\/www.italyfamilyhotels.it\/fr\/destinations\/abruzzes-mer\/tortoreto-lido#breadcrumb","itemListElement":[{"@type":"ListItem","position":1,"name":"Home","item":"https:\/\/www.italyfamilyhotels.it\/fr"},{"@type":"ListItem","position":2,"name":"Destinations","item":"https:\/\/www.italyfamilyhotels.it\/fr\/destinations"},{"@type":"ListItem","position":3,"name":"Abruzzes","item":"https:\/\/www.italyfamilyhotels.it\/fr\/destinations\/abruzzes-mer"},{"@type":"ListItem","position":4,"name":"Tortoreto Lido"}]},{"@type":"WebSite","@id":"https:\/\/www.italyfamilyhotels.it\/#website","url":"https:\/\/www.italyfamilyhotels.it\/","name":"Italy Family Hotels","description":"","potentialAction":[{"@type":"SearchAction","target":{"@type":"EntryPoint","urlTemplate":"https:\/\/www.italyfamilyhotels.it\/?s={search_term_string}"},"query-input":{"@type":"PropertyValueSpecification","valueRequired":true,"valueName":"search_term_string"}}],"inLanguage":"fr-FR"}]}},"_links":{"self":[{"href":"https:\/\/www.italyfamilyhotels.it\/fr\/wp-json\/wp\/v2\/pages\/43834","targetHints":{"allow":["GET"]}}],"collection":[{"href":"https:\/\/www.italyfamilyhotels.it\/fr\/wp-json\/wp\/v2\/pages"}],"about":[{"href":"https:\/\/www.italyfamilyhotels.it\/fr\/wp-json\/wp\/v2\/types\/page"}],"author":[{"embeddable":true,"href":"https:\/\/www.italyfamilyhotels.it\/fr\/wp-json\/wp\/v2\/users\/2"}],"replies":[{"embeddable":true,"href":"https:\/\/www.italyfamilyhotels.it\/fr\/wp-json\/wp\/v2\/comments?post=43834"}],"version-history":[{"count":2,"href":"https:\/\/www.italyfamilyhotels.it\/fr\/wp-json\/wp\/v2\/pages\/43834\/revisions"}],"predecessor-version":[{"id":44124,"href":"https:\/\/www.italyfamilyhotels.it\/fr\/wp-json\/wp\/v2\/pages\/43834\/revisions\/44124"}],"up":[{"embeddable":true,"href":"https:\/\/www.italyfamilyhotels.it\/fr\/wp-json\/wp\/v2\/pages\/43563"}],"wp:attachment":[{"href":"https:\/\/www.italyfamilyhotels.it\/fr\/wp-json\/wp\/v2\/media?parent=43834"}],"curies":[{"name":"wp","href":"https:\/\/api.w.org\/{rel}","templated":true}]}}