{"id":43824,"date":"2023-01-23T14:24:17","date_gmt":"2023-01-23T13:24:17","guid":{"rendered":"https:\/\/www.italyfamilyhotels.it\/destinations\/trentin-haut-adige\/san-candido"},"modified":"2023-01-25T13:15:14","modified_gmt":"2023-01-25T12:15:14","slug":"san-candido","status":"publish","type":"page","link":"https:\/\/www.italyfamilyhotels.it\/fr\/destinations\/trentin-haut-adige\/san-candido","title":{"rendered":"San Candido"},"content":{"rendered":"\n<p><b>San Candido<\/b> est un paradis en toute saison, avec ses majestueux sommets, pour une exp\u00e9rience unique. En \u00e9t\u00e9, vous pouvez vous aventurer dans de fantastiques <b>randonn\u00e9es ou<\/b> monter <b>sur un VTT<\/b>. En hiver, ce m\u00eame lieu se transforme en <b>paradis du sport d&#8217;hiver<\/b>. Sport mais \u00e9galement culture : vous pouvez visiter tous les jours <b>la Collegiata<\/b>, l&#8217;\u00e9glise avec monast\u00e8re attenant, et sa crypte \u00e0 trois nefs. Et qui souhaite se plonger dans l&#8217;histoire des Dolomites pourra visiter le <b>Mus\u00e9e \u00ab&nbsp;Dolomythos&nbsp;\u00bb<\/b> pour un voyage \u00e0 travers les mythes, les l\u00e9gendes et&#8230; les dinosaures. Dans la <b>zone pi\u00e9tonne<\/b> de San Candido, vous trouverez des boutiques et de splendides magasins. Des auberges rustiques et des bars raffin\u00e9s offrent aux h\u00f4tes la possibilit\u00e9 de faire une pause agr\u00e9able et de d\u00e9guster les sp\u00e9cialit\u00e9s de la r\u00e9gion.<\/p>\n","protected":false},"excerpt":{"rendered":"<p>San Candido est un paradis en toute saison, avec ses majestueux sommets, pour une exp\u00e9rience unique. En \u00e9t\u00e9, vous pouvez vous aventurer dans de fantastiques randonn\u00e9es ou monter sur un VTT. En hiver, ce m\u00eame lieu se transforme en paradis du sport d&#8217;hiver. Sport mais \u00e9galement culture : vous pouvez visiter tous les jours la &hellip;<\/p>\n","protected":false},"author":2,"featured_media":0,"parent":43583,"menu_order":0,"comment_status":"closed","ping_status":"closed","template":"page-templates\/scheda_localita.php","meta":{"_acf_changed":false,"inline_featured_image":false,"footnotes":""},"class_list":["post-43824","page","type-page","status-publish","hentry"],"acf":[],"yoast_head":"<!-- This site is optimized with the Yoast SEO plugin v27.1 - https:\/\/yoast.com\/product\/yoast-seo-wordpress\/ -->\n<title>Les meilleurs H\u00f4tels pour familles \u00e0 San Candido<\/title>\n<meta name=\"description\" content=\"Envie de vacances en famille dans les Dolomites italiennes ? Nous avons s\u00e9lectionn\u00e9 les meilleurs Family Hotels \u00e0 San Candido\" \/>\n<meta name=\"robots\" content=\"index, follow, max-snippet:-1, max-image-preview:large, max-video-preview:-1\" \/>\n<link rel=\"canonical\" href=\"https:\/\/www.italyfamilyhotels.it\/fr\/destinations\/trentin-haut-adige\/san-candido\" \/>\n<meta property=\"og:locale\" content=\"fr_FR\" \/>\n<meta property=\"og:type\" content=\"article\" \/>\n<meta property=\"og:title\" content=\"Les meilleurs H\u00f4tels pour familles \u00e0 San Candido\" \/>\n<meta property=\"og:description\" content=\"Envie de vacances en famille dans les Dolomites italiennes ? Nous avons s\u00e9lectionn\u00e9 les meilleurs Family Hotels \u00e0 San Candido\" \/>\n<meta property=\"og:url\" content=\"https:\/\/www.italyfamilyhotels.it\/fr\/destinations\/trentin-haut-adige\/san-candido\" \/>\n<meta property=\"og:site_name\" content=\"Italy Family Hotels\" \/>\n<meta property=\"article:publisher\" content=\"https:\/\/www.facebook.com\/ItalyFamilyHotels\/\" \/>\n<meta property=\"article:modified_time\" content=\"2023-01-25T12:15:14+00:00\" \/>\n<meta name=\"twitter:card\" content=\"summary_large_image\" \/>\n<meta name=\"twitter:label1\" content=\"Dur\u00e9e de lecture estim\u00e9e\" \/>\n\t<meta name=\"twitter:data1\" content=\"1 minute\" \/>\n<script type=\"application\/ld+json\" class=\"yoast-schema-graph\">{\"@context\":\"https:\/\/schema.org\",\"@graph\":[{\"@type\":\"WebPage\",\"@id\":\"https:\/\/www.italyfamilyhotels.it\/fr\/destinations\/trentin-haut-adige\/san-candido\",\"url\":\"https:\/\/www.italyfamilyhotels.it\/fr\/destinations\/trentin-haut-adige\/san-candido\",\"name\":\"Les meilleurs H\u00f4tels pour familles \u00e0 San Candido\",\"isPartOf\":{\"@id\":\"https:\/\/www.italyfamilyhotels.it\/#website\"},\"datePublished\":\"2023-01-23T13:24:17+00:00\",\"dateModified\":\"2023-01-25T12:15:14+00:00\",\"description\":\"Envie de vacances en famille dans les Dolomites italiennes ? Nous avons s\u00e9lectionn\u00e9 les meilleurs Family Hotels \u00e0 San Candido\",\"breadcrumb\":{\"@id\":\"https:\/\/www.italyfamilyhotels.it\/fr\/destinations\/trentin-haut-adige\/san-candido#breadcrumb\"},\"inLanguage\":\"fr-FR\",\"potentialAction\":[{\"@type\":\"ReadAction\",\"target\":[\"https:\/\/www.italyfamilyhotels.it\/fr\/destinations\/trentin-haut-adige\/san-candido\"]}]},{\"@type\":\"BreadcrumbList\",\"@id\":\"https:\/\/www.italyfamilyhotels.it\/fr\/destinations\/trentin-haut-adige\/san-candido#breadcrumb\",\"itemListElement\":[{\"@type\":\"ListItem\",\"position\":1,\"name\":\"Home\",\"item\":\"https:\/\/www.italyfamilyhotels.it\/fr\"},{\"@type\":\"ListItem\",\"position\":2,\"name\":\"Destinations\",\"item\":\"https:\/\/www.italyfamilyhotels.it\/fr\/destinations\"},{\"@type\":\"ListItem\",\"position\":3,\"name\":\"Trentin Haut-Adige\",\"item\":\"https:\/\/www.italyfamilyhotels.it\/fr\/destinations\/trentin-haut-adige\"},{\"@type\":\"ListItem\",\"position\":4,\"name\":\"San Candido\"}]},{\"@type\":\"WebSite\",\"@id\":\"https:\/\/www.italyfamilyhotels.it\/#website\",\"url\":\"https:\/\/www.italyfamilyhotels.it\/\",\"name\":\"Italy Family Hotels\",\"description\":\"\",\"potentialAction\":[{\"@type\":\"SearchAction\",\"target\":{\"@type\":\"EntryPoint\",\"urlTemplate\":\"https:\/\/www.italyfamilyhotels.it\/?s={search_term_string}\"},\"query-input\":{\"@type\":\"PropertyValueSpecification\",\"valueRequired\":true,\"valueName\":\"search_term_string\"}}],\"inLanguage\":\"fr-FR\"}]}<\/script>\n<!-- \/ Yoast SEO plugin. -->","yoast_head_json":{"title":"Les meilleurs H\u00f4tels pour familles \u00e0 San Candido","description":"Envie de vacances en famille dans les Dolomites italiennes ? Nous avons s\u00e9lectionn\u00e9 les meilleurs Family Hotels \u00e0 San Candido","robots":{"index":"index","follow":"follow","max-snippet":"max-snippet:-1","max-image-preview":"max-image-preview:large","max-video-preview":"max-video-preview:-1"},"canonical":"https:\/\/www.italyfamilyhotels.it\/fr\/destinations\/trentin-haut-adige\/san-candido","og_locale":"fr_FR","og_type":"article","og_title":"Les meilleurs H\u00f4tels pour familles \u00e0 San Candido","og_description":"Envie de vacances en famille dans les Dolomites italiennes ? Nous avons s\u00e9lectionn\u00e9 les meilleurs Family Hotels \u00e0 San Candido","og_url":"https:\/\/www.italyfamilyhotels.it\/fr\/destinations\/trentin-haut-adige\/san-candido","og_site_name":"Italy Family Hotels","article_publisher":"https:\/\/www.facebook.com\/ItalyFamilyHotels\/","article_modified_time":"2023-01-25T12:15:14+00:00","twitter_card":"summary_large_image","twitter_misc":{"Dur\u00e9e de lecture estim\u00e9e":"1 minute"},"schema":{"@context":"https:\/\/schema.org","@graph":[{"@type":"WebPage","@id":"https:\/\/www.italyfamilyhotels.it\/fr\/destinations\/trentin-haut-adige\/san-candido","url":"https:\/\/www.italyfamilyhotels.it\/fr\/destinations\/trentin-haut-adige\/san-candido","name":"Les meilleurs H\u00f4tels pour familles \u00e0 San Candido","isPartOf":{"@id":"https:\/\/www.italyfamilyhotels.it\/#website"},"datePublished":"2023-01-23T13:24:17+00:00","dateModified":"2023-01-25T12:15:14+00:00","description":"Envie de vacances en famille dans les Dolomites italiennes ? Nous avons s\u00e9lectionn\u00e9 les meilleurs Family Hotels \u00e0 San Candido","breadcrumb":{"@id":"https:\/\/www.italyfamilyhotels.it\/fr\/destinations\/trentin-haut-adige\/san-candido#breadcrumb"},"inLanguage":"fr-FR","potentialAction":[{"@type":"ReadAction","target":["https:\/\/www.italyfamilyhotels.it\/fr\/destinations\/trentin-haut-adige\/san-candido"]}]},{"@type":"BreadcrumbList","@id":"https:\/\/www.italyfamilyhotels.it\/fr\/destinations\/trentin-haut-adige\/san-candido#breadcrumb","itemListElement":[{"@type":"ListItem","position":1,"name":"Home","item":"https:\/\/www.italyfamilyhotels.it\/fr"},{"@type":"ListItem","position":2,"name":"Destinations","item":"https:\/\/www.italyfamilyhotels.it\/fr\/destinations"},{"@type":"ListItem","position":3,"name":"Trentin Haut-Adige","item":"https:\/\/www.italyfamilyhotels.it\/fr\/destinations\/trentin-haut-adige"},{"@type":"ListItem","position":4,"name":"San Candido"}]},{"@type":"WebSite","@id":"https:\/\/www.italyfamilyhotels.it\/#website","url":"https:\/\/www.italyfamilyhotels.it\/","name":"Italy Family Hotels","description":"","potentialAction":[{"@type":"SearchAction","target":{"@type":"EntryPoint","urlTemplate":"https:\/\/www.italyfamilyhotels.it\/?s={search_term_string}"},"query-input":{"@type":"PropertyValueSpecification","valueRequired":true,"valueName":"search_term_string"}}],"inLanguage":"fr-FR"}]}},"_links":{"self":[{"href":"https:\/\/www.italyfamilyhotels.it\/fr\/wp-json\/wp\/v2\/pages\/43824","targetHints":{"allow":["GET"]}}],"collection":[{"href":"https:\/\/www.italyfamilyhotels.it\/fr\/wp-json\/wp\/v2\/pages"}],"about":[{"href":"https:\/\/www.italyfamilyhotels.it\/fr\/wp-json\/wp\/v2\/types\/page"}],"author":[{"embeddable":true,"href":"https:\/\/www.italyfamilyhotels.it\/fr\/wp-json\/wp\/v2\/users\/2"}],"replies":[{"embeddable":true,"href":"https:\/\/www.italyfamilyhotels.it\/fr\/wp-json\/wp\/v2\/comments?post=43824"}],"version-history":[{"count":2,"href":"https:\/\/www.italyfamilyhotels.it\/fr\/wp-json\/wp\/v2\/pages\/43824\/revisions"}],"predecessor-version":[{"id":44389,"href":"https:\/\/www.italyfamilyhotels.it\/fr\/wp-json\/wp\/v2\/pages\/43824\/revisions\/44389"}],"up":[{"embeddable":true,"href":"https:\/\/www.italyfamilyhotels.it\/fr\/wp-json\/wp\/v2\/pages\/43583"}],"wp:attachment":[{"href":"https:\/\/www.italyfamilyhotels.it\/fr\/wp-json\/wp\/v2\/media?parent=43824"}],"curies":[{"name":"wp","href":"https:\/\/api.w.org\/{rel}","templated":true}]}}