{"id":43820,"date":"2023-01-23T14:24:10","date_gmt":"2023-01-23T13:24:10","guid":{"rendered":"https:\/\/www.italyfamilyhotels.it\/destinations\/les-marches\/gabicce-mare"},"modified":"2023-01-25T09:13:02","modified_gmt":"2023-01-25T08:13:02","slug":"gabicce-mare","status":"publish","type":"page","link":"https:\/\/www.italyfamilyhotels.it\/fr\/destinations\/les-marches\/gabicce-mare","title":{"rendered":"Gabicce Mare"},"content":{"rendered":"\n<p>Ce petit golfe surplombant l&#8217;Adriatique est d&#8217;une grande beaut\u00e9 et un spectacle naturel inhabituel pour la c\u00f4te des Marches. Que ce soit en raison des splendides gen\u00eats qui colorent le jardin le <b>Mont San Bartolo<\/b> de jaune au printemps, ou de la falaise surplombant la mer, ce lieu a tr\u00e8s certainement quelque chose de magique. Les plages de <b>sable tr\u00e8s fin<\/b> au pied de la montagne et les <b>eaux limpides<\/b> rencontrent la verdure du Parc de San Bartolo (zone prot\u00e9g\u00e9e \u00e0 visiter absolument), et offrent non seulement des paysages enchanteurs mais \u00e9galement un air sain et agr\u00e9able tant appr\u00e9ci\u00e9 des mamans. De juin \u00e0 septembre, le centre de <b>Gabicce Mare<\/b> est une zone \u00e0 trafic limit\u00e9, donc le passage des voitures est r\u00e9duit au minimum, pour vous promener en toute tranquillit\u00e9. Pour qui souhaite profiter du spectacle d&#8217;un coucher de soleil suggestif, il est alors possible de s&#8217;aventurer dans la partie vallonn\u00e9e. Ici, au sommet de la \u00ab&nbsp;terrasse surplombant la mer&nbsp;\u00bb, vous trouverez une \u00e9tendue plate entour\u00e9e de maquis m\u00e9diterran\u00e9en, d\u2019o\u00f9 vous pourrez admirer une vue panoramique vraiment unique entour\u00e9e de verdure et observer toute la c\u00f4te. <b>Gabicce Monte<\/b>, l&#8217;ancien Castrum Ligabitii, accessible par la belle route panoramique, vaut \u00e9galement le d\u00e9tour.<\/p>\n","protected":false},"excerpt":{"rendered":"<p>Ce petit golfe surplombant l&#8217;Adriatique est d&#8217;une grande beaut\u00e9 et un spectacle naturel inhabituel pour la c\u00f4te des Marches. Que ce soit en raison des splendides gen\u00eats qui colorent le jardin le Mont San Bartolo de jaune au printemps, ou de la falaise surplombant la mer, ce lieu a tr\u00e8s certainement quelque chose de magique. &hellip;<\/p>\n","protected":false},"author":2,"featured_media":0,"parent":49810,"menu_order":0,"comment_status":"closed","ping_status":"closed","template":"page-templates\/scheda_localita.php","meta":{"_acf_changed":false,"inline_featured_image":false,"footnotes":""},"class_list":["post-43820","page","type-page","status-publish","hentry"],"acf":[],"yoast_head":"<!-- This site is optimized with the Yoast SEO plugin v27.1 - https:\/\/yoast.com\/product\/yoast-seo-wordpress\/ -->\n<title>Les meilleurs H\u00f4tels pour familles \u00e0 Gabicce Mare<\/title>\n<meta name=\"description\" content=\"Envie de vacances en famille? Nous avons s\u00e9lectionn\u00e9 les meilleurs Family Hotel \u00e0 Gabicce Mare sul la c\u00f4te adriatique\" \/>\n<meta name=\"robots\" content=\"index, follow, max-snippet:-1, max-image-preview:large, max-video-preview:-1\" \/>\n<link rel=\"canonical\" href=\"https:\/\/www.italyfamilyhotels.it\/fr\/destinations\/les-marches\/gabicce-mare\" \/>\n<meta property=\"og:locale\" content=\"fr_FR\" \/>\n<meta property=\"og:type\" content=\"article\" \/>\n<meta property=\"og:title\" content=\"Les meilleurs H\u00f4tels pour familles \u00e0 Gabicce Mare\" \/>\n<meta property=\"og:description\" content=\"Envie de vacances en famille? Nous avons s\u00e9lectionn\u00e9 les meilleurs Family Hotel \u00e0 Gabicce Mare sul la c\u00f4te adriatique\" \/>\n<meta property=\"og:url\" content=\"https:\/\/www.italyfamilyhotels.it\/fr\/destinations\/les-marches\/gabicce-mare\" \/>\n<meta property=\"og:site_name\" content=\"Italy Family Hotels\" \/>\n<meta property=\"article:publisher\" content=\"https:\/\/www.facebook.com\/ItalyFamilyHotels\/\" \/>\n<meta property=\"article:modified_time\" content=\"2023-01-25T08:13:02+00:00\" \/>\n<meta name=\"twitter:card\" content=\"summary_large_image\" \/>\n<meta name=\"twitter:label1\" content=\"Dur\u00e9e de lecture estim\u00e9e\" \/>\n\t<meta name=\"twitter:data1\" content=\"1 minute\" \/>\n<script type=\"application\/ld+json\" class=\"yoast-schema-graph\">{\"@context\":\"https:\/\/schema.org\",\"@graph\":[{\"@type\":\"WebPage\",\"@id\":\"https:\/\/www.italyfamilyhotels.it\/fr\/destinations\/les-marches\/gabicce-mare\",\"url\":\"https:\/\/www.italyfamilyhotels.it\/fr\/destinations\/les-marches\/gabicce-mare\",\"name\":\"Les meilleurs H\u00f4tels pour familles \u00e0 Gabicce Mare\",\"isPartOf\":{\"@id\":\"https:\/\/www.italyfamilyhotels.it\/#website\"},\"datePublished\":\"2023-01-23T13:24:10+00:00\",\"dateModified\":\"2023-01-25T08:13:02+00:00\",\"description\":\"Envie de vacances en famille? Nous avons s\u00e9lectionn\u00e9 les meilleurs Family Hotel \u00e0 Gabicce Mare sul la c\u00f4te adriatique\",\"breadcrumb\":{\"@id\":\"https:\/\/www.italyfamilyhotels.it\/fr\/destinations\/les-marches\/gabicce-mare#breadcrumb\"},\"inLanguage\":\"fr-FR\",\"potentialAction\":[{\"@type\":\"ReadAction\",\"target\":[\"https:\/\/www.italyfamilyhotels.it\/fr\/destinations\/les-marches\/gabicce-mare\"]}]},{\"@type\":\"BreadcrumbList\",\"@id\":\"https:\/\/www.italyfamilyhotels.it\/fr\/destinations\/les-marches\/gabicce-mare#breadcrumb\",\"itemListElement\":[{\"@type\":\"ListItem\",\"position\":1,\"name\":\"Home\",\"item\":\"https:\/\/www.italyfamilyhotels.it\/fr\"},{\"@type\":\"ListItem\",\"position\":2,\"name\":\"Destinations\",\"item\":\"https:\/\/www.italyfamilyhotels.it\/fr\/destinations\"},{\"@type\":\"ListItem\",\"position\":3,\"name\":\"Les Marches\",\"item\":\"https:\/\/www.italyfamilyhotels.it\/fr\/destinations\/les-marches\"},{\"@type\":\"ListItem\",\"position\":4,\"name\":\"Gabicce Mare\"}]},{\"@type\":\"WebSite\",\"@id\":\"https:\/\/www.italyfamilyhotels.it\/#website\",\"url\":\"https:\/\/www.italyfamilyhotels.it\/\",\"name\":\"Italy Family Hotels\",\"description\":\"\",\"potentialAction\":[{\"@type\":\"SearchAction\",\"target\":{\"@type\":\"EntryPoint\",\"urlTemplate\":\"https:\/\/www.italyfamilyhotels.it\/?s={search_term_string}\"},\"query-input\":{\"@type\":\"PropertyValueSpecification\",\"valueRequired\":true,\"valueName\":\"search_term_string\"}}],\"inLanguage\":\"fr-FR\"}]}<\/script>\n<!-- \/ Yoast SEO plugin. -->","yoast_head_json":{"title":"Les meilleurs H\u00f4tels pour familles \u00e0 Gabicce Mare","description":"Envie de vacances en famille? Nous avons s\u00e9lectionn\u00e9 les meilleurs Family Hotel \u00e0 Gabicce Mare sul la c\u00f4te adriatique","robots":{"index":"index","follow":"follow","max-snippet":"max-snippet:-1","max-image-preview":"max-image-preview:large","max-video-preview":"max-video-preview:-1"},"canonical":"https:\/\/www.italyfamilyhotels.it\/fr\/destinations\/les-marches\/gabicce-mare","og_locale":"fr_FR","og_type":"article","og_title":"Les meilleurs H\u00f4tels pour familles \u00e0 Gabicce Mare","og_description":"Envie de vacances en famille? Nous avons s\u00e9lectionn\u00e9 les meilleurs Family Hotel \u00e0 Gabicce Mare sul la c\u00f4te adriatique","og_url":"https:\/\/www.italyfamilyhotels.it\/fr\/destinations\/les-marches\/gabicce-mare","og_site_name":"Italy Family Hotels","article_publisher":"https:\/\/www.facebook.com\/ItalyFamilyHotels\/","article_modified_time":"2023-01-25T08:13:02+00:00","twitter_card":"summary_large_image","twitter_misc":{"Dur\u00e9e de lecture estim\u00e9e":"1 minute"},"schema":{"@context":"https:\/\/schema.org","@graph":[{"@type":"WebPage","@id":"https:\/\/www.italyfamilyhotels.it\/fr\/destinations\/les-marches\/gabicce-mare","url":"https:\/\/www.italyfamilyhotels.it\/fr\/destinations\/les-marches\/gabicce-mare","name":"Les meilleurs H\u00f4tels pour familles \u00e0 Gabicce Mare","isPartOf":{"@id":"https:\/\/www.italyfamilyhotels.it\/#website"},"datePublished":"2023-01-23T13:24:10+00:00","dateModified":"2023-01-25T08:13:02+00:00","description":"Envie de vacances en famille? Nous avons s\u00e9lectionn\u00e9 les meilleurs Family Hotel \u00e0 Gabicce Mare sul la c\u00f4te adriatique","breadcrumb":{"@id":"https:\/\/www.italyfamilyhotels.it\/fr\/destinations\/les-marches\/gabicce-mare#breadcrumb"},"inLanguage":"fr-FR","potentialAction":[{"@type":"ReadAction","target":["https:\/\/www.italyfamilyhotels.it\/fr\/destinations\/les-marches\/gabicce-mare"]}]},{"@type":"BreadcrumbList","@id":"https:\/\/www.italyfamilyhotels.it\/fr\/destinations\/les-marches\/gabicce-mare#breadcrumb","itemListElement":[{"@type":"ListItem","position":1,"name":"Home","item":"https:\/\/www.italyfamilyhotels.it\/fr"},{"@type":"ListItem","position":2,"name":"Destinations","item":"https:\/\/www.italyfamilyhotels.it\/fr\/destinations"},{"@type":"ListItem","position":3,"name":"Les Marches","item":"https:\/\/www.italyfamilyhotels.it\/fr\/destinations\/les-marches"},{"@type":"ListItem","position":4,"name":"Gabicce Mare"}]},{"@type":"WebSite","@id":"https:\/\/www.italyfamilyhotels.it\/#website","url":"https:\/\/www.italyfamilyhotels.it\/","name":"Italy Family Hotels","description":"","potentialAction":[{"@type":"SearchAction","target":{"@type":"EntryPoint","urlTemplate":"https:\/\/www.italyfamilyhotels.it\/?s={search_term_string}"},"query-input":{"@type":"PropertyValueSpecification","valueRequired":true,"valueName":"search_term_string"}}],"inLanguage":"fr-FR"}]}},"_links":{"self":[{"href":"https:\/\/www.italyfamilyhotels.it\/fr\/wp-json\/wp\/v2\/pages\/43820","targetHints":{"allow":["GET"]}}],"collection":[{"href":"https:\/\/www.italyfamilyhotels.it\/fr\/wp-json\/wp\/v2\/pages"}],"about":[{"href":"https:\/\/www.italyfamilyhotels.it\/fr\/wp-json\/wp\/v2\/types\/page"}],"author":[{"embeddable":true,"href":"https:\/\/www.italyfamilyhotels.it\/fr\/wp-json\/wp\/v2\/users\/2"}],"replies":[{"embeddable":true,"href":"https:\/\/www.italyfamilyhotels.it\/fr\/wp-json\/wp\/v2\/comments?post=43820"}],"version-history":[{"count":2,"href":"https:\/\/www.italyfamilyhotels.it\/fr\/wp-json\/wp\/v2\/pages\/43820\/revisions"}],"predecessor-version":[{"id":44353,"href":"https:\/\/www.italyfamilyhotels.it\/fr\/wp-json\/wp\/v2\/pages\/43820\/revisions\/44353"}],"up":[{"embeddable":true,"href":"https:\/\/www.italyfamilyhotels.it\/fr\/wp-json\/wp\/v2\/pages\/49810"}],"wp:attachment":[{"href":"https:\/\/www.italyfamilyhotels.it\/fr\/wp-json\/wp\/v2\/media?parent=43820"}],"curies":[{"name":"wp","href":"https:\/\/api.w.org\/{rel}","templated":true}]}}