{"id":43816,"date":"2023-01-23T14:24:02","date_gmt":"2023-01-23T13:24:02","guid":{"rendered":"https:\/\/www.italyfamilyhotels.it\/destinations\/les-marches\/san-benedetto-del-tronto"},"modified":"2023-01-25T09:12:18","modified_gmt":"2023-01-25T08:12:18","slug":"san-benedetto-del-tronto","status":"publish","type":"page","link":"https:\/\/www.italyfamilyhotels.it\/fr\/destinations\/les-marches\/san-benedetto-del-tronto","title":{"rendered":"San Benedetto del Tronto"},"content":{"rendered":"\n<p>Il est facile de comprendre pourquoi tant de familles aiment passer des <b>vacances \u00e0 San Benedetto del Tronto<\/b>. Un petit bijou le long de la Riviera delle Palme, palmiers en fran\u00e7ais, qui sont \u00e9galement le symbole de ce lieu. Il suffit d\u2019une promenade sur le pittoresque <b>front de mer encadr\u00e9 par les c\u00e9l\u00e8bres palmiers<\/b> (bien 8 000 pour \u00eatre exact), pour le comprendre. \u00c9l\u00e9gante et spacieuse, il dispose de nombreux jeux pour enfants et de diff\u00e9rents jardins \u00e0 th\u00e8me : le jardin sec, le jardin humide, la palmeraie, la roseraie, le jardin du maquis m\u00e9diterran\u00e9en. Il dispose entre autres d\u2019une <b>piste cyclable de plus de 15 km<\/b> qui arrive jusqu&#8217;\u00e0 Cupra Marittima et, \u00e9tant tr\u00e8s spacieux, il est \u00e9galement confortable pour se promener avec une poussette. San Benedetto est une succession de <b>plages de sable<\/b> ins\u00e9r\u00e9es dans un d\u00e9cor fascinant de palmiers et de lauriers roses, et renferme un charmant centre historique, id\u00e9al pour une promenade paisible avec les enfants, pourquoi pas en soir\u00e9e. La destination la plus populaire ? Le <b>jardin d&#8217;enfant<\/b>, bien s\u00fbr, avec plein de jeux et une petite maison avec toboggans.<\/p>\n","protected":false},"excerpt":{"rendered":"<p>Il est facile de comprendre pourquoi tant de familles aiment passer des vacances \u00e0 San Benedetto del Tronto. Un petit bijou le long de la Riviera delle Palme, palmiers en fran\u00e7ais, qui sont \u00e9galement le symbole de ce lieu. Il suffit d\u2019une promenade sur le pittoresque front de mer encadr\u00e9 par les c\u00e9l\u00e8bres palmiers (bien &hellip;<\/p>\n","protected":false},"author":2,"featured_media":0,"parent":49810,"menu_order":0,"comment_status":"closed","ping_status":"closed","template":"page-templates\/scheda_localita.php","meta":{"_acf_changed":false,"inline_featured_image":false,"footnotes":""},"class_list":["post-43816","page","type-page","status-publish","hentry"],"acf":[],"yoast_head":"<!-- This site is optimized with the Yoast SEO plugin v27.1 - https:\/\/yoast.com\/product\/yoast-seo-wordpress\/ -->\n<title>Les meilleurs H\u00f4tels pour familles \u00e0 San Benedetto del Tronto<\/title>\n<meta name=\"description\" content=\"Envie de vacances en famille\u00a0? Nous avons s\u00e9lectionn\u00e9 les meilleurs Family Hotel \u00e0 San Benedetto del Tronto\" \/>\n<meta name=\"robots\" content=\"index, follow, max-snippet:-1, max-image-preview:large, max-video-preview:-1\" \/>\n<link rel=\"canonical\" href=\"https:\/\/www.italyfamilyhotels.it\/fr\/destinations\/les-marches\/san-benedetto-del-tronto\" \/>\n<meta property=\"og:locale\" content=\"fr_FR\" \/>\n<meta property=\"og:type\" content=\"article\" \/>\n<meta property=\"og:title\" content=\"Les meilleurs H\u00f4tels pour familles \u00e0 San Benedetto del Tronto\" \/>\n<meta property=\"og:description\" content=\"Envie de vacances en famille\u00a0? Nous avons s\u00e9lectionn\u00e9 les meilleurs Family Hotel \u00e0 San Benedetto del Tronto\" \/>\n<meta property=\"og:url\" content=\"https:\/\/www.italyfamilyhotels.it\/fr\/destinations\/les-marches\/san-benedetto-del-tronto\" \/>\n<meta property=\"og:site_name\" content=\"Italy Family Hotels\" \/>\n<meta property=\"article:publisher\" content=\"https:\/\/www.facebook.com\/ItalyFamilyHotels\/\" \/>\n<meta property=\"article:modified_time\" content=\"2023-01-25T08:12:18+00:00\" \/>\n<meta name=\"twitter:card\" content=\"summary_large_image\" \/>\n<meta name=\"twitter:label1\" content=\"Dur\u00e9e de lecture estim\u00e9e\" \/>\n\t<meta name=\"twitter:data1\" content=\"1 minute\" \/>\n<script type=\"application\/ld+json\" class=\"yoast-schema-graph\">{\"@context\":\"https:\/\/schema.org\",\"@graph\":[{\"@type\":\"WebPage\",\"@id\":\"https:\/\/www.italyfamilyhotels.it\/fr\/destinations\/les-marches\/san-benedetto-del-tronto\",\"url\":\"https:\/\/www.italyfamilyhotels.it\/fr\/destinations\/les-marches\/san-benedetto-del-tronto\",\"name\":\"Les meilleurs H\u00f4tels pour familles \u00e0 San Benedetto del Tronto\",\"isPartOf\":{\"@id\":\"https:\/\/www.italyfamilyhotels.it\/#website\"},\"datePublished\":\"2023-01-23T13:24:02+00:00\",\"dateModified\":\"2023-01-25T08:12:18+00:00\",\"description\":\"Envie de vacances en famille\u00a0? Nous avons s\u00e9lectionn\u00e9 les meilleurs Family Hotel \u00e0 San Benedetto del Tronto\",\"breadcrumb\":{\"@id\":\"https:\/\/www.italyfamilyhotels.it\/fr\/destinations\/les-marches\/san-benedetto-del-tronto#breadcrumb\"},\"inLanguage\":\"fr-FR\",\"potentialAction\":[{\"@type\":\"ReadAction\",\"target\":[\"https:\/\/www.italyfamilyhotels.it\/fr\/destinations\/les-marches\/san-benedetto-del-tronto\"]}]},{\"@type\":\"BreadcrumbList\",\"@id\":\"https:\/\/www.italyfamilyhotels.it\/fr\/destinations\/les-marches\/san-benedetto-del-tronto#breadcrumb\",\"itemListElement\":[{\"@type\":\"ListItem\",\"position\":1,\"name\":\"Home\",\"item\":\"https:\/\/www.italyfamilyhotels.it\/fr\"},{\"@type\":\"ListItem\",\"position\":2,\"name\":\"Destinations\",\"item\":\"https:\/\/www.italyfamilyhotels.it\/fr\/destinations\"},{\"@type\":\"ListItem\",\"position\":3,\"name\":\"Les Marches\",\"item\":\"https:\/\/www.italyfamilyhotels.it\/fr\/destinations\/les-marches\"},{\"@type\":\"ListItem\",\"position\":4,\"name\":\"San Benedetto del Tronto\"}]},{\"@type\":\"WebSite\",\"@id\":\"https:\/\/www.italyfamilyhotels.it\/#website\",\"url\":\"https:\/\/www.italyfamilyhotels.it\/\",\"name\":\"Italy Family Hotels\",\"description\":\"\",\"potentialAction\":[{\"@type\":\"SearchAction\",\"target\":{\"@type\":\"EntryPoint\",\"urlTemplate\":\"https:\/\/www.italyfamilyhotels.it\/?s={search_term_string}\"},\"query-input\":{\"@type\":\"PropertyValueSpecification\",\"valueRequired\":true,\"valueName\":\"search_term_string\"}}],\"inLanguage\":\"fr-FR\"}]}<\/script>\n<!-- \/ Yoast SEO plugin. -->","yoast_head_json":{"title":"Les meilleurs H\u00f4tels pour familles \u00e0 San Benedetto del Tronto","description":"Envie de vacances en famille\u00a0? Nous avons s\u00e9lectionn\u00e9 les meilleurs Family Hotel \u00e0 San Benedetto del Tronto","robots":{"index":"index","follow":"follow","max-snippet":"max-snippet:-1","max-image-preview":"max-image-preview:large","max-video-preview":"max-video-preview:-1"},"canonical":"https:\/\/www.italyfamilyhotels.it\/fr\/destinations\/les-marches\/san-benedetto-del-tronto","og_locale":"fr_FR","og_type":"article","og_title":"Les meilleurs H\u00f4tels pour familles \u00e0 San Benedetto del Tronto","og_description":"Envie de vacances en famille\u00a0? Nous avons s\u00e9lectionn\u00e9 les meilleurs Family Hotel \u00e0 San Benedetto del Tronto","og_url":"https:\/\/www.italyfamilyhotels.it\/fr\/destinations\/les-marches\/san-benedetto-del-tronto","og_site_name":"Italy Family Hotels","article_publisher":"https:\/\/www.facebook.com\/ItalyFamilyHotels\/","article_modified_time":"2023-01-25T08:12:18+00:00","twitter_card":"summary_large_image","twitter_misc":{"Dur\u00e9e de lecture estim\u00e9e":"1 minute"},"schema":{"@context":"https:\/\/schema.org","@graph":[{"@type":"WebPage","@id":"https:\/\/www.italyfamilyhotels.it\/fr\/destinations\/les-marches\/san-benedetto-del-tronto","url":"https:\/\/www.italyfamilyhotels.it\/fr\/destinations\/les-marches\/san-benedetto-del-tronto","name":"Les meilleurs H\u00f4tels pour familles \u00e0 San Benedetto del Tronto","isPartOf":{"@id":"https:\/\/www.italyfamilyhotels.it\/#website"},"datePublished":"2023-01-23T13:24:02+00:00","dateModified":"2023-01-25T08:12:18+00:00","description":"Envie de vacances en famille\u00a0? Nous avons s\u00e9lectionn\u00e9 les meilleurs Family Hotel \u00e0 San Benedetto del Tronto","breadcrumb":{"@id":"https:\/\/www.italyfamilyhotels.it\/fr\/destinations\/les-marches\/san-benedetto-del-tronto#breadcrumb"},"inLanguage":"fr-FR","potentialAction":[{"@type":"ReadAction","target":["https:\/\/www.italyfamilyhotels.it\/fr\/destinations\/les-marches\/san-benedetto-del-tronto"]}]},{"@type":"BreadcrumbList","@id":"https:\/\/www.italyfamilyhotels.it\/fr\/destinations\/les-marches\/san-benedetto-del-tronto#breadcrumb","itemListElement":[{"@type":"ListItem","position":1,"name":"Home","item":"https:\/\/www.italyfamilyhotels.it\/fr"},{"@type":"ListItem","position":2,"name":"Destinations","item":"https:\/\/www.italyfamilyhotels.it\/fr\/destinations"},{"@type":"ListItem","position":3,"name":"Les Marches","item":"https:\/\/www.italyfamilyhotels.it\/fr\/destinations\/les-marches"},{"@type":"ListItem","position":4,"name":"San Benedetto del Tronto"}]},{"@type":"WebSite","@id":"https:\/\/www.italyfamilyhotels.it\/#website","url":"https:\/\/www.italyfamilyhotels.it\/","name":"Italy Family Hotels","description":"","potentialAction":[{"@type":"SearchAction","target":{"@type":"EntryPoint","urlTemplate":"https:\/\/www.italyfamilyhotels.it\/?s={search_term_string}"},"query-input":{"@type":"PropertyValueSpecification","valueRequired":true,"valueName":"search_term_string"}}],"inLanguage":"fr-FR"}]}},"_links":{"self":[{"href":"https:\/\/www.italyfamilyhotels.it\/fr\/wp-json\/wp\/v2\/pages\/43816","targetHints":{"allow":["GET"]}}],"collection":[{"href":"https:\/\/www.italyfamilyhotels.it\/fr\/wp-json\/wp\/v2\/pages"}],"about":[{"href":"https:\/\/www.italyfamilyhotels.it\/fr\/wp-json\/wp\/v2\/types\/page"}],"author":[{"embeddable":true,"href":"https:\/\/www.italyfamilyhotels.it\/fr\/wp-json\/wp\/v2\/users\/2"}],"replies":[{"embeddable":true,"href":"https:\/\/www.italyfamilyhotels.it\/fr\/wp-json\/wp\/v2\/comments?post=43816"}],"version-history":[{"count":1,"href":"https:\/\/www.italyfamilyhotels.it\/fr\/wp-json\/wp\/v2\/pages\/43816\/revisions"}],"predecessor-version":[{"id":43817,"href":"https:\/\/www.italyfamilyhotels.it\/fr\/wp-json\/wp\/v2\/pages\/43816\/revisions\/43817"}],"up":[{"embeddable":true,"href":"https:\/\/www.italyfamilyhotels.it\/fr\/wp-json\/wp\/v2\/pages\/49810"}],"wp:attachment":[{"href":"https:\/\/www.italyfamilyhotels.it\/fr\/wp-json\/wp\/v2\/media?parent=43816"}],"curies":[{"name":"wp","href":"https:\/\/api.w.org\/{rel}","templated":true}]}}