{"id":43812,"date":"2023-01-23T14:23:55","date_gmt":"2023-01-23T13:23:55","guid":{"rendered":"https:\/\/www.italyfamilyhotels.it\/destinations\/pouilles\/vieste"},"modified":"2023-01-25T09:36:48","modified_gmt":"2023-01-25T08:36:48","slug":"vieste","status":"publish","type":"page","link":"https:\/\/www.italyfamilyhotels.it\/fr\/destinations\/pouilles\/vieste","title":{"rendered":"Vieste"},"content":{"rendered":"\n<p>Vieste est un <b>petit village de p\u00eacheurs surplombant l&#8217;Adriatique<\/b> qui conserve une histoire ancienne. Le village fascine par la beaut\u00e9 de ses plages et la v\u00e9g\u00e9tation sauvage, typique de la r\u00e9gion du Gargano. Les splendides <b>baies<\/b> et leur mer bleue sont parfaites pour les familles, car elles sont grandes, confortables, jamais bond\u00e9es, et parce que le fond sablonneux descend en pente douce. Le noyau historique d&#8217;origine m\u00e9di\u00e9vale se caract\u00e9rise par une pr\u00e9sence dense de maisons blanches, certaines donnant sur la mer, et par d&#8217;innombrables rues \u00e9troites qui m\u00e8nent au ch\u00e2teau de Fr\u00e9d\u00e9ric, d&#8217;o\u00f9 profiter de la belle vue du haut du \u00ab&nbsp;<b>Pizzomunno<\/b>&nbsp;\u00bb, 25 m\u00e8tres de chemin\u00e9e devenus un symbole de la ville. La cath\u00e9drale est \u00e9galement belle \u00e0 voir, toujours dans le centre historique, avec son imposant clocher. De l&#8217;antiquit\u00e9, Vieste conserve \u00e9galement un tr\u00e8s important <b>site arch\u00e9ologique<\/b> et les am\u00e9nagements fun\u00e9raires de la n\u00e9cropole \u00ab La Salata \u00bb, situ\u00e9e pr\u00e8s de la mer.<\/p>\n","protected":false},"excerpt":{"rendered":"<p>Vieste est un petit village de p\u00eacheurs surplombant l&#8217;Adriatique qui conserve une histoire ancienne. Le village fascine par la beaut\u00e9 de ses plages et la v\u00e9g\u00e9tation sauvage, typique de la r\u00e9gion du Gargano. Les splendides baies et leur mer bleue sont parfaites pour les familles, car elles sont grandes, confortables, jamais bond\u00e9es, et parce que &hellip;<\/p>\n","protected":false},"author":2,"featured_media":0,"parent":43579,"menu_order":0,"comment_status":"closed","ping_status":"closed","template":"page-templates\/scheda_localita.php","meta":{"_acf_changed":false,"inline_featured_image":false,"footnotes":""},"class_list":["post-43812","page","type-page","status-publish","hentry"],"acf":[],"yoast_head":"<!-- This site is optimized with the Yoast SEO plugin v27.1 - https:\/\/yoast.com\/product\/yoast-seo-wordpress\/ -->\n<title>Les meilleurs H\u00f4tels pour familles \u00e0 Vieste dans les Pouilles<\/title>\n<meta name=\"description\" content=\"Envie de vacances en famille ? Nous avons s\u00e9lectionn\u00e9 les meilleurs Family Hotel \u00e0 Vieste dans les Pouilles\" \/>\n<meta name=\"robots\" content=\"index, follow, max-snippet:-1, max-image-preview:large, max-video-preview:-1\" \/>\n<link rel=\"canonical\" href=\"https:\/\/www.italyfamilyhotels.it\/fr\/destinations\/pouilles\/vieste\" \/>\n<meta property=\"og:locale\" content=\"fr_FR\" \/>\n<meta property=\"og:type\" content=\"article\" \/>\n<meta property=\"og:title\" content=\"Les meilleurs H\u00f4tels pour familles \u00e0 Vieste dans les Pouilles\" \/>\n<meta property=\"og:description\" content=\"Envie de vacances en famille ? Nous avons s\u00e9lectionn\u00e9 les meilleurs Family Hotel \u00e0 Vieste dans les Pouilles\" \/>\n<meta property=\"og:url\" content=\"https:\/\/www.italyfamilyhotels.it\/fr\/destinations\/pouilles\/vieste\" \/>\n<meta property=\"og:site_name\" content=\"Italy Family Hotels\" \/>\n<meta property=\"article:publisher\" content=\"https:\/\/www.facebook.com\/ItalyFamilyHotels\/\" \/>\n<meta property=\"article:modified_time\" content=\"2023-01-25T08:36:48+00:00\" \/>\n<meta name=\"twitter:card\" content=\"summary_large_image\" \/>\n<meta name=\"twitter:label1\" content=\"Dur\u00e9e de lecture estim\u00e9e\" \/>\n\t<meta name=\"twitter:data1\" content=\"1 minute\" \/>\n<script type=\"application\/ld+json\" class=\"yoast-schema-graph\">{\"@context\":\"https:\/\/schema.org\",\"@graph\":[{\"@type\":\"WebPage\",\"@id\":\"https:\/\/www.italyfamilyhotels.it\/fr\/destinations\/pouilles\/vieste\",\"url\":\"https:\/\/www.italyfamilyhotels.it\/fr\/destinations\/pouilles\/vieste\",\"name\":\"Les meilleurs H\u00f4tels pour familles \u00e0 Vieste dans les Pouilles\",\"isPartOf\":{\"@id\":\"https:\/\/www.italyfamilyhotels.it\/#website\"},\"datePublished\":\"2023-01-23T13:23:55+00:00\",\"dateModified\":\"2023-01-25T08:36:48+00:00\",\"description\":\"Envie de vacances en famille ? Nous avons s\u00e9lectionn\u00e9 les meilleurs Family Hotel \u00e0 Vieste dans les Pouilles\",\"breadcrumb\":{\"@id\":\"https:\/\/www.italyfamilyhotels.it\/fr\/destinations\/pouilles\/vieste#breadcrumb\"},\"inLanguage\":\"fr-FR\",\"potentialAction\":[{\"@type\":\"ReadAction\",\"target\":[\"https:\/\/www.italyfamilyhotels.it\/fr\/destinations\/pouilles\/vieste\"]}]},{\"@type\":\"BreadcrumbList\",\"@id\":\"https:\/\/www.italyfamilyhotels.it\/fr\/destinations\/pouilles\/vieste#breadcrumb\",\"itemListElement\":[{\"@type\":\"ListItem\",\"position\":1,\"name\":\"Home\",\"item\":\"https:\/\/www.italyfamilyhotels.it\/fr\"},{\"@type\":\"ListItem\",\"position\":2,\"name\":\"Destinations\",\"item\":\"https:\/\/www.italyfamilyhotels.it\/fr\/destinations\"},{\"@type\":\"ListItem\",\"position\":3,\"name\":\"Pouilles\",\"item\":\"https:\/\/www.italyfamilyhotels.it\/fr\/destinations\/pouilles\"},{\"@type\":\"ListItem\",\"position\":4,\"name\":\"Vieste\"}]},{\"@type\":\"WebSite\",\"@id\":\"https:\/\/www.italyfamilyhotels.it\/#website\",\"url\":\"https:\/\/www.italyfamilyhotels.it\/\",\"name\":\"Italy Family Hotels\",\"description\":\"\",\"potentialAction\":[{\"@type\":\"SearchAction\",\"target\":{\"@type\":\"EntryPoint\",\"urlTemplate\":\"https:\/\/www.italyfamilyhotels.it\/?s={search_term_string}\"},\"query-input\":{\"@type\":\"PropertyValueSpecification\",\"valueRequired\":true,\"valueName\":\"search_term_string\"}}],\"inLanguage\":\"fr-FR\"}]}<\/script>\n<!-- \/ Yoast SEO plugin. -->","yoast_head_json":{"title":"Les meilleurs H\u00f4tels pour familles \u00e0 Vieste dans les Pouilles","description":"Envie de vacances en famille ? Nous avons s\u00e9lectionn\u00e9 les meilleurs Family Hotel \u00e0 Vieste dans les Pouilles","robots":{"index":"index","follow":"follow","max-snippet":"max-snippet:-1","max-image-preview":"max-image-preview:large","max-video-preview":"max-video-preview:-1"},"canonical":"https:\/\/www.italyfamilyhotels.it\/fr\/destinations\/pouilles\/vieste","og_locale":"fr_FR","og_type":"article","og_title":"Les meilleurs H\u00f4tels pour familles \u00e0 Vieste dans les Pouilles","og_description":"Envie de vacances en famille ? Nous avons s\u00e9lectionn\u00e9 les meilleurs Family Hotel \u00e0 Vieste dans les Pouilles","og_url":"https:\/\/www.italyfamilyhotels.it\/fr\/destinations\/pouilles\/vieste","og_site_name":"Italy Family Hotels","article_publisher":"https:\/\/www.facebook.com\/ItalyFamilyHotels\/","article_modified_time":"2023-01-25T08:36:48+00:00","twitter_card":"summary_large_image","twitter_misc":{"Dur\u00e9e de lecture estim\u00e9e":"1 minute"},"schema":{"@context":"https:\/\/schema.org","@graph":[{"@type":"WebPage","@id":"https:\/\/www.italyfamilyhotels.it\/fr\/destinations\/pouilles\/vieste","url":"https:\/\/www.italyfamilyhotels.it\/fr\/destinations\/pouilles\/vieste","name":"Les meilleurs H\u00f4tels pour familles \u00e0 Vieste dans les Pouilles","isPartOf":{"@id":"https:\/\/www.italyfamilyhotels.it\/#website"},"datePublished":"2023-01-23T13:23:55+00:00","dateModified":"2023-01-25T08:36:48+00:00","description":"Envie de vacances en famille ? Nous avons s\u00e9lectionn\u00e9 les meilleurs Family Hotel \u00e0 Vieste dans les Pouilles","breadcrumb":{"@id":"https:\/\/www.italyfamilyhotels.it\/fr\/destinations\/pouilles\/vieste#breadcrumb"},"inLanguage":"fr-FR","potentialAction":[{"@type":"ReadAction","target":["https:\/\/www.italyfamilyhotels.it\/fr\/destinations\/pouilles\/vieste"]}]},{"@type":"BreadcrumbList","@id":"https:\/\/www.italyfamilyhotels.it\/fr\/destinations\/pouilles\/vieste#breadcrumb","itemListElement":[{"@type":"ListItem","position":1,"name":"Home","item":"https:\/\/www.italyfamilyhotels.it\/fr"},{"@type":"ListItem","position":2,"name":"Destinations","item":"https:\/\/www.italyfamilyhotels.it\/fr\/destinations"},{"@type":"ListItem","position":3,"name":"Pouilles","item":"https:\/\/www.italyfamilyhotels.it\/fr\/destinations\/pouilles"},{"@type":"ListItem","position":4,"name":"Vieste"}]},{"@type":"WebSite","@id":"https:\/\/www.italyfamilyhotels.it\/#website","url":"https:\/\/www.italyfamilyhotels.it\/","name":"Italy Family Hotels","description":"","potentialAction":[{"@type":"SearchAction","target":{"@type":"EntryPoint","urlTemplate":"https:\/\/www.italyfamilyhotels.it\/?s={search_term_string}"},"query-input":{"@type":"PropertyValueSpecification","valueRequired":true,"valueName":"search_term_string"}}],"inLanguage":"fr-FR"}]}},"_links":{"self":[{"href":"https:\/\/www.italyfamilyhotels.it\/fr\/wp-json\/wp\/v2\/pages\/43812","targetHints":{"allow":["GET"]}}],"collection":[{"href":"https:\/\/www.italyfamilyhotels.it\/fr\/wp-json\/wp\/v2\/pages"}],"about":[{"href":"https:\/\/www.italyfamilyhotels.it\/fr\/wp-json\/wp\/v2\/types\/page"}],"author":[{"embeddable":true,"href":"https:\/\/www.italyfamilyhotels.it\/fr\/wp-json\/wp\/v2\/users\/2"}],"replies":[{"embeddable":true,"href":"https:\/\/www.italyfamilyhotels.it\/fr\/wp-json\/wp\/v2\/comments?post=43812"}],"version-history":[{"count":2,"href":"https:\/\/www.italyfamilyhotels.it\/fr\/wp-json\/wp\/v2\/pages\/43812\/revisions"}],"predecessor-version":[{"id":44364,"href":"https:\/\/www.italyfamilyhotels.it\/fr\/wp-json\/wp\/v2\/pages\/43812\/revisions\/44364"}],"up":[{"embeddable":true,"href":"https:\/\/www.italyfamilyhotels.it\/fr\/wp-json\/wp\/v2\/pages\/43579"}],"wp:attachment":[{"href":"https:\/\/www.italyfamilyhotels.it\/fr\/wp-json\/wp\/v2\/media?parent=43812"}],"curies":[{"name":"wp","href":"https:\/\/api.w.org\/{rel}","templated":true}]}}