{"id":43808,"date":"2023-01-23T14:23:47","date_gmt":"2023-01-23T13:23:47","guid":{"rendered":"https:\/\/www.italyfamilyhotels.it\/destinations\/toscane\/forte-dei-marmi"},"modified":"2023-01-25T10:29:11","modified_gmt":"2023-01-25T09:29:11","slug":"forte-dei-marmi","status":"publish","type":"page","link":"https:\/\/www.italyfamilyhotels.it\/fr\/destinations\/toscane\/forte-dei-marmi","title":{"rendered":"Forte dei Marmi"},"content":{"rendered":"\n<p><b>Forte dei Marmi<\/b> \u2013 ou simplement Il Forte, pour qui ne se r\u00e9signe pas \u00e0 abandonner les promenades en bord de mer et les paysages \u00e9vocateurs des Alpes Apuanes surplombant la mer Tyrrh\u00e9nienne \u2013 il s\u2019agit de bien plus qu&#8217;une simple station baln\u00e9aire. Ce qui \u00e9tait une destination obligatoire pour la jet-set italienne dans les ann\u00e9es 1960 conserve aujourd&#8217;hui les caract\u00e9ristiques qui en ont fait une institution : la longue <b>marche sur la<\/b> <b>plage<\/b>, le parcours parall\u00e8le \u00e0 la mer, les lieux de <b>divertissement<\/b> et les <b>restaurants<\/b>, qui en font toujours une r\u00e9f\u00e9rence pour les familles mais \u00e9galement pour les jeunes en vacances. Forte dei Marmi est \u00e9galement une ville <b>adapt\u00e9e aux enfants<\/b>, qui propose chaque \u00e9t\u00e9 des rendez-vous et des expositions d\u00e9di\u00e9s aux enfants.<\/p>\n","protected":false},"excerpt":{"rendered":"<p>Forte dei Marmi \u2013 ou simplement Il Forte, pour qui ne se r\u00e9signe pas \u00e0 abandonner les promenades en bord de mer et les paysages \u00e9vocateurs des Alpes Apuanes surplombant la mer Tyrrh\u00e9nienne \u2013 il s\u2019agit de bien plus qu&#8217;une simple station baln\u00e9aire. Ce qui \u00e9tait une destination obligatoire pour la jet-set italienne dans les &hellip;<\/p>\n","protected":false},"author":2,"featured_media":0,"parent":43581,"menu_order":0,"comment_status":"closed","ping_status":"closed","template":"page-templates\/scheda_localita.php","meta":{"_acf_changed":false,"inline_featured_image":false,"footnotes":""},"class_list":["post-43808","page","type-page","status-publish","hentry"],"acf":[],"yoast_head":"<!-- This site is optimized with the Yoast SEO plugin v27.1 - https:\/\/yoast.com\/product\/yoast-seo-wordpress\/ -->\n<title>Les meilleurs H\u00f4tels pour familles \u00e0 Forte dei Marmi en Toscane<\/title>\n<meta name=\"description\" content=\"Envie de vacances en famille \u00e0 la mer en Italie ? Nous avons s\u00e9lectionn\u00e9 les meilleurs Family Hotels \u00e0 Forte dei Marmi\" \/>\n<meta name=\"robots\" content=\"index, follow, max-snippet:-1, max-image-preview:large, max-video-preview:-1\" \/>\n<link rel=\"canonical\" href=\"https:\/\/www.italyfamilyhotels.it\/fr\/destinations\/toscane\/forte-dei-marmi\" \/>\n<meta property=\"og:locale\" content=\"fr_FR\" \/>\n<meta property=\"og:type\" content=\"article\" \/>\n<meta property=\"og:title\" content=\"Les meilleurs H\u00f4tels pour familles \u00e0 Forte dei Marmi en Toscane\" \/>\n<meta property=\"og:description\" content=\"Envie de vacances en famille \u00e0 la mer en Italie ? Nous avons s\u00e9lectionn\u00e9 les meilleurs Family Hotels \u00e0 Forte dei Marmi\" \/>\n<meta property=\"og:url\" content=\"https:\/\/www.italyfamilyhotels.it\/fr\/destinations\/toscane\/forte-dei-marmi\" \/>\n<meta property=\"og:site_name\" content=\"Italy Family Hotels\" \/>\n<meta property=\"article:publisher\" content=\"https:\/\/www.facebook.com\/ItalyFamilyHotels\/\" \/>\n<meta property=\"article:modified_time\" content=\"2023-01-25T09:29:11+00:00\" \/>\n<meta name=\"twitter:card\" content=\"summary_large_image\" \/>\n<meta name=\"twitter:label1\" content=\"Dur\u00e9e de lecture estim\u00e9e\" \/>\n\t<meta name=\"twitter:data1\" content=\"1 minute\" \/>\n<script type=\"application\/ld+json\" class=\"yoast-schema-graph\">{\"@context\":\"https:\/\/schema.org\",\"@graph\":[{\"@type\":\"WebPage\",\"@id\":\"https:\/\/www.italyfamilyhotels.it\/fr\/destinations\/toscane\/forte-dei-marmi\",\"url\":\"https:\/\/www.italyfamilyhotels.it\/fr\/destinations\/toscane\/forte-dei-marmi\",\"name\":\"Les meilleurs H\u00f4tels pour familles \u00e0 Forte dei Marmi en Toscane\",\"isPartOf\":{\"@id\":\"https:\/\/www.italyfamilyhotels.it\/#website\"},\"datePublished\":\"2023-01-23T13:23:47+00:00\",\"dateModified\":\"2023-01-25T09:29:11+00:00\",\"description\":\"Envie de vacances en famille \u00e0 la mer en Italie ? Nous avons s\u00e9lectionn\u00e9 les meilleurs Family Hotels \u00e0 Forte dei Marmi\",\"breadcrumb\":{\"@id\":\"https:\/\/www.italyfamilyhotels.it\/fr\/destinations\/toscane\/forte-dei-marmi#breadcrumb\"},\"inLanguage\":\"fr-FR\",\"potentialAction\":[{\"@type\":\"ReadAction\",\"target\":[\"https:\/\/www.italyfamilyhotels.it\/fr\/destinations\/toscane\/forte-dei-marmi\"]}]},{\"@type\":\"BreadcrumbList\",\"@id\":\"https:\/\/www.italyfamilyhotels.it\/fr\/destinations\/toscane\/forte-dei-marmi#breadcrumb\",\"itemListElement\":[{\"@type\":\"ListItem\",\"position\":1,\"name\":\"Home\",\"item\":\"https:\/\/www.italyfamilyhotels.it\/fr\"},{\"@type\":\"ListItem\",\"position\":2,\"name\":\"Destinations\",\"item\":\"https:\/\/www.italyfamilyhotels.it\/fr\/destinations\"},{\"@type\":\"ListItem\",\"position\":3,\"name\":\"Toscane\",\"item\":\"https:\/\/www.italyfamilyhotels.it\/fr\/destinations\/toscane\"},{\"@type\":\"ListItem\",\"position\":4,\"name\":\"Forte dei Marmi\"}]},{\"@type\":\"WebSite\",\"@id\":\"https:\/\/www.italyfamilyhotels.it\/#website\",\"url\":\"https:\/\/www.italyfamilyhotels.it\/\",\"name\":\"Italy Family Hotels\",\"description\":\"\",\"potentialAction\":[{\"@type\":\"SearchAction\",\"target\":{\"@type\":\"EntryPoint\",\"urlTemplate\":\"https:\/\/www.italyfamilyhotels.it\/?s={search_term_string}\"},\"query-input\":{\"@type\":\"PropertyValueSpecification\",\"valueRequired\":true,\"valueName\":\"search_term_string\"}}],\"inLanguage\":\"fr-FR\"}]}<\/script>\n<!-- \/ Yoast SEO plugin. -->","yoast_head_json":{"title":"Les meilleurs H\u00f4tels pour familles \u00e0 Forte dei Marmi en Toscane","description":"Envie de vacances en famille \u00e0 la mer en Italie ? Nous avons s\u00e9lectionn\u00e9 les meilleurs Family Hotels \u00e0 Forte dei Marmi","robots":{"index":"index","follow":"follow","max-snippet":"max-snippet:-1","max-image-preview":"max-image-preview:large","max-video-preview":"max-video-preview:-1"},"canonical":"https:\/\/www.italyfamilyhotels.it\/fr\/destinations\/toscane\/forte-dei-marmi","og_locale":"fr_FR","og_type":"article","og_title":"Les meilleurs H\u00f4tels pour familles \u00e0 Forte dei Marmi en Toscane","og_description":"Envie de vacances en famille \u00e0 la mer en Italie ? Nous avons s\u00e9lectionn\u00e9 les meilleurs Family Hotels \u00e0 Forte dei Marmi","og_url":"https:\/\/www.italyfamilyhotels.it\/fr\/destinations\/toscane\/forte-dei-marmi","og_site_name":"Italy Family Hotels","article_publisher":"https:\/\/www.facebook.com\/ItalyFamilyHotels\/","article_modified_time":"2023-01-25T09:29:11+00:00","twitter_card":"summary_large_image","twitter_misc":{"Dur\u00e9e de lecture estim\u00e9e":"1 minute"},"schema":{"@context":"https:\/\/schema.org","@graph":[{"@type":"WebPage","@id":"https:\/\/www.italyfamilyhotels.it\/fr\/destinations\/toscane\/forte-dei-marmi","url":"https:\/\/www.italyfamilyhotels.it\/fr\/destinations\/toscane\/forte-dei-marmi","name":"Les meilleurs H\u00f4tels pour familles \u00e0 Forte dei Marmi en Toscane","isPartOf":{"@id":"https:\/\/www.italyfamilyhotels.it\/#website"},"datePublished":"2023-01-23T13:23:47+00:00","dateModified":"2023-01-25T09:29:11+00:00","description":"Envie de vacances en famille \u00e0 la mer en Italie ? Nous avons s\u00e9lectionn\u00e9 les meilleurs Family Hotels \u00e0 Forte dei Marmi","breadcrumb":{"@id":"https:\/\/www.italyfamilyhotels.it\/fr\/destinations\/toscane\/forte-dei-marmi#breadcrumb"},"inLanguage":"fr-FR","potentialAction":[{"@type":"ReadAction","target":["https:\/\/www.italyfamilyhotels.it\/fr\/destinations\/toscane\/forte-dei-marmi"]}]},{"@type":"BreadcrumbList","@id":"https:\/\/www.italyfamilyhotels.it\/fr\/destinations\/toscane\/forte-dei-marmi#breadcrumb","itemListElement":[{"@type":"ListItem","position":1,"name":"Home","item":"https:\/\/www.italyfamilyhotels.it\/fr"},{"@type":"ListItem","position":2,"name":"Destinations","item":"https:\/\/www.italyfamilyhotels.it\/fr\/destinations"},{"@type":"ListItem","position":3,"name":"Toscane","item":"https:\/\/www.italyfamilyhotels.it\/fr\/destinations\/toscane"},{"@type":"ListItem","position":4,"name":"Forte dei Marmi"}]},{"@type":"WebSite","@id":"https:\/\/www.italyfamilyhotels.it\/#website","url":"https:\/\/www.italyfamilyhotels.it\/","name":"Italy Family Hotels","description":"","potentialAction":[{"@type":"SearchAction","target":{"@type":"EntryPoint","urlTemplate":"https:\/\/www.italyfamilyhotels.it\/?s={search_term_string}"},"query-input":{"@type":"PropertyValueSpecification","valueRequired":true,"valueName":"search_term_string"}}],"inLanguage":"fr-FR"}]}},"_links":{"self":[{"href":"https:\/\/www.italyfamilyhotels.it\/fr\/wp-json\/wp\/v2\/pages\/43808","targetHints":{"allow":["GET"]}}],"collection":[{"href":"https:\/\/www.italyfamilyhotels.it\/fr\/wp-json\/wp\/v2\/pages"}],"about":[{"href":"https:\/\/www.italyfamilyhotels.it\/fr\/wp-json\/wp\/v2\/types\/page"}],"author":[{"embeddable":true,"href":"https:\/\/www.italyfamilyhotels.it\/fr\/wp-json\/wp\/v2\/users\/2"}],"replies":[{"embeddable":true,"href":"https:\/\/www.italyfamilyhotels.it\/fr\/wp-json\/wp\/v2\/comments?post=43808"}],"version-history":[{"count":1,"href":"https:\/\/www.italyfamilyhotels.it\/fr\/wp-json\/wp\/v2\/pages\/43808\/revisions"}],"predecessor-version":[{"id":43809,"href":"https:\/\/www.italyfamilyhotels.it\/fr\/wp-json\/wp\/v2\/pages\/43808\/revisions\/43809"}],"up":[{"embeddable":true,"href":"https:\/\/www.italyfamilyhotels.it\/fr\/wp-json\/wp\/v2\/pages\/43581"}],"wp:attachment":[{"href":"https:\/\/www.italyfamilyhotels.it\/fr\/wp-json\/wp\/v2\/media?parent=43808"}],"curies":[{"name":"wp","href":"https:\/\/api.w.org\/{rel}","templated":true}]}}