{"id":43806,"date":"2023-01-23T14:23:44","date_gmt":"2023-01-23T13:23:44","guid":{"rendered":"https:\/\/www.italyfamilyhotels.it\/destinations\/calabre\/scalea"},"modified":"2023-01-24T15:17:38","modified_gmt":"2023-01-24T14:17:38","slug":"scalea","status":"publish","type":"page","link":"https:\/\/www.italyfamilyhotels.it\/fr\/destinations\/calabre\/scalea","title":{"rendered":"Scalea"},"content":{"rendered":"\n<p>Il faut gravir les marches naturelles qui caract\u00e9risent le village, entrer dans les ruelles \u00e9troites domin\u00e9es par des b\u00e2timents historiques, pour comprendre ce qui fait de <b>Scalea<\/b> l&#8217;un des endroits les plus fascinants de toute la <b>Calabre<\/b>. D&#8217;en haut, le regard plonge dans une courbe azur longue de quatre kilom\u00e8tres, parsem\u00e9e de <b>grottes et baies<\/b> qui semblent dessiner une c\u00f4te coup\u00e9e en deux par le rocher de la <b>Tour Talao<\/b>. Le jeu des contrastes paysagers entre la mer et les collines est l&#8217;une des raisons qui am\u00e8nent chaque ann\u00e9e, \u00e0 Scalea, les passionn\u00e9s de <b>plages et parasols<\/b> mais \u00e9galement d&#8217;excursions, dans un contexte de couleurs et de senteurs qui s&#8217;illumine \u00e0 l&#8217;occasion de <b>f\u00eates folkloriques<\/b> de la <b>Riviera dei Cedri<\/b>.<\/p>\n","protected":false},"excerpt":{"rendered":"<p>Il faut gravir les marches naturelles qui caract\u00e9risent le village, entrer dans les ruelles \u00e9troites domin\u00e9es par des b\u00e2timents historiques, pour comprendre ce qui fait de Scalea l&#8217;un des endroits les plus fascinants de toute la Calabre. D&#8217;en haut, le regard plonge dans une courbe azur longue de quatre kilom\u00e8tres, parsem\u00e9e de grottes et baies &hellip;<\/p>\n","protected":false},"author":2,"featured_media":0,"parent":43553,"menu_order":0,"comment_status":"closed","ping_status":"closed","template":"page-templates\/scheda_localita.php","meta":{"_acf_changed":false,"inline_featured_image":false,"footnotes":""},"class_list":["post-43806","page","type-page","status-publish","hentry"],"acf":[],"yoast_head":"<!-- This site is optimized with the Yoast SEO plugin v27.1 - https:\/\/yoast.com\/product\/yoast-seo-wordpress\/ -->\n<title>Les meilleurs H\u00f4tels pour familles \u00e0 Scalea en Calabre<\/title>\n<meta name=\"description\" content=\"Envie de vacances en famille \u00e0 la mer? Nous avons s\u00e9lectionn\u00e9 les meilleurs Family Hotel \u00e0 Scalea en Calabre\" \/>\n<meta name=\"robots\" content=\"index, follow, max-snippet:-1, max-image-preview:large, max-video-preview:-1\" \/>\n<link rel=\"canonical\" href=\"https:\/\/www.italyfamilyhotels.it\/fr\/destinations\/calabre\/scalea\" \/>\n<meta property=\"og:locale\" content=\"fr_FR\" \/>\n<meta property=\"og:type\" content=\"article\" \/>\n<meta property=\"og:title\" content=\"Les meilleurs H\u00f4tels pour familles \u00e0 Scalea en Calabre\" \/>\n<meta property=\"og:description\" content=\"Envie de vacances en famille \u00e0 la mer? Nous avons s\u00e9lectionn\u00e9 les meilleurs Family Hotel \u00e0 Scalea en Calabre\" \/>\n<meta property=\"og:url\" content=\"https:\/\/www.italyfamilyhotels.it\/fr\/destinations\/calabre\/scalea\" \/>\n<meta property=\"og:site_name\" content=\"Italy Family Hotels\" \/>\n<meta property=\"article:publisher\" content=\"https:\/\/www.facebook.com\/ItalyFamilyHotels\/\" \/>\n<meta property=\"article:modified_time\" content=\"2023-01-24T14:17:38+00:00\" \/>\n<meta name=\"twitter:card\" content=\"summary_large_image\" \/>\n<meta name=\"twitter:label1\" content=\"Dur\u00e9e de lecture estim\u00e9e\" \/>\n\t<meta name=\"twitter:data1\" content=\"1 minute\" \/>\n<script type=\"application\/ld+json\" class=\"yoast-schema-graph\">{\"@context\":\"https:\/\/schema.org\",\"@graph\":[{\"@type\":\"WebPage\",\"@id\":\"https:\/\/www.italyfamilyhotels.it\/fr\/destinations\/calabre\/scalea\",\"url\":\"https:\/\/www.italyfamilyhotels.it\/fr\/destinations\/calabre\/scalea\",\"name\":\"Les meilleurs H\u00f4tels pour familles \u00e0 Scalea en Calabre\",\"isPartOf\":{\"@id\":\"https:\/\/www.italyfamilyhotels.it\/#website\"},\"datePublished\":\"2023-01-23T13:23:44+00:00\",\"dateModified\":\"2023-01-24T14:17:38+00:00\",\"description\":\"Envie de vacances en famille \u00e0 la mer? Nous avons s\u00e9lectionn\u00e9 les meilleurs Family Hotel \u00e0 Scalea en Calabre\",\"breadcrumb\":{\"@id\":\"https:\/\/www.italyfamilyhotels.it\/fr\/destinations\/calabre\/scalea#breadcrumb\"},\"inLanguage\":\"fr-FR\",\"potentialAction\":[{\"@type\":\"ReadAction\",\"target\":[\"https:\/\/www.italyfamilyhotels.it\/fr\/destinations\/calabre\/scalea\"]}]},{\"@type\":\"BreadcrumbList\",\"@id\":\"https:\/\/www.italyfamilyhotels.it\/fr\/destinations\/calabre\/scalea#breadcrumb\",\"itemListElement\":[{\"@type\":\"ListItem\",\"position\":1,\"name\":\"Home\",\"item\":\"https:\/\/www.italyfamilyhotels.it\/fr\"},{\"@type\":\"ListItem\",\"position\":2,\"name\":\"Destinations\",\"item\":\"https:\/\/www.italyfamilyhotels.it\/fr\/destinations\"},{\"@type\":\"ListItem\",\"position\":3,\"name\":\"Calabre\",\"item\":\"https:\/\/www.italyfamilyhotels.it\/fr\/destinations\/calabre\"},{\"@type\":\"ListItem\",\"position\":4,\"name\":\"Scalea\"}]},{\"@type\":\"WebSite\",\"@id\":\"https:\/\/www.italyfamilyhotels.it\/#website\",\"url\":\"https:\/\/www.italyfamilyhotels.it\/\",\"name\":\"Italy Family Hotels\",\"description\":\"\",\"potentialAction\":[{\"@type\":\"SearchAction\",\"target\":{\"@type\":\"EntryPoint\",\"urlTemplate\":\"https:\/\/www.italyfamilyhotels.it\/?s={search_term_string}\"},\"query-input\":{\"@type\":\"PropertyValueSpecification\",\"valueRequired\":true,\"valueName\":\"search_term_string\"}}],\"inLanguage\":\"fr-FR\"}]}<\/script>\n<!-- \/ Yoast SEO plugin. -->","yoast_head_json":{"title":"Les meilleurs H\u00f4tels pour familles \u00e0 Scalea en Calabre","description":"Envie de vacances en famille \u00e0 la mer? Nous avons s\u00e9lectionn\u00e9 les meilleurs Family Hotel \u00e0 Scalea en Calabre","robots":{"index":"index","follow":"follow","max-snippet":"max-snippet:-1","max-image-preview":"max-image-preview:large","max-video-preview":"max-video-preview:-1"},"canonical":"https:\/\/www.italyfamilyhotels.it\/fr\/destinations\/calabre\/scalea","og_locale":"fr_FR","og_type":"article","og_title":"Les meilleurs H\u00f4tels pour familles \u00e0 Scalea en Calabre","og_description":"Envie de vacances en famille \u00e0 la mer? Nous avons s\u00e9lectionn\u00e9 les meilleurs Family Hotel \u00e0 Scalea en Calabre","og_url":"https:\/\/www.italyfamilyhotels.it\/fr\/destinations\/calabre\/scalea","og_site_name":"Italy Family Hotels","article_publisher":"https:\/\/www.facebook.com\/ItalyFamilyHotels\/","article_modified_time":"2023-01-24T14:17:38+00:00","twitter_card":"summary_large_image","twitter_misc":{"Dur\u00e9e de lecture estim\u00e9e":"1 minute"},"schema":{"@context":"https:\/\/schema.org","@graph":[{"@type":"WebPage","@id":"https:\/\/www.italyfamilyhotels.it\/fr\/destinations\/calabre\/scalea","url":"https:\/\/www.italyfamilyhotels.it\/fr\/destinations\/calabre\/scalea","name":"Les meilleurs H\u00f4tels pour familles \u00e0 Scalea en Calabre","isPartOf":{"@id":"https:\/\/www.italyfamilyhotels.it\/#website"},"datePublished":"2023-01-23T13:23:44+00:00","dateModified":"2023-01-24T14:17:38+00:00","description":"Envie de vacances en famille \u00e0 la mer? Nous avons s\u00e9lectionn\u00e9 les meilleurs Family Hotel \u00e0 Scalea en Calabre","breadcrumb":{"@id":"https:\/\/www.italyfamilyhotels.it\/fr\/destinations\/calabre\/scalea#breadcrumb"},"inLanguage":"fr-FR","potentialAction":[{"@type":"ReadAction","target":["https:\/\/www.italyfamilyhotels.it\/fr\/destinations\/calabre\/scalea"]}]},{"@type":"BreadcrumbList","@id":"https:\/\/www.italyfamilyhotels.it\/fr\/destinations\/calabre\/scalea#breadcrumb","itemListElement":[{"@type":"ListItem","position":1,"name":"Home","item":"https:\/\/www.italyfamilyhotels.it\/fr"},{"@type":"ListItem","position":2,"name":"Destinations","item":"https:\/\/www.italyfamilyhotels.it\/fr\/destinations"},{"@type":"ListItem","position":3,"name":"Calabre","item":"https:\/\/www.italyfamilyhotels.it\/fr\/destinations\/calabre"},{"@type":"ListItem","position":4,"name":"Scalea"}]},{"@type":"WebSite","@id":"https:\/\/www.italyfamilyhotels.it\/#website","url":"https:\/\/www.italyfamilyhotels.it\/","name":"Italy Family Hotels","description":"","potentialAction":[{"@type":"SearchAction","target":{"@type":"EntryPoint","urlTemplate":"https:\/\/www.italyfamilyhotels.it\/?s={search_term_string}"},"query-input":{"@type":"PropertyValueSpecification","valueRequired":true,"valueName":"search_term_string"}}],"inLanguage":"fr-FR"}]}},"_links":{"self":[{"href":"https:\/\/www.italyfamilyhotels.it\/fr\/wp-json\/wp\/v2\/pages\/43806","targetHints":{"allow":["GET"]}}],"collection":[{"href":"https:\/\/www.italyfamilyhotels.it\/fr\/wp-json\/wp\/v2\/pages"}],"about":[{"href":"https:\/\/www.italyfamilyhotels.it\/fr\/wp-json\/wp\/v2\/types\/page"}],"author":[{"embeddable":true,"href":"https:\/\/www.italyfamilyhotels.it\/fr\/wp-json\/wp\/v2\/users\/2"}],"replies":[{"embeddable":true,"href":"https:\/\/www.italyfamilyhotels.it\/fr\/wp-json\/wp\/v2\/comments?post=43806"}],"version-history":[{"count":1,"href":"https:\/\/www.italyfamilyhotels.it\/fr\/wp-json\/wp\/v2\/pages\/43806\/revisions"}],"predecessor-version":[{"id":43807,"href":"https:\/\/www.italyfamilyhotels.it\/fr\/wp-json\/wp\/v2\/pages\/43806\/revisions\/43807"}],"up":[{"embeddable":true,"href":"https:\/\/www.italyfamilyhotels.it\/fr\/wp-json\/wp\/v2\/pages\/43553"}],"wp:attachment":[{"href":"https:\/\/www.italyfamilyhotels.it\/fr\/wp-json\/wp\/v2\/media?parent=43806"}],"curies":[{"name":"wp","href":"https:\/\/api.w.org\/{rel}","templated":true}]}}