{"id":43800,"date":"2023-01-23T14:23:33","date_gmt":"2023-01-23T13:23:33","guid":{"rendered":"https:\/\/www.italyfamilyhotels.it\/destinations\/trentin-haut-adige\/primiero-san-martino-di-castrozza"},"modified":"2023-01-25T13:02:18","modified_gmt":"2023-01-25T12:02:18","slug":"primiero-san-martino-di-castrozza","status":"publish","type":"page","link":"https:\/\/www.italyfamilyhotels.it\/fr\/destinations\/trentin-haut-adige\/primiero-san-martino-di-castrozza","title":{"rendered":"Primiero San Martino di Castrozza"},"content":{"rendered":"\n<p>D&#8217;immenses p\u00e2turages verdoyants, parsem\u00e9s de villages et de vieilles cabanes en bois recouvertes de neige en hiver, entour\u00e9s de sommets qui caressent un ciel clair : \u00e0 la fronti\u00e8re entre le Trentin et Belluno, la Vall\u00e9e de Primiero est une carte postale montagnarde embl\u00e9matique. Les <b>gorges du Lac de Schener<\/b> \u2013 qui aurait vu le jour gr\u00e2ce \u00e0 la m\u00e9lancolie d&#8217;une loutre \u2013 est la porte d&#8217;entr\u00e9e d&#8217;un th\u00e9\u00e2tre entour\u00e9 par les <b>Pale de San Martino<\/b>, le <b>Lagorai<\/b> et les <b>sommets de Feltre<\/b>. <b>Fiera<\/b>, <b>Transaqua<\/b> et <b>Tonadico<\/b> sont trois villages o\u00f9 randonneurs, v\u00e9t\u00e9tistes et amateurs de sports d&#8217;hiver trouvent une dimension sur mesure. En d\u00e9cembre, en revanche, le village de <b>Siror<\/b> devient le th\u00e9\u00e2tre d\u2019un <b>march\u00e9 de No\u00ebl magique<\/b>.<\/p>\n","protected":false},"excerpt":{"rendered":"<p>D&#8217;immenses p\u00e2turages verdoyants, parsem\u00e9s de villages et de vieilles cabanes en bois recouvertes de neige en hiver, entour\u00e9s de sommets qui caressent un ciel clair : \u00e0 la fronti\u00e8re entre le Trentin et Belluno, la Vall\u00e9e de Primiero est une carte postale montagnarde embl\u00e9matique. Les gorges du Lac de Schener \u2013 qui aurait vu le &hellip;<\/p>\n","protected":false},"author":2,"featured_media":0,"parent":43583,"menu_order":0,"comment_status":"closed","ping_status":"closed","template":"page-templates\/scheda_localita.php","meta":{"_acf_changed":false,"inline_featured_image":false,"footnotes":""},"class_list":["post-43800","page","type-page","status-publish","hentry"],"acf":[],"yoast_head":"<!-- This site is optimized with the Yoast SEO plugin v27.1 - https:\/\/yoast.com\/product\/yoast-seo-wordpress\/ -->\n<title>H\u00f4tels pour familles \u00e0 Primiero San Martino di Castrozza<\/title>\n<meta name=\"description\" content=\"Envie de vacances en famille dans les Dolomites italiennes ? Nous avons s\u00e9lectionn\u00e9 les meilleurs Family Hotels \u00e0 Primiero\" \/>\n<meta name=\"robots\" content=\"index, follow, max-snippet:-1, max-image-preview:large, max-video-preview:-1\" \/>\n<link rel=\"canonical\" href=\"https:\/\/www.italyfamilyhotels.it\/fr\/destinations\/trentin-haut-adige\/primiero-san-martino-di-castrozza\" \/>\n<meta property=\"og:locale\" content=\"fr_FR\" \/>\n<meta property=\"og:type\" content=\"article\" \/>\n<meta property=\"og:title\" content=\"H\u00f4tels pour familles \u00e0 Primiero San Martino di Castrozza\" \/>\n<meta property=\"og:description\" content=\"Envie de vacances en famille dans les Dolomites italiennes ? Nous avons s\u00e9lectionn\u00e9 les meilleurs Family Hotels \u00e0 Primiero\" \/>\n<meta property=\"og:url\" content=\"https:\/\/www.italyfamilyhotels.it\/fr\/destinations\/trentin-haut-adige\/primiero-san-martino-di-castrozza\" \/>\n<meta property=\"og:site_name\" content=\"Italy Family Hotels\" \/>\n<meta property=\"article:publisher\" content=\"https:\/\/www.facebook.com\/ItalyFamilyHotels\/\" \/>\n<meta property=\"article:modified_time\" content=\"2023-01-25T12:02:18+00:00\" \/>\n<meta name=\"twitter:card\" content=\"summary_large_image\" \/>\n<meta name=\"twitter:label1\" content=\"Dur\u00e9e de lecture estim\u00e9e\" \/>\n\t<meta name=\"twitter:data1\" content=\"1 minute\" \/>\n<script type=\"application\/ld+json\" class=\"yoast-schema-graph\">{\"@context\":\"https:\/\/schema.org\",\"@graph\":[{\"@type\":\"WebPage\",\"@id\":\"https:\/\/www.italyfamilyhotels.it\/fr\/destinations\/trentin-haut-adige\/primiero-san-martino-di-castrozza\",\"url\":\"https:\/\/www.italyfamilyhotels.it\/fr\/destinations\/trentin-haut-adige\/primiero-san-martino-di-castrozza\",\"name\":\"H\u00f4tels pour familles \u00e0 Primiero San Martino di Castrozza\",\"isPartOf\":{\"@id\":\"https:\/\/www.italyfamilyhotels.it\/#website\"},\"datePublished\":\"2023-01-23T13:23:33+00:00\",\"dateModified\":\"2023-01-25T12:02:18+00:00\",\"description\":\"Envie de vacances en famille dans les Dolomites italiennes ? Nous avons s\u00e9lectionn\u00e9 les meilleurs Family Hotels \u00e0 Primiero\",\"breadcrumb\":{\"@id\":\"https:\/\/www.italyfamilyhotels.it\/fr\/destinations\/trentin-haut-adige\/primiero-san-martino-di-castrozza#breadcrumb\"},\"inLanguage\":\"fr-FR\",\"potentialAction\":[{\"@type\":\"ReadAction\",\"target\":[\"https:\/\/www.italyfamilyhotels.it\/fr\/destinations\/trentin-haut-adige\/primiero-san-martino-di-castrozza\"]}]},{\"@type\":\"BreadcrumbList\",\"@id\":\"https:\/\/www.italyfamilyhotels.it\/fr\/destinations\/trentin-haut-adige\/primiero-san-martino-di-castrozza#breadcrumb\",\"itemListElement\":[{\"@type\":\"ListItem\",\"position\":1,\"name\":\"Home\",\"item\":\"https:\/\/www.italyfamilyhotels.it\/fr\"},{\"@type\":\"ListItem\",\"position\":2,\"name\":\"Destinations\",\"item\":\"https:\/\/www.italyfamilyhotels.it\/fr\/destinations\"},{\"@type\":\"ListItem\",\"position\":3,\"name\":\"Trentin Haut-Adige\",\"item\":\"https:\/\/www.italyfamilyhotels.it\/fr\/destinations\/trentin-haut-adige\"},{\"@type\":\"ListItem\",\"position\":4,\"name\":\"Primiero San Martino di Castrozza\"}]},{\"@type\":\"WebSite\",\"@id\":\"https:\/\/www.italyfamilyhotels.it\/#website\",\"url\":\"https:\/\/www.italyfamilyhotels.it\/\",\"name\":\"Italy Family Hotels\",\"description\":\"\",\"potentialAction\":[{\"@type\":\"SearchAction\",\"target\":{\"@type\":\"EntryPoint\",\"urlTemplate\":\"https:\/\/www.italyfamilyhotels.it\/?s={search_term_string}\"},\"query-input\":{\"@type\":\"PropertyValueSpecification\",\"valueRequired\":true,\"valueName\":\"search_term_string\"}}],\"inLanguage\":\"fr-FR\"}]}<\/script>\n<!-- \/ Yoast SEO plugin. -->","yoast_head_json":{"title":"H\u00f4tels pour familles \u00e0 Primiero San Martino di Castrozza","description":"Envie de vacances en famille dans les Dolomites italiennes ? Nous avons s\u00e9lectionn\u00e9 les meilleurs Family Hotels \u00e0 Primiero","robots":{"index":"index","follow":"follow","max-snippet":"max-snippet:-1","max-image-preview":"max-image-preview:large","max-video-preview":"max-video-preview:-1"},"canonical":"https:\/\/www.italyfamilyhotels.it\/fr\/destinations\/trentin-haut-adige\/primiero-san-martino-di-castrozza","og_locale":"fr_FR","og_type":"article","og_title":"H\u00f4tels pour familles \u00e0 Primiero San Martino di Castrozza","og_description":"Envie de vacances en famille dans les Dolomites italiennes ? Nous avons s\u00e9lectionn\u00e9 les meilleurs Family Hotels \u00e0 Primiero","og_url":"https:\/\/www.italyfamilyhotels.it\/fr\/destinations\/trentin-haut-adige\/primiero-san-martino-di-castrozza","og_site_name":"Italy Family Hotels","article_publisher":"https:\/\/www.facebook.com\/ItalyFamilyHotels\/","article_modified_time":"2023-01-25T12:02:18+00:00","twitter_card":"summary_large_image","twitter_misc":{"Dur\u00e9e de lecture estim\u00e9e":"1 minute"},"schema":{"@context":"https:\/\/schema.org","@graph":[{"@type":"WebPage","@id":"https:\/\/www.italyfamilyhotels.it\/fr\/destinations\/trentin-haut-adige\/primiero-san-martino-di-castrozza","url":"https:\/\/www.italyfamilyhotels.it\/fr\/destinations\/trentin-haut-adige\/primiero-san-martino-di-castrozza","name":"H\u00f4tels pour familles \u00e0 Primiero San Martino di Castrozza","isPartOf":{"@id":"https:\/\/www.italyfamilyhotels.it\/#website"},"datePublished":"2023-01-23T13:23:33+00:00","dateModified":"2023-01-25T12:02:18+00:00","description":"Envie de vacances en famille dans les Dolomites italiennes ? Nous avons s\u00e9lectionn\u00e9 les meilleurs Family Hotels \u00e0 Primiero","breadcrumb":{"@id":"https:\/\/www.italyfamilyhotels.it\/fr\/destinations\/trentin-haut-adige\/primiero-san-martino-di-castrozza#breadcrumb"},"inLanguage":"fr-FR","potentialAction":[{"@type":"ReadAction","target":["https:\/\/www.italyfamilyhotels.it\/fr\/destinations\/trentin-haut-adige\/primiero-san-martino-di-castrozza"]}]},{"@type":"BreadcrumbList","@id":"https:\/\/www.italyfamilyhotels.it\/fr\/destinations\/trentin-haut-adige\/primiero-san-martino-di-castrozza#breadcrumb","itemListElement":[{"@type":"ListItem","position":1,"name":"Home","item":"https:\/\/www.italyfamilyhotels.it\/fr"},{"@type":"ListItem","position":2,"name":"Destinations","item":"https:\/\/www.italyfamilyhotels.it\/fr\/destinations"},{"@type":"ListItem","position":3,"name":"Trentin Haut-Adige","item":"https:\/\/www.italyfamilyhotels.it\/fr\/destinations\/trentin-haut-adige"},{"@type":"ListItem","position":4,"name":"Primiero San Martino di Castrozza"}]},{"@type":"WebSite","@id":"https:\/\/www.italyfamilyhotels.it\/#website","url":"https:\/\/www.italyfamilyhotels.it\/","name":"Italy Family Hotels","description":"","potentialAction":[{"@type":"SearchAction","target":{"@type":"EntryPoint","urlTemplate":"https:\/\/www.italyfamilyhotels.it\/?s={search_term_string}"},"query-input":{"@type":"PropertyValueSpecification","valueRequired":true,"valueName":"search_term_string"}}],"inLanguage":"fr-FR"}]}},"_links":{"self":[{"href":"https:\/\/www.italyfamilyhotels.it\/fr\/wp-json\/wp\/v2\/pages\/43800","targetHints":{"allow":["GET"]}}],"collection":[{"href":"https:\/\/www.italyfamilyhotels.it\/fr\/wp-json\/wp\/v2\/pages"}],"about":[{"href":"https:\/\/www.italyfamilyhotels.it\/fr\/wp-json\/wp\/v2\/types\/page"}],"author":[{"embeddable":true,"href":"https:\/\/www.italyfamilyhotels.it\/fr\/wp-json\/wp\/v2\/users\/2"}],"replies":[{"embeddable":true,"href":"https:\/\/www.italyfamilyhotels.it\/fr\/wp-json\/wp\/v2\/comments?post=43800"}],"version-history":[{"count":1,"href":"https:\/\/www.italyfamilyhotels.it\/fr\/wp-json\/wp\/v2\/pages\/43800\/revisions"}],"predecessor-version":[{"id":43801,"href":"https:\/\/www.italyfamilyhotels.it\/fr\/wp-json\/wp\/v2\/pages\/43800\/revisions\/43801"}],"up":[{"embeddable":true,"href":"https:\/\/www.italyfamilyhotels.it\/fr\/wp-json\/wp\/v2\/pages\/43583"}],"wp:attachment":[{"href":"https:\/\/www.italyfamilyhotels.it\/fr\/wp-json\/wp\/v2\/media?parent=43800"}],"curies":[{"name":"wp","href":"https:\/\/api.w.org\/{rel}","templated":true}]}}