{"id":43790,"date":"2023-01-23T14:23:14","date_gmt":"2023-01-23T13:23:14","guid":{"rendered":"https:\/\/www.italyfamilyhotels.it\/destinations\/lac-de-garde\/peschiera-del-garda"},"modified":"2023-01-24T17:08:20","modified_gmt":"2023-01-24T16:08:20","slug":"peschiera-del-garda","status":"publish","type":"page","link":"https:\/\/www.italyfamilyhotels.it\/fr\/destinations\/lac-de-garde\/peschiera-del-garda","title":{"rendered":"Peschiera del Garda"},"content":{"rendered":"\n<p>Presque unique avec ses canaux,<b> Peschiera del Garda <\/b>est l&#8217;un des endroits les plus fascinants parmi ceux qui surplombent le lac dont elle tire son nom. Si, le soir, les lumi\u00e8res se refl\u00e9tant sur l&#8217;eau contribuent \u00e0 cr\u00e9er un sc\u00e9nario magique et romantique, le jour, les <b>plages<\/b> et les rues s&#8217;animent d&#8217;une vie qui semble s\u2019\u00e9couler parmi les nombreux ruisseaux, pour se fondre dans une surface \u00e9norme qui refl\u00e8te le plaisir de qui choisit Peschiera pour des vacances diff\u00e9rentes. La <b>vieille-ville<\/b> et les murailles deviennent alors la toile de fond d&#8217;une journ\u00e9e pass\u00e9e \u00e0 sillonner les eaux du lac en voilier ou en planche \u00e0 voile, ou \u00e0 p\u00e9daler \u00e0 v\u00e9lo, \u00e0 la d\u00e9couverte des villes qui les entourent.<\/p>\n","protected":false},"excerpt":{"rendered":"<p>Presque unique avec ses canaux, Peschiera del Garda est l&#8217;un des endroits les plus fascinants parmi ceux qui surplombent le lac dont elle tire son nom. Si, le soir, les lumi\u00e8res se refl\u00e9tant sur l&#8217;eau contribuent \u00e0 cr\u00e9er un sc\u00e9nario magique et romantique, le jour, les plages et les rues s&#8217;animent d&#8217;une vie qui semble &hellip;<\/p>\n","protected":false},"author":2,"featured_media":0,"parent":43587,"menu_order":0,"comment_status":"closed","ping_status":"closed","template":"page-templates\/scheda_localita.php","meta":{"_acf_changed":false,"inline_featured_image":false,"footnotes":""},"class_list":["post-43790","page","type-page","status-publish","hentry"],"acf":[],"yoast_head":"<!-- This site is optimized with the Yoast SEO plugin v27.1 - https:\/\/yoast.com\/product\/yoast-seo-wordpress\/ -->\n<title>Les meilleurs H\u00f4tels pour familles \u00e0 Peschiera del Garda<\/title>\n<meta name=\"description\" content=\"Envie de vacances en famille ? Nous avons s\u00e9lectionn\u00e9 les meilleurs Family Hotel \u00e0 Peschiera sur le lac de Garde\" \/>\n<meta name=\"robots\" content=\"index, follow, max-snippet:-1, max-image-preview:large, max-video-preview:-1\" \/>\n<link rel=\"canonical\" href=\"https:\/\/www.italyfamilyhotels.it\/fr\/destinations\/lac-de-garde\/peschiera-del-garda\" \/>\n<meta property=\"og:locale\" content=\"fr_FR\" \/>\n<meta property=\"og:type\" content=\"article\" \/>\n<meta property=\"og:title\" content=\"Les meilleurs H\u00f4tels pour familles \u00e0 Peschiera del Garda\" \/>\n<meta property=\"og:description\" content=\"Envie de vacances en famille ? Nous avons s\u00e9lectionn\u00e9 les meilleurs Family Hotel \u00e0 Peschiera sur le lac de Garde\" \/>\n<meta property=\"og:url\" content=\"https:\/\/www.italyfamilyhotels.it\/fr\/destinations\/lac-de-garde\/peschiera-del-garda\" \/>\n<meta property=\"og:site_name\" content=\"Italy Family Hotels\" \/>\n<meta property=\"article:publisher\" content=\"https:\/\/www.facebook.com\/ItalyFamilyHotels\/\" \/>\n<meta property=\"article:modified_time\" content=\"2023-01-24T16:08:20+00:00\" \/>\n<meta name=\"twitter:card\" content=\"summary_large_image\" \/>\n<meta name=\"twitter:label1\" content=\"Dur\u00e9e de lecture estim\u00e9e\" \/>\n\t<meta name=\"twitter:data1\" content=\"1 minute\" \/>\n<script type=\"application\/ld+json\" class=\"yoast-schema-graph\">{\"@context\":\"https:\/\/schema.org\",\"@graph\":[{\"@type\":\"WebPage\",\"@id\":\"https:\/\/www.italyfamilyhotels.it\/fr\/destinations\/lac-de-garde\/peschiera-del-garda\",\"url\":\"https:\/\/www.italyfamilyhotels.it\/fr\/destinations\/lac-de-garde\/peschiera-del-garda\",\"name\":\"Les meilleurs H\u00f4tels pour familles \u00e0 Peschiera del Garda\",\"isPartOf\":{\"@id\":\"https:\/\/www.italyfamilyhotels.it\/#website\"},\"datePublished\":\"2023-01-23T13:23:14+00:00\",\"dateModified\":\"2023-01-24T16:08:20+00:00\",\"description\":\"Envie de vacances en famille ? Nous avons s\u00e9lectionn\u00e9 les meilleurs Family Hotel \u00e0 Peschiera sur le lac de Garde\",\"breadcrumb\":{\"@id\":\"https:\/\/www.italyfamilyhotels.it\/fr\/destinations\/lac-de-garde\/peschiera-del-garda#breadcrumb\"},\"inLanguage\":\"fr-FR\",\"potentialAction\":[{\"@type\":\"ReadAction\",\"target\":[\"https:\/\/www.italyfamilyhotels.it\/fr\/destinations\/lac-de-garde\/peschiera-del-garda\"]}]},{\"@type\":\"BreadcrumbList\",\"@id\":\"https:\/\/www.italyfamilyhotels.it\/fr\/destinations\/lac-de-garde\/peschiera-del-garda#breadcrumb\",\"itemListElement\":[{\"@type\":\"ListItem\",\"position\":1,\"name\":\"Home\",\"item\":\"https:\/\/www.italyfamilyhotels.it\/fr\"},{\"@type\":\"ListItem\",\"position\":2,\"name\":\"Destinations\",\"item\":\"https:\/\/www.italyfamilyhotels.it\/fr\/destinations\"},{\"@type\":\"ListItem\",\"position\":3,\"name\":\"Lac de Garde\",\"item\":\"https:\/\/www.italyfamilyhotels.it\/fr\/destinations\/lac-de-garde\"},{\"@type\":\"ListItem\",\"position\":4,\"name\":\"Peschiera del Garda\"}]},{\"@type\":\"WebSite\",\"@id\":\"https:\/\/www.italyfamilyhotels.it\/#website\",\"url\":\"https:\/\/www.italyfamilyhotels.it\/\",\"name\":\"Italy Family Hotels\",\"description\":\"\",\"potentialAction\":[{\"@type\":\"SearchAction\",\"target\":{\"@type\":\"EntryPoint\",\"urlTemplate\":\"https:\/\/www.italyfamilyhotels.it\/?s={search_term_string}\"},\"query-input\":{\"@type\":\"PropertyValueSpecification\",\"valueRequired\":true,\"valueName\":\"search_term_string\"}}],\"inLanguage\":\"fr-FR\"}]}<\/script>\n<!-- \/ Yoast SEO plugin. -->","yoast_head_json":{"title":"Les meilleurs H\u00f4tels pour familles \u00e0 Peschiera del Garda","description":"Envie de vacances en famille ? Nous avons s\u00e9lectionn\u00e9 les meilleurs Family Hotel \u00e0 Peschiera sur le lac de Garde","robots":{"index":"index","follow":"follow","max-snippet":"max-snippet:-1","max-image-preview":"max-image-preview:large","max-video-preview":"max-video-preview:-1"},"canonical":"https:\/\/www.italyfamilyhotels.it\/fr\/destinations\/lac-de-garde\/peschiera-del-garda","og_locale":"fr_FR","og_type":"article","og_title":"Les meilleurs H\u00f4tels pour familles \u00e0 Peschiera del Garda","og_description":"Envie de vacances en famille ? Nous avons s\u00e9lectionn\u00e9 les meilleurs Family Hotel \u00e0 Peschiera sur le lac de Garde","og_url":"https:\/\/www.italyfamilyhotels.it\/fr\/destinations\/lac-de-garde\/peschiera-del-garda","og_site_name":"Italy Family Hotels","article_publisher":"https:\/\/www.facebook.com\/ItalyFamilyHotels\/","article_modified_time":"2023-01-24T16:08:20+00:00","twitter_card":"summary_large_image","twitter_misc":{"Dur\u00e9e de lecture estim\u00e9e":"1 minute"},"schema":{"@context":"https:\/\/schema.org","@graph":[{"@type":"WebPage","@id":"https:\/\/www.italyfamilyhotels.it\/fr\/destinations\/lac-de-garde\/peschiera-del-garda","url":"https:\/\/www.italyfamilyhotels.it\/fr\/destinations\/lac-de-garde\/peschiera-del-garda","name":"Les meilleurs H\u00f4tels pour familles \u00e0 Peschiera del Garda","isPartOf":{"@id":"https:\/\/www.italyfamilyhotels.it\/#website"},"datePublished":"2023-01-23T13:23:14+00:00","dateModified":"2023-01-24T16:08:20+00:00","description":"Envie de vacances en famille ? Nous avons s\u00e9lectionn\u00e9 les meilleurs Family Hotel \u00e0 Peschiera sur le lac de Garde","breadcrumb":{"@id":"https:\/\/www.italyfamilyhotels.it\/fr\/destinations\/lac-de-garde\/peschiera-del-garda#breadcrumb"},"inLanguage":"fr-FR","potentialAction":[{"@type":"ReadAction","target":["https:\/\/www.italyfamilyhotels.it\/fr\/destinations\/lac-de-garde\/peschiera-del-garda"]}]},{"@type":"BreadcrumbList","@id":"https:\/\/www.italyfamilyhotels.it\/fr\/destinations\/lac-de-garde\/peschiera-del-garda#breadcrumb","itemListElement":[{"@type":"ListItem","position":1,"name":"Home","item":"https:\/\/www.italyfamilyhotels.it\/fr"},{"@type":"ListItem","position":2,"name":"Destinations","item":"https:\/\/www.italyfamilyhotels.it\/fr\/destinations"},{"@type":"ListItem","position":3,"name":"Lac de Garde","item":"https:\/\/www.italyfamilyhotels.it\/fr\/destinations\/lac-de-garde"},{"@type":"ListItem","position":4,"name":"Peschiera del Garda"}]},{"@type":"WebSite","@id":"https:\/\/www.italyfamilyhotels.it\/#website","url":"https:\/\/www.italyfamilyhotels.it\/","name":"Italy Family Hotels","description":"","potentialAction":[{"@type":"SearchAction","target":{"@type":"EntryPoint","urlTemplate":"https:\/\/www.italyfamilyhotels.it\/?s={search_term_string}"},"query-input":{"@type":"PropertyValueSpecification","valueRequired":true,"valueName":"search_term_string"}}],"inLanguage":"fr-FR"}]}},"_links":{"self":[{"href":"https:\/\/www.italyfamilyhotels.it\/fr\/wp-json\/wp\/v2\/pages\/43790","targetHints":{"allow":["GET"]}}],"collection":[{"href":"https:\/\/www.italyfamilyhotels.it\/fr\/wp-json\/wp\/v2\/pages"}],"about":[{"href":"https:\/\/www.italyfamilyhotels.it\/fr\/wp-json\/wp\/v2\/types\/page"}],"author":[{"embeddable":true,"href":"https:\/\/www.italyfamilyhotels.it\/fr\/wp-json\/wp\/v2\/users\/2"}],"replies":[{"embeddable":true,"href":"https:\/\/www.italyfamilyhotels.it\/fr\/wp-json\/wp\/v2\/comments?post=43790"}],"version-history":[{"count":1,"href":"https:\/\/www.italyfamilyhotels.it\/fr\/wp-json\/wp\/v2\/pages\/43790\/revisions"}],"predecessor-version":[{"id":43791,"href":"https:\/\/www.italyfamilyhotels.it\/fr\/wp-json\/wp\/v2\/pages\/43790\/revisions\/43791"}],"up":[{"embeddable":true,"href":"https:\/\/www.italyfamilyhotels.it\/fr\/wp-json\/wp\/v2\/pages\/43587"}],"wp:attachment":[{"href":"https:\/\/www.italyfamilyhotels.it\/fr\/wp-json\/wp\/v2\/media?parent=43790"}],"curies":[{"name":"wp","href":"https:\/\/api.w.org\/{rel}","templated":true}]}}