{"id":43780,"date":"2023-01-23T14:22:56","date_gmt":"2023-01-23T13:22:56","guid":{"rendered":"https:\/\/www.italyfamilyhotels.it\/destinations\/ischia\/lacco-ameno-dischia"},"modified":"2023-01-24T17:12:37","modified_gmt":"2023-01-24T16:12:37","slug":"lacco-ameno-dischia","status":"publish","type":"page","link":"https:\/\/www.italyfamilyhotels.it\/fr\/destinations\/ischia\/lacco-ameno-dischia","title":{"rendered":"Lacco Ameno d&#8217;Ischia"},"content":{"rendered":"\n<p>C&#8217;est avant tout gr\u00e2ce \u00e0 la petite <b>Lacco Ameno<\/b> et \u00e0 l&#8217;\u00e9diteur Angelo Rizzoli, qui a agrandi les anciennes Thermes Regina, que l&#8217;\u00cele d&#8217;Ischia fut la protagoniste, dans les ann\u00e9es 1950, d&#8217;un boom touristique si tonitruant qu&#8217;elle a \u00e9galement attir\u00e9 les repr\u00e9sentants de la mondanit\u00e9 du continent. C\u00e9l\u00e8bre pour la qualit\u00e9 de ses eaux et pour le rocher en forme de champignon qui s&#8217;est d\u00e9tach\u00e9 du mont Epomeo et est tomb\u00e9 dans la mer, et qui aujourd\u2019hui salue les baigneurs des environs \u00e0 10 m\u00e8tres du rivage, la localit\u00e9 peut \u00e9galement se vanter de poss\u00e9der <b>San Montano<\/b>, l&#8217;une des plus belles plages de l&#8217;\u00eele, et une grande collection de <b>trouvailles<\/b> et de <b>fouilles arch\u00e9ologiques<\/b> datant du <b>d\u00e9but de l&#8217;\u00e8re chr\u00e9tienne<\/b>.<\/p>\n","protected":false},"excerpt":{"rendered":"<p>C&#8217;est avant tout gr\u00e2ce \u00e0 la petite Lacco Ameno et \u00e0 l&#8217;\u00e9diteur Angelo Rizzoli, qui a agrandi les anciennes Thermes Regina, que l&#8217;\u00cele d&#8217;Ischia fut la protagoniste, dans les ann\u00e9es 1950, d&#8217;un boom touristique si tonitruant qu&#8217;elle a \u00e9galement attir\u00e9 les repr\u00e9sentants de la mondanit\u00e9 du continent. C\u00e9l\u00e8bre pour la qualit\u00e9 de ses eaux et &hellip;<\/p>\n","protected":false},"author":2,"featured_media":0,"parent":43567,"menu_order":0,"comment_status":"closed","ping_status":"closed","template":"page-templates\/scheda_localita.php","meta":{"_acf_changed":false,"inline_featured_image":false,"footnotes":""},"class_list":["post-43780","page","type-page","status-publish","hentry"],"acf":[],"yoast_head":"<!-- This site is optimized with the Yoast SEO plugin v27.1 - https:\/\/yoast.com\/product\/yoast-seo-wordpress\/ -->\n<title>Les meilleurs H\u00f4tels pour familles \u00e0 Lacco Ameno d&#039;Ischia<\/title>\n<meta name=\"description\" content=\"Envie de vacances en famille en Italie? Nous avons s\u00e9lectionn\u00e9 les meilleurs Family Hotel \u00e0 Lacco Ameno d&#039;Ischia\" \/>\n<meta name=\"robots\" content=\"index, follow, max-snippet:-1, max-image-preview:large, max-video-preview:-1\" \/>\n<link rel=\"canonical\" href=\"https:\/\/www.italyfamilyhotels.it\/fr\/destinations\/ischia\/lacco-ameno-dischia\" \/>\n<meta property=\"og:locale\" content=\"fr_FR\" \/>\n<meta property=\"og:type\" content=\"article\" \/>\n<meta property=\"og:title\" content=\"Les meilleurs H\u00f4tels pour familles \u00e0 Lacco Ameno d&#039;Ischia\" \/>\n<meta property=\"og:description\" content=\"Envie de vacances en famille en Italie? Nous avons s\u00e9lectionn\u00e9 les meilleurs Family Hotel \u00e0 Lacco Ameno d&#039;Ischia\" \/>\n<meta property=\"og:url\" content=\"https:\/\/www.italyfamilyhotels.it\/fr\/destinations\/ischia\/lacco-ameno-dischia\" \/>\n<meta property=\"og:site_name\" content=\"Italy Family Hotels\" \/>\n<meta property=\"article:publisher\" content=\"https:\/\/www.facebook.com\/ItalyFamilyHotels\/\" \/>\n<meta property=\"article:modified_time\" content=\"2023-01-24T16:12:37+00:00\" \/>\n<meta name=\"twitter:card\" content=\"summary_large_image\" \/>\n<meta name=\"twitter:label1\" content=\"Dur\u00e9e de lecture estim\u00e9e\" \/>\n\t<meta name=\"twitter:data1\" content=\"1 minute\" \/>\n<script type=\"application\/ld+json\" class=\"yoast-schema-graph\">{\"@context\":\"https:\/\/schema.org\",\"@graph\":[{\"@type\":\"WebPage\",\"@id\":\"https:\/\/www.italyfamilyhotels.it\/fr\/destinations\/ischia\/lacco-ameno-dischia\",\"url\":\"https:\/\/www.italyfamilyhotels.it\/fr\/destinations\/ischia\/lacco-ameno-dischia\",\"name\":\"Les meilleurs H\u00f4tels pour familles \u00e0 Lacco Ameno d'Ischia\",\"isPartOf\":{\"@id\":\"https:\/\/www.italyfamilyhotels.it\/#website\"},\"datePublished\":\"2023-01-23T13:22:56+00:00\",\"dateModified\":\"2023-01-24T16:12:37+00:00\",\"description\":\"Envie de vacances en famille en Italie? Nous avons s\u00e9lectionn\u00e9 les meilleurs Family Hotel \u00e0 Lacco Ameno d'Ischia\",\"breadcrumb\":{\"@id\":\"https:\/\/www.italyfamilyhotels.it\/fr\/destinations\/ischia\/lacco-ameno-dischia#breadcrumb\"},\"inLanguage\":\"fr-FR\",\"potentialAction\":[{\"@type\":\"ReadAction\",\"target\":[\"https:\/\/www.italyfamilyhotels.it\/fr\/destinations\/ischia\/lacco-ameno-dischia\"]}]},{\"@type\":\"BreadcrumbList\",\"@id\":\"https:\/\/www.italyfamilyhotels.it\/fr\/destinations\/ischia\/lacco-ameno-dischia#breadcrumb\",\"itemListElement\":[{\"@type\":\"ListItem\",\"position\":1,\"name\":\"Home\",\"item\":\"https:\/\/www.italyfamilyhotels.it\/fr\"},{\"@type\":\"ListItem\",\"position\":2,\"name\":\"Destinations\",\"item\":\"https:\/\/www.italyfamilyhotels.it\/fr\/destinations\"},{\"@type\":\"ListItem\",\"position\":3,\"name\":\"Ischia\",\"item\":\"https:\/\/www.italyfamilyhotels.it\/fr\/destinations\/ischia\"},{\"@type\":\"ListItem\",\"position\":4,\"name\":\"Lacco Ameno d&#8217;Ischia\"}]},{\"@type\":\"WebSite\",\"@id\":\"https:\/\/www.italyfamilyhotels.it\/#website\",\"url\":\"https:\/\/www.italyfamilyhotels.it\/\",\"name\":\"Italy Family Hotels\",\"description\":\"\",\"potentialAction\":[{\"@type\":\"SearchAction\",\"target\":{\"@type\":\"EntryPoint\",\"urlTemplate\":\"https:\/\/www.italyfamilyhotels.it\/?s={search_term_string}\"},\"query-input\":{\"@type\":\"PropertyValueSpecification\",\"valueRequired\":true,\"valueName\":\"search_term_string\"}}],\"inLanguage\":\"fr-FR\"}]}<\/script>\n<!-- \/ Yoast SEO plugin. -->","yoast_head_json":{"title":"Les meilleurs H\u00f4tels pour familles \u00e0 Lacco Ameno d'Ischia","description":"Envie de vacances en famille en Italie? Nous avons s\u00e9lectionn\u00e9 les meilleurs Family Hotel \u00e0 Lacco Ameno d'Ischia","robots":{"index":"index","follow":"follow","max-snippet":"max-snippet:-1","max-image-preview":"max-image-preview:large","max-video-preview":"max-video-preview:-1"},"canonical":"https:\/\/www.italyfamilyhotels.it\/fr\/destinations\/ischia\/lacco-ameno-dischia","og_locale":"fr_FR","og_type":"article","og_title":"Les meilleurs H\u00f4tels pour familles \u00e0 Lacco Ameno d'Ischia","og_description":"Envie de vacances en famille en Italie? Nous avons s\u00e9lectionn\u00e9 les meilleurs Family Hotel \u00e0 Lacco Ameno d'Ischia","og_url":"https:\/\/www.italyfamilyhotels.it\/fr\/destinations\/ischia\/lacco-ameno-dischia","og_site_name":"Italy Family Hotels","article_publisher":"https:\/\/www.facebook.com\/ItalyFamilyHotels\/","article_modified_time":"2023-01-24T16:12:37+00:00","twitter_card":"summary_large_image","twitter_misc":{"Dur\u00e9e de lecture estim\u00e9e":"1 minute"},"schema":{"@context":"https:\/\/schema.org","@graph":[{"@type":"WebPage","@id":"https:\/\/www.italyfamilyhotels.it\/fr\/destinations\/ischia\/lacco-ameno-dischia","url":"https:\/\/www.italyfamilyhotels.it\/fr\/destinations\/ischia\/lacco-ameno-dischia","name":"Les meilleurs H\u00f4tels pour familles \u00e0 Lacco Ameno d'Ischia","isPartOf":{"@id":"https:\/\/www.italyfamilyhotels.it\/#website"},"datePublished":"2023-01-23T13:22:56+00:00","dateModified":"2023-01-24T16:12:37+00:00","description":"Envie de vacances en famille en Italie? Nous avons s\u00e9lectionn\u00e9 les meilleurs Family Hotel \u00e0 Lacco Ameno d'Ischia","breadcrumb":{"@id":"https:\/\/www.italyfamilyhotels.it\/fr\/destinations\/ischia\/lacco-ameno-dischia#breadcrumb"},"inLanguage":"fr-FR","potentialAction":[{"@type":"ReadAction","target":["https:\/\/www.italyfamilyhotels.it\/fr\/destinations\/ischia\/lacco-ameno-dischia"]}]},{"@type":"BreadcrumbList","@id":"https:\/\/www.italyfamilyhotels.it\/fr\/destinations\/ischia\/lacco-ameno-dischia#breadcrumb","itemListElement":[{"@type":"ListItem","position":1,"name":"Home","item":"https:\/\/www.italyfamilyhotels.it\/fr"},{"@type":"ListItem","position":2,"name":"Destinations","item":"https:\/\/www.italyfamilyhotels.it\/fr\/destinations"},{"@type":"ListItem","position":3,"name":"Ischia","item":"https:\/\/www.italyfamilyhotels.it\/fr\/destinations\/ischia"},{"@type":"ListItem","position":4,"name":"Lacco Ameno d&#8217;Ischia"}]},{"@type":"WebSite","@id":"https:\/\/www.italyfamilyhotels.it\/#website","url":"https:\/\/www.italyfamilyhotels.it\/","name":"Italy Family Hotels","description":"","potentialAction":[{"@type":"SearchAction","target":{"@type":"EntryPoint","urlTemplate":"https:\/\/www.italyfamilyhotels.it\/?s={search_term_string}"},"query-input":{"@type":"PropertyValueSpecification","valueRequired":true,"valueName":"search_term_string"}}],"inLanguage":"fr-FR"}]}},"_links":{"self":[{"href":"https:\/\/www.italyfamilyhotels.it\/fr\/wp-json\/wp\/v2\/pages\/43780","targetHints":{"allow":["GET"]}}],"collection":[{"href":"https:\/\/www.italyfamilyhotels.it\/fr\/wp-json\/wp\/v2\/pages"}],"about":[{"href":"https:\/\/www.italyfamilyhotels.it\/fr\/wp-json\/wp\/v2\/types\/page"}],"author":[{"embeddable":true,"href":"https:\/\/www.italyfamilyhotels.it\/fr\/wp-json\/wp\/v2\/users\/2"}],"replies":[{"embeddable":true,"href":"https:\/\/www.italyfamilyhotels.it\/fr\/wp-json\/wp\/v2\/comments?post=43780"}],"version-history":[{"count":1,"href":"https:\/\/www.italyfamilyhotels.it\/fr\/wp-json\/wp\/v2\/pages\/43780\/revisions"}],"predecessor-version":[{"id":43781,"href":"https:\/\/www.italyfamilyhotels.it\/fr\/wp-json\/wp\/v2\/pages\/43780\/revisions\/43781"}],"up":[{"embeddable":true,"href":"https:\/\/www.italyfamilyhotels.it\/fr\/wp-json\/wp\/v2\/pages\/43567"}],"wp:attachment":[{"href":"https:\/\/www.italyfamilyhotels.it\/fr\/wp-json\/wp\/v2\/media?parent=43780"}],"curies":[{"name":"wp","href":"https:\/\/api.w.org\/{rel}","templated":true}]}}