{"id":43778,"date":"2023-01-23T14:22:50","date_gmt":"2023-01-23T13:22:50","guid":{"rendered":"https:\/\/www.italyfamilyhotels.it\/destinations\/ischia\/forio-dischia"},"modified":"2023-01-24T15:57:59","modified_gmt":"2023-01-24T14:57:59","slug":"forio-dischia","status":"publish","type":"page","link":"https:\/\/www.italyfamilyhotels.it\/fr\/destinations\/ischia\/forio-dischia","title":{"rendered":"Forio d&#8217;Ischia"},"content":{"rendered":"\n<p>Si, lors d&#8217;un voyage \u00e0 travers l&#8217;\u00cele d&#8217;Or, votre oreille devait intercepter des mots avec un son inhabituel, vous pourriez en conclure que vous \u00eates arriv\u00e9 \u00e0 <b>Forio d&#8217;Ischia<\/b>, qui \u2013 dans son propre dialecte \u2013 conserve encore les influences de civilisations tr\u00e8s anciennes. Entre les promontoires de <b>Punta Imperatore<\/b> et <b>Punta Caruso<\/b>, et quelques-unes des plages les plus belles et renomm\u00e9es de ce lieu d\u00e9tach\u00e9 de la terre, Fiorio a su, au fil du temps, attirer des personnalit\u00e9s culturelles et de la jet-set, de Pasolini \u00e0 Jacqueline Kennedy et Aristoteles Onassis, fascin\u00e9s par une vielle ville parfaitement pr\u00e9serv\u00e9e et une mer extraordinaire, caress\u00e9e par de longues \u00e9chancrures et protub\u00e9rances mais \u00e9galement par de petites criques isol\u00e9es.<\/p>\n","protected":false},"excerpt":{"rendered":"<p>Si, lors d&#8217;un voyage \u00e0 travers l&#8217;\u00cele d&#8217;Or, votre oreille devait intercepter des mots avec un son inhabituel, vous pourriez en conclure que vous \u00eates arriv\u00e9 \u00e0 Forio d&#8217;Ischia, qui \u2013 dans son propre dialecte \u2013 conserve encore les influences de civilisations tr\u00e8s anciennes. Entre les promontoires de Punta Imperatore et Punta Caruso, et quelques-unes &hellip;<\/p>\n","protected":false},"author":2,"featured_media":0,"parent":43567,"menu_order":0,"comment_status":"closed","ping_status":"closed","template":"page-templates\/scheda_localita.php","meta":{"_acf_changed":false,"inline_featured_image":false,"footnotes":""},"class_list":["post-43778","page","type-page","status-publish","hentry"],"acf":[],"yoast_head":"<!-- This site is optimized with the Yoast SEO plugin v27.1 - https:\/\/yoast.com\/product\/yoast-seo-wordpress\/ -->\n<title>Les meilleurs H\u00f4tels pour familles \u00e0 Forio d&#039;Ischia<\/title>\n<meta name=\"description\" content=\"Envie de vacances en famille en Italie? Nous avons s\u00e9lectionn\u00e9 les meilleurs Family Hotel \u00e0 Forio d&#039;Ischia\" \/>\n<meta name=\"robots\" content=\"index, follow, max-snippet:-1, max-image-preview:large, max-video-preview:-1\" \/>\n<link rel=\"canonical\" href=\"https:\/\/www.italyfamilyhotels.it\/fr\/destinations\/ischia\/forio-dischia\" \/>\n<meta property=\"og:locale\" content=\"fr_FR\" \/>\n<meta property=\"og:type\" content=\"article\" \/>\n<meta property=\"og:title\" content=\"Les meilleurs H\u00f4tels pour familles \u00e0 Forio d&#039;Ischia\" \/>\n<meta property=\"og:description\" content=\"Envie de vacances en famille en Italie? Nous avons s\u00e9lectionn\u00e9 les meilleurs Family Hotel \u00e0 Forio d&#039;Ischia\" \/>\n<meta property=\"og:url\" content=\"https:\/\/www.italyfamilyhotels.it\/fr\/destinations\/ischia\/forio-dischia\" \/>\n<meta property=\"og:site_name\" content=\"Italy Family Hotels\" \/>\n<meta property=\"article:publisher\" content=\"https:\/\/www.facebook.com\/ItalyFamilyHotels\/\" \/>\n<meta property=\"article:modified_time\" content=\"2023-01-24T14:57:59+00:00\" \/>\n<meta name=\"twitter:card\" content=\"summary_large_image\" \/>\n<meta name=\"twitter:label1\" content=\"Dur\u00e9e de lecture estim\u00e9e\" \/>\n\t<meta name=\"twitter:data1\" content=\"1 minute\" \/>\n<script type=\"application\/ld+json\" class=\"yoast-schema-graph\">{\"@context\":\"https:\/\/schema.org\",\"@graph\":[{\"@type\":\"WebPage\",\"@id\":\"https:\/\/www.italyfamilyhotels.it\/fr\/destinations\/ischia\/forio-dischia\",\"url\":\"https:\/\/www.italyfamilyhotels.it\/fr\/destinations\/ischia\/forio-dischia\",\"name\":\"Les meilleurs H\u00f4tels pour familles \u00e0 Forio d'Ischia\",\"isPartOf\":{\"@id\":\"https:\/\/www.italyfamilyhotels.it\/#website\"},\"datePublished\":\"2023-01-23T13:22:50+00:00\",\"dateModified\":\"2023-01-24T14:57:59+00:00\",\"description\":\"Envie de vacances en famille en Italie? Nous avons s\u00e9lectionn\u00e9 les meilleurs Family Hotel \u00e0 Forio d'Ischia\",\"breadcrumb\":{\"@id\":\"https:\/\/www.italyfamilyhotels.it\/fr\/destinations\/ischia\/forio-dischia#breadcrumb\"},\"inLanguage\":\"fr-FR\",\"potentialAction\":[{\"@type\":\"ReadAction\",\"target\":[\"https:\/\/www.italyfamilyhotels.it\/fr\/destinations\/ischia\/forio-dischia\"]}]},{\"@type\":\"BreadcrumbList\",\"@id\":\"https:\/\/www.italyfamilyhotels.it\/fr\/destinations\/ischia\/forio-dischia#breadcrumb\",\"itemListElement\":[{\"@type\":\"ListItem\",\"position\":1,\"name\":\"Home\",\"item\":\"https:\/\/www.italyfamilyhotels.it\/fr\"},{\"@type\":\"ListItem\",\"position\":2,\"name\":\"Destinations\",\"item\":\"https:\/\/www.italyfamilyhotels.it\/fr\/destinations\"},{\"@type\":\"ListItem\",\"position\":3,\"name\":\"Ischia\",\"item\":\"https:\/\/www.italyfamilyhotels.it\/fr\/destinations\/ischia\"},{\"@type\":\"ListItem\",\"position\":4,\"name\":\"Forio d&#8217;Ischia\"}]},{\"@type\":\"WebSite\",\"@id\":\"https:\/\/www.italyfamilyhotels.it\/#website\",\"url\":\"https:\/\/www.italyfamilyhotels.it\/\",\"name\":\"Italy Family Hotels\",\"description\":\"\",\"potentialAction\":[{\"@type\":\"SearchAction\",\"target\":{\"@type\":\"EntryPoint\",\"urlTemplate\":\"https:\/\/www.italyfamilyhotels.it\/?s={search_term_string}\"},\"query-input\":{\"@type\":\"PropertyValueSpecification\",\"valueRequired\":true,\"valueName\":\"search_term_string\"}}],\"inLanguage\":\"fr-FR\"}]}<\/script>\n<!-- \/ Yoast SEO plugin. -->","yoast_head_json":{"title":"Les meilleurs H\u00f4tels pour familles \u00e0 Forio d'Ischia","description":"Envie de vacances en famille en Italie? Nous avons s\u00e9lectionn\u00e9 les meilleurs Family Hotel \u00e0 Forio d'Ischia","robots":{"index":"index","follow":"follow","max-snippet":"max-snippet:-1","max-image-preview":"max-image-preview:large","max-video-preview":"max-video-preview:-1"},"canonical":"https:\/\/www.italyfamilyhotels.it\/fr\/destinations\/ischia\/forio-dischia","og_locale":"fr_FR","og_type":"article","og_title":"Les meilleurs H\u00f4tels pour familles \u00e0 Forio d'Ischia","og_description":"Envie de vacances en famille en Italie? Nous avons s\u00e9lectionn\u00e9 les meilleurs Family Hotel \u00e0 Forio d'Ischia","og_url":"https:\/\/www.italyfamilyhotels.it\/fr\/destinations\/ischia\/forio-dischia","og_site_name":"Italy Family Hotels","article_publisher":"https:\/\/www.facebook.com\/ItalyFamilyHotels\/","article_modified_time":"2023-01-24T14:57:59+00:00","twitter_card":"summary_large_image","twitter_misc":{"Dur\u00e9e de lecture estim\u00e9e":"1 minute"},"schema":{"@context":"https:\/\/schema.org","@graph":[{"@type":"WebPage","@id":"https:\/\/www.italyfamilyhotels.it\/fr\/destinations\/ischia\/forio-dischia","url":"https:\/\/www.italyfamilyhotels.it\/fr\/destinations\/ischia\/forio-dischia","name":"Les meilleurs H\u00f4tels pour familles \u00e0 Forio d'Ischia","isPartOf":{"@id":"https:\/\/www.italyfamilyhotels.it\/#website"},"datePublished":"2023-01-23T13:22:50+00:00","dateModified":"2023-01-24T14:57:59+00:00","description":"Envie de vacances en famille en Italie? Nous avons s\u00e9lectionn\u00e9 les meilleurs Family Hotel \u00e0 Forio d'Ischia","breadcrumb":{"@id":"https:\/\/www.italyfamilyhotels.it\/fr\/destinations\/ischia\/forio-dischia#breadcrumb"},"inLanguage":"fr-FR","potentialAction":[{"@type":"ReadAction","target":["https:\/\/www.italyfamilyhotels.it\/fr\/destinations\/ischia\/forio-dischia"]}]},{"@type":"BreadcrumbList","@id":"https:\/\/www.italyfamilyhotels.it\/fr\/destinations\/ischia\/forio-dischia#breadcrumb","itemListElement":[{"@type":"ListItem","position":1,"name":"Home","item":"https:\/\/www.italyfamilyhotels.it\/fr"},{"@type":"ListItem","position":2,"name":"Destinations","item":"https:\/\/www.italyfamilyhotels.it\/fr\/destinations"},{"@type":"ListItem","position":3,"name":"Ischia","item":"https:\/\/www.italyfamilyhotels.it\/fr\/destinations\/ischia"},{"@type":"ListItem","position":4,"name":"Forio d&#8217;Ischia"}]},{"@type":"WebSite","@id":"https:\/\/www.italyfamilyhotels.it\/#website","url":"https:\/\/www.italyfamilyhotels.it\/","name":"Italy Family Hotels","description":"","potentialAction":[{"@type":"SearchAction","target":{"@type":"EntryPoint","urlTemplate":"https:\/\/www.italyfamilyhotels.it\/?s={search_term_string}"},"query-input":{"@type":"PropertyValueSpecification","valueRequired":true,"valueName":"search_term_string"}}],"inLanguage":"fr-FR"}]}},"_links":{"self":[{"href":"https:\/\/www.italyfamilyhotels.it\/fr\/wp-json\/wp\/v2\/pages\/43778","targetHints":{"allow":["GET"]}}],"collection":[{"href":"https:\/\/www.italyfamilyhotels.it\/fr\/wp-json\/wp\/v2\/pages"}],"about":[{"href":"https:\/\/www.italyfamilyhotels.it\/fr\/wp-json\/wp\/v2\/types\/page"}],"author":[{"embeddable":true,"href":"https:\/\/www.italyfamilyhotels.it\/fr\/wp-json\/wp\/v2\/users\/2"}],"replies":[{"embeddable":true,"href":"https:\/\/www.italyfamilyhotels.it\/fr\/wp-json\/wp\/v2\/comments?post=43778"}],"version-history":[{"count":1,"href":"https:\/\/www.italyfamilyhotels.it\/fr\/wp-json\/wp\/v2\/pages\/43778\/revisions"}],"predecessor-version":[{"id":43779,"href":"https:\/\/www.italyfamilyhotels.it\/fr\/wp-json\/wp\/v2\/pages\/43778\/revisions\/43779"}],"up":[{"embeddable":true,"href":"https:\/\/www.italyfamilyhotels.it\/fr\/wp-json\/wp\/v2\/pages\/43567"}],"wp:attachment":[{"href":"https:\/\/www.italyfamilyhotels.it\/fr\/wp-json\/wp\/v2\/media?parent=43778"}],"curies":[{"name":"wp","href":"https:\/\/api.w.org\/{rel}","templated":true}]}}