{"id":43770,"date":"2023-01-23T14:22:35","date_gmt":"2023-01-23T13:22:35","guid":{"rendered":"https:\/\/www.italyfamilyhotels.it\/destinations\/venetie\/bibione"},"modified":"2023-01-25T13:21:19","modified_gmt":"2023-01-25T12:21:19","slug":"bibione","status":"publish","type":"page","link":"https:\/\/www.italyfamilyhotels.it\/fr\/destinations\/venetie\/bibione","title":{"rendered":"Bibione"},"content":{"rendered":"\n<p>Vue d&#8217;en haut, la conformation inhabituelle de <b>Bibione<\/b> semble sugg\u00e9rer que la terre est sortie de l&#8217;eau pour v\u00e9rifier le beau paysage de la V\u00e9n\u00e9tie et pour v\u00e9rifier que la r\u00e9putation de station baln\u00e9aire renomm\u00e9e dont jouit la localit\u00e9 correspond \u00e0 la r\u00e9alit\u00e9. Une plage de 11,5 kilom\u00e8tres, constamment expos\u00e9e au soleil, justifie la r\u00e9putation de cette destination <b>id\u00e9ale pour les familles<\/b>, lesquelles trouvent ici tranquillit\u00e9, s\u00e9curit\u00e9 et service de <b>service client high-tech<\/b> parmi les parasols de la c\u00f4te adriatique. Le 23 <b>Drapeaux bleus<\/b> accord\u00e9s au fil des ans ne sont qu&#8217;une des raisons de choisir une r\u00e9gion qui offre \u00e9galement de grandes opportunit\u00e9s pour les amoureux de la nature et les sportifs.<\/p>\n","protected":false},"excerpt":{"rendered":"<p>Vue d&#8217;en haut, la conformation inhabituelle de Bibione semble sugg\u00e9rer que la terre est sortie de l&#8217;eau pour v\u00e9rifier le beau paysage de la V\u00e9n\u00e9tie et pour v\u00e9rifier que la r\u00e9putation de station baln\u00e9aire renomm\u00e9e dont jouit la localit\u00e9 correspond \u00e0 la r\u00e9alit\u00e9. Une plage de 11,5 kilom\u00e8tres, constamment expos\u00e9e au soleil, justifie la r\u00e9putation &hellip;<\/p>\n","protected":false},"author":2,"featured_media":0,"parent":43585,"menu_order":0,"comment_status":"closed","ping_status":"closed","template":"page-templates\/scheda_localita.php","meta":{"_acf_changed":false,"inline_featured_image":false,"footnotes":""},"class_list":["post-43770","page","type-page","status-publish","hentry"],"acf":[],"yoast_head":"<!-- This site is optimized with the Yoast SEO plugin v27.1 - https:\/\/yoast.com\/product\/yoast-seo-wordpress\/ -->\n<title>H\u00f4tels pour familles \u00e0 Bibione : les meilleurs Family Hotel \u00e0 Bibione<\/title>\n<meta name=\"description\" content=\"Envie de vacances en famille \u00e0 la mer pr\u00e8s de Venise ? Nous avons s\u00e9lectionn\u00e9 les meilleurs Family Hotels \u00e0 Bibione\" \/>\n<meta name=\"robots\" content=\"index, follow, max-snippet:-1, max-image-preview:large, max-video-preview:-1\" \/>\n<link rel=\"canonical\" href=\"https:\/\/www.italyfamilyhotels.it\/fr\/destinations\/venetie\/bibione\" \/>\n<meta property=\"og:locale\" content=\"fr_FR\" \/>\n<meta property=\"og:type\" content=\"article\" \/>\n<meta property=\"og:title\" content=\"H\u00f4tels pour familles \u00e0 Bibione : les meilleurs Family Hotel \u00e0 Bibione\" \/>\n<meta property=\"og:description\" content=\"Envie de vacances en famille \u00e0 la mer pr\u00e8s de Venise ? Nous avons s\u00e9lectionn\u00e9 les meilleurs Family Hotels \u00e0 Bibione\" \/>\n<meta property=\"og:url\" content=\"https:\/\/www.italyfamilyhotels.it\/fr\/destinations\/venetie\/bibione\" \/>\n<meta property=\"og:site_name\" content=\"Italy Family Hotels\" \/>\n<meta property=\"article:publisher\" content=\"https:\/\/www.facebook.com\/ItalyFamilyHotels\/\" \/>\n<meta property=\"article:modified_time\" content=\"2023-01-25T12:21:19+00:00\" \/>\n<meta name=\"twitter:card\" content=\"summary_large_image\" \/>\n<meta name=\"twitter:label1\" content=\"Dur\u00e9e de lecture estim\u00e9e\" \/>\n\t<meta name=\"twitter:data1\" content=\"1 minute\" \/>\n<script type=\"application\/ld+json\" class=\"yoast-schema-graph\">{\"@context\":\"https:\/\/schema.org\",\"@graph\":[{\"@type\":\"WebPage\",\"@id\":\"https:\/\/www.italyfamilyhotels.it\/fr\/destinations\/venetie\/bibione\",\"url\":\"https:\/\/www.italyfamilyhotels.it\/fr\/destinations\/venetie\/bibione\",\"name\":\"H\u00f4tels pour familles \u00e0 Bibione : les meilleurs Family Hotel \u00e0 Bibione\",\"isPartOf\":{\"@id\":\"https:\/\/www.italyfamilyhotels.it\/#website\"},\"datePublished\":\"2023-01-23T13:22:35+00:00\",\"dateModified\":\"2023-01-25T12:21:19+00:00\",\"description\":\"Envie de vacances en famille \u00e0 la mer pr\u00e8s de Venise ? Nous avons s\u00e9lectionn\u00e9 les meilleurs Family Hotels \u00e0 Bibione\",\"breadcrumb\":{\"@id\":\"https:\/\/www.italyfamilyhotels.it\/fr\/destinations\/venetie\/bibione#breadcrumb\"},\"inLanguage\":\"fr-FR\",\"potentialAction\":[{\"@type\":\"ReadAction\",\"target\":[\"https:\/\/www.italyfamilyhotels.it\/fr\/destinations\/venetie\/bibione\"]}]},{\"@type\":\"BreadcrumbList\",\"@id\":\"https:\/\/www.italyfamilyhotels.it\/fr\/destinations\/venetie\/bibione#breadcrumb\",\"itemListElement\":[{\"@type\":\"ListItem\",\"position\":1,\"name\":\"Home\",\"item\":\"https:\/\/www.italyfamilyhotels.it\/fr\"},{\"@type\":\"ListItem\",\"position\":2,\"name\":\"Destinations\",\"item\":\"https:\/\/www.italyfamilyhotels.it\/fr\/destinations\"},{\"@type\":\"ListItem\",\"position\":3,\"name\":\"V\u00e9n\u00e9tie\",\"item\":\"https:\/\/www.italyfamilyhotels.it\/fr\/destinations\/venetie\"},{\"@type\":\"ListItem\",\"position\":4,\"name\":\"Bibione\"}]},{\"@type\":\"WebSite\",\"@id\":\"https:\/\/www.italyfamilyhotels.it\/#website\",\"url\":\"https:\/\/www.italyfamilyhotels.it\/\",\"name\":\"Italy Family Hotels\",\"description\":\"\",\"potentialAction\":[{\"@type\":\"SearchAction\",\"target\":{\"@type\":\"EntryPoint\",\"urlTemplate\":\"https:\/\/www.italyfamilyhotels.it\/?s={search_term_string}\"},\"query-input\":{\"@type\":\"PropertyValueSpecification\",\"valueRequired\":true,\"valueName\":\"search_term_string\"}}],\"inLanguage\":\"fr-FR\"}]}<\/script>\n<!-- \/ Yoast SEO plugin. -->","yoast_head_json":{"title":"H\u00f4tels pour familles \u00e0 Bibione : les meilleurs Family Hotel \u00e0 Bibione","description":"Envie de vacances en famille \u00e0 la mer pr\u00e8s de Venise ? Nous avons s\u00e9lectionn\u00e9 les meilleurs Family Hotels \u00e0 Bibione","robots":{"index":"index","follow":"follow","max-snippet":"max-snippet:-1","max-image-preview":"max-image-preview:large","max-video-preview":"max-video-preview:-1"},"canonical":"https:\/\/www.italyfamilyhotels.it\/fr\/destinations\/venetie\/bibione","og_locale":"fr_FR","og_type":"article","og_title":"H\u00f4tels pour familles \u00e0 Bibione : les meilleurs Family Hotel \u00e0 Bibione","og_description":"Envie de vacances en famille \u00e0 la mer pr\u00e8s de Venise ? Nous avons s\u00e9lectionn\u00e9 les meilleurs Family Hotels \u00e0 Bibione","og_url":"https:\/\/www.italyfamilyhotels.it\/fr\/destinations\/venetie\/bibione","og_site_name":"Italy Family Hotels","article_publisher":"https:\/\/www.facebook.com\/ItalyFamilyHotels\/","article_modified_time":"2023-01-25T12:21:19+00:00","twitter_card":"summary_large_image","twitter_misc":{"Dur\u00e9e de lecture estim\u00e9e":"1 minute"},"schema":{"@context":"https:\/\/schema.org","@graph":[{"@type":"WebPage","@id":"https:\/\/www.italyfamilyhotels.it\/fr\/destinations\/venetie\/bibione","url":"https:\/\/www.italyfamilyhotels.it\/fr\/destinations\/venetie\/bibione","name":"H\u00f4tels pour familles \u00e0 Bibione : les meilleurs Family Hotel \u00e0 Bibione","isPartOf":{"@id":"https:\/\/www.italyfamilyhotels.it\/#website"},"datePublished":"2023-01-23T13:22:35+00:00","dateModified":"2023-01-25T12:21:19+00:00","description":"Envie de vacances en famille \u00e0 la mer pr\u00e8s de Venise ? Nous avons s\u00e9lectionn\u00e9 les meilleurs Family Hotels \u00e0 Bibione","breadcrumb":{"@id":"https:\/\/www.italyfamilyhotels.it\/fr\/destinations\/venetie\/bibione#breadcrumb"},"inLanguage":"fr-FR","potentialAction":[{"@type":"ReadAction","target":["https:\/\/www.italyfamilyhotels.it\/fr\/destinations\/venetie\/bibione"]}]},{"@type":"BreadcrumbList","@id":"https:\/\/www.italyfamilyhotels.it\/fr\/destinations\/venetie\/bibione#breadcrumb","itemListElement":[{"@type":"ListItem","position":1,"name":"Home","item":"https:\/\/www.italyfamilyhotels.it\/fr"},{"@type":"ListItem","position":2,"name":"Destinations","item":"https:\/\/www.italyfamilyhotels.it\/fr\/destinations"},{"@type":"ListItem","position":3,"name":"V\u00e9n\u00e9tie","item":"https:\/\/www.italyfamilyhotels.it\/fr\/destinations\/venetie"},{"@type":"ListItem","position":4,"name":"Bibione"}]},{"@type":"WebSite","@id":"https:\/\/www.italyfamilyhotels.it\/#website","url":"https:\/\/www.italyfamilyhotels.it\/","name":"Italy Family Hotels","description":"","potentialAction":[{"@type":"SearchAction","target":{"@type":"EntryPoint","urlTemplate":"https:\/\/www.italyfamilyhotels.it\/?s={search_term_string}"},"query-input":{"@type":"PropertyValueSpecification","valueRequired":true,"valueName":"search_term_string"}}],"inLanguage":"fr-FR"}]}},"_links":{"self":[{"href":"https:\/\/www.italyfamilyhotels.it\/fr\/wp-json\/wp\/v2\/pages\/43770","targetHints":{"allow":["GET"]}}],"collection":[{"href":"https:\/\/www.italyfamilyhotels.it\/fr\/wp-json\/wp\/v2\/pages"}],"about":[{"href":"https:\/\/www.italyfamilyhotels.it\/fr\/wp-json\/wp\/v2\/types\/page"}],"author":[{"embeddable":true,"href":"https:\/\/www.italyfamilyhotels.it\/fr\/wp-json\/wp\/v2\/users\/2"}],"replies":[{"embeddable":true,"href":"https:\/\/www.italyfamilyhotels.it\/fr\/wp-json\/wp\/v2\/comments?post=43770"}],"version-history":[{"count":1,"href":"https:\/\/www.italyfamilyhotels.it\/fr\/wp-json\/wp\/v2\/pages\/43770\/revisions"}],"predecessor-version":[{"id":43771,"href":"https:\/\/www.italyfamilyhotels.it\/fr\/wp-json\/wp\/v2\/pages\/43770\/revisions\/43771"}],"up":[{"embeddable":true,"href":"https:\/\/www.italyfamilyhotels.it\/fr\/wp-json\/wp\/v2\/pages\/43585"}],"wp:attachment":[{"href":"https:\/\/www.italyfamilyhotels.it\/fr\/wp-json\/wp\/v2\/media?parent=43770"}],"curies":[{"name":"wp","href":"https:\/\/api.w.org\/{rel}","templated":true}]}}