{"id":43768,"date":"2023-01-23T14:22:32","date_gmt":"2023-01-23T13:22:32","guid":{"rendered":"https:\/\/www.italyfamilyhotels.it\/destinations\/trentin-haut-adige\/transacqua"},"modified":"2023-01-25T13:17:38","modified_gmt":"2023-01-25T12:17:38","slug":"transacqua","status":"publish","type":"page","link":"https:\/\/www.italyfamilyhotels.it\/fr\/destinations\/trentin-haut-adige\/transacqua","title":{"rendered":"Transacqua"},"content":{"rendered":"\n<p>Une destination id\u00e9ale pour qui est \u00e0 la recherche de tranquillit\u00e9 en vacances \u00e0 la montagne, <b>Transacqua<\/b> &#8211; avec ses maisons et ses granges d\u00e9cor\u00e9es de peintures murales &#8211; surplombe les Pale di San Martino et, tant pour l&#8217;harmonie du paysage que pour le soin accord\u00e9 \u00e0 la verdure urbaine, a gagn\u00e9 au fil du temps le surnom de <b>ville fleurie<\/b>. \u00c0 13 kilom\u00e8tres de San Martino di Castrozza, elle accueille en hiver la frange la moins tapageuse de l&#8217;arm\u00e9e de skieurs de l&#8217;une des stations de ski les plus fascinantes du Trentin, tandis qu&#8217;en \u00e9t\u00e9, elle constitue un point de d\u00e9part privil\u00e9gi\u00e9 pour les randonneurs qui, \u00e0 travers les prairies de Caltena et de Val Giasinozza, partent \u00e0 la d\u00e9couverte de la <b>Vall\u00e9e du Primiero<\/b>.<\/p>\n","protected":false},"excerpt":{"rendered":"<p>Une destination id\u00e9ale pour qui est \u00e0 la recherche de tranquillit\u00e9 en vacances \u00e0 la montagne, Transacqua &#8211; avec ses maisons et ses granges d\u00e9cor\u00e9es de peintures murales &#8211; surplombe les Pale di San Martino et, tant pour l&#8217;harmonie du paysage que pour le soin accord\u00e9 \u00e0 la verdure urbaine, a gagn\u00e9 au fil du &hellip;<\/p>\n","protected":false},"author":2,"featured_media":0,"parent":43583,"menu_order":0,"comment_status":"closed","ping_status":"closed","template":"page-templates\/scheda_localita.php","meta":{"_acf_changed":false,"inline_featured_image":false,"footnotes":""},"class_list":["post-43768","page","type-page","status-publish","hentry"],"acf":[],"yoast_head":"<!-- This site is optimized with the Yoast SEO plugin v27.1 - https:\/\/yoast.com\/product\/yoast-seo-wordpress\/ -->\n<title>Les meilleurs H\u00f4tels pour familles \u00e0 Transacqua<\/title>\n<meta name=\"description\" content=\"Envie de vacances en famille dans les Dolomites italiennes ? Nous avons s\u00e9lectionn\u00e9 les meilleurs Family Hotels \u00e0 Transacqua\" \/>\n<meta name=\"robots\" content=\"index, follow, max-snippet:-1, max-image-preview:large, max-video-preview:-1\" \/>\n<link rel=\"canonical\" href=\"https:\/\/www.italyfamilyhotels.it\/fr\/destinations\/trentin-haut-adige\/transacqua\" \/>\n<meta property=\"og:locale\" content=\"fr_FR\" \/>\n<meta property=\"og:type\" content=\"article\" \/>\n<meta property=\"og:title\" content=\"Les meilleurs H\u00f4tels pour familles \u00e0 Transacqua\" \/>\n<meta property=\"og:description\" content=\"Envie de vacances en famille dans les Dolomites italiennes ? Nous avons s\u00e9lectionn\u00e9 les meilleurs Family Hotels \u00e0 Transacqua\" \/>\n<meta property=\"og:url\" content=\"https:\/\/www.italyfamilyhotels.it\/fr\/destinations\/trentin-haut-adige\/transacqua\" \/>\n<meta property=\"og:site_name\" content=\"Italy Family Hotels\" \/>\n<meta property=\"article:publisher\" content=\"https:\/\/www.facebook.com\/ItalyFamilyHotels\/\" \/>\n<meta property=\"article:modified_time\" content=\"2023-01-25T12:17:38+00:00\" \/>\n<meta name=\"twitter:card\" content=\"summary_large_image\" \/>\n<meta name=\"twitter:label1\" content=\"Dur\u00e9e de lecture estim\u00e9e\" \/>\n\t<meta name=\"twitter:data1\" content=\"1 minute\" \/>\n<script type=\"application\/ld+json\" class=\"yoast-schema-graph\">{\"@context\":\"https:\/\/schema.org\",\"@graph\":[{\"@type\":\"WebPage\",\"@id\":\"https:\/\/www.italyfamilyhotels.it\/fr\/destinations\/trentin-haut-adige\/transacqua\",\"url\":\"https:\/\/www.italyfamilyhotels.it\/fr\/destinations\/trentin-haut-adige\/transacqua\",\"name\":\"Les meilleurs H\u00f4tels pour familles \u00e0 Transacqua\",\"isPartOf\":{\"@id\":\"https:\/\/www.italyfamilyhotels.it\/#website\"},\"datePublished\":\"2023-01-23T13:22:32+00:00\",\"dateModified\":\"2023-01-25T12:17:38+00:00\",\"description\":\"Envie de vacances en famille dans les Dolomites italiennes ? Nous avons s\u00e9lectionn\u00e9 les meilleurs Family Hotels \u00e0 Transacqua\",\"breadcrumb\":{\"@id\":\"https:\/\/www.italyfamilyhotels.it\/fr\/destinations\/trentin-haut-adige\/transacqua#breadcrumb\"},\"inLanguage\":\"fr-FR\",\"potentialAction\":[{\"@type\":\"ReadAction\",\"target\":[\"https:\/\/www.italyfamilyhotels.it\/fr\/destinations\/trentin-haut-adige\/transacqua\"]}]},{\"@type\":\"BreadcrumbList\",\"@id\":\"https:\/\/www.italyfamilyhotels.it\/fr\/destinations\/trentin-haut-adige\/transacqua#breadcrumb\",\"itemListElement\":[{\"@type\":\"ListItem\",\"position\":1,\"name\":\"Home\",\"item\":\"https:\/\/www.italyfamilyhotels.it\/fr\"},{\"@type\":\"ListItem\",\"position\":2,\"name\":\"Destinations\",\"item\":\"https:\/\/www.italyfamilyhotels.it\/fr\/destinations\"},{\"@type\":\"ListItem\",\"position\":3,\"name\":\"Trentin Haut-Adige\",\"item\":\"https:\/\/www.italyfamilyhotels.it\/fr\/destinations\/trentin-haut-adige\"},{\"@type\":\"ListItem\",\"position\":4,\"name\":\"Transacqua\"}]},{\"@type\":\"WebSite\",\"@id\":\"https:\/\/www.italyfamilyhotels.it\/#website\",\"url\":\"https:\/\/www.italyfamilyhotels.it\/\",\"name\":\"Italy Family Hotels\",\"description\":\"\",\"potentialAction\":[{\"@type\":\"SearchAction\",\"target\":{\"@type\":\"EntryPoint\",\"urlTemplate\":\"https:\/\/www.italyfamilyhotels.it\/?s={search_term_string}\"},\"query-input\":{\"@type\":\"PropertyValueSpecification\",\"valueRequired\":true,\"valueName\":\"search_term_string\"}}],\"inLanguage\":\"fr-FR\"}]}<\/script>\n<!-- \/ Yoast SEO plugin. -->","yoast_head_json":{"title":"Les meilleurs H\u00f4tels pour familles \u00e0 Transacqua","description":"Envie de vacances en famille dans les Dolomites italiennes ? Nous avons s\u00e9lectionn\u00e9 les meilleurs Family Hotels \u00e0 Transacqua","robots":{"index":"index","follow":"follow","max-snippet":"max-snippet:-1","max-image-preview":"max-image-preview:large","max-video-preview":"max-video-preview:-1"},"canonical":"https:\/\/www.italyfamilyhotels.it\/fr\/destinations\/trentin-haut-adige\/transacqua","og_locale":"fr_FR","og_type":"article","og_title":"Les meilleurs H\u00f4tels pour familles \u00e0 Transacqua","og_description":"Envie de vacances en famille dans les Dolomites italiennes ? Nous avons s\u00e9lectionn\u00e9 les meilleurs Family Hotels \u00e0 Transacqua","og_url":"https:\/\/www.italyfamilyhotels.it\/fr\/destinations\/trentin-haut-adige\/transacqua","og_site_name":"Italy Family Hotels","article_publisher":"https:\/\/www.facebook.com\/ItalyFamilyHotels\/","article_modified_time":"2023-01-25T12:17:38+00:00","twitter_card":"summary_large_image","twitter_misc":{"Dur\u00e9e de lecture estim\u00e9e":"1 minute"},"schema":{"@context":"https:\/\/schema.org","@graph":[{"@type":"WebPage","@id":"https:\/\/www.italyfamilyhotels.it\/fr\/destinations\/trentin-haut-adige\/transacqua","url":"https:\/\/www.italyfamilyhotels.it\/fr\/destinations\/trentin-haut-adige\/transacqua","name":"Les meilleurs H\u00f4tels pour familles \u00e0 Transacqua","isPartOf":{"@id":"https:\/\/www.italyfamilyhotels.it\/#website"},"datePublished":"2023-01-23T13:22:32+00:00","dateModified":"2023-01-25T12:17:38+00:00","description":"Envie de vacances en famille dans les Dolomites italiennes ? Nous avons s\u00e9lectionn\u00e9 les meilleurs Family Hotels \u00e0 Transacqua","breadcrumb":{"@id":"https:\/\/www.italyfamilyhotels.it\/fr\/destinations\/trentin-haut-adige\/transacqua#breadcrumb"},"inLanguage":"fr-FR","potentialAction":[{"@type":"ReadAction","target":["https:\/\/www.italyfamilyhotels.it\/fr\/destinations\/trentin-haut-adige\/transacqua"]}]},{"@type":"BreadcrumbList","@id":"https:\/\/www.italyfamilyhotels.it\/fr\/destinations\/trentin-haut-adige\/transacqua#breadcrumb","itemListElement":[{"@type":"ListItem","position":1,"name":"Home","item":"https:\/\/www.italyfamilyhotels.it\/fr"},{"@type":"ListItem","position":2,"name":"Destinations","item":"https:\/\/www.italyfamilyhotels.it\/fr\/destinations"},{"@type":"ListItem","position":3,"name":"Trentin Haut-Adige","item":"https:\/\/www.italyfamilyhotels.it\/fr\/destinations\/trentin-haut-adige"},{"@type":"ListItem","position":4,"name":"Transacqua"}]},{"@type":"WebSite","@id":"https:\/\/www.italyfamilyhotels.it\/#website","url":"https:\/\/www.italyfamilyhotels.it\/","name":"Italy Family Hotels","description":"","potentialAction":[{"@type":"SearchAction","target":{"@type":"EntryPoint","urlTemplate":"https:\/\/www.italyfamilyhotels.it\/?s={search_term_string}"},"query-input":{"@type":"PropertyValueSpecification","valueRequired":true,"valueName":"search_term_string"}}],"inLanguage":"fr-FR"}]}},"_links":{"self":[{"href":"https:\/\/www.italyfamilyhotels.it\/fr\/wp-json\/wp\/v2\/pages\/43768","targetHints":{"allow":["GET"]}}],"collection":[{"href":"https:\/\/www.italyfamilyhotels.it\/fr\/wp-json\/wp\/v2\/pages"}],"about":[{"href":"https:\/\/www.italyfamilyhotels.it\/fr\/wp-json\/wp\/v2\/types\/page"}],"author":[{"embeddable":true,"href":"https:\/\/www.italyfamilyhotels.it\/fr\/wp-json\/wp\/v2\/users\/2"}],"replies":[{"embeddable":true,"href":"https:\/\/www.italyfamilyhotels.it\/fr\/wp-json\/wp\/v2\/comments?post=43768"}],"version-history":[{"count":1,"href":"https:\/\/www.italyfamilyhotels.it\/fr\/wp-json\/wp\/v2\/pages\/43768\/revisions"}],"predecessor-version":[{"id":43769,"href":"https:\/\/www.italyfamilyhotels.it\/fr\/wp-json\/wp\/v2\/pages\/43768\/revisions\/43769"}],"up":[{"embeddable":true,"href":"https:\/\/www.italyfamilyhotels.it\/fr\/wp-json\/wp\/v2\/pages\/43583"}],"wp:attachment":[{"href":"https:\/\/www.italyfamilyhotels.it\/fr\/wp-json\/wp\/v2\/media?parent=43768"}],"curies":[{"name":"wp","href":"https:\/\/api.w.org\/{rel}","templated":true}]}}