{"id":43748,"date":"2023-01-23T14:21:56","date_gmt":"2023-01-23T13:21:56","guid":{"rendered":"https:\/\/www.italyfamilyhotels.it\/destinations\/trentin-haut-adige\/ortisei"},"modified":"2023-01-25T13:00:10","modified_gmt":"2023-01-25T12:00:10","slug":"ortisei","status":"publish","type":"page","link":"https:\/\/www.italyfamilyhotels.it\/fr\/destinations\/trentin-haut-adige\/ortisei","title":{"rendered":"Ortisei"},"content":{"rendered":"\n<p>Les statues en bois des nombreuses boutiques d&#8217;artisans qui se succ\u00e8dent dans le centre semblent accueillir qui choisit de passer des vacances \u00e0 <b>Ortisei<\/b>, principal centre urbain du Val Gardena et destination id\u00e9ale pour qui est \u00e0 la recherche d\u2019un lieu tranquille pour p\u00e9n\u00e9trer dans l&#8217;univers des Dolomites qui entourent la ville. En effet, point d&#8217;appui de toutes les activit\u00e9s, les montagnes sont les v\u00e9ritables protagonistes du paysage : Resciesa et Seceda, Alpe di Siusi, Monte Piz et Col de Mesdi, tous accessibles gr\u00e2ce aux <b>installations<\/b> qui, \u00e9t\u00e9 comme hiver, sont comme un passeport vers un plaisir garanti, sur la neige ou sur les sentiers des parcs naturels des Dolomites.<\/p>\n","protected":false},"excerpt":{"rendered":"<p>Les statues en bois des nombreuses boutiques d&#8217;artisans qui se succ\u00e8dent dans le centre semblent accueillir qui choisit de passer des vacances \u00e0 Ortisei, principal centre urbain du Val Gardena et destination id\u00e9ale pour qui est \u00e0 la recherche d\u2019un lieu tranquille pour p\u00e9n\u00e9trer dans l&#8217;univers des Dolomites qui entourent la ville. En effet, point &hellip;<\/p>\n","protected":false},"author":2,"featured_media":0,"parent":43583,"menu_order":0,"comment_status":"closed","ping_status":"closed","template":"page-templates\/scheda_localita.php","meta":{"_acf_changed":false,"inline_featured_image":false,"footnotes":""},"class_list":["post-43748","page","type-page","status-publish","hentry"],"acf":[],"yoast_head":"<!-- This site is optimized with the Yoast SEO plugin v27.1 - https:\/\/yoast.com\/product\/yoast-seo-wordpress\/ -->\n<title>H\u00f4tels pour familles \u00e0 Ortisei : les meilleurs Family Hotel \u00e0 Ortisei<\/title>\n<meta name=\"description\" content=\"Envie de vacances en famille dans les Dolomites italiennes ? Nous avons s\u00e9lectionn\u00e9 les meilleurs Family Hotels \u00e0 Ortisei\" \/>\n<meta name=\"robots\" content=\"index, follow, max-snippet:-1, max-image-preview:large, max-video-preview:-1\" \/>\n<link rel=\"canonical\" href=\"https:\/\/www.italyfamilyhotels.it\/fr\/destinations\/trentin-haut-adige\/ortisei\" \/>\n<meta property=\"og:locale\" content=\"fr_FR\" \/>\n<meta property=\"og:type\" content=\"article\" \/>\n<meta property=\"og:title\" content=\"H\u00f4tels pour familles \u00e0 Ortisei : les meilleurs Family Hotel \u00e0 Ortisei\" \/>\n<meta property=\"og:description\" content=\"Envie de vacances en famille dans les Dolomites italiennes ? Nous avons s\u00e9lectionn\u00e9 les meilleurs Family Hotels \u00e0 Ortisei\" \/>\n<meta property=\"og:url\" content=\"https:\/\/www.italyfamilyhotels.it\/fr\/destinations\/trentin-haut-adige\/ortisei\" \/>\n<meta property=\"og:site_name\" content=\"Italy Family Hotels\" \/>\n<meta property=\"article:publisher\" content=\"https:\/\/www.facebook.com\/ItalyFamilyHotels\/\" \/>\n<meta property=\"article:modified_time\" content=\"2023-01-25T12:00:10+00:00\" \/>\n<meta name=\"twitter:card\" content=\"summary_large_image\" \/>\n<meta name=\"twitter:label1\" content=\"Dur\u00e9e de lecture estim\u00e9e\" \/>\n\t<meta name=\"twitter:data1\" content=\"1 minute\" \/>\n<script type=\"application\/ld+json\" class=\"yoast-schema-graph\">{\"@context\":\"https:\/\/schema.org\",\"@graph\":[{\"@type\":\"WebPage\",\"@id\":\"https:\/\/www.italyfamilyhotels.it\/fr\/destinations\/trentin-haut-adige\/ortisei\",\"url\":\"https:\/\/www.italyfamilyhotels.it\/fr\/destinations\/trentin-haut-adige\/ortisei\",\"name\":\"H\u00f4tels pour familles \u00e0 Ortisei : les meilleurs Family Hotel \u00e0 Ortisei\",\"isPartOf\":{\"@id\":\"https:\/\/www.italyfamilyhotels.it\/#website\"},\"datePublished\":\"2023-01-23T13:21:56+00:00\",\"dateModified\":\"2023-01-25T12:00:10+00:00\",\"description\":\"Envie de vacances en famille dans les Dolomites italiennes ? Nous avons s\u00e9lectionn\u00e9 les meilleurs Family Hotels \u00e0 Ortisei\",\"breadcrumb\":{\"@id\":\"https:\/\/www.italyfamilyhotels.it\/fr\/destinations\/trentin-haut-adige\/ortisei#breadcrumb\"},\"inLanguage\":\"fr-FR\",\"potentialAction\":[{\"@type\":\"ReadAction\",\"target\":[\"https:\/\/www.italyfamilyhotels.it\/fr\/destinations\/trentin-haut-adige\/ortisei\"]}]},{\"@type\":\"BreadcrumbList\",\"@id\":\"https:\/\/www.italyfamilyhotels.it\/fr\/destinations\/trentin-haut-adige\/ortisei#breadcrumb\",\"itemListElement\":[{\"@type\":\"ListItem\",\"position\":1,\"name\":\"Home\",\"item\":\"https:\/\/www.italyfamilyhotels.it\/fr\"},{\"@type\":\"ListItem\",\"position\":2,\"name\":\"Destinations\",\"item\":\"https:\/\/www.italyfamilyhotels.it\/fr\/destinations\"},{\"@type\":\"ListItem\",\"position\":3,\"name\":\"Trentin Haut-Adige\",\"item\":\"https:\/\/www.italyfamilyhotels.it\/fr\/destinations\/trentin-haut-adige\"},{\"@type\":\"ListItem\",\"position\":4,\"name\":\"Ortisei\"}]},{\"@type\":\"WebSite\",\"@id\":\"https:\/\/www.italyfamilyhotels.it\/#website\",\"url\":\"https:\/\/www.italyfamilyhotels.it\/\",\"name\":\"Italy Family Hotels\",\"description\":\"\",\"potentialAction\":[{\"@type\":\"SearchAction\",\"target\":{\"@type\":\"EntryPoint\",\"urlTemplate\":\"https:\/\/www.italyfamilyhotels.it\/?s={search_term_string}\"},\"query-input\":{\"@type\":\"PropertyValueSpecification\",\"valueRequired\":true,\"valueName\":\"search_term_string\"}}],\"inLanguage\":\"fr-FR\"}]}<\/script>\n<!-- \/ Yoast SEO plugin. -->","yoast_head_json":{"title":"H\u00f4tels pour familles \u00e0 Ortisei : les meilleurs Family Hotel \u00e0 Ortisei","description":"Envie de vacances en famille dans les Dolomites italiennes ? Nous avons s\u00e9lectionn\u00e9 les meilleurs Family Hotels \u00e0 Ortisei","robots":{"index":"index","follow":"follow","max-snippet":"max-snippet:-1","max-image-preview":"max-image-preview:large","max-video-preview":"max-video-preview:-1"},"canonical":"https:\/\/www.italyfamilyhotels.it\/fr\/destinations\/trentin-haut-adige\/ortisei","og_locale":"fr_FR","og_type":"article","og_title":"H\u00f4tels pour familles \u00e0 Ortisei : les meilleurs Family Hotel \u00e0 Ortisei","og_description":"Envie de vacances en famille dans les Dolomites italiennes ? Nous avons s\u00e9lectionn\u00e9 les meilleurs Family Hotels \u00e0 Ortisei","og_url":"https:\/\/www.italyfamilyhotels.it\/fr\/destinations\/trentin-haut-adige\/ortisei","og_site_name":"Italy Family Hotels","article_publisher":"https:\/\/www.facebook.com\/ItalyFamilyHotels\/","article_modified_time":"2023-01-25T12:00:10+00:00","twitter_card":"summary_large_image","twitter_misc":{"Dur\u00e9e de lecture estim\u00e9e":"1 minute"},"schema":{"@context":"https:\/\/schema.org","@graph":[{"@type":"WebPage","@id":"https:\/\/www.italyfamilyhotels.it\/fr\/destinations\/trentin-haut-adige\/ortisei","url":"https:\/\/www.italyfamilyhotels.it\/fr\/destinations\/trentin-haut-adige\/ortisei","name":"H\u00f4tels pour familles \u00e0 Ortisei : les meilleurs Family Hotel \u00e0 Ortisei","isPartOf":{"@id":"https:\/\/www.italyfamilyhotels.it\/#website"},"datePublished":"2023-01-23T13:21:56+00:00","dateModified":"2023-01-25T12:00:10+00:00","description":"Envie de vacances en famille dans les Dolomites italiennes ? Nous avons s\u00e9lectionn\u00e9 les meilleurs Family Hotels \u00e0 Ortisei","breadcrumb":{"@id":"https:\/\/www.italyfamilyhotels.it\/fr\/destinations\/trentin-haut-adige\/ortisei#breadcrumb"},"inLanguage":"fr-FR","potentialAction":[{"@type":"ReadAction","target":["https:\/\/www.italyfamilyhotels.it\/fr\/destinations\/trentin-haut-adige\/ortisei"]}]},{"@type":"BreadcrumbList","@id":"https:\/\/www.italyfamilyhotels.it\/fr\/destinations\/trentin-haut-adige\/ortisei#breadcrumb","itemListElement":[{"@type":"ListItem","position":1,"name":"Home","item":"https:\/\/www.italyfamilyhotels.it\/fr"},{"@type":"ListItem","position":2,"name":"Destinations","item":"https:\/\/www.italyfamilyhotels.it\/fr\/destinations"},{"@type":"ListItem","position":3,"name":"Trentin Haut-Adige","item":"https:\/\/www.italyfamilyhotels.it\/fr\/destinations\/trentin-haut-adige"},{"@type":"ListItem","position":4,"name":"Ortisei"}]},{"@type":"WebSite","@id":"https:\/\/www.italyfamilyhotels.it\/#website","url":"https:\/\/www.italyfamilyhotels.it\/","name":"Italy Family Hotels","description":"","potentialAction":[{"@type":"SearchAction","target":{"@type":"EntryPoint","urlTemplate":"https:\/\/www.italyfamilyhotels.it\/?s={search_term_string}"},"query-input":{"@type":"PropertyValueSpecification","valueRequired":true,"valueName":"search_term_string"}}],"inLanguage":"fr-FR"}]}},"_links":{"self":[{"href":"https:\/\/www.italyfamilyhotels.it\/fr\/wp-json\/wp\/v2\/pages\/43748","targetHints":{"allow":["GET"]}}],"collection":[{"href":"https:\/\/www.italyfamilyhotels.it\/fr\/wp-json\/wp\/v2\/pages"}],"about":[{"href":"https:\/\/www.italyfamilyhotels.it\/fr\/wp-json\/wp\/v2\/types\/page"}],"author":[{"embeddable":true,"href":"https:\/\/www.italyfamilyhotels.it\/fr\/wp-json\/wp\/v2\/users\/2"}],"replies":[{"embeddable":true,"href":"https:\/\/www.italyfamilyhotels.it\/fr\/wp-json\/wp\/v2\/comments?post=43748"}],"version-history":[{"count":1,"href":"https:\/\/www.italyfamilyhotels.it\/fr\/wp-json\/wp\/v2\/pages\/43748\/revisions"}],"predecessor-version":[{"id":43749,"href":"https:\/\/www.italyfamilyhotels.it\/fr\/wp-json\/wp\/v2\/pages\/43748\/revisions\/43749"}],"up":[{"embeddable":true,"href":"https:\/\/www.italyfamilyhotels.it\/fr\/wp-json\/wp\/v2\/pages\/43583"}],"wp:attachment":[{"href":"https:\/\/www.italyfamilyhotels.it\/fr\/wp-json\/wp\/v2\/media?parent=43748"}],"curies":[{"name":"wp","href":"https:\/\/api.w.org\/{rel}","templated":true}]}}