{"id":43744,"date":"2023-01-23T14:21:49","date_gmt":"2023-01-23T13:21:49","guid":{"rendered":"https:\/\/www.italyfamilyhotels.it\/destinations\/trentin-haut-adige\/siusi"},"modified":"2023-01-25T13:16:57","modified_gmt":"2023-01-25T12:16:57","slug":"siusi","status":"publish","type":"page","link":"https:\/\/www.italyfamilyhotels.it\/fr\/destinations\/trentin-haut-adige\/siusi","title":{"rendered":"Siusi"},"content":{"rendered":"\n<p>Au pied de l&#8217;Alpe di Siusi, le plateau le plus grand et le plus ensoleill\u00e9 d&#8217;Europe, et domin\u00e9 par les sommets alpins,<b> Siusi <\/b>est l&#8217;une des portes d&#8217;entr\u00e9e du <b>Parc naturel de Sciliar-Catinaccio<\/b>, qui l&#8217;entoure de prairies et de bois, dans une \u00e9treinte verte qui attire chaque ann\u00e9e les familles et les touristes, \u00e0 la recherche de vacances entre excursions et promenades, loin de la monotonie de la vie quotidienne. Mais, loin de se pr\u00e9lasser dans son statut de lieu en pleine nature, Siusi est \u00e9galement connue pour la vivacit\u00e9 de ses \u00e9t\u00e9s &#8211; anim\u00e9s par une myriade d&#8217;\u00e9v\u00e8nements et de spectacles &#8211; et la richesse de l&#8217;offre de ski durant l\u2019hiver, id\u00e9alement r\u00e9sum\u00e9e dans un domaine qui compte <b>60 km de pistes<\/b>.<\/p>\n","protected":false},"excerpt":{"rendered":"<p>Au pied de l&#8217;Alpe di Siusi, le plateau le plus grand et le plus ensoleill\u00e9 d&#8217;Europe, et domin\u00e9 par les sommets alpins, Siusi est l&#8217;une des portes d&#8217;entr\u00e9e du Parc naturel de Sciliar-Catinaccio, qui l&#8217;entoure de prairies et de bois, dans une \u00e9treinte verte qui attire chaque ann\u00e9e les familles et les touristes, \u00e0 la &hellip;<\/p>\n","protected":false},"author":2,"featured_media":0,"parent":43583,"menu_order":0,"comment_status":"closed","ping_status":"closed","template":"page-templates\/scheda_localita.php","meta":{"_acf_changed":false,"inline_featured_image":false,"footnotes":""},"class_list":["post-43744","page","type-page","status-publish","hentry"],"acf":[],"yoast_head":"<!-- This site is optimized with the Yoast SEO plugin v27.1 - https:\/\/yoast.com\/product\/yoast-seo-wordpress\/ -->\n<title>H\u00f4tels pour familles \u00e0 Siusi : les meilleurs Family Hotel \u00e0 Siusi<\/title>\n<meta name=\"description\" content=\"Envie de vacances en famille dans les Dolomites italiennes ? Nous avons s\u00e9lectionn\u00e9 les meilleurs Family Hotels \u00e0 Siusi\" \/>\n<meta name=\"robots\" content=\"index, follow, max-snippet:-1, max-image-preview:large, max-video-preview:-1\" \/>\n<link rel=\"canonical\" href=\"https:\/\/www.italyfamilyhotels.it\/fr\/destinations\/trentin-haut-adige\/siusi\" \/>\n<meta property=\"og:locale\" content=\"fr_FR\" \/>\n<meta property=\"og:type\" content=\"article\" \/>\n<meta property=\"og:title\" content=\"H\u00f4tels pour familles \u00e0 Siusi : les meilleurs Family Hotel \u00e0 Siusi\" \/>\n<meta property=\"og:description\" content=\"Envie de vacances en famille dans les Dolomites italiennes ? Nous avons s\u00e9lectionn\u00e9 les meilleurs Family Hotels \u00e0 Siusi\" \/>\n<meta property=\"og:url\" content=\"https:\/\/www.italyfamilyhotels.it\/fr\/destinations\/trentin-haut-adige\/siusi\" \/>\n<meta property=\"og:site_name\" content=\"Italy Family Hotels\" \/>\n<meta property=\"article:publisher\" content=\"https:\/\/www.facebook.com\/ItalyFamilyHotels\/\" \/>\n<meta property=\"article:modified_time\" content=\"2023-01-25T12:16:57+00:00\" \/>\n<meta name=\"twitter:card\" content=\"summary_large_image\" \/>\n<meta name=\"twitter:label1\" content=\"Dur\u00e9e de lecture estim\u00e9e\" \/>\n\t<meta name=\"twitter:data1\" content=\"1 minute\" \/>\n<script type=\"application\/ld+json\" class=\"yoast-schema-graph\">{\"@context\":\"https:\/\/schema.org\",\"@graph\":[{\"@type\":\"WebPage\",\"@id\":\"https:\/\/www.italyfamilyhotels.it\/fr\/destinations\/trentin-haut-adige\/siusi\",\"url\":\"https:\/\/www.italyfamilyhotels.it\/fr\/destinations\/trentin-haut-adige\/siusi\",\"name\":\"H\u00f4tels pour familles \u00e0 Siusi : les meilleurs Family Hotel \u00e0 Siusi\",\"isPartOf\":{\"@id\":\"https:\/\/www.italyfamilyhotels.it\/#website\"},\"datePublished\":\"2023-01-23T13:21:49+00:00\",\"dateModified\":\"2023-01-25T12:16:57+00:00\",\"description\":\"Envie de vacances en famille dans les Dolomites italiennes ? Nous avons s\u00e9lectionn\u00e9 les meilleurs Family Hotels \u00e0 Siusi\",\"breadcrumb\":{\"@id\":\"https:\/\/www.italyfamilyhotels.it\/fr\/destinations\/trentin-haut-adige\/siusi#breadcrumb\"},\"inLanguage\":\"fr-FR\",\"potentialAction\":[{\"@type\":\"ReadAction\",\"target\":[\"https:\/\/www.italyfamilyhotels.it\/fr\/destinations\/trentin-haut-adige\/siusi\"]}]},{\"@type\":\"BreadcrumbList\",\"@id\":\"https:\/\/www.italyfamilyhotels.it\/fr\/destinations\/trentin-haut-adige\/siusi#breadcrumb\",\"itemListElement\":[{\"@type\":\"ListItem\",\"position\":1,\"name\":\"Home\",\"item\":\"https:\/\/www.italyfamilyhotels.it\/fr\"},{\"@type\":\"ListItem\",\"position\":2,\"name\":\"Destinations\",\"item\":\"https:\/\/www.italyfamilyhotels.it\/fr\/destinations\"},{\"@type\":\"ListItem\",\"position\":3,\"name\":\"Trentin Haut-Adige\",\"item\":\"https:\/\/www.italyfamilyhotels.it\/fr\/destinations\/trentin-haut-adige\"},{\"@type\":\"ListItem\",\"position\":4,\"name\":\"Siusi\"}]},{\"@type\":\"WebSite\",\"@id\":\"https:\/\/www.italyfamilyhotels.it\/#website\",\"url\":\"https:\/\/www.italyfamilyhotels.it\/\",\"name\":\"Italy Family Hotels\",\"description\":\"\",\"potentialAction\":[{\"@type\":\"SearchAction\",\"target\":{\"@type\":\"EntryPoint\",\"urlTemplate\":\"https:\/\/www.italyfamilyhotels.it\/?s={search_term_string}\"},\"query-input\":{\"@type\":\"PropertyValueSpecification\",\"valueRequired\":true,\"valueName\":\"search_term_string\"}}],\"inLanguage\":\"fr-FR\"}]}<\/script>\n<!-- \/ Yoast SEO plugin. -->","yoast_head_json":{"title":"H\u00f4tels pour familles \u00e0 Siusi : les meilleurs Family Hotel \u00e0 Siusi","description":"Envie de vacances en famille dans les Dolomites italiennes ? Nous avons s\u00e9lectionn\u00e9 les meilleurs Family Hotels \u00e0 Siusi","robots":{"index":"index","follow":"follow","max-snippet":"max-snippet:-1","max-image-preview":"max-image-preview:large","max-video-preview":"max-video-preview:-1"},"canonical":"https:\/\/www.italyfamilyhotels.it\/fr\/destinations\/trentin-haut-adige\/siusi","og_locale":"fr_FR","og_type":"article","og_title":"H\u00f4tels pour familles \u00e0 Siusi : les meilleurs Family Hotel \u00e0 Siusi","og_description":"Envie de vacances en famille dans les Dolomites italiennes ? Nous avons s\u00e9lectionn\u00e9 les meilleurs Family Hotels \u00e0 Siusi","og_url":"https:\/\/www.italyfamilyhotels.it\/fr\/destinations\/trentin-haut-adige\/siusi","og_site_name":"Italy Family Hotels","article_publisher":"https:\/\/www.facebook.com\/ItalyFamilyHotels\/","article_modified_time":"2023-01-25T12:16:57+00:00","twitter_card":"summary_large_image","twitter_misc":{"Dur\u00e9e de lecture estim\u00e9e":"1 minute"},"schema":{"@context":"https:\/\/schema.org","@graph":[{"@type":"WebPage","@id":"https:\/\/www.italyfamilyhotels.it\/fr\/destinations\/trentin-haut-adige\/siusi","url":"https:\/\/www.italyfamilyhotels.it\/fr\/destinations\/trentin-haut-adige\/siusi","name":"H\u00f4tels pour familles \u00e0 Siusi : les meilleurs Family Hotel \u00e0 Siusi","isPartOf":{"@id":"https:\/\/www.italyfamilyhotels.it\/#website"},"datePublished":"2023-01-23T13:21:49+00:00","dateModified":"2023-01-25T12:16:57+00:00","description":"Envie de vacances en famille dans les Dolomites italiennes ? Nous avons s\u00e9lectionn\u00e9 les meilleurs Family Hotels \u00e0 Siusi","breadcrumb":{"@id":"https:\/\/www.italyfamilyhotels.it\/fr\/destinations\/trentin-haut-adige\/siusi#breadcrumb"},"inLanguage":"fr-FR","potentialAction":[{"@type":"ReadAction","target":["https:\/\/www.italyfamilyhotels.it\/fr\/destinations\/trentin-haut-adige\/siusi"]}]},{"@type":"BreadcrumbList","@id":"https:\/\/www.italyfamilyhotels.it\/fr\/destinations\/trentin-haut-adige\/siusi#breadcrumb","itemListElement":[{"@type":"ListItem","position":1,"name":"Home","item":"https:\/\/www.italyfamilyhotels.it\/fr"},{"@type":"ListItem","position":2,"name":"Destinations","item":"https:\/\/www.italyfamilyhotels.it\/fr\/destinations"},{"@type":"ListItem","position":3,"name":"Trentin Haut-Adige","item":"https:\/\/www.italyfamilyhotels.it\/fr\/destinations\/trentin-haut-adige"},{"@type":"ListItem","position":4,"name":"Siusi"}]},{"@type":"WebSite","@id":"https:\/\/www.italyfamilyhotels.it\/#website","url":"https:\/\/www.italyfamilyhotels.it\/","name":"Italy Family Hotels","description":"","potentialAction":[{"@type":"SearchAction","target":{"@type":"EntryPoint","urlTemplate":"https:\/\/www.italyfamilyhotels.it\/?s={search_term_string}"},"query-input":{"@type":"PropertyValueSpecification","valueRequired":true,"valueName":"search_term_string"}}],"inLanguage":"fr-FR"}]}},"_links":{"self":[{"href":"https:\/\/www.italyfamilyhotels.it\/fr\/wp-json\/wp\/v2\/pages\/43744","targetHints":{"allow":["GET"]}}],"collection":[{"href":"https:\/\/www.italyfamilyhotels.it\/fr\/wp-json\/wp\/v2\/pages"}],"about":[{"href":"https:\/\/www.italyfamilyhotels.it\/fr\/wp-json\/wp\/v2\/types\/page"}],"author":[{"embeddable":true,"href":"https:\/\/www.italyfamilyhotels.it\/fr\/wp-json\/wp\/v2\/users\/2"}],"replies":[{"embeddable":true,"href":"https:\/\/www.italyfamilyhotels.it\/fr\/wp-json\/wp\/v2\/comments?post=43744"}],"version-history":[{"count":1,"href":"https:\/\/www.italyfamilyhotels.it\/fr\/wp-json\/wp\/v2\/pages\/43744\/revisions"}],"predecessor-version":[{"id":43745,"href":"https:\/\/www.italyfamilyhotels.it\/fr\/wp-json\/wp\/v2\/pages\/43744\/revisions\/43745"}],"up":[{"embeddable":true,"href":"https:\/\/www.italyfamilyhotels.it\/fr\/wp-json\/wp\/v2\/pages\/43583"}],"wp:attachment":[{"href":"https:\/\/www.italyfamilyhotels.it\/fr\/wp-json\/wp\/v2\/media?parent=43744"}],"curies":[{"name":"wp","href":"https:\/\/api.w.org\/{rel}","templated":true}]}}