{"id":43730,"date":"2023-01-23T14:21:26","date_gmt":"2023-01-23T13:21:26","guid":{"rendered":"https:\/\/www.italyfamilyhotels.it\/destinations\/toscane\/lido-di-camaiore"},"modified":"2023-01-25T17:27:31","modified_gmt":"2023-01-25T16:27:31","slug":"lido-di-camaiore","status":"publish","type":"page","link":"https:\/\/www.italyfamilyhotels.it\/fr\/destinations\/toscane\/lido-di-camaiore","title":{"rendered":"Lido di Camaiore"},"content":{"rendered":"\n<p>Entre Viareggio et Marina di Pietrasanta, <b>Lido di Camaiore<\/b> plonge dans la mer Tyrrh\u00e9nienne de Versilia, avec une longue <b>plage de sable<\/b>, derri\u00e8re laquelle commence \u00e0 s&#8217;\u00e9lever le territoire qui, des collines, prend la forme des Alpes Apuanes. Le sc\u00e9nario mer-montagne qui en r\u00e9sulte est un t\u00e9moignage \u00e9mouvant d\u2019une Toscane capable d\u2019offrir aux touristes le coucher de soleil \u00e0 l&#8217;horizon de l&#8217;eau, mais \u00e9galement des services de pointe et de multiples possibilit\u00e9s pour passer des journ\u00e9es allong\u00e9es au soleil, ou dans une nature luxuriante et caract\u00e9ristique de l\u2019<b>arri\u00e8re-pays<\/b>, dans un climat qui se pr\u00eate \u00e0 des vacances \u00e9galement, d\u00e9cid\u00e9es \u00e0 la derni\u00e8re minute.<\/p>\n","protected":false},"excerpt":{"rendered":"<p>Entre Viareggio et Marina di Pietrasanta, Lido di Camaiore plonge dans la mer Tyrrh\u00e9nienne de Versilia, avec une longue plage de sable, derri\u00e8re laquelle commence \u00e0 s&#8217;\u00e9lever le territoire qui, des collines, prend la forme des Alpes Apuanes. Le sc\u00e9nario mer-montagne qui en r\u00e9sulte est un t\u00e9moignage \u00e9mouvant d\u2019une Toscane capable d\u2019offrir aux touristes le &hellip;<\/p>\n","protected":false},"author":2,"featured_media":0,"parent":43581,"menu_order":0,"comment_status":"closed","ping_status":"closed","template":"page-templates\/scheda_localita.php","meta":{"_acf_changed":false,"inline_featured_image":false,"footnotes":""},"class_list":["post-43730","page","type-page","status-publish","hentry"],"acf":[],"yoast_head":"<!-- This site is optimized with the Yoast SEO plugin v27.1 - https:\/\/yoast.com\/product\/yoast-seo-wordpress\/ -->\n<title>Les meilleurs H\u00f4tels pour familles \u00e0 Lido di Camaiore\u00a0en Toscane<\/title>\n<meta name=\"description\" content=\"Envie de vacances en famille \u00e0 la mer en Toscane ? Nous avons s\u00e9lectionn\u00e9 les meilleurs Family Hotels \u00e0 Lido di Camaiore\" \/>\n<meta name=\"robots\" content=\"index, follow, max-snippet:-1, max-image-preview:large, max-video-preview:-1\" \/>\n<link rel=\"canonical\" href=\"https:\/\/www.italyfamilyhotels.it\/fr\/destinations\/toscane\/lido-di-camaiore\" \/>\n<meta property=\"og:locale\" content=\"fr_FR\" \/>\n<meta property=\"og:type\" content=\"article\" \/>\n<meta property=\"og:title\" content=\"Les meilleurs H\u00f4tels pour familles \u00e0 Lido di Camaiore\u00a0en Toscane\" \/>\n<meta property=\"og:description\" content=\"Envie de vacances en famille \u00e0 la mer en Toscane ? Nous avons s\u00e9lectionn\u00e9 les meilleurs Family Hotels \u00e0 Lido di Camaiore\" \/>\n<meta property=\"og:url\" content=\"https:\/\/www.italyfamilyhotels.it\/fr\/destinations\/toscane\/lido-di-camaiore\" \/>\n<meta property=\"og:site_name\" content=\"Italy Family Hotels\" \/>\n<meta property=\"article:publisher\" content=\"https:\/\/www.facebook.com\/ItalyFamilyHotels\/\" \/>\n<meta property=\"article:modified_time\" content=\"2023-01-25T16:27:31+00:00\" \/>\n<meta name=\"twitter:card\" content=\"summary_large_image\" \/>\n<meta name=\"twitter:label1\" content=\"Dur\u00e9e de lecture estim\u00e9e\" \/>\n\t<meta name=\"twitter:data1\" content=\"1 minute\" \/>\n<script type=\"application\/ld+json\" class=\"yoast-schema-graph\">{\"@context\":\"https:\/\/schema.org\",\"@graph\":[{\"@type\":\"WebPage\",\"@id\":\"https:\/\/www.italyfamilyhotels.it\/fr\/destinations\/toscane\/lido-di-camaiore\",\"url\":\"https:\/\/www.italyfamilyhotels.it\/fr\/destinations\/toscane\/lido-di-camaiore\",\"name\":\"Les meilleurs H\u00f4tels pour familles \u00e0 Lido di Camaiore\u00a0en Toscane\",\"isPartOf\":{\"@id\":\"https:\/\/www.italyfamilyhotels.it\/#website\"},\"datePublished\":\"2023-01-23T13:21:26+00:00\",\"dateModified\":\"2023-01-25T16:27:31+00:00\",\"description\":\"Envie de vacances en famille \u00e0 la mer en Toscane ? Nous avons s\u00e9lectionn\u00e9 les meilleurs Family Hotels \u00e0 Lido di Camaiore\",\"breadcrumb\":{\"@id\":\"https:\/\/www.italyfamilyhotels.it\/fr\/destinations\/toscane\/lido-di-camaiore#breadcrumb\"},\"inLanguage\":\"fr-FR\",\"potentialAction\":[{\"@type\":\"ReadAction\",\"target\":[\"https:\/\/www.italyfamilyhotels.it\/fr\/destinations\/toscane\/lido-di-camaiore\"]}]},{\"@type\":\"BreadcrumbList\",\"@id\":\"https:\/\/www.italyfamilyhotels.it\/fr\/destinations\/toscane\/lido-di-camaiore#breadcrumb\",\"itemListElement\":[{\"@type\":\"ListItem\",\"position\":1,\"name\":\"Home\",\"item\":\"https:\/\/www.italyfamilyhotels.it\/fr\"},{\"@type\":\"ListItem\",\"position\":2,\"name\":\"Destinations\",\"item\":\"https:\/\/www.italyfamilyhotels.it\/fr\/destinations\"},{\"@type\":\"ListItem\",\"position\":3,\"name\":\"Toscane\",\"item\":\"https:\/\/www.italyfamilyhotels.it\/fr\/destinations\/toscane\"},{\"@type\":\"ListItem\",\"position\":4,\"name\":\"Lido di Camaiore\"}]},{\"@type\":\"WebSite\",\"@id\":\"https:\/\/www.italyfamilyhotels.it\/#website\",\"url\":\"https:\/\/www.italyfamilyhotels.it\/\",\"name\":\"Italy Family Hotels\",\"description\":\"\",\"potentialAction\":[{\"@type\":\"SearchAction\",\"target\":{\"@type\":\"EntryPoint\",\"urlTemplate\":\"https:\/\/www.italyfamilyhotels.it\/?s={search_term_string}\"},\"query-input\":{\"@type\":\"PropertyValueSpecification\",\"valueRequired\":true,\"valueName\":\"search_term_string\"}}],\"inLanguage\":\"fr-FR\"}]}<\/script>\n<!-- \/ Yoast SEO plugin. -->","yoast_head_json":{"title":"Les meilleurs H\u00f4tels pour familles \u00e0 Lido di Camaiore\u00a0en Toscane","description":"Envie de vacances en famille \u00e0 la mer en Toscane ? Nous avons s\u00e9lectionn\u00e9 les meilleurs Family Hotels \u00e0 Lido di Camaiore","robots":{"index":"index","follow":"follow","max-snippet":"max-snippet:-1","max-image-preview":"max-image-preview:large","max-video-preview":"max-video-preview:-1"},"canonical":"https:\/\/www.italyfamilyhotels.it\/fr\/destinations\/toscane\/lido-di-camaiore","og_locale":"fr_FR","og_type":"article","og_title":"Les meilleurs H\u00f4tels pour familles \u00e0 Lido di Camaiore\u00a0en Toscane","og_description":"Envie de vacances en famille \u00e0 la mer en Toscane ? Nous avons s\u00e9lectionn\u00e9 les meilleurs Family Hotels \u00e0 Lido di Camaiore","og_url":"https:\/\/www.italyfamilyhotels.it\/fr\/destinations\/toscane\/lido-di-camaiore","og_site_name":"Italy Family Hotels","article_publisher":"https:\/\/www.facebook.com\/ItalyFamilyHotels\/","article_modified_time":"2023-01-25T16:27:31+00:00","twitter_card":"summary_large_image","twitter_misc":{"Dur\u00e9e de lecture estim\u00e9e":"1 minute"},"schema":{"@context":"https:\/\/schema.org","@graph":[{"@type":"WebPage","@id":"https:\/\/www.italyfamilyhotels.it\/fr\/destinations\/toscane\/lido-di-camaiore","url":"https:\/\/www.italyfamilyhotels.it\/fr\/destinations\/toscane\/lido-di-camaiore","name":"Les meilleurs H\u00f4tels pour familles \u00e0 Lido di Camaiore\u00a0en Toscane","isPartOf":{"@id":"https:\/\/www.italyfamilyhotels.it\/#website"},"datePublished":"2023-01-23T13:21:26+00:00","dateModified":"2023-01-25T16:27:31+00:00","description":"Envie de vacances en famille \u00e0 la mer en Toscane ? Nous avons s\u00e9lectionn\u00e9 les meilleurs Family Hotels \u00e0 Lido di Camaiore","breadcrumb":{"@id":"https:\/\/www.italyfamilyhotels.it\/fr\/destinations\/toscane\/lido-di-camaiore#breadcrumb"},"inLanguage":"fr-FR","potentialAction":[{"@type":"ReadAction","target":["https:\/\/www.italyfamilyhotels.it\/fr\/destinations\/toscane\/lido-di-camaiore"]}]},{"@type":"BreadcrumbList","@id":"https:\/\/www.italyfamilyhotels.it\/fr\/destinations\/toscane\/lido-di-camaiore#breadcrumb","itemListElement":[{"@type":"ListItem","position":1,"name":"Home","item":"https:\/\/www.italyfamilyhotels.it\/fr"},{"@type":"ListItem","position":2,"name":"Destinations","item":"https:\/\/www.italyfamilyhotels.it\/fr\/destinations"},{"@type":"ListItem","position":3,"name":"Toscane","item":"https:\/\/www.italyfamilyhotels.it\/fr\/destinations\/toscane"},{"@type":"ListItem","position":4,"name":"Lido di Camaiore"}]},{"@type":"WebSite","@id":"https:\/\/www.italyfamilyhotels.it\/#website","url":"https:\/\/www.italyfamilyhotels.it\/","name":"Italy Family Hotels","description":"","potentialAction":[{"@type":"SearchAction","target":{"@type":"EntryPoint","urlTemplate":"https:\/\/www.italyfamilyhotels.it\/?s={search_term_string}"},"query-input":{"@type":"PropertyValueSpecification","valueRequired":true,"valueName":"search_term_string"}}],"inLanguage":"fr-FR"}]}},"_links":{"self":[{"href":"https:\/\/www.italyfamilyhotels.it\/fr\/wp-json\/wp\/v2\/pages\/43730","targetHints":{"allow":["GET"]}}],"collection":[{"href":"https:\/\/www.italyfamilyhotels.it\/fr\/wp-json\/wp\/v2\/pages"}],"about":[{"href":"https:\/\/www.italyfamilyhotels.it\/fr\/wp-json\/wp\/v2\/types\/page"}],"author":[{"embeddable":true,"href":"https:\/\/www.italyfamilyhotels.it\/fr\/wp-json\/wp\/v2\/users\/2"}],"replies":[{"embeddable":true,"href":"https:\/\/www.italyfamilyhotels.it\/fr\/wp-json\/wp\/v2\/comments?post=43730"}],"version-history":[{"count":1,"href":"https:\/\/www.italyfamilyhotels.it\/fr\/wp-json\/wp\/v2\/pages\/43730\/revisions"}],"predecessor-version":[{"id":43731,"href":"https:\/\/www.italyfamilyhotels.it\/fr\/wp-json\/wp\/v2\/pages\/43730\/revisions\/43731"}],"up":[{"embeddable":true,"href":"https:\/\/www.italyfamilyhotels.it\/fr\/wp-json\/wp\/v2\/pages\/43581"}],"wp:attachment":[{"href":"https:\/\/www.italyfamilyhotels.it\/fr\/wp-json\/wp\/v2\/media?parent=43730"}],"curies":[{"name":"wp","href":"https:\/\/api.w.org\/{rel}","templated":true}]}}