{"id":43728,"date":"2023-01-23T14:21:23","date_gmt":"2023-01-23T13:21:23","guid":{"rendered":"https:\/\/www.italyfamilyhotels.it\/destinations\/toscane\/bibbona"},"modified":"2023-01-25T10:25:30","modified_gmt":"2023-01-25T09:25:30","slug":"bibbona","status":"publish","type":"page","link":"https:\/\/www.italyfamilyhotels.it\/fr\/destinations\/toscane\/bibbona","title":{"rendered":"Bibbona"},"content":{"rendered":"\n<p>Avec un arbre g\u00e9n\u00e9alogique qui remonte \u00e0 l&#8217;\u00e9poque \u00e9trusque, Bibbona &#8211; et son prolongement maritime, Marina del Forte &#8211; est l&#8217;une des municipalit\u00e9s de <b>La Route du Vin et de l&#8217;Huile de la C\u00f4te des \u00c9trusques<\/b>, sur laquelle s&#8217;aventurer pour un s\u00e9jour d\u00e9gustation AOP. Sa plage, longue de <b>4 km<\/b>, se caract\u00e9rise par de splendides dunes dor\u00e9es qui descendent doucement dans les eaux cristallines de la mer Tyrrh\u00e9nienne, annonc\u00e9es &#8211; comme dans un grand bal de la nature, habill\u00e9 pour la f\u00eate &#8211; par les parfums des <b>\u00ab&nbsp;tombolis&nbsp;\u00bb de maquis m\u00e9diterran\u00e9en<\/b>, bien \u00e9quip\u00e9s pour les activit\u00e9s sportives individuelles, les pique-niques ludiques avec les enfants, et sillonn\u00e9 par des pistes cyclables pour les passionn\u00e9s de <b>v\u00e9los et VTT<\/b>.<\/p>\n","protected":false},"excerpt":{"rendered":"<p>Avec un arbre g\u00e9n\u00e9alogique qui remonte \u00e0 l&#8217;\u00e9poque \u00e9trusque, Bibbona &#8211; et son prolongement maritime, Marina del Forte &#8211; est l&#8217;une des municipalit\u00e9s de La Route du Vin et de l&#8217;Huile de la C\u00f4te des \u00c9trusques, sur laquelle s&#8217;aventurer pour un s\u00e9jour d\u00e9gustation AOP. Sa plage, longue de 4 km, se caract\u00e9rise par de splendides &hellip;<\/p>\n","protected":false},"author":2,"featured_media":0,"parent":43581,"menu_order":0,"comment_status":"closed","ping_status":"closed","template":"page-templates\/scheda_localita.php","meta":{"_acf_changed":false,"inline_featured_image":false,"footnotes":""},"class_list":["post-43728","page","type-page","status-publish","hentry"],"acf":[],"yoast_head":"<!-- This site is optimized with the Yoast SEO plugin v27.1 - https:\/\/yoast.com\/product\/yoast-seo-wordpress\/ -->\n<title>Les meilleurs H\u00f4tels pour familles \u00e0 Bibbona en Toscane<\/title>\n<meta name=\"description\" content=\"Envie de vacances en famille \u00e0 la mer en Italie ? Nous avons s\u00e9lectionn\u00e9 les meilleurs Family Hotels \u00e0 Bibbona\" \/>\n<meta name=\"robots\" content=\"index, follow, max-snippet:-1, max-image-preview:large, max-video-preview:-1\" \/>\n<link rel=\"canonical\" href=\"https:\/\/www.italyfamilyhotels.it\/fr\/destinations\/toscane\/bibbona\" \/>\n<meta property=\"og:locale\" content=\"fr_FR\" \/>\n<meta property=\"og:type\" content=\"article\" \/>\n<meta property=\"og:title\" content=\"Les meilleurs H\u00f4tels pour familles \u00e0 Bibbona en Toscane\" \/>\n<meta property=\"og:description\" content=\"Envie de vacances en famille \u00e0 la mer en Italie ? Nous avons s\u00e9lectionn\u00e9 les meilleurs Family Hotels \u00e0 Bibbona\" \/>\n<meta property=\"og:url\" content=\"https:\/\/www.italyfamilyhotels.it\/fr\/destinations\/toscane\/bibbona\" \/>\n<meta property=\"og:site_name\" content=\"Italy Family Hotels\" \/>\n<meta property=\"article:publisher\" content=\"https:\/\/www.facebook.com\/ItalyFamilyHotels\/\" \/>\n<meta property=\"article:modified_time\" content=\"2023-01-25T09:25:30+00:00\" \/>\n<meta name=\"twitter:card\" content=\"summary_large_image\" \/>\n<meta name=\"twitter:label1\" content=\"Dur\u00e9e de lecture estim\u00e9e\" \/>\n\t<meta name=\"twitter:data1\" content=\"1 minute\" \/>\n<script type=\"application\/ld+json\" class=\"yoast-schema-graph\">{\"@context\":\"https:\/\/schema.org\",\"@graph\":[{\"@type\":\"WebPage\",\"@id\":\"https:\/\/www.italyfamilyhotels.it\/fr\/destinations\/toscane\/bibbona\",\"url\":\"https:\/\/www.italyfamilyhotels.it\/fr\/destinations\/toscane\/bibbona\",\"name\":\"Les meilleurs H\u00f4tels pour familles \u00e0 Bibbona en Toscane\",\"isPartOf\":{\"@id\":\"https:\/\/www.italyfamilyhotels.it\/#website\"},\"datePublished\":\"2023-01-23T13:21:23+00:00\",\"dateModified\":\"2023-01-25T09:25:30+00:00\",\"description\":\"Envie de vacances en famille \u00e0 la mer en Italie ? Nous avons s\u00e9lectionn\u00e9 les meilleurs Family Hotels \u00e0 Bibbona\",\"breadcrumb\":{\"@id\":\"https:\/\/www.italyfamilyhotels.it\/fr\/destinations\/toscane\/bibbona#breadcrumb\"},\"inLanguage\":\"fr-FR\",\"potentialAction\":[{\"@type\":\"ReadAction\",\"target\":[\"https:\/\/www.italyfamilyhotels.it\/fr\/destinations\/toscane\/bibbona\"]}]},{\"@type\":\"BreadcrumbList\",\"@id\":\"https:\/\/www.italyfamilyhotels.it\/fr\/destinations\/toscane\/bibbona#breadcrumb\",\"itemListElement\":[{\"@type\":\"ListItem\",\"position\":1,\"name\":\"Home\",\"item\":\"https:\/\/www.italyfamilyhotels.it\/fr\"},{\"@type\":\"ListItem\",\"position\":2,\"name\":\"Destinations\",\"item\":\"https:\/\/www.italyfamilyhotels.it\/fr\/destinations\"},{\"@type\":\"ListItem\",\"position\":3,\"name\":\"Toscane\",\"item\":\"https:\/\/www.italyfamilyhotels.it\/fr\/destinations\/toscane\"},{\"@type\":\"ListItem\",\"position\":4,\"name\":\"Bibbona\"}]},{\"@type\":\"WebSite\",\"@id\":\"https:\/\/www.italyfamilyhotels.it\/#website\",\"url\":\"https:\/\/www.italyfamilyhotels.it\/\",\"name\":\"Italy Family Hotels\",\"description\":\"\",\"potentialAction\":[{\"@type\":\"SearchAction\",\"target\":{\"@type\":\"EntryPoint\",\"urlTemplate\":\"https:\/\/www.italyfamilyhotels.it\/?s={search_term_string}\"},\"query-input\":{\"@type\":\"PropertyValueSpecification\",\"valueRequired\":true,\"valueName\":\"search_term_string\"}}],\"inLanguage\":\"fr-FR\"}]}<\/script>\n<!-- \/ Yoast SEO plugin. -->","yoast_head_json":{"title":"Les meilleurs H\u00f4tels pour familles \u00e0 Bibbona en Toscane","description":"Envie de vacances en famille \u00e0 la mer en Italie ? Nous avons s\u00e9lectionn\u00e9 les meilleurs Family Hotels \u00e0 Bibbona","robots":{"index":"index","follow":"follow","max-snippet":"max-snippet:-1","max-image-preview":"max-image-preview:large","max-video-preview":"max-video-preview:-1"},"canonical":"https:\/\/www.italyfamilyhotels.it\/fr\/destinations\/toscane\/bibbona","og_locale":"fr_FR","og_type":"article","og_title":"Les meilleurs H\u00f4tels pour familles \u00e0 Bibbona en Toscane","og_description":"Envie de vacances en famille \u00e0 la mer en Italie ? Nous avons s\u00e9lectionn\u00e9 les meilleurs Family Hotels \u00e0 Bibbona","og_url":"https:\/\/www.italyfamilyhotels.it\/fr\/destinations\/toscane\/bibbona","og_site_name":"Italy Family Hotels","article_publisher":"https:\/\/www.facebook.com\/ItalyFamilyHotels\/","article_modified_time":"2023-01-25T09:25:30+00:00","twitter_card":"summary_large_image","twitter_misc":{"Dur\u00e9e de lecture estim\u00e9e":"1 minute"},"schema":{"@context":"https:\/\/schema.org","@graph":[{"@type":"WebPage","@id":"https:\/\/www.italyfamilyhotels.it\/fr\/destinations\/toscane\/bibbona","url":"https:\/\/www.italyfamilyhotels.it\/fr\/destinations\/toscane\/bibbona","name":"Les meilleurs H\u00f4tels pour familles \u00e0 Bibbona en Toscane","isPartOf":{"@id":"https:\/\/www.italyfamilyhotels.it\/#website"},"datePublished":"2023-01-23T13:21:23+00:00","dateModified":"2023-01-25T09:25:30+00:00","description":"Envie de vacances en famille \u00e0 la mer en Italie ? Nous avons s\u00e9lectionn\u00e9 les meilleurs Family Hotels \u00e0 Bibbona","breadcrumb":{"@id":"https:\/\/www.italyfamilyhotels.it\/fr\/destinations\/toscane\/bibbona#breadcrumb"},"inLanguage":"fr-FR","potentialAction":[{"@type":"ReadAction","target":["https:\/\/www.italyfamilyhotels.it\/fr\/destinations\/toscane\/bibbona"]}]},{"@type":"BreadcrumbList","@id":"https:\/\/www.italyfamilyhotels.it\/fr\/destinations\/toscane\/bibbona#breadcrumb","itemListElement":[{"@type":"ListItem","position":1,"name":"Home","item":"https:\/\/www.italyfamilyhotels.it\/fr"},{"@type":"ListItem","position":2,"name":"Destinations","item":"https:\/\/www.italyfamilyhotels.it\/fr\/destinations"},{"@type":"ListItem","position":3,"name":"Toscane","item":"https:\/\/www.italyfamilyhotels.it\/fr\/destinations\/toscane"},{"@type":"ListItem","position":4,"name":"Bibbona"}]},{"@type":"WebSite","@id":"https:\/\/www.italyfamilyhotels.it\/#website","url":"https:\/\/www.italyfamilyhotels.it\/","name":"Italy Family Hotels","description":"","potentialAction":[{"@type":"SearchAction","target":{"@type":"EntryPoint","urlTemplate":"https:\/\/www.italyfamilyhotels.it\/?s={search_term_string}"},"query-input":{"@type":"PropertyValueSpecification","valueRequired":true,"valueName":"search_term_string"}}],"inLanguage":"fr-FR"}]}},"_links":{"self":[{"href":"https:\/\/www.italyfamilyhotels.it\/fr\/wp-json\/wp\/v2\/pages\/43728","targetHints":{"allow":["GET"]}}],"collection":[{"href":"https:\/\/www.italyfamilyhotels.it\/fr\/wp-json\/wp\/v2\/pages"}],"about":[{"href":"https:\/\/www.italyfamilyhotels.it\/fr\/wp-json\/wp\/v2\/types\/page"}],"author":[{"embeddable":true,"href":"https:\/\/www.italyfamilyhotels.it\/fr\/wp-json\/wp\/v2\/users\/2"}],"replies":[{"embeddable":true,"href":"https:\/\/www.italyfamilyhotels.it\/fr\/wp-json\/wp\/v2\/comments?post=43728"}],"version-history":[{"count":2,"href":"https:\/\/www.italyfamilyhotels.it\/fr\/wp-json\/wp\/v2\/pages\/43728\/revisions"}],"predecessor-version":[{"id":44370,"href":"https:\/\/www.italyfamilyhotels.it\/fr\/wp-json\/wp\/v2\/pages\/43728\/revisions\/44370"}],"up":[{"embeddable":true,"href":"https:\/\/www.italyfamilyhotels.it\/fr\/wp-json\/wp\/v2\/pages\/43581"}],"wp:attachment":[{"href":"https:\/\/www.italyfamilyhotels.it\/fr\/wp-json\/wp\/v2\/media?parent=43728"}],"curies":[{"name":"wp","href":"https:\/\/api.w.org\/{rel}","templated":true}]}}