{"id":43723,"date":"2023-01-23T14:21:15","date_gmt":"2023-01-23T13:21:15","guid":{"rendered":"https:\/\/www.italyfamilyhotels.it\/destinations\/pouilles\/rodi-garganico"},"modified":"2023-01-25T09:30:15","modified_gmt":"2023-01-25T08:30:15","slug":"rodi-garganico","status":"publish","type":"page","link":"https:\/\/www.italyfamilyhotels.it\/fr\/destinations\/pouilles\/rodi-garganico","title":{"rendered":"Rodi Garganico"},"content":{"rendered":"\n<p>Le Drapeau bleu et les 4 voiles Legambiente t\u00e9moignent \u00e0 quel point <b>Rodi Garganico<\/b> &#8211; village de marins perch\u00e9 sur une falaise qui plonge, entre oliveraies et vergers d&#8217;agrumes, dans la mer du Gargano &#8211; a investi au fil du temps dans un tourisme attentif \u00e0 l&#8217;environnement et dans la qualit\u00e9 de l&#8217;offre pour les familles avec enfants, \u00e0 la recherche d&#8217;un port s\u00fbr c&#8217;est propre. Le parfum des fleurs d&#8217;oranger qui accompagne une promenade \u00e0 travers les ruelles \u00e0 la <b>plage<\/b> est le meilleur symbole des Pouilles, avec tout le sens des vacances lentes au c\u0153ur des traditions d&#8217;une r\u00e9gion, en pleine nature et non loin des <b>\u00eeles Tremiti<\/b> qui semblent saluer le continent, flottant comme des baigneurs au milieu de l&#8217;Adriatique.<\/p>\n","protected":false},"excerpt":{"rendered":"<p>Le Drapeau bleu et les 4 voiles Legambiente t\u00e9moignent \u00e0 quel point Rodi Garganico &#8211; village de marins perch\u00e9 sur une falaise qui plonge, entre oliveraies et vergers d&#8217;agrumes, dans la mer du Gargano &#8211; a investi au fil du temps dans un tourisme attentif \u00e0 l&#8217;environnement et dans la qualit\u00e9 de l&#8217;offre pour les &hellip;<\/p>\n","protected":false},"author":2,"featured_media":0,"parent":43579,"menu_order":0,"comment_status":"closed","ping_status":"closed","template":"page-templates\/scheda_localita.php","meta":{"_acf_changed":false,"inline_featured_image":false,"footnotes":""},"class_list":["post-43723","page","type-page","status-publish","hentry"],"acf":[],"yoast_head":"<!-- This site is optimized with the Yoast SEO plugin v27.1 - https:\/\/yoast.com\/product\/yoast-seo-wordpress\/ -->\n<title>Les meilleurs H\u00f4tels pour familles \u00e0 Rodi Garganico<\/title>\n<meta name=\"description\" content=\"Envie de vacances en famille ? Nous avons s\u00e9lectionn\u00e9 les meilleurs Family Hotels \u00e0 Rodi Garganico dans les Pouilles\" \/>\n<meta name=\"robots\" content=\"index, follow, max-snippet:-1, max-image-preview:large, max-video-preview:-1\" \/>\n<link rel=\"canonical\" href=\"https:\/\/www.italyfamilyhotels.it\/fr\/destinations\/pouilles\/rodi-garganico\" \/>\n<meta property=\"og:locale\" content=\"fr_FR\" \/>\n<meta property=\"og:type\" content=\"article\" \/>\n<meta property=\"og:title\" content=\"Les meilleurs H\u00f4tels pour familles \u00e0 Rodi Garganico\" \/>\n<meta property=\"og:description\" content=\"Envie de vacances en famille ? Nous avons s\u00e9lectionn\u00e9 les meilleurs Family Hotels \u00e0 Rodi Garganico dans les Pouilles\" \/>\n<meta property=\"og:url\" content=\"https:\/\/www.italyfamilyhotels.it\/fr\/destinations\/pouilles\/rodi-garganico\" \/>\n<meta property=\"og:site_name\" content=\"Italy Family Hotels\" \/>\n<meta property=\"article:publisher\" content=\"https:\/\/www.facebook.com\/ItalyFamilyHotels\/\" \/>\n<meta property=\"article:modified_time\" content=\"2023-01-25T08:30:15+00:00\" \/>\n<meta name=\"twitter:card\" content=\"summary_large_image\" \/>\n<meta name=\"twitter:label1\" content=\"Dur\u00e9e de lecture estim\u00e9e\" \/>\n\t<meta name=\"twitter:data1\" content=\"1 minute\" \/>\n<script type=\"application\/ld+json\" class=\"yoast-schema-graph\">{\"@context\":\"https:\/\/schema.org\",\"@graph\":[{\"@type\":\"WebPage\",\"@id\":\"https:\/\/www.italyfamilyhotels.it\/fr\/destinations\/pouilles\/rodi-garganico\",\"url\":\"https:\/\/www.italyfamilyhotels.it\/fr\/destinations\/pouilles\/rodi-garganico\",\"name\":\"Les meilleurs H\u00f4tels pour familles \u00e0 Rodi Garganico\",\"isPartOf\":{\"@id\":\"https:\/\/www.italyfamilyhotels.it\/#website\"},\"datePublished\":\"2023-01-23T13:21:15+00:00\",\"dateModified\":\"2023-01-25T08:30:15+00:00\",\"description\":\"Envie de vacances en famille ? Nous avons s\u00e9lectionn\u00e9 les meilleurs Family Hotels \u00e0 Rodi Garganico dans les Pouilles\",\"breadcrumb\":{\"@id\":\"https:\/\/www.italyfamilyhotels.it\/fr\/destinations\/pouilles\/rodi-garganico#breadcrumb\"},\"inLanguage\":\"fr-FR\",\"potentialAction\":[{\"@type\":\"ReadAction\",\"target\":[\"https:\/\/www.italyfamilyhotels.it\/fr\/destinations\/pouilles\/rodi-garganico\"]}]},{\"@type\":\"BreadcrumbList\",\"@id\":\"https:\/\/www.italyfamilyhotels.it\/fr\/destinations\/pouilles\/rodi-garganico#breadcrumb\",\"itemListElement\":[{\"@type\":\"ListItem\",\"position\":1,\"name\":\"Home\",\"item\":\"https:\/\/www.italyfamilyhotels.it\/fr\"},{\"@type\":\"ListItem\",\"position\":2,\"name\":\"Destinations\",\"item\":\"https:\/\/www.italyfamilyhotels.it\/fr\/destinations\"},{\"@type\":\"ListItem\",\"position\":3,\"name\":\"Pouilles\",\"item\":\"https:\/\/www.italyfamilyhotels.it\/fr\/destinations\/pouilles\"},{\"@type\":\"ListItem\",\"position\":4,\"name\":\"Rodi Garganico\"}]},{\"@type\":\"WebSite\",\"@id\":\"https:\/\/www.italyfamilyhotels.it\/#website\",\"url\":\"https:\/\/www.italyfamilyhotels.it\/\",\"name\":\"Italy Family Hotels\",\"description\":\"\",\"potentialAction\":[{\"@type\":\"SearchAction\",\"target\":{\"@type\":\"EntryPoint\",\"urlTemplate\":\"https:\/\/www.italyfamilyhotels.it\/?s={search_term_string}\"},\"query-input\":{\"@type\":\"PropertyValueSpecification\",\"valueRequired\":true,\"valueName\":\"search_term_string\"}}],\"inLanguage\":\"fr-FR\"}]}<\/script>\n<!-- \/ Yoast SEO plugin. -->","yoast_head_json":{"title":"Les meilleurs H\u00f4tels pour familles \u00e0 Rodi Garganico","description":"Envie de vacances en famille ? Nous avons s\u00e9lectionn\u00e9 les meilleurs Family Hotels \u00e0 Rodi Garganico dans les Pouilles","robots":{"index":"index","follow":"follow","max-snippet":"max-snippet:-1","max-image-preview":"max-image-preview:large","max-video-preview":"max-video-preview:-1"},"canonical":"https:\/\/www.italyfamilyhotels.it\/fr\/destinations\/pouilles\/rodi-garganico","og_locale":"fr_FR","og_type":"article","og_title":"Les meilleurs H\u00f4tels pour familles \u00e0 Rodi Garganico","og_description":"Envie de vacances en famille ? Nous avons s\u00e9lectionn\u00e9 les meilleurs Family Hotels \u00e0 Rodi Garganico dans les Pouilles","og_url":"https:\/\/www.italyfamilyhotels.it\/fr\/destinations\/pouilles\/rodi-garganico","og_site_name":"Italy Family Hotels","article_publisher":"https:\/\/www.facebook.com\/ItalyFamilyHotels\/","article_modified_time":"2023-01-25T08:30:15+00:00","twitter_card":"summary_large_image","twitter_misc":{"Dur\u00e9e de lecture estim\u00e9e":"1 minute"},"schema":{"@context":"https:\/\/schema.org","@graph":[{"@type":"WebPage","@id":"https:\/\/www.italyfamilyhotels.it\/fr\/destinations\/pouilles\/rodi-garganico","url":"https:\/\/www.italyfamilyhotels.it\/fr\/destinations\/pouilles\/rodi-garganico","name":"Les meilleurs H\u00f4tels pour familles \u00e0 Rodi Garganico","isPartOf":{"@id":"https:\/\/www.italyfamilyhotels.it\/#website"},"datePublished":"2023-01-23T13:21:15+00:00","dateModified":"2023-01-25T08:30:15+00:00","description":"Envie de vacances en famille ? Nous avons s\u00e9lectionn\u00e9 les meilleurs Family Hotels \u00e0 Rodi Garganico dans les Pouilles","breadcrumb":{"@id":"https:\/\/www.italyfamilyhotels.it\/fr\/destinations\/pouilles\/rodi-garganico#breadcrumb"},"inLanguage":"fr-FR","potentialAction":[{"@type":"ReadAction","target":["https:\/\/www.italyfamilyhotels.it\/fr\/destinations\/pouilles\/rodi-garganico"]}]},{"@type":"BreadcrumbList","@id":"https:\/\/www.italyfamilyhotels.it\/fr\/destinations\/pouilles\/rodi-garganico#breadcrumb","itemListElement":[{"@type":"ListItem","position":1,"name":"Home","item":"https:\/\/www.italyfamilyhotels.it\/fr"},{"@type":"ListItem","position":2,"name":"Destinations","item":"https:\/\/www.italyfamilyhotels.it\/fr\/destinations"},{"@type":"ListItem","position":3,"name":"Pouilles","item":"https:\/\/www.italyfamilyhotels.it\/fr\/destinations\/pouilles"},{"@type":"ListItem","position":4,"name":"Rodi Garganico"}]},{"@type":"WebSite","@id":"https:\/\/www.italyfamilyhotels.it\/#website","url":"https:\/\/www.italyfamilyhotels.it\/","name":"Italy Family Hotels","description":"","potentialAction":[{"@type":"SearchAction","target":{"@type":"EntryPoint","urlTemplate":"https:\/\/www.italyfamilyhotels.it\/?s={search_term_string}"},"query-input":{"@type":"PropertyValueSpecification","valueRequired":true,"valueName":"search_term_string"}}],"inLanguage":"fr-FR"}]}},"_links":{"self":[{"href":"https:\/\/www.italyfamilyhotels.it\/fr\/wp-json\/wp\/v2\/pages\/43723","targetHints":{"allow":["GET"]}}],"collection":[{"href":"https:\/\/www.italyfamilyhotels.it\/fr\/wp-json\/wp\/v2\/pages"}],"about":[{"href":"https:\/\/www.italyfamilyhotels.it\/fr\/wp-json\/wp\/v2\/types\/page"}],"author":[{"embeddable":true,"href":"https:\/\/www.italyfamilyhotels.it\/fr\/wp-json\/wp\/v2\/users\/2"}],"replies":[{"embeddable":true,"href":"https:\/\/www.italyfamilyhotels.it\/fr\/wp-json\/wp\/v2\/comments?post=43723"}],"version-history":[{"count":1,"href":"https:\/\/www.italyfamilyhotels.it\/fr\/wp-json\/wp\/v2\/pages\/43723\/revisions"}],"predecessor-version":[{"id":43724,"href":"https:\/\/www.italyfamilyhotels.it\/fr\/wp-json\/wp\/v2\/pages\/43723\/revisions\/43724"}],"up":[{"embeddable":true,"href":"https:\/\/www.italyfamilyhotels.it\/fr\/wp-json\/wp\/v2\/pages\/43579"}],"wp:attachment":[{"href":"https:\/\/www.italyfamilyhotels.it\/fr\/wp-json\/wp\/v2\/media?parent=43723"}],"curies":[{"name":"wp","href":"https:\/\/api.w.org\/{rel}","templated":true}]}}