{"id":43721,"date":"2023-01-23T14:21:11","date_gmt":"2023-01-23T13:21:11","guid":{"rendered":"https:\/\/www.italyfamilyhotels.it\/destinations\/piemont\/frabosa-soprana"},"modified":"2023-01-25T10:09:52","modified_gmt":"2023-01-25T09:09:52","slug":"frabosa-soprana","status":"publish","type":"page","link":"https:\/\/www.italyfamilyhotels.it\/fr\/destinations\/piemont\/frabosa-soprana","title":{"rendered":"Frabosa Soprana"},"content":{"rendered":"\n<p>Au c\u0153ur des Alpes Maritimes, <b>Frabosa Soprana<\/b>, dans la province de Cuneo, est un joyau du tourisme de montagne, qui avait d\u00e9j\u00e0 d\u00e9montr\u00e9 son hospitalit\u00e9 dans les ann\u00e9es 1940, avec l&#8217;un des premiers t\u00e9l\u00e9si\u00e8ges d&#8217;Italie, qui transportait les skieurs sur les pentes du Mont Moro. Aujourd&#8217;hui, le petit centre pi\u00e9montais est l&#8217;une des trois stations du complexe <b>Mondol\u00e8 Ski<\/b>, r\u00e9partis sur 130 kilom\u00e8tres de pistes, un anneau de ski de fond panoramique, des remont\u00e9es m\u00e9caniques \u00e0 la pointe de la technologie et tout ce qu&#8217;un amateur de sports d&#8217;hiver peut souhaiter. \u00c0 tout cela s&#8217;ajoute une vocation pour la version estivale du lieu de vill\u00e9giature, avec une attention toute particuli\u00e8re <b>aux cyclistes et aux enfants<\/b>.<\/p>\n","protected":false},"excerpt":{"rendered":"<p>Au c\u0153ur des Alpes Maritimes, Frabosa Soprana, dans la province de Cuneo, est un joyau du tourisme de montagne, qui avait d\u00e9j\u00e0 d\u00e9montr\u00e9 son hospitalit\u00e9 dans les ann\u00e9es 1940, avec l&#8217;un des premiers t\u00e9l\u00e9si\u00e8ges d&#8217;Italie, qui transportait les skieurs sur les pentes du Mont Moro. Aujourd&#8217;hui, le petit centre pi\u00e9montais est l&#8217;une des trois stations &hellip;<\/p>\n","protected":false},"author":2,"featured_media":0,"parent":43577,"menu_order":0,"comment_status":"closed","ping_status":"closed","template":"page-templates\/scheda_localita.php","meta":{"_acf_changed":false,"inline_featured_image":false,"footnotes":""},"class_list":["post-43721","page","type-page","status-publish","hentry"],"acf":[],"yoast_head":"<!-- This site is optimized with the Yoast SEO plugin v27.1 - https:\/\/yoast.com\/product\/yoast-seo-wordpress\/ -->\n<title>Les meilleurs H\u00f4tels pour familles \u00e0 Frabosa Soprana Italie<\/title>\n<meta name=\"description\" content=\"Envie de vacances en famille \u00e0 la montaigne? Nous avons s\u00e9lectionn\u00e9 les meilleurs Family Hotels \u00e0 Frabosa Soprana, Dolomites italiennes\" \/>\n<meta name=\"robots\" content=\"index, follow, max-snippet:-1, max-image-preview:large, max-video-preview:-1\" \/>\n<link rel=\"canonical\" href=\"https:\/\/www.italyfamilyhotels.it\/fr\/destinations\/piemont\/frabosa-soprana\" \/>\n<meta property=\"og:locale\" content=\"fr_FR\" \/>\n<meta property=\"og:type\" content=\"article\" \/>\n<meta property=\"og:title\" content=\"Les meilleurs H\u00f4tels pour familles \u00e0 Frabosa Soprana Italie\" \/>\n<meta property=\"og:description\" content=\"Envie de vacances en famille \u00e0 la montaigne? Nous avons s\u00e9lectionn\u00e9 les meilleurs Family Hotels \u00e0 Frabosa Soprana, Dolomites italiennes\" \/>\n<meta property=\"og:url\" content=\"https:\/\/www.italyfamilyhotels.it\/fr\/destinations\/piemont\/frabosa-soprana\" \/>\n<meta property=\"og:site_name\" content=\"Italy Family Hotels\" \/>\n<meta property=\"article:publisher\" content=\"https:\/\/www.facebook.com\/ItalyFamilyHotels\/\" \/>\n<meta property=\"article:modified_time\" content=\"2023-01-25T09:09:52+00:00\" \/>\n<meta name=\"twitter:card\" content=\"summary_large_image\" \/>\n<meta name=\"twitter:label1\" content=\"Dur\u00e9e de lecture estim\u00e9e\" \/>\n\t<meta name=\"twitter:data1\" content=\"1 minute\" \/>\n<script type=\"application\/ld+json\" class=\"yoast-schema-graph\">{\"@context\":\"https:\/\/schema.org\",\"@graph\":[{\"@type\":\"WebPage\",\"@id\":\"https:\/\/www.italyfamilyhotels.it\/fr\/destinations\/piemont\/frabosa-soprana\",\"url\":\"https:\/\/www.italyfamilyhotels.it\/fr\/destinations\/piemont\/frabosa-soprana\",\"name\":\"Les meilleurs H\u00f4tels pour familles \u00e0 Frabosa Soprana Italie\",\"isPartOf\":{\"@id\":\"https:\/\/www.italyfamilyhotels.it\/#website\"},\"datePublished\":\"2023-01-23T13:21:11+00:00\",\"dateModified\":\"2023-01-25T09:09:52+00:00\",\"description\":\"Envie de vacances en famille \u00e0 la montaigne? Nous avons s\u00e9lectionn\u00e9 les meilleurs Family Hotels \u00e0 Frabosa Soprana, Dolomites italiennes\",\"breadcrumb\":{\"@id\":\"https:\/\/www.italyfamilyhotels.it\/fr\/destinations\/piemont\/frabosa-soprana#breadcrumb\"},\"inLanguage\":\"fr-FR\",\"potentialAction\":[{\"@type\":\"ReadAction\",\"target\":[\"https:\/\/www.italyfamilyhotels.it\/fr\/destinations\/piemont\/frabosa-soprana\"]}]},{\"@type\":\"BreadcrumbList\",\"@id\":\"https:\/\/www.italyfamilyhotels.it\/fr\/destinations\/piemont\/frabosa-soprana#breadcrumb\",\"itemListElement\":[{\"@type\":\"ListItem\",\"position\":1,\"name\":\"Home\",\"item\":\"https:\/\/www.italyfamilyhotels.it\/fr\"},{\"@type\":\"ListItem\",\"position\":2,\"name\":\"Destinations\",\"item\":\"https:\/\/www.italyfamilyhotels.it\/fr\/destinations\"},{\"@type\":\"ListItem\",\"position\":3,\"name\":\"Pi\u00e9mont\",\"item\":\"https:\/\/www.italyfamilyhotels.it\/fr\/destinations\/piemont\"},{\"@type\":\"ListItem\",\"position\":4,\"name\":\"Frabosa Soprana\"}]},{\"@type\":\"WebSite\",\"@id\":\"https:\/\/www.italyfamilyhotels.it\/#website\",\"url\":\"https:\/\/www.italyfamilyhotels.it\/\",\"name\":\"Italy Family Hotels\",\"description\":\"\",\"potentialAction\":[{\"@type\":\"SearchAction\",\"target\":{\"@type\":\"EntryPoint\",\"urlTemplate\":\"https:\/\/www.italyfamilyhotels.it\/?s={search_term_string}\"},\"query-input\":{\"@type\":\"PropertyValueSpecification\",\"valueRequired\":true,\"valueName\":\"search_term_string\"}}],\"inLanguage\":\"fr-FR\"}]}<\/script>\n<!-- \/ Yoast SEO plugin. -->","yoast_head_json":{"title":"Les meilleurs H\u00f4tels pour familles \u00e0 Frabosa Soprana Italie","description":"Envie de vacances en famille \u00e0 la montaigne? Nous avons s\u00e9lectionn\u00e9 les meilleurs Family Hotels \u00e0 Frabosa Soprana, Dolomites italiennes","robots":{"index":"index","follow":"follow","max-snippet":"max-snippet:-1","max-image-preview":"max-image-preview:large","max-video-preview":"max-video-preview:-1"},"canonical":"https:\/\/www.italyfamilyhotels.it\/fr\/destinations\/piemont\/frabosa-soprana","og_locale":"fr_FR","og_type":"article","og_title":"Les meilleurs H\u00f4tels pour familles \u00e0 Frabosa Soprana Italie","og_description":"Envie de vacances en famille \u00e0 la montaigne? Nous avons s\u00e9lectionn\u00e9 les meilleurs Family Hotels \u00e0 Frabosa Soprana, Dolomites italiennes","og_url":"https:\/\/www.italyfamilyhotels.it\/fr\/destinations\/piemont\/frabosa-soprana","og_site_name":"Italy Family Hotels","article_publisher":"https:\/\/www.facebook.com\/ItalyFamilyHotels\/","article_modified_time":"2023-01-25T09:09:52+00:00","twitter_card":"summary_large_image","twitter_misc":{"Dur\u00e9e de lecture estim\u00e9e":"1 minute"},"schema":{"@context":"https:\/\/schema.org","@graph":[{"@type":"WebPage","@id":"https:\/\/www.italyfamilyhotels.it\/fr\/destinations\/piemont\/frabosa-soprana","url":"https:\/\/www.italyfamilyhotels.it\/fr\/destinations\/piemont\/frabosa-soprana","name":"Les meilleurs H\u00f4tels pour familles \u00e0 Frabosa Soprana Italie","isPartOf":{"@id":"https:\/\/www.italyfamilyhotels.it\/#website"},"datePublished":"2023-01-23T13:21:11+00:00","dateModified":"2023-01-25T09:09:52+00:00","description":"Envie de vacances en famille \u00e0 la montaigne? Nous avons s\u00e9lectionn\u00e9 les meilleurs Family Hotels \u00e0 Frabosa Soprana, Dolomites italiennes","breadcrumb":{"@id":"https:\/\/www.italyfamilyhotels.it\/fr\/destinations\/piemont\/frabosa-soprana#breadcrumb"},"inLanguage":"fr-FR","potentialAction":[{"@type":"ReadAction","target":["https:\/\/www.italyfamilyhotels.it\/fr\/destinations\/piemont\/frabosa-soprana"]}]},{"@type":"BreadcrumbList","@id":"https:\/\/www.italyfamilyhotels.it\/fr\/destinations\/piemont\/frabosa-soprana#breadcrumb","itemListElement":[{"@type":"ListItem","position":1,"name":"Home","item":"https:\/\/www.italyfamilyhotels.it\/fr"},{"@type":"ListItem","position":2,"name":"Destinations","item":"https:\/\/www.italyfamilyhotels.it\/fr\/destinations"},{"@type":"ListItem","position":3,"name":"Pi\u00e9mont","item":"https:\/\/www.italyfamilyhotels.it\/fr\/destinations\/piemont"},{"@type":"ListItem","position":4,"name":"Frabosa Soprana"}]},{"@type":"WebSite","@id":"https:\/\/www.italyfamilyhotels.it\/#website","url":"https:\/\/www.italyfamilyhotels.it\/","name":"Italy Family Hotels","description":"","potentialAction":[{"@type":"SearchAction","target":{"@type":"EntryPoint","urlTemplate":"https:\/\/www.italyfamilyhotels.it\/?s={search_term_string}"},"query-input":{"@type":"PropertyValueSpecification","valueRequired":true,"valueName":"search_term_string"}}],"inLanguage":"fr-FR"}]}},"_links":{"self":[{"href":"https:\/\/www.italyfamilyhotels.it\/fr\/wp-json\/wp\/v2\/pages\/43721","targetHints":{"allow":["GET"]}}],"collection":[{"href":"https:\/\/www.italyfamilyhotels.it\/fr\/wp-json\/wp\/v2\/pages"}],"about":[{"href":"https:\/\/www.italyfamilyhotels.it\/fr\/wp-json\/wp\/v2\/types\/page"}],"author":[{"embeddable":true,"href":"https:\/\/www.italyfamilyhotels.it\/fr\/wp-json\/wp\/v2\/users\/2"}],"replies":[{"embeddable":true,"href":"https:\/\/www.italyfamilyhotels.it\/fr\/wp-json\/wp\/v2\/comments?post=43721"}],"version-history":[{"count":1,"href":"https:\/\/www.italyfamilyhotels.it\/fr\/wp-json\/wp\/v2\/pages\/43721\/revisions"}],"predecessor-version":[{"id":43722,"href":"https:\/\/www.italyfamilyhotels.it\/fr\/wp-json\/wp\/v2\/pages\/43721\/revisions\/43722"}],"up":[{"embeddable":true,"href":"https:\/\/www.italyfamilyhotels.it\/fr\/wp-json\/wp\/v2\/pages\/43577"}],"wp:attachment":[{"href":"https:\/\/www.italyfamilyhotels.it\/fr\/wp-json\/wp\/v2\/media?parent=43721"}],"curies":[{"name":"wp","href":"https:\/\/api.w.org\/{rel}","templated":true}]}}