{"id":43719,"date":"2023-01-23T14:21:06","date_gmt":"2023-01-23T13:21:06","guid":{"rendered":"https:\/\/www.italyfamilyhotels.it\/destinations\/les-marches\/marotta-di-mondolfo"},"modified":"2023-04-06T14:37:40","modified_gmt":"2023-04-06T12:37:40","slug":"marotta-di-mondolfo","status":"publish","type":"page","link":"https:\/\/www.italyfamilyhotels.it\/fr\/destinations\/les-marches\/marotta-di-mondolfo","title":{"rendered":"Family Hotel \u00e0 Marotta di Mondolfo"},"content":{"rendered":"\n<p>La jolie <b>Marotta de Mondolfo<\/b> est une petite ville de la r\u00e9gion des Marches, qui conserve fi\u00e8rement son pass\u00e9 de petit village de p\u00eacheurs. C&#8217;est aujourd&#8217;hui un lieu touristique renomm\u00e9, avec une <b>belle plage<\/b>, <b>calme <\/b>avec du sable doux, des eaux claires et peu profondes, <b>des \u00e9tablissements baln\u00e9aires aux services modernes <\/b>parfaits pour des vacances \u00e0 la plage avec des enfants.<\/p>\n\n\n\n<p>Outre se d\u00e9tendre sur la plage, vous trouverez diverses activit\u00e9s \u00e0 faire dans les <b>environs de Marotta<\/b>. \u00c0 Cingoli, vous trouverez un fantastique <b>parc d&#8217;attraction<\/b> pour s&#8217;amuser en famille sur les diff\u00e9rents parcours. \u00c0 Colli al Metauro, l&#8217;incroyable <b>Mus\u00e9e du Bal\u00ec<\/b> vous attend, un lieu o\u00f9 les enfants pourront d\u00e9couvrir la science \u00e0 travers des stations interactives. Si vous aimez les villages, ne manquez pas le charmant <b>Gradara<\/b>, \u00e9galement appel\u00e9 la \u00ab\u00a0Capitale du Moyen-Age\u00a0\u00bb. Il vaut absolument le d\u00e9tour avec, tout au long de l&#8217;ann\u00e9e, des visites en costumes d&#8217;\u00e9poque et de nombreuses animations familiales. Au <b>Parc zoologique de Falconara<\/b>, en plus d&#8217;admirer de pr\u00e8s de nombreuses esp\u00e8ces animales, vous trouverez \u00e9galement de nombreuses activit\u00e9s pour les enfants et les adolescents.<\/p>\n","protected":false},"excerpt":{"rendered":"<p>La jolie Marotta de Mondolfo est une petite ville de la r\u00e9gion des Marches, qui conserve fi\u00e8rement son pass\u00e9 de petit village de p\u00eacheurs. C&#8217;est aujourd&#8217;hui un lieu touristique renomm\u00e9, avec une belle plage, calme avec du sable doux, des eaux claires et peu profondes, des \u00e9tablissements baln\u00e9aires aux services modernes parfaits pour des vacances &hellip;<\/p>\n","protected":false},"author":2,"featured_media":0,"parent":49810,"menu_order":0,"comment_status":"closed","ping_status":"closed","template":"page-templates\/scheda_localita.php","meta":{"_acf_changed":false,"inline_featured_image":false,"footnotes":""},"class_list":["post-43719","page","type-page","status-publish","hentry"],"acf":[],"yoast_head":"<!-- This site is optimized with the Yoast SEO plugin v27.1 - https:\/\/yoast.com\/product\/yoast-seo-wordpress\/ -->\n<title>H\u00f4tels pour familles \u00e0 Marotta di Mondolfo\u00a0: les meilleurs Family Hotel \u00e0 Marotta di Mondolfo<\/title>\n<meta name=\"description\" content=\"Envie de vacances en famille\u00a0? Nous avons s\u00e9lectionn\u00e9 les meilleurs Family Hotel \u00e0 Marotta di Mondolfo\" \/>\n<meta name=\"robots\" content=\"index, follow, max-snippet:-1, max-image-preview:large, max-video-preview:-1\" \/>\n<link rel=\"canonical\" href=\"https:\/\/www.italyfamilyhotels.it\/fr\/destinations\/les-marches\/marotta-di-mondolfo\" \/>\n<meta property=\"og:locale\" content=\"fr_FR\" \/>\n<meta property=\"og:type\" content=\"article\" \/>\n<meta property=\"og:title\" content=\"H\u00f4tels pour familles \u00e0 Marotta di Mondolfo\u00a0: les meilleurs Family Hotel \u00e0 Marotta di Mondolfo\" \/>\n<meta property=\"og:description\" content=\"Envie de vacances en famille\u00a0? Nous avons s\u00e9lectionn\u00e9 les meilleurs Family Hotel \u00e0 Marotta di Mondolfo\" \/>\n<meta property=\"og:url\" content=\"https:\/\/www.italyfamilyhotels.it\/fr\/destinations\/les-marches\/marotta-di-mondolfo\" \/>\n<meta property=\"og:site_name\" content=\"Italy Family Hotels\" \/>\n<meta property=\"article:publisher\" content=\"https:\/\/www.facebook.com\/ItalyFamilyHotels\/\" \/>\n<meta property=\"article:modified_time\" content=\"2023-04-06T12:37:40+00:00\" \/>\n<meta name=\"twitter:card\" content=\"summary_large_image\" \/>\n<meta name=\"twitter:label1\" content=\"Dur\u00e9e de lecture estim\u00e9e\" \/>\n\t<meta name=\"twitter:data1\" content=\"1 minute\" \/>\n<script type=\"application\/ld+json\" class=\"yoast-schema-graph\">{\"@context\":\"https:\/\/schema.org\",\"@graph\":[{\"@type\":\"WebPage\",\"@id\":\"https:\/\/www.italyfamilyhotels.it\/fr\/destinations\/les-marches\/marotta-di-mondolfo\",\"url\":\"https:\/\/www.italyfamilyhotels.it\/fr\/destinations\/les-marches\/marotta-di-mondolfo\",\"name\":\"H\u00f4tels pour familles \u00e0 Marotta di Mondolfo\u00a0: les meilleurs Family Hotel \u00e0 Marotta di Mondolfo\",\"isPartOf\":{\"@id\":\"https:\/\/www.italyfamilyhotels.it\/#website\"},\"datePublished\":\"2023-01-23T13:21:06+00:00\",\"dateModified\":\"2023-04-06T12:37:40+00:00\",\"description\":\"Envie de vacances en famille\u00a0? Nous avons s\u00e9lectionn\u00e9 les meilleurs Family Hotel \u00e0 Marotta di Mondolfo\",\"breadcrumb\":{\"@id\":\"https:\/\/www.italyfamilyhotels.it\/fr\/destinations\/les-marches\/marotta-di-mondolfo#breadcrumb\"},\"inLanguage\":\"fr-FR\",\"potentialAction\":[{\"@type\":\"ReadAction\",\"target\":[\"https:\/\/www.italyfamilyhotels.it\/fr\/destinations\/les-marches\/marotta-di-mondolfo\"]}]},{\"@type\":\"BreadcrumbList\",\"@id\":\"https:\/\/www.italyfamilyhotels.it\/fr\/destinations\/les-marches\/marotta-di-mondolfo#breadcrumb\",\"itemListElement\":[{\"@type\":\"ListItem\",\"position\":1,\"name\":\"Home\",\"item\":\"https:\/\/www.italyfamilyhotels.it\/fr\"},{\"@type\":\"ListItem\",\"position\":2,\"name\":\"Destinations\",\"item\":\"https:\/\/www.italyfamilyhotels.it\/fr\/destinations\"},{\"@type\":\"ListItem\",\"position\":3,\"name\":\"Les Marches\",\"item\":\"https:\/\/www.italyfamilyhotels.it\/fr\/destinations\/les-marches\"},{\"@type\":\"ListItem\",\"position\":4,\"name\":\"Family Hotel \u00e0 Marotta di Mondolfo\"}]},{\"@type\":\"WebSite\",\"@id\":\"https:\/\/www.italyfamilyhotels.it\/#website\",\"url\":\"https:\/\/www.italyfamilyhotels.it\/\",\"name\":\"Italy Family Hotels\",\"description\":\"\",\"potentialAction\":[{\"@type\":\"SearchAction\",\"target\":{\"@type\":\"EntryPoint\",\"urlTemplate\":\"https:\/\/www.italyfamilyhotels.it\/?s={search_term_string}\"},\"query-input\":{\"@type\":\"PropertyValueSpecification\",\"valueRequired\":true,\"valueName\":\"search_term_string\"}}],\"inLanguage\":\"fr-FR\"}]}<\/script>\n<!-- \/ Yoast SEO plugin. -->","yoast_head_json":{"title":"H\u00f4tels pour familles \u00e0 Marotta di Mondolfo\u00a0: les meilleurs Family Hotel \u00e0 Marotta di Mondolfo","description":"Envie de vacances en famille\u00a0? Nous avons s\u00e9lectionn\u00e9 les meilleurs Family Hotel \u00e0 Marotta di Mondolfo","robots":{"index":"index","follow":"follow","max-snippet":"max-snippet:-1","max-image-preview":"max-image-preview:large","max-video-preview":"max-video-preview:-1"},"canonical":"https:\/\/www.italyfamilyhotels.it\/fr\/destinations\/les-marches\/marotta-di-mondolfo","og_locale":"fr_FR","og_type":"article","og_title":"H\u00f4tels pour familles \u00e0 Marotta di Mondolfo\u00a0: les meilleurs Family Hotel \u00e0 Marotta di Mondolfo","og_description":"Envie de vacances en famille\u00a0? Nous avons s\u00e9lectionn\u00e9 les meilleurs Family Hotel \u00e0 Marotta di Mondolfo","og_url":"https:\/\/www.italyfamilyhotels.it\/fr\/destinations\/les-marches\/marotta-di-mondolfo","og_site_name":"Italy Family Hotels","article_publisher":"https:\/\/www.facebook.com\/ItalyFamilyHotels\/","article_modified_time":"2023-04-06T12:37:40+00:00","twitter_card":"summary_large_image","twitter_misc":{"Dur\u00e9e de lecture estim\u00e9e":"1 minute"},"schema":{"@context":"https:\/\/schema.org","@graph":[{"@type":"WebPage","@id":"https:\/\/www.italyfamilyhotels.it\/fr\/destinations\/les-marches\/marotta-di-mondolfo","url":"https:\/\/www.italyfamilyhotels.it\/fr\/destinations\/les-marches\/marotta-di-mondolfo","name":"H\u00f4tels pour familles \u00e0 Marotta di Mondolfo\u00a0: les meilleurs Family Hotel \u00e0 Marotta di Mondolfo","isPartOf":{"@id":"https:\/\/www.italyfamilyhotels.it\/#website"},"datePublished":"2023-01-23T13:21:06+00:00","dateModified":"2023-04-06T12:37:40+00:00","description":"Envie de vacances en famille\u00a0? Nous avons s\u00e9lectionn\u00e9 les meilleurs Family Hotel \u00e0 Marotta di Mondolfo","breadcrumb":{"@id":"https:\/\/www.italyfamilyhotels.it\/fr\/destinations\/les-marches\/marotta-di-mondolfo#breadcrumb"},"inLanguage":"fr-FR","potentialAction":[{"@type":"ReadAction","target":["https:\/\/www.italyfamilyhotels.it\/fr\/destinations\/les-marches\/marotta-di-mondolfo"]}]},{"@type":"BreadcrumbList","@id":"https:\/\/www.italyfamilyhotels.it\/fr\/destinations\/les-marches\/marotta-di-mondolfo#breadcrumb","itemListElement":[{"@type":"ListItem","position":1,"name":"Home","item":"https:\/\/www.italyfamilyhotels.it\/fr"},{"@type":"ListItem","position":2,"name":"Destinations","item":"https:\/\/www.italyfamilyhotels.it\/fr\/destinations"},{"@type":"ListItem","position":3,"name":"Les Marches","item":"https:\/\/www.italyfamilyhotels.it\/fr\/destinations\/les-marches"},{"@type":"ListItem","position":4,"name":"Family Hotel \u00e0 Marotta di Mondolfo"}]},{"@type":"WebSite","@id":"https:\/\/www.italyfamilyhotels.it\/#website","url":"https:\/\/www.italyfamilyhotels.it\/","name":"Italy Family Hotels","description":"","potentialAction":[{"@type":"SearchAction","target":{"@type":"EntryPoint","urlTemplate":"https:\/\/www.italyfamilyhotels.it\/?s={search_term_string}"},"query-input":{"@type":"PropertyValueSpecification","valueRequired":true,"valueName":"search_term_string"}}],"inLanguage":"fr-FR"}]}},"_links":{"self":[{"href":"https:\/\/www.italyfamilyhotels.it\/fr\/wp-json\/wp\/v2\/pages\/43719","targetHints":{"allow":["GET"]}}],"collection":[{"href":"https:\/\/www.italyfamilyhotels.it\/fr\/wp-json\/wp\/v2\/pages"}],"about":[{"href":"https:\/\/www.italyfamilyhotels.it\/fr\/wp-json\/wp\/v2\/types\/page"}],"author":[{"embeddable":true,"href":"https:\/\/www.italyfamilyhotels.it\/fr\/wp-json\/wp\/v2\/users\/2"}],"replies":[{"embeddable":true,"href":"https:\/\/www.italyfamilyhotels.it\/fr\/wp-json\/wp\/v2\/comments?post=43719"}],"version-history":[{"count":3,"href":"https:\/\/www.italyfamilyhotels.it\/fr\/wp-json\/wp\/v2\/pages\/43719\/revisions"}],"predecessor-version":[{"id":48808,"href":"https:\/\/www.italyfamilyhotels.it\/fr\/wp-json\/wp\/v2\/pages\/43719\/revisions\/48808"}],"up":[{"embeddable":true,"href":"https:\/\/www.italyfamilyhotels.it\/fr\/wp-json\/wp\/v2\/pages\/49810"}],"wp:attachment":[{"href":"https:\/\/www.italyfamilyhotels.it\/fr\/wp-json\/wp\/v2\/media?parent=43719"}],"curies":[{"name":"wp","href":"https:\/\/api.w.org\/{rel}","templated":true}]}}