{"id":43707,"date":"2023-01-23T14:20:50","date_gmt":"2023-01-23T13:20:50","guid":{"rendered":"https:\/\/www.italyfamilyhotels.it\/destinations\/lombardie\/livigno"},"modified":"2023-01-25T09:23:24","modified_gmt":"2023-01-25T08:23:24","slug":"livigno","status":"publish","type":"page","link":"https:\/\/www.italyfamilyhotels.it\/fr\/destinations\/lombardie\/livigno","title":{"rendered":"Livigno"},"content":{"rendered":"\n<p>Travers\u00e9e par une longue promenade entre les nombreux commerces du centre, <b>Livigno<\/b> se trouve entre Engadina et l\u2019Alta Valtellina, un lieu de petites dimensions qui ne l&#8217;ont pas emp\u00each\u00e9e de m\u00e9riter sa r\u00e9putation de station de ski de haut niveau, avec des pistes parfaitement pr\u00e9par\u00e9es, entre 1&nbsp;800 et 3&nbsp;000 m\u00e8tres. Au fil des ans, le village s&#8217;est \u00e9galement impos\u00e9 comme une <b>destination de vacances d&#8217;\u00e9t\u00e9<\/b> convoit\u00e9e, gr\u00e2ce aux sentiers de trekking, de randonn\u00e9e, de marche nordique et aux parcours sp\u00e9ciaux pour les amateurs de VTT de tous niveaux. Enfin, une grande attention est accord\u00e9e <b>enfants<\/b>, qui peuvent visiter les \u00e9curies ou se lancer dans des excursions aventureuses sur les traces des contrebandiers d&#8217;autrefois.<\/p>\n","protected":false},"excerpt":{"rendered":"<p>Travers\u00e9e par une longue promenade entre les nombreux commerces du centre, Livigno se trouve entre Engadina et l\u2019Alta Valtellina, un lieu de petites dimensions qui ne l&#8217;ont pas emp\u00each\u00e9e de m\u00e9riter sa r\u00e9putation de station de ski de haut niveau, avec des pistes parfaitement pr\u00e9par\u00e9es, entre 1&nbsp;800 et 3&nbsp;000 m\u00e8tres. Au fil des ans, le &hellip;<\/p>\n","protected":false},"author":2,"featured_media":0,"parent":43573,"menu_order":0,"comment_status":"closed","ping_status":"closed","template":"page-templates\/scheda_localita.php","meta":{"_acf_changed":false,"inline_featured_image":false,"footnotes":""},"class_list":["post-43707","page","type-page","status-publish","hentry"],"acf":[],"yoast_head":"<!-- This site is optimized with the Yoast SEO plugin v27.1 - https:\/\/yoast.com\/product\/yoast-seo-wordpress\/ -->\n<title>Les meilleurs H\u00f4tels pour familles \u00e0 Livigno en Italie<\/title>\n<meta name=\"description\" content=\"Envie de vacances en famille ? Nous avons s\u00e9lectionn\u00e9 les meilleurs Family Hotels \u00e0 Livigno sur les Dolomites italiennes\" \/>\n<meta name=\"robots\" content=\"index, follow, max-snippet:-1, max-image-preview:large, max-video-preview:-1\" \/>\n<link rel=\"canonical\" href=\"https:\/\/www.italyfamilyhotels.it\/fr\/destinations\/lombardie\/livigno\" \/>\n<meta property=\"og:locale\" content=\"fr_FR\" \/>\n<meta property=\"og:type\" content=\"article\" \/>\n<meta property=\"og:title\" content=\"Les meilleurs H\u00f4tels pour familles \u00e0 Livigno en Italie\" \/>\n<meta property=\"og:description\" content=\"Envie de vacances en famille ? Nous avons s\u00e9lectionn\u00e9 les meilleurs Family Hotels \u00e0 Livigno sur les Dolomites italiennes\" \/>\n<meta property=\"og:url\" content=\"https:\/\/www.italyfamilyhotels.it\/fr\/destinations\/lombardie\/livigno\" \/>\n<meta property=\"og:site_name\" content=\"Italy Family Hotels\" \/>\n<meta property=\"article:publisher\" content=\"https:\/\/www.facebook.com\/ItalyFamilyHotels\/\" \/>\n<meta property=\"article:modified_time\" content=\"2023-01-25T08:23:24+00:00\" \/>\n<meta name=\"twitter:card\" content=\"summary_large_image\" \/>\n<meta name=\"twitter:label1\" content=\"Dur\u00e9e de lecture estim\u00e9e\" \/>\n\t<meta name=\"twitter:data1\" content=\"1 minute\" \/>\n<script type=\"application\/ld+json\" class=\"yoast-schema-graph\">{\"@context\":\"https:\/\/schema.org\",\"@graph\":[{\"@type\":\"WebPage\",\"@id\":\"https:\/\/www.italyfamilyhotels.it\/fr\/destinations\/lombardie\/livigno\",\"url\":\"https:\/\/www.italyfamilyhotels.it\/fr\/destinations\/lombardie\/livigno\",\"name\":\"Les meilleurs H\u00f4tels pour familles \u00e0 Livigno en Italie\",\"isPartOf\":{\"@id\":\"https:\/\/www.italyfamilyhotels.it\/#website\"},\"datePublished\":\"2023-01-23T13:20:50+00:00\",\"dateModified\":\"2023-01-25T08:23:24+00:00\",\"description\":\"Envie de vacances en famille ? Nous avons s\u00e9lectionn\u00e9 les meilleurs Family Hotels \u00e0 Livigno sur les Dolomites italiennes\",\"breadcrumb\":{\"@id\":\"https:\/\/www.italyfamilyhotels.it\/fr\/destinations\/lombardie\/livigno#breadcrumb\"},\"inLanguage\":\"fr-FR\",\"potentialAction\":[{\"@type\":\"ReadAction\",\"target\":[\"https:\/\/www.italyfamilyhotels.it\/fr\/destinations\/lombardie\/livigno\"]}]},{\"@type\":\"BreadcrumbList\",\"@id\":\"https:\/\/www.italyfamilyhotels.it\/fr\/destinations\/lombardie\/livigno#breadcrumb\",\"itemListElement\":[{\"@type\":\"ListItem\",\"position\":1,\"name\":\"Home\",\"item\":\"https:\/\/www.italyfamilyhotels.it\/fr\"},{\"@type\":\"ListItem\",\"position\":2,\"name\":\"Destinations\",\"item\":\"https:\/\/www.italyfamilyhotels.it\/fr\/destinations\"},{\"@type\":\"ListItem\",\"position\":3,\"name\":\"Lombardie\",\"item\":\"https:\/\/www.italyfamilyhotels.it\/fr\/destinations\/lombardie\"},{\"@type\":\"ListItem\",\"position\":4,\"name\":\"Livigno\"}]},{\"@type\":\"WebSite\",\"@id\":\"https:\/\/www.italyfamilyhotels.it\/#website\",\"url\":\"https:\/\/www.italyfamilyhotels.it\/\",\"name\":\"Italy Family Hotels\",\"description\":\"\",\"potentialAction\":[{\"@type\":\"SearchAction\",\"target\":{\"@type\":\"EntryPoint\",\"urlTemplate\":\"https:\/\/www.italyfamilyhotels.it\/?s={search_term_string}\"},\"query-input\":{\"@type\":\"PropertyValueSpecification\",\"valueRequired\":true,\"valueName\":\"search_term_string\"}}],\"inLanguage\":\"fr-FR\"}]}<\/script>\n<!-- \/ Yoast SEO plugin. -->","yoast_head_json":{"title":"Les meilleurs H\u00f4tels pour familles \u00e0 Livigno en Italie","description":"Envie de vacances en famille ? Nous avons s\u00e9lectionn\u00e9 les meilleurs Family Hotels \u00e0 Livigno sur les Dolomites italiennes","robots":{"index":"index","follow":"follow","max-snippet":"max-snippet:-1","max-image-preview":"max-image-preview:large","max-video-preview":"max-video-preview:-1"},"canonical":"https:\/\/www.italyfamilyhotels.it\/fr\/destinations\/lombardie\/livigno","og_locale":"fr_FR","og_type":"article","og_title":"Les meilleurs H\u00f4tels pour familles \u00e0 Livigno en Italie","og_description":"Envie de vacances en famille ? Nous avons s\u00e9lectionn\u00e9 les meilleurs Family Hotels \u00e0 Livigno sur les Dolomites italiennes","og_url":"https:\/\/www.italyfamilyhotels.it\/fr\/destinations\/lombardie\/livigno","og_site_name":"Italy Family Hotels","article_publisher":"https:\/\/www.facebook.com\/ItalyFamilyHotels\/","article_modified_time":"2023-01-25T08:23:24+00:00","twitter_card":"summary_large_image","twitter_misc":{"Dur\u00e9e de lecture estim\u00e9e":"1 minute"},"schema":{"@context":"https:\/\/schema.org","@graph":[{"@type":"WebPage","@id":"https:\/\/www.italyfamilyhotels.it\/fr\/destinations\/lombardie\/livigno","url":"https:\/\/www.italyfamilyhotels.it\/fr\/destinations\/lombardie\/livigno","name":"Les meilleurs H\u00f4tels pour familles \u00e0 Livigno en Italie","isPartOf":{"@id":"https:\/\/www.italyfamilyhotels.it\/#website"},"datePublished":"2023-01-23T13:20:50+00:00","dateModified":"2023-01-25T08:23:24+00:00","description":"Envie de vacances en famille ? Nous avons s\u00e9lectionn\u00e9 les meilleurs Family Hotels \u00e0 Livigno sur les Dolomites italiennes","breadcrumb":{"@id":"https:\/\/www.italyfamilyhotels.it\/fr\/destinations\/lombardie\/livigno#breadcrumb"},"inLanguage":"fr-FR","potentialAction":[{"@type":"ReadAction","target":["https:\/\/www.italyfamilyhotels.it\/fr\/destinations\/lombardie\/livigno"]}]},{"@type":"BreadcrumbList","@id":"https:\/\/www.italyfamilyhotels.it\/fr\/destinations\/lombardie\/livigno#breadcrumb","itemListElement":[{"@type":"ListItem","position":1,"name":"Home","item":"https:\/\/www.italyfamilyhotels.it\/fr"},{"@type":"ListItem","position":2,"name":"Destinations","item":"https:\/\/www.italyfamilyhotels.it\/fr\/destinations"},{"@type":"ListItem","position":3,"name":"Lombardie","item":"https:\/\/www.italyfamilyhotels.it\/fr\/destinations\/lombardie"},{"@type":"ListItem","position":4,"name":"Livigno"}]},{"@type":"WebSite","@id":"https:\/\/www.italyfamilyhotels.it\/#website","url":"https:\/\/www.italyfamilyhotels.it\/","name":"Italy Family Hotels","description":"","potentialAction":[{"@type":"SearchAction","target":{"@type":"EntryPoint","urlTemplate":"https:\/\/www.italyfamilyhotels.it\/?s={search_term_string}"},"query-input":{"@type":"PropertyValueSpecification","valueRequired":true,"valueName":"search_term_string"}}],"inLanguage":"fr-FR"}]}},"_links":{"self":[{"href":"https:\/\/www.italyfamilyhotels.it\/fr\/wp-json\/wp\/v2\/pages\/43707","targetHints":{"allow":["GET"]}}],"collection":[{"href":"https:\/\/www.italyfamilyhotels.it\/fr\/wp-json\/wp\/v2\/pages"}],"about":[{"href":"https:\/\/www.italyfamilyhotels.it\/fr\/wp-json\/wp\/v2\/types\/page"}],"author":[{"embeddable":true,"href":"https:\/\/www.italyfamilyhotels.it\/fr\/wp-json\/wp\/v2\/users\/2"}],"replies":[{"embeddable":true,"href":"https:\/\/www.italyfamilyhotels.it\/fr\/wp-json\/wp\/v2\/comments?post=43707"}],"version-history":[{"count":2,"href":"https:\/\/www.italyfamilyhotels.it\/fr\/wp-json\/wp\/v2\/pages\/43707\/revisions"}],"predecessor-version":[{"id":44359,"href":"https:\/\/www.italyfamilyhotels.it\/fr\/wp-json\/wp\/v2\/pages\/43707\/revisions\/44359"}],"up":[{"embeddable":true,"href":"https:\/\/www.italyfamilyhotels.it\/fr\/wp-json\/wp\/v2\/pages\/43573"}],"wp:attachment":[{"href":"https:\/\/www.italyfamilyhotels.it\/fr\/wp-json\/wp\/v2\/media?parent=43707"}],"curies":[{"name":"wp","href":"https:\/\/api.w.org\/{rel}","templated":true}]}}