{"id":43695,"date":"2023-01-23T14:20:43","date_gmt":"2023-01-23T13:20:43","guid":{"rendered":"https:\/\/www.italyfamilyhotels.it\/destinations\/ligurie\/varazze"},"modified":"2023-01-25T09:21:27","modified_gmt":"2023-01-25T08:21:27","slug":"varazze","status":"publish","type":"page","link":"https:\/\/www.italyfamilyhotels.it\/fr\/destinations\/ligurie\/varazze","title":{"rendered":"Varazze"},"content":{"rendered":"\n<p>Les collines \u00e0 la v\u00e9g\u00e9tation m\u00e9diterran\u00e9enne typique semblent presque se jeter dans la mer au <b>Drapeau bleu<\/b>, r\u00e9chauff\u00e9e en surface par un soleil qui est le touriste le plus habitu\u00e9 de <b>Varazze<\/b>. La <b>vieille ville<\/b> &#8211; qui m\u00eale roman, baroque et fragments du Moyen-\u00c2ge, entrelac\u00e9s dans les ruelles caract\u00e9ristiques &#8211; n&#8217;est qu&#8217;un des itin\u00e9raires possibles, dans un <b>arri\u00e8re-pays<\/b> \u2013 o\u00f9 des abris pr\u00e9historiques surgissent dans le paysage du Parc naturel de Beigua \u2013 et la longue langue de <b>plage blanche <\/b>sur laquelle se d\u00e9tendre. Entre les deux, une promenade qui longe toute la c\u00f4te, entour\u00e9e de pins, de lauriers roses et de palmiers, id\u00e9ale pour une sortie paisible avec les enfants, ou pour des courses matinales et des excursions \u00e0 v\u00e9lo.<\/p>\n","protected":false},"excerpt":{"rendered":"<p>Les collines \u00e0 la v\u00e9g\u00e9tation m\u00e9diterran\u00e9enne typique semblent presque se jeter dans la mer au Drapeau bleu, r\u00e9chauff\u00e9e en surface par un soleil qui est le touriste le plus habitu\u00e9 de Varazze. La vieille ville &#8211; qui m\u00eale roman, baroque et fragments du Moyen-\u00c2ge, entrelac\u00e9s dans les ruelles caract\u00e9ristiques &#8211; n&#8217;est qu&#8217;un des itin\u00e9raires possibles, &hellip;<\/p>\n","protected":false},"author":2,"featured_media":0,"parent":49804,"menu_order":0,"comment_status":"closed","ping_status":"closed","template":"page-templates\/scheda_localita.php","meta":{"_acf_changed":false,"inline_featured_image":false,"footnotes":""},"class_list":["post-43695","page","type-page","status-publish","hentry"],"acf":[],"yoast_head":"<!-- This site is optimized with the Yoast SEO plugin v27.1 - https:\/\/yoast.com\/product\/yoast-seo-wordpress\/ -->\n<title>Les meilleurs H\u00f4tels pour familles \u00e0 Varazze en Ligurie<\/title>\n<meta name=\"description\" content=\"Envie de vacances en famille en Italie \u00e0 la mer? Nous avons s\u00e9lectionn\u00e9 les meilleurs Family Hotels \u00e0 Varazze\" \/>\n<meta name=\"robots\" content=\"index, follow, max-snippet:-1, max-image-preview:large, max-video-preview:-1\" \/>\n<link rel=\"canonical\" href=\"https:\/\/www.italyfamilyhotels.it\/fr\/destinations\/ligurie\/varazze\" \/>\n<meta property=\"og:locale\" content=\"fr_FR\" \/>\n<meta property=\"og:type\" content=\"article\" \/>\n<meta property=\"og:title\" content=\"Les meilleurs H\u00f4tels pour familles \u00e0 Varazze en Ligurie\" \/>\n<meta property=\"og:description\" content=\"Envie de vacances en famille en Italie \u00e0 la mer? Nous avons s\u00e9lectionn\u00e9 les meilleurs Family Hotels \u00e0 Varazze\" \/>\n<meta property=\"og:url\" content=\"https:\/\/www.italyfamilyhotels.it\/fr\/destinations\/ligurie\/varazze\" \/>\n<meta property=\"og:site_name\" content=\"Italy Family Hotels\" \/>\n<meta property=\"article:publisher\" content=\"https:\/\/www.facebook.com\/ItalyFamilyHotels\/\" \/>\n<meta property=\"article:modified_time\" content=\"2023-01-25T08:21:27+00:00\" \/>\n<meta name=\"twitter:card\" content=\"summary_large_image\" \/>\n<meta name=\"twitter:label1\" content=\"Dur\u00e9e de lecture estim\u00e9e\" \/>\n\t<meta name=\"twitter:data1\" content=\"1 minute\" \/>\n<script type=\"application\/ld+json\" class=\"yoast-schema-graph\">{\"@context\":\"https:\/\/schema.org\",\"@graph\":[{\"@type\":\"WebPage\",\"@id\":\"https:\/\/www.italyfamilyhotels.it\/fr\/destinations\/ligurie\/varazze\",\"url\":\"https:\/\/www.italyfamilyhotels.it\/fr\/destinations\/ligurie\/varazze\",\"name\":\"Les meilleurs H\u00f4tels pour familles \u00e0 Varazze en Ligurie\",\"isPartOf\":{\"@id\":\"https:\/\/www.italyfamilyhotels.it\/#website\"},\"datePublished\":\"2023-01-23T13:20:43+00:00\",\"dateModified\":\"2023-01-25T08:21:27+00:00\",\"description\":\"Envie de vacances en famille en Italie \u00e0 la mer? Nous avons s\u00e9lectionn\u00e9 les meilleurs Family Hotels \u00e0 Varazze\",\"breadcrumb\":{\"@id\":\"https:\/\/www.italyfamilyhotels.it\/fr\/destinations\/ligurie\/varazze#breadcrumb\"},\"inLanguage\":\"fr-FR\",\"potentialAction\":[{\"@type\":\"ReadAction\",\"target\":[\"https:\/\/www.italyfamilyhotels.it\/fr\/destinations\/ligurie\/varazze\"]}]},{\"@type\":\"BreadcrumbList\",\"@id\":\"https:\/\/www.italyfamilyhotels.it\/fr\/destinations\/ligurie\/varazze#breadcrumb\",\"itemListElement\":[{\"@type\":\"ListItem\",\"position\":1,\"name\":\"Home\",\"item\":\"https:\/\/www.italyfamilyhotels.it\/fr\"},{\"@type\":\"ListItem\",\"position\":2,\"name\":\"Destinations\",\"item\":\"https:\/\/www.italyfamilyhotels.it\/fr\/destinations\"},{\"@type\":\"ListItem\",\"position\":3,\"name\":\"Ligurie\",\"item\":\"https:\/\/www.italyfamilyhotels.it\/fr\/destinations\/ligurie\"},{\"@type\":\"ListItem\",\"position\":4,\"name\":\"Varazze\"}]},{\"@type\":\"WebSite\",\"@id\":\"https:\/\/www.italyfamilyhotels.it\/#website\",\"url\":\"https:\/\/www.italyfamilyhotels.it\/\",\"name\":\"Italy Family Hotels\",\"description\":\"\",\"potentialAction\":[{\"@type\":\"SearchAction\",\"target\":{\"@type\":\"EntryPoint\",\"urlTemplate\":\"https:\/\/www.italyfamilyhotels.it\/?s={search_term_string}\"},\"query-input\":{\"@type\":\"PropertyValueSpecification\",\"valueRequired\":true,\"valueName\":\"search_term_string\"}}],\"inLanguage\":\"fr-FR\"}]}<\/script>\n<!-- \/ Yoast SEO plugin. -->","yoast_head_json":{"title":"Les meilleurs H\u00f4tels pour familles \u00e0 Varazze en Ligurie","description":"Envie de vacances en famille en Italie \u00e0 la mer? Nous avons s\u00e9lectionn\u00e9 les meilleurs Family Hotels \u00e0 Varazze","robots":{"index":"index","follow":"follow","max-snippet":"max-snippet:-1","max-image-preview":"max-image-preview:large","max-video-preview":"max-video-preview:-1"},"canonical":"https:\/\/www.italyfamilyhotels.it\/fr\/destinations\/ligurie\/varazze","og_locale":"fr_FR","og_type":"article","og_title":"Les meilleurs H\u00f4tels pour familles \u00e0 Varazze en Ligurie","og_description":"Envie de vacances en famille en Italie \u00e0 la mer? Nous avons s\u00e9lectionn\u00e9 les meilleurs Family Hotels \u00e0 Varazze","og_url":"https:\/\/www.italyfamilyhotels.it\/fr\/destinations\/ligurie\/varazze","og_site_name":"Italy Family Hotels","article_publisher":"https:\/\/www.facebook.com\/ItalyFamilyHotels\/","article_modified_time":"2023-01-25T08:21:27+00:00","twitter_card":"summary_large_image","twitter_misc":{"Dur\u00e9e de lecture estim\u00e9e":"1 minute"},"schema":{"@context":"https:\/\/schema.org","@graph":[{"@type":"WebPage","@id":"https:\/\/www.italyfamilyhotels.it\/fr\/destinations\/ligurie\/varazze","url":"https:\/\/www.italyfamilyhotels.it\/fr\/destinations\/ligurie\/varazze","name":"Les meilleurs H\u00f4tels pour familles \u00e0 Varazze en Ligurie","isPartOf":{"@id":"https:\/\/www.italyfamilyhotels.it\/#website"},"datePublished":"2023-01-23T13:20:43+00:00","dateModified":"2023-01-25T08:21:27+00:00","description":"Envie de vacances en famille en Italie \u00e0 la mer? Nous avons s\u00e9lectionn\u00e9 les meilleurs Family Hotels \u00e0 Varazze","breadcrumb":{"@id":"https:\/\/www.italyfamilyhotels.it\/fr\/destinations\/ligurie\/varazze#breadcrumb"},"inLanguage":"fr-FR","potentialAction":[{"@type":"ReadAction","target":["https:\/\/www.italyfamilyhotels.it\/fr\/destinations\/ligurie\/varazze"]}]},{"@type":"BreadcrumbList","@id":"https:\/\/www.italyfamilyhotels.it\/fr\/destinations\/ligurie\/varazze#breadcrumb","itemListElement":[{"@type":"ListItem","position":1,"name":"Home","item":"https:\/\/www.italyfamilyhotels.it\/fr"},{"@type":"ListItem","position":2,"name":"Destinations","item":"https:\/\/www.italyfamilyhotels.it\/fr\/destinations"},{"@type":"ListItem","position":3,"name":"Ligurie","item":"https:\/\/www.italyfamilyhotels.it\/fr\/destinations\/ligurie"},{"@type":"ListItem","position":4,"name":"Varazze"}]},{"@type":"WebSite","@id":"https:\/\/www.italyfamilyhotels.it\/#website","url":"https:\/\/www.italyfamilyhotels.it\/","name":"Italy Family Hotels","description":"","potentialAction":[{"@type":"SearchAction","target":{"@type":"EntryPoint","urlTemplate":"https:\/\/www.italyfamilyhotels.it\/?s={search_term_string}"},"query-input":{"@type":"PropertyValueSpecification","valueRequired":true,"valueName":"search_term_string"}}],"inLanguage":"fr-FR"}]}},"_links":{"self":[{"href":"https:\/\/www.italyfamilyhotels.it\/fr\/wp-json\/wp\/v2\/pages\/43695","targetHints":{"allow":["GET"]}}],"collection":[{"href":"https:\/\/www.italyfamilyhotels.it\/fr\/wp-json\/wp\/v2\/pages"}],"about":[{"href":"https:\/\/www.italyfamilyhotels.it\/fr\/wp-json\/wp\/v2\/types\/page"}],"author":[{"embeddable":true,"href":"https:\/\/www.italyfamilyhotels.it\/fr\/wp-json\/wp\/v2\/users\/2"}],"replies":[{"embeddable":true,"href":"https:\/\/www.italyfamilyhotels.it\/fr\/wp-json\/wp\/v2\/comments?post=43695"}],"version-history":[{"count":1,"href":"https:\/\/www.italyfamilyhotels.it\/fr\/wp-json\/wp\/v2\/pages\/43695\/revisions"}],"predecessor-version":[{"id":43700,"href":"https:\/\/www.italyfamilyhotels.it\/fr\/wp-json\/wp\/v2\/pages\/43695\/revisions\/43700"}],"up":[{"embeddable":true,"href":"https:\/\/www.italyfamilyhotels.it\/fr\/wp-json\/wp\/v2\/pages\/49804"}],"wp:attachment":[{"href":"https:\/\/www.italyfamilyhotels.it\/fr\/wp-json\/wp\/v2\/media?parent=43695"}],"curies":[{"name":"wp","href":"https:\/\/api.w.org\/{rel}","templated":true}]}}