{"id":43689,"date":"2023-01-23T14:20:39","date_gmt":"2023-01-23T13:20:39","guid":{"rendered":"https:\/\/www.italyfamilyhotels.it\/destinations\/ligurie\/alassio"},"modified":"2023-01-25T09:13:46","modified_gmt":"2023-01-25T08:13:46","slug":"alassio","status":"publish","type":"page","link":"https:\/\/www.italyfamilyhotels.it\/fr\/destinations\/ligurie\/alassio","title":{"rendered":"Alassio"},"content":{"rendered":"\n<p>Les carreaux qui ornent le <b>mur<\/b> en face de l&#8217;historique Caff\u00e8 Roma, aux tables o\u00f9 Ernest Hemingway avait l&#8217;habitude de s&#8217;asseoir, sont probablement le monument moderne qui, mieux que tout, raconte les 50 derni\u00e8res ann\u00e9es de l&#8217;histoire d\u2019<b>Alassio<\/b>, entre les capitales estivales de la Ligurie et l&#8217;un des centres les plus \u00e9l\u00e9gants de la Riviera di Ponente. Mais les raisons de passer des vacances dans la ville des baisers ne s&#8217;arr\u00eatent certainement pas l\u00e0. Dos \u00e0 la mer du golfe et les pieds sur la <b>plage de sable fin<\/b> faite de quartz et de calcaire, la vue \u00e9voque les balades dans les bars et boutiques \u00e0 l&#8217;heure de l&#8217;ap\u00e9ritif, les d\u00eeners dans les petits restaurants et les courses sans fin des enfants le long des quatre kilom\u00e8tres de front de mer.<\/p>\n","protected":false},"excerpt":{"rendered":"<p>Les carreaux qui ornent le mur en face de l&#8217;historique Caff\u00e8 Roma, aux tables o\u00f9 Ernest Hemingway avait l&#8217;habitude de s&#8217;asseoir, sont probablement le monument moderne qui, mieux que tout, raconte les 50 derni\u00e8res ann\u00e9es de l&#8217;histoire d\u2019Alassio, entre les capitales estivales de la Ligurie et l&#8217;un des centres les plus \u00e9l\u00e9gants de la Riviera &hellip;<\/p>\n","protected":false},"author":2,"featured_media":0,"parent":49804,"menu_order":0,"comment_status":"closed","ping_status":"closed","template":"page-templates\/scheda_localita.php","meta":{"_acf_changed":false,"inline_featured_image":false,"footnotes":""},"class_list":["post-43689","page","type-page","status-publish","hentry"],"acf":[],"yoast_head":"<!-- This site is optimized with the Yoast SEO plugin v27.1 - https:\/\/yoast.com\/product\/yoast-seo-wordpress\/ -->\n<title>Les meilleurs H\u00f4tels pour familles \u00e0 Alassio en Ligurie<\/title>\n<meta name=\"description\" content=\"Envie de vacances en famille \u00e0 la mer en Italie ? Nous avons s\u00e9lectionn\u00e9 les meilleurs Family Hotel \u00e0 Alassio\" \/>\n<meta name=\"robots\" content=\"index, follow, max-snippet:-1, max-image-preview:large, max-video-preview:-1\" \/>\n<link rel=\"canonical\" href=\"https:\/\/www.italyfamilyhotels.it\/fr\/destinations\/ligurie\/alassio\" \/>\n<meta property=\"og:locale\" content=\"fr_FR\" \/>\n<meta property=\"og:type\" content=\"article\" \/>\n<meta property=\"og:title\" content=\"Les meilleurs H\u00f4tels pour familles \u00e0 Alassio en Ligurie\" \/>\n<meta property=\"og:description\" content=\"Envie de vacances en famille \u00e0 la mer en Italie ? Nous avons s\u00e9lectionn\u00e9 les meilleurs Family Hotel \u00e0 Alassio\" \/>\n<meta property=\"og:url\" content=\"https:\/\/www.italyfamilyhotels.it\/fr\/destinations\/ligurie\/alassio\" \/>\n<meta property=\"og:site_name\" content=\"Italy Family Hotels\" \/>\n<meta property=\"article:publisher\" content=\"https:\/\/www.facebook.com\/ItalyFamilyHotels\/\" \/>\n<meta property=\"article:modified_time\" content=\"2023-01-25T08:13:46+00:00\" \/>\n<meta name=\"twitter:card\" content=\"summary_large_image\" \/>\n<meta name=\"twitter:label1\" content=\"Dur\u00e9e de lecture estim\u00e9e\" \/>\n\t<meta name=\"twitter:data1\" content=\"1 minute\" \/>\n<script type=\"application\/ld+json\" class=\"yoast-schema-graph\">{\"@context\":\"https:\/\/schema.org\",\"@graph\":[{\"@type\":\"WebPage\",\"@id\":\"https:\/\/www.italyfamilyhotels.it\/fr\/destinations\/ligurie\/alassio\",\"url\":\"https:\/\/www.italyfamilyhotels.it\/fr\/destinations\/ligurie\/alassio\",\"name\":\"Les meilleurs H\u00f4tels pour familles \u00e0 Alassio en Ligurie\",\"isPartOf\":{\"@id\":\"https:\/\/www.italyfamilyhotels.it\/#website\"},\"datePublished\":\"2023-01-23T13:20:39+00:00\",\"dateModified\":\"2023-01-25T08:13:46+00:00\",\"description\":\"Envie de vacances en famille \u00e0 la mer en Italie ? Nous avons s\u00e9lectionn\u00e9 les meilleurs Family Hotel \u00e0 Alassio\",\"breadcrumb\":{\"@id\":\"https:\/\/www.italyfamilyhotels.it\/fr\/destinations\/ligurie\/alassio#breadcrumb\"},\"inLanguage\":\"fr-FR\",\"potentialAction\":[{\"@type\":\"ReadAction\",\"target\":[\"https:\/\/www.italyfamilyhotels.it\/fr\/destinations\/ligurie\/alassio\"]}]},{\"@type\":\"BreadcrumbList\",\"@id\":\"https:\/\/www.italyfamilyhotels.it\/fr\/destinations\/ligurie\/alassio#breadcrumb\",\"itemListElement\":[{\"@type\":\"ListItem\",\"position\":1,\"name\":\"Home\",\"item\":\"https:\/\/www.italyfamilyhotels.it\/fr\"},{\"@type\":\"ListItem\",\"position\":2,\"name\":\"Destinations\",\"item\":\"https:\/\/www.italyfamilyhotels.it\/fr\/destinations\"},{\"@type\":\"ListItem\",\"position\":3,\"name\":\"Ligurie\",\"item\":\"https:\/\/www.italyfamilyhotels.it\/fr\/destinations\/ligurie\"},{\"@type\":\"ListItem\",\"position\":4,\"name\":\"Alassio\"}]},{\"@type\":\"WebSite\",\"@id\":\"https:\/\/www.italyfamilyhotels.it\/#website\",\"url\":\"https:\/\/www.italyfamilyhotels.it\/\",\"name\":\"Italy Family Hotels\",\"description\":\"\",\"potentialAction\":[{\"@type\":\"SearchAction\",\"target\":{\"@type\":\"EntryPoint\",\"urlTemplate\":\"https:\/\/www.italyfamilyhotels.it\/?s={search_term_string}\"},\"query-input\":{\"@type\":\"PropertyValueSpecification\",\"valueRequired\":true,\"valueName\":\"search_term_string\"}}],\"inLanguage\":\"fr-FR\"}]}<\/script>\n<!-- \/ Yoast SEO plugin. -->","yoast_head_json":{"title":"Les meilleurs H\u00f4tels pour familles \u00e0 Alassio en Ligurie","description":"Envie de vacances en famille \u00e0 la mer en Italie ? Nous avons s\u00e9lectionn\u00e9 les meilleurs Family Hotel \u00e0 Alassio","robots":{"index":"index","follow":"follow","max-snippet":"max-snippet:-1","max-image-preview":"max-image-preview:large","max-video-preview":"max-video-preview:-1"},"canonical":"https:\/\/www.italyfamilyhotels.it\/fr\/destinations\/ligurie\/alassio","og_locale":"fr_FR","og_type":"article","og_title":"Les meilleurs H\u00f4tels pour familles \u00e0 Alassio en Ligurie","og_description":"Envie de vacances en famille \u00e0 la mer en Italie ? Nous avons s\u00e9lectionn\u00e9 les meilleurs Family Hotel \u00e0 Alassio","og_url":"https:\/\/www.italyfamilyhotels.it\/fr\/destinations\/ligurie\/alassio","og_site_name":"Italy Family Hotels","article_publisher":"https:\/\/www.facebook.com\/ItalyFamilyHotels\/","article_modified_time":"2023-01-25T08:13:46+00:00","twitter_card":"summary_large_image","twitter_misc":{"Dur\u00e9e de lecture estim\u00e9e":"1 minute"},"schema":{"@context":"https:\/\/schema.org","@graph":[{"@type":"WebPage","@id":"https:\/\/www.italyfamilyhotels.it\/fr\/destinations\/ligurie\/alassio","url":"https:\/\/www.italyfamilyhotels.it\/fr\/destinations\/ligurie\/alassio","name":"Les meilleurs H\u00f4tels pour familles \u00e0 Alassio en Ligurie","isPartOf":{"@id":"https:\/\/www.italyfamilyhotels.it\/#website"},"datePublished":"2023-01-23T13:20:39+00:00","dateModified":"2023-01-25T08:13:46+00:00","description":"Envie de vacances en famille \u00e0 la mer en Italie ? Nous avons s\u00e9lectionn\u00e9 les meilleurs Family Hotel \u00e0 Alassio","breadcrumb":{"@id":"https:\/\/www.italyfamilyhotels.it\/fr\/destinations\/ligurie\/alassio#breadcrumb"},"inLanguage":"fr-FR","potentialAction":[{"@type":"ReadAction","target":["https:\/\/www.italyfamilyhotels.it\/fr\/destinations\/ligurie\/alassio"]}]},{"@type":"BreadcrumbList","@id":"https:\/\/www.italyfamilyhotels.it\/fr\/destinations\/ligurie\/alassio#breadcrumb","itemListElement":[{"@type":"ListItem","position":1,"name":"Home","item":"https:\/\/www.italyfamilyhotels.it\/fr"},{"@type":"ListItem","position":2,"name":"Destinations","item":"https:\/\/www.italyfamilyhotels.it\/fr\/destinations"},{"@type":"ListItem","position":3,"name":"Ligurie","item":"https:\/\/www.italyfamilyhotels.it\/fr\/destinations\/ligurie"},{"@type":"ListItem","position":4,"name":"Alassio"}]},{"@type":"WebSite","@id":"https:\/\/www.italyfamilyhotels.it\/#website","url":"https:\/\/www.italyfamilyhotels.it\/","name":"Italy Family Hotels","description":"","potentialAction":[{"@type":"SearchAction","target":{"@type":"EntryPoint","urlTemplate":"https:\/\/www.italyfamilyhotels.it\/?s={search_term_string}"},"query-input":{"@type":"PropertyValueSpecification","valueRequired":true,"valueName":"search_term_string"}}],"inLanguage":"fr-FR"}]}},"_links":{"self":[{"href":"https:\/\/www.italyfamilyhotels.it\/fr\/wp-json\/wp\/v2\/pages\/43689","targetHints":{"allow":["GET"]}}],"collection":[{"href":"https:\/\/www.italyfamilyhotels.it\/fr\/wp-json\/wp\/v2\/pages"}],"about":[{"href":"https:\/\/www.italyfamilyhotels.it\/fr\/wp-json\/wp\/v2\/types\/page"}],"author":[{"embeddable":true,"href":"https:\/\/www.italyfamilyhotels.it\/fr\/wp-json\/wp\/v2\/users\/2"}],"replies":[{"embeddable":true,"href":"https:\/\/www.italyfamilyhotels.it\/fr\/wp-json\/wp\/v2\/comments?post=43689"}],"version-history":[{"count":1,"href":"https:\/\/www.italyfamilyhotels.it\/fr\/wp-json\/wp\/v2\/pages\/43689\/revisions"}],"predecessor-version":[{"id":43690,"href":"https:\/\/www.italyfamilyhotels.it\/fr\/wp-json\/wp\/v2\/pages\/43689\/revisions\/43690"}],"up":[{"embeddable":true,"href":"https:\/\/www.italyfamilyhotels.it\/fr\/wp-json\/wp\/v2\/pages\/49804"}],"wp:attachment":[{"href":"https:\/\/www.italyfamilyhotels.it\/fr\/wp-json\/wp\/v2\/media?parent=43689"}],"curies":[{"name":"wp","href":"https:\/\/api.w.org\/{rel}","templated":true}]}}