{"id":43683,"date":"2023-01-23T14:20:35","date_gmt":"2023-01-23T13:20:35","guid":{"rendered":"https:\/\/www.italyfamilyhotels.it\/destinations\/ligurie\/finale-ligure"},"modified":"2023-01-25T09:18:43","modified_gmt":"2023-01-25T08:18:43","slug":"finale-ligure","status":"publish","type":"page","link":"https:\/\/www.italyfamilyhotels.it\/fr\/destinations\/ligurie\/finale-ligure","title":{"rendered":"Finale Ligure"},"content":{"rendered":"\n<p>Celle de la mer cristalline qui caresse la tr\u00e8s longue plage de sable, et qui s&#8217;ouvre soudainement d\u00e8s que l&#8217;on sort des \u00e9troites \u00ab&nbsp;carrugi&nbsp;\u00bb, est l&#8217;une des premi\u00e8res images d&#8217;archives du c\u0153ur que <b>Finale Ligure<\/b> offre aux touristes. R\u00e9compens\u00e9e depuis des ann\u00e9es par le <b>Drapeau bleu<\/b>, ce fragment de la Riviera di Ponente offre un portrait exceptionnel de la Ligurie et de sa vocation d&#8217;accueil des familles, des enfants et des sportifs. Destination oblig\u00e9e pour les <b>cyclistes<\/b>, qui compte \u00e0 juste titre parmi les plus beaux villages d&#8217;Italie, est un point de d\u00e9part id\u00e9al pour des <b>excursions<\/b> \u00e0 la d\u00e9couverte de la nature, de l&#8217;histoire et de la tradition \u0153no-gastronomique de la r\u00e9gion.<\/p>\n","protected":false},"excerpt":{"rendered":"<p>Celle de la mer cristalline qui caresse la tr\u00e8s longue plage de sable, et qui s&#8217;ouvre soudainement d\u00e8s que l&#8217;on sort des \u00e9troites \u00ab&nbsp;carrugi&nbsp;\u00bb, est l&#8217;une des premi\u00e8res images d&#8217;archives du c\u0153ur que Finale Ligure offre aux touristes. R\u00e9compens\u00e9e depuis des ann\u00e9es par le Drapeau bleu, ce fragment de la Riviera di Ponente offre un &hellip;<\/p>\n","protected":false},"author":2,"featured_media":0,"parent":49804,"menu_order":0,"comment_status":"closed","ping_status":"closed","template":"page-templates\/scheda_localita.php","meta":{"_acf_changed":false,"inline_featured_image":false,"footnotes":""},"class_list":["post-43683","page","type-page","status-publish","hentry"],"acf":[],"yoast_head":"<!-- This site is optimized with the Yoast SEO plugin v27.1 - https:\/\/yoast.com\/product\/yoast-seo-wordpress\/ -->\n<title>Les meilleurs H\u00f4tels pour familles \u00e0 Finale Ligure<\/title>\n<meta name=\"description\" content=\"Envie de vacances en famille en Italie ? Nous avons s\u00e9lectionn\u00e9 les meilleurs Family Hotel \u00e0 Finale Ligure\" \/>\n<meta name=\"robots\" content=\"index, follow, max-snippet:-1, max-image-preview:large, max-video-preview:-1\" \/>\n<link rel=\"canonical\" href=\"https:\/\/www.italyfamilyhotels.it\/fr\/destinations\/ligurie\/finale-ligure\" \/>\n<meta property=\"og:locale\" content=\"fr_FR\" \/>\n<meta property=\"og:type\" content=\"article\" \/>\n<meta property=\"og:title\" content=\"Les meilleurs H\u00f4tels pour familles \u00e0 Finale Ligure\" \/>\n<meta property=\"og:description\" content=\"Envie de vacances en famille en Italie ? Nous avons s\u00e9lectionn\u00e9 les meilleurs Family Hotel \u00e0 Finale Ligure\" \/>\n<meta property=\"og:url\" content=\"https:\/\/www.italyfamilyhotels.it\/fr\/destinations\/ligurie\/finale-ligure\" \/>\n<meta property=\"og:site_name\" content=\"Italy Family Hotels\" \/>\n<meta property=\"article:publisher\" content=\"https:\/\/www.facebook.com\/ItalyFamilyHotels\/\" \/>\n<meta property=\"article:modified_time\" content=\"2023-01-25T08:18:43+00:00\" \/>\n<meta name=\"twitter:card\" content=\"summary_large_image\" \/>\n<meta name=\"twitter:label1\" content=\"Dur\u00e9e de lecture estim\u00e9e\" \/>\n\t<meta name=\"twitter:data1\" content=\"1 minute\" \/>\n<script type=\"application\/ld+json\" class=\"yoast-schema-graph\">{\"@context\":\"https:\/\/schema.org\",\"@graph\":[{\"@type\":\"WebPage\",\"@id\":\"https:\/\/www.italyfamilyhotels.it\/fr\/destinations\/ligurie\/finale-ligure\",\"url\":\"https:\/\/www.italyfamilyhotels.it\/fr\/destinations\/ligurie\/finale-ligure\",\"name\":\"Les meilleurs H\u00f4tels pour familles \u00e0 Finale Ligure\",\"isPartOf\":{\"@id\":\"https:\/\/www.italyfamilyhotels.it\/#website\"},\"datePublished\":\"2023-01-23T13:20:35+00:00\",\"dateModified\":\"2023-01-25T08:18:43+00:00\",\"description\":\"Envie de vacances en famille en Italie ? Nous avons s\u00e9lectionn\u00e9 les meilleurs Family Hotel \u00e0 Finale Ligure\",\"breadcrumb\":{\"@id\":\"https:\/\/www.italyfamilyhotels.it\/fr\/destinations\/ligurie\/finale-ligure#breadcrumb\"},\"inLanguage\":\"fr-FR\",\"potentialAction\":[{\"@type\":\"ReadAction\",\"target\":[\"https:\/\/www.italyfamilyhotels.it\/fr\/destinations\/ligurie\/finale-ligure\"]}]},{\"@type\":\"BreadcrumbList\",\"@id\":\"https:\/\/www.italyfamilyhotels.it\/fr\/destinations\/ligurie\/finale-ligure#breadcrumb\",\"itemListElement\":[{\"@type\":\"ListItem\",\"position\":1,\"name\":\"Home\",\"item\":\"https:\/\/www.italyfamilyhotels.it\/fr\"},{\"@type\":\"ListItem\",\"position\":2,\"name\":\"Destinations\",\"item\":\"https:\/\/www.italyfamilyhotels.it\/fr\/destinations\"},{\"@type\":\"ListItem\",\"position\":3,\"name\":\"Ligurie\",\"item\":\"https:\/\/www.italyfamilyhotels.it\/fr\/destinations\/ligurie\"},{\"@type\":\"ListItem\",\"position\":4,\"name\":\"Finale Ligure\"}]},{\"@type\":\"WebSite\",\"@id\":\"https:\/\/www.italyfamilyhotels.it\/#website\",\"url\":\"https:\/\/www.italyfamilyhotels.it\/\",\"name\":\"Italy Family Hotels\",\"description\":\"\",\"potentialAction\":[{\"@type\":\"SearchAction\",\"target\":{\"@type\":\"EntryPoint\",\"urlTemplate\":\"https:\/\/www.italyfamilyhotels.it\/?s={search_term_string}\"},\"query-input\":{\"@type\":\"PropertyValueSpecification\",\"valueRequired\":true,\"valueName\":\"search_term_string\"}}],\"inLanguage\":\"fr-FR\"}]}<\/script>\n<!-- \/ Yoast SEO plugin. -->","yoast_head_json":{"title":"Les meilleurs H\u00f4tels pour familles \u00e0 Finale Ligure","description":"Envie de vacances en famille en Italie ? Nous avons s\u00e9lectionn\u00e9 les meilleurs Family Hotel \u00e0 Finale Ligure","robots":{"index":"index","follow":"follow","max-snippet":"max-snippet:-1","max-image-preview":"max-image-preview:large","max-video-preview":"max-video-preview:-1"},"canonical":"https:\/\/www.italyfamilyhotels.it\/fr\/destinations\/ligurie\/finale-ligure","og_locale":"fr_FR","og_type":"article","og_title":"Les meilleurs H\u00f4tels pour familles \u00e0 Finale Ligure","og_description":"Envie de vacances en famille en Italie ? Nous avons s\u00e9lectionn\u00e9 les meilleurs Family Hotel \u00e0 Finale Ligure","og_url":"https:\/\/www.italyfamilyhotels.it\/fr\/destinations\/ligurie\/finale-ligure","og_site_name":"Italy Family Hotels","article_publisher":"https:\/\/www.facebook.com\/ItalyFamilyHotels\/","article_modified_time":"2023-01-25T08:18:43+00:00","twitter_card":"summary_large_image","twitter_misc":{"Dur\u00e9e de lecture estim\u00e9e":"1 minute"},"schema":{"@context":"https:\/\/schema.org","@graph":[{"@type":"WebPage","@id":"https:\/\/www.italyfamilyhotels.it\/fr\/destinations\/ligurie\/finale-ligure","url":"https:\/\/www.italyfamilyhotels.it\/fr\/destinations\/ligurie\/finale-ligure","name":"Les meilleurs H\u00f4tels pour familles \u00e0 Finale Ligure","isPartOf":{"@id":"https:\/\/www.italyfamilyhotels.it\/#website"},"datePublished":"2023-01-23T13:20:35+00:00","dateModified":"2023-01-25T08:18:43+00:00","description":"Envie de vacances en famille en Italie ? Nous avons s\u00e9lectionn\u00e9 les meilleurs Family Hotel \u00e0 Finale Ligure","breadcrumb":{"@id":"https:\/\/www.italyfamilyhotels.it\/fr\/destinations\/ligurie\/finale-ligure#breadcrumb"},"inLanguage":"fr-FR","potentialAction":[{"@type":"ReadAction","target":["https:\/\/www.italyfamilyhotels.it\/fr\/destinations\/ligurie\/finale-ligure"]}]},{"@type":"BreadcrumbList","@id":"https:\/\/www.italyfamilyhotels.it\/fr\/destinations\/ligurie\/finale-ligure#breadcrumb","itemListElement":[{"@type":"ListItem","position":1,"name":"Home","item":"https:\/\/www.italyfamilyhotels.it\/fr"},{"@type":"ListItem","position":2,"name":"Destinations","item":"https:\/\/www.italyfamilyhotels.it\/fr\/destinations"},{"@type":"ListItem","position":3,"name":"Ligurie","item":"https:\/\/www.italyfamilyhotels.it\/fr\/destinations\/ligurie"},{"@type":"ListItem","position":4,"name":"Finale Ligure"}]},{"@type":"WebSite","@id":"https:\/\/www.italyfamilyhotels.it\/#website","url":"https:\/\/www.italyfamilyhotels.it\/","name":"Italy Family Hotels","description":"","potentialAction":[{"@type":"SearchAction","target":{"@type":"EntryPoint","urlTemplate":"https:\/\/www.italyfamilyhotels.it\/?s={search_term_string}"},"query-input":{"@type":"PropertyValueSpecification","valueRequired":true,"valueName":"search_term_string"}}],"inLanguage":"fr-FR"}]}},"_links":{"self":[{"href":"https:\/\/www.italyfamilyhotels.it\/fr\/wp-json\/wp\/v2\/pages\/43683","targetHints":{"allow":["GET"]}}],"collection":[{"href":"https:\/\/www.italyfamilyhotels.it\/fr\/wp-json\/wp\/v2\/pages"}],"about":[{"href":"https:\/\/www.italyfamilyhotels.it\/fr\/wp-json\/wp\/v2\/types\/page"}],"author":[{"embeddable":true,"href":"https:\/\/www.italyfamilyhotels.it\/fr\/wp-json\/wp\/v2\/users\/2"}],"replies":[{"embeddable":true,"href":"https:\/\/www.italyfamilyhotels.it\/fr\/wp-json\/wp\/v2\/comments?post=43683"}],"version-history":[{"count":2,"href":"https:\/\/www.italyfamilyhotels.it\/fr\/wp-json\/wp\/v2\/pages\/43683\/revisions"}],"predecessor-version":[{"id":44355,"href":"https:\/\/www.italyfamilyhotels.it\/fr\/wp-json\/wp\/v2\/pages\/43683\/revisions\/44355"}],"up":[{"embeddable":true,"href":"https:\/\/www.italyfamilyhotels.it\/fr\/wp-json\/wp\/v2\/pages\/49804"}],"wp:attachment":[{"href":"https:\/\/www.italyfamilyhotels.it\/fr\/wp-json\/wp\/v2\/media?parent=43683"}],"curies":[{"name":"wp","href":"https:\/\/api.w.org\/{rel}","templated":true}]}}