{"id":43671,"date":"2023-01-23T14:20:28","date_gmt":"2023-01-23T13:20:28","guid":{"rendered":"https:\/\/www.italyfamilyhotels.it\/destinations\/ligurie\/pietra-ligure"},"modified":"2023-01-25T09:20:27","modified_gmt":"2023-01-25T08:20:27","slug":"pietra-ligure","status":"publish","type":"page","link":"https:\/\/www.italyfamilyhotels.it\/fr\/destinations\/ligurie\/pietra-ligure","title":{"rendered":"Pietra Ligure"},"content":{"rendered":"\n<p>Parsem\u00e9e de \u00ab&nbsp;caruggi&nbsp;\u00bb, les rues typiques de ces quartiers qui semblent grimper obstin\u00e9ment \u00e0 travers les villages, <b>Pietra Ligure<\/b> raconte son histoire mill\u00e9naire, \u00e0 travers des t\u00e9moignages du pass\u00e9 &#8211; religieux, civils et militaires &#8211; qui rivalisent pour se faire remarquer des touristes, \u00e0 qui ils proposent, pas \u00e0 pas, un itin\u00e9raire dans la culture d&#8217;un lieu et d&#8217;un peuple. Les <b>plages<\/b>, baign\u00e9es par une mer peu profonde, sont de <b>sable<\/b> et <b>bien \u00e9quip\u00e9es<\/b>, \u00e9galement pour le divertissement des enfants, les h\u00f4tes les plus attendus en toute saison. En particulier, chaque \u00e9t\u00e9, <b>Bimbingioco<\/b> propose un vaste programme de spectacles, de jeux sur la place et d&#8217;animations pour les enfants, de juin \u00e0 septembre.<\/p>\n","protected":false},"excerpt":{"rendered":"<p>Parsem\u00e9e de \u00ab&nbsp;caruggi&nbsp;\u00bb, les rues typiques de ces quartiers qui semblent grimper obstin\u00e9ment \u00e0 travers les villages, Pietra Ligure raconte son histoire mill\u00e9naire, \u00e0 travers des t\u00e9moignages du pass\u00e9 &#8211; religieux, civils et militaires &#8211; qui rivalisent pour se faire remarquer des touristes, \u00e0 qui ils proposent, pas \u00e0 pas, un itin\u00e9raire dans la culture &hellip;<\/p>\n","protected":false},"author":2,"featured_media":0,"parent":49804,"menu_order":0,"comment_status":"closed","ping_status":"closed","template":"page-templates\/scheda_localita.php","meta":{"_acf_changed":false,"inline_featured_image":false,"footnotes":""},"class_list":["post-43671","page","type-page","status-publish","hentry"],"acf":[],"yoast_head":"<!-- This site is optimized with the Yoast SEO plugin v27.1 - https:\/\/yoast.com\/product\/yoast-seo-wordpress\/ -->\n<title>Les meilleurs H\u00f4tels pour familles \u00e0 Pietra Ligure<\/title>\n<meta name=\"description\" content=\"Envie de vacances en famille en Italie \u00e0 la mer ? Nous avons s\u00e9lectionn\u00e9 les meilleurs Family Hotels \u00e0 Pietra Ligure\" \/>\n<meta name=\"robots\" content=\"index, follow, max-snippet:-1, max-image-preview:large, max-video-preview:-1\" \/>\n<link rel=\"canonical\" href=\"https:\/\/www.italyfamilyhotels.it\/fr\/destinations\/ligurie\/pietra-ligure\" \/>\n<meta property=\"og:locale\" content=\"fr_FR\" \/>\n<meta property=\"og:type\" content=\"article\" \/>\n<meta property=\"og:title\" content=\"Les meilleurs H\u00f4tels pour familles \u00e0 Pietra Ligure\" \/>\n<meta property=\"og:description\" content=\"Envie de vacances en famille en Italie \u00e0 la mer ? Nous avons s\u00e9lectionn\u00e9 les meilleurs Family Hotels \u00e0 Pietra Ligure\" \/>\n<meta property=\"og:url\" content=\"https:\/\/www.italyfamilyhotels.it\/fr\/destinations\/ligurie\/pietra-ligure\" \/>\n<meta property=\"og:site_name\" content=\"Italy Family Hotels\" \/>\n<meta property=\"article:publisher\" content=\"https:\/\/www.facebook.com\/ItalyFamilyHotels\/\" \/>\n<meta property=\"article:modified_time\" content=\"2023-01-25T08:20:27+00:00\" \/>\n<meta name=\"twitter:card\" content=\"summary_large_image\" \/>\n<meta name=\"twitter:label1\" content=\"Dur\u00e9e de lecture estim\u00e9e\" \/>\n\t<meta name=\"twitter:data1\" content=\"1 minute\" \/>\n<script type=\"application\/ld+json\" class=\"yoast-schema-graph\">{\"@context\":\"https:\/\/schema.org\",\"@graph\":[{\"@type\":\"WebPage\",\"@id\":\"https:\/\/www.italyfamilyhotels.it\/fr\/destinations\/ligurie\/pietra-ligure\",\"url\":\"https:\/\/www.italyfamilyhotels.it\/fr\/destinations\/ligurie\/pietra-ligure\",\"name\":\"Les meilleurs H\u00f4tels pour familles \u00e0 Pietra Ligure\",\"isPartOf\":{\"@id\":\"https:\/\/www.italyfamilyhotels.it\/#website\"},\"datePublished\":\"2023-01-23T13:20:28+00:00\",\"dateModified\":\"2023-01-25T08:20:27+00:00\",\"description\":\"Envie de vacances en famille en Italie \u00e0 la mer ? Nous avons s\u00e9lectionn\u00e9 les meilleurs Family Hotels \u00e0 Pietra Ligure\",\"breadcrumb\":{\"@id\":\"https:\/\/www.italyfamilyhotels.it\/fr\/destinations\/ligurie\/pietra-ligure#breadcrumb\"},\"inLanguage\":\"fr-FR\",\"potentialAction\":[{\"@type\":\"ReadAction\",\"target\":[\"https:\/\/www.italyfamilyhotels.it\/fr\/destinations\/ligurie\/pietra-ligure\"]}]},{\"@type\":\"BreadcrumbList\",\"@id\":\"https:\/\/www.italyfamilyhotels.it\/fr\/destinations\/ligurie\/pietra-ligure#breadcrumb\",\"itemListElement\":[{\"@type\":\"ListItem\",\"position\":1,\"name\":\"Home\",\"item\":\"https:\/\/www.italyfamilyhotels.it\/fr\"},{\"@type\":\"ListItem\",\"position\":2,\"name\":\"Destinations\",\"item\":\"https:\/\/www.italyfamilyhotels.it\/fr\/destinations\"},{\"@type\":\"ListItem\",\"position\":3,\"name\":\"Ligurie\",\"item\":\"https:\/\/www.italyfamilyhotels.it\/fr\/destinations\/ligurie\"},{\"@type\":\"ListItem\",\"position\":4,\"name\":\"Pietra Ligure\"}]},{\"@type\":\"WebSite\",\"@id\":\"https:\/\/www.italyfamilyhotels.it\/#website\",\"url\":\"https:\/\/www.italyfamilyhotels.it\/\",\"name\":\"Italy Family Hotels\",\"description\":\"\",\"potentialAction\":[{\"@type\":\"SearchAction\",\"target\":{\"@type\":\"EntryPoint\",\"urlTemplate\":\"https:\/\/www.italyfamilyhotels.it\/?s={search_term_string}\"},\"query-input\":{\"@type\":\"PropertyValueSpecification\",\"valueRequired\":true,\"valueName\":\"search_term_string\"}}],\"inLanguage\":\"fr-FR\"}]}<\/script>\n<!-- \/ Yoast SEO plugin. -->","yoast_head_json":{"title":"Les meilleurs H\u00f4tels pour familles \u00e0 Pietra Ligure","description":"Envie de vacances en famille en Italie \u00e0 la mer ? Nous avons s\u00e9lectionn\u00e9 les meilleurs Family Hotels \u00e0 Pietra Ligure","robots":{"index":"index","follow":"follow","max-snippet":"max-snippet:-1","max-image-preview":"max-image-preview:large","max-video-preview":"max-video-preview:-1"},"canonical":"https:\/\/www.italyfamilyhotels.it\/fr\/destinations\/ligurie\/pietra-ligure","og_locale":"fr_FR","og_type":"article","og_title":"Les meilleurs H\u00f4tels pour familles \u00e0 Pietra Ligure","og_description":"Envie de vacances en famille en Italie \u00e0 la mer ? Nous avons s\u00e9lectionn\u00e9 les meilleurs Family Hotels \u00e0 Pietra Ligure","og_url":"https:\/\/www.italyfamilyhotels.it\/fr\/destinations\/ligurie\/pietra-ligure","og_site_name":"Italy Family Hotels","article_publisher":"https:\/\/www.facebook.com\/ItalyFamilyHotels\/","article_modified_time":"2023-01-25T08:20:27+00:00","twitter_card":"summary_large_image","twitter_misc":{"Dur\u00e9e de lecture estim\u00e9e":"1 minute"},"schema":{"@context":"https:\/\/schema.org","@graph":[{"@type":"WebPage","@id":"https:\/\/www.italyfamilyhotels.it\/fr\/destinations\/ligurie\/pietra-ligure","url":"https:\/\/www.italyfamilyhotels.it\/fr\/destinations\/ligurie\/pietra-ligure","name":"Les meilleurs H\u00f4tels pour familles \u00e0 Pietra Ligure","isPartOf":{"@id":"https:\/\/www.italyfamilyhotels.it\/#website"},"datePublished":"2023-01-23T13:20:28+00:00","dateModified":"2023-01-25T08:20:27+00:00","description":"Envie de vacances en famille en Italie \u00e0 la mer ? Nous avons s\u00e9lectionn\u00e9 les meilleurs Family Hotels \u00e0 Pietra Ligure","breadcrumb":{"@id":"https:\/\/www.italyfamilyhotels.it\/fr\/destinations\/ligurie\/pietra-ligure#breadcrumb"},"inLanguage":"fr-FR","potentialAction":[{"@type":"ReadAction","target":["https:\/\/www.italyfamilyhotels.it\/fr\/destinations\/ligurie\/pietra-ligure"]}]},{"@type":"BreadcrumbList","@id":"https:\/\/www.italyfamilyhotels.it\/fr\/destinations\/ligurie\/pietra-ligure#breadcrumb","itemListElement":[{"@type":"ListItem","position":1,"name":"Home","item":"https:\/\/www.italyfamilyhotels.it\/fr"},{"@type":"ListItem","position":2,"name":"Destinations","item":"https:\/\/www.italyfamilyhotels.it\/fr\/destinations"},{"@type":"ListItem","position":3,"name":"Ligurie","item":"https:\/\/www.italyfamilyhotels.it\/fr\/destinations\/ligurie"},{"@type":"ListItem","position":4,"name":"Pietra Ligure"}]},{"@type":"WebSite","@id":"https:\/\/www.italyfamilyhotels.it\/#website","url":"https:\/\/www.italyfamilyhotels.it\/","name":"Italy Family Hotels","description":"","potentialAction":[{"@type":"SearchAction","target":{"@type":"EntryPoint","urlTemplate":"https:\/\/www.italyfamilyhotels.it\/?s={search_term_string}"},"query-input":{"@type":"PropertyValueSpecification","valueRequired":true,"valueName":"search_term_string"}}],"inLanguage":"fr-FR"}]}},"_links":{"self":[{"href":"https:\/\/www.italyfamilyhotels.it\/fr\/wp-json\/wp\/v2\/pages\/43671","targetHints":{"allow":["GET"]}}],"collection":[{"href":"https:\/\/www.italyfamilyhotels.it\/fr\/wp-json\/wp\/v2\/pages"}],"about":[{"href":"https:\/\/www.italyfamilyhotels.it\/fr\/wp-json\/wp\/v2\/types\/page"}],"author":[{"embeddable":true,"href":"https:\/\/www.italyfamilyhotels.it\/fr\/wp-json\/wp\/v2\/users\/2"}],"replies":[{"embeddable":true,"href":"https:\/\/www.italyfamilyhotels.it\/fr\/wp-json\/wp\/v2\/comments?post=43671"}],"version-history":[{"count":2,"href":"https:\/\/www.italyfamilyhotels.it\/fr\/wp-json\/wp\/v2\/pages\/43671\/revisions"}],"predecessor-version":[{"id":44358,"href":"https:\/\/www.italyfamilyhotels.it\/fr\/wp-json\/wp\/v2\/pages\/43671\/revisions\/44358"}],"up":[{"embeddable":true,"href":"https:\/\/www.italyfamilyhotels.it\/fr\/wp-json\/wp\/v2\/pages\/49804"}],"wp:attachment":[{"href":"https:\/\/www.italyfamilyhotels.it\/fr\/wp-json\/wp\/v2\/media?parent=43671"}],"curies":[{"name":"wp","href":"https:\/\/api.w.org\/{rel}","templated":true}]}}