{"id":43665,"date":"2023-01-23T14:20:24","date_gmt":"2023-01-23T13:20:24","guid":{"rendered":"https:\/\/www.italyfamilyhotels.it\/destinations\/abruzzes-2\/pescasseroli"},"modified":"2023-01-24T16:37:48","modified_gmt":"2023-01-24T15:37:48","slug":"pescasseroli","status":"publish","type":"page","link":"https:\/\/www.italyfamilyhotels.it\/fr\/destinations\/abruzzes-montaigne\/pescasseroli","title":{"rendered":"Pescasseroli"},"content":{"rendered":"\n<p>Lieu de naissance de Benedetto Croce, <b>Pescasseroli<\/b> se trouve au sommet de la liste de souhaits de qui recherche le contact avec la nature en vacances, qui porte ici le nom \u00e9loquent de <b>Parc national des Abruzzes<\/b>, <b>Latium<\/b> et <b>Molise<\/b>. Les maisons en pierre du centre sont entour\u00e9es d&#8217;une immense \u00e9tendue de verdure qui, en \u00e9t\u00e9, repr\u00e9sente une opportunit\u00e9 de promenades et d&#8217;excursions \u00e0 pied, \u00e0 v\u00e9lo ou \u00e0 cheval, tandis qu&#8217;en hiver, lorsque la neige change le paysage, elle devient une terre de conqu\u00eate pour les amateurs de ski et de descente, qui ne manquent pas l&#8217;occasion de tracer leurs propres trajectoires sur <b>20 kilom\u00e8tres de pistes<\/b>, servis par <b>5 remont\u00e9es m\u00e9caniques<\/b>, dans un contexte environnemental unique.<\/p>\n","protected":false},"excerpt":{"rendered":"<p>Lieu de naissance de Benedetto Croce, Pescasseroli se trouve au sommet de la liste de souhaits de qui recherche le contact avec la nature en vacances, qui porte ici le nom \u00e9loquent de Parc national des Abruzzes, Latium et Molise. Les maisons en pierre du centre sont entour\u00e9es d&#8217;une immense \u00e9tendue de verdure qui, en &hellip;<\/p>\n","protected":false},"author":2,"featured_media":0,"parent":43565,"menu_order":0,"comment_status":"closed","ping_status":"closed","template":"page-templates\/scheda_localita.php","meta":{"_acf_changed":false,"inline_featured_image":false,"footnotes":""},"class_list":["post-43665","page","type-page","status-publish","hentry"],"acf":[],"yoast_head":"<!-- This site is optimized with the Yoast SEO plugin v27.1 - https:\/\/yoast.com\/product\/yoast-seo-wordpress\/ -->\n<title>Les meilleurs H\u00f4tels pour familles \u00e0 Pescasseroli<\/title>\n<meta name=\"description\" content=\"Envie de vacances en famille ? Nous avons s\u00e9lectionn\u00e9 les meilleurs Family Hotel \u00e0 Pescasseroli dans les Abruzzes\" \/>\n<meta name=\"robots\" content=\"index, follow, max-snippet:-1, max-image-preview:large, max-video-preview:-1\" \/>\n<link rel=\"canonical\" href=\"https:\/\/www.italyfamilyhotels.it\/fr\/destinations\/abruzzes-montaigne\/pescasseroli\" \/>\n<meta property=\"og:locale\" content=\"fr_FR\" \/>\n<meta property=\"og:type\" content=\"article\" \/>\n<meta property=\"og:title\" content=\"Les meilleurs H\u00f4tels pour familles \u00e0 Pescasseroli\" \/>\n<meta property=\"og:description\" content=\"Envie de vacances en famille ? Nous avons s\u00e9lectionn\u00e9 les meilleurs Family Hotel \u00e0 Pescasseroli dans les Abruzzes\" \/>\n<meta property=\"og:url\" content=\"https:\/\/www.italyfamilyhotels.it\/fr\/destinations\/abruzzes-montaigne\/pescasseroli\" \/>\n<meta property=\"og:site_name\" content=\"Italy Family Hotels\" \/>\n<meta property=\"article:publisher\" content=\"https:\/\/www.facebook.com\/ItalyFamilyHotels\/\" \/>\n<meta property=\"article:modified_time\" content=\"2023-01-24T15:37:48+00:00\" \/>\n<meta name=\"twitter:card\" content=\"summary_large_image\" \/>\n<meta name=\"twitter:label1\" content=\"Dur\u00e9e de lecture estim\u00e9e\" \/>\n\t<meta name=\"twitter:data1\" content=\"1 minute\" \/>\n<script type=\"application\/ld+json\" class=\"yoast-schema-graph\">{\"@context\":\"https:\/\/schema.org\",\"@graph\":[{\"@type\":\"WebPage\",\"@id\":\"https:\/\/www.italyfamilyhotels.it\/fr\/destinations\/abruzzes-montaigne\/pescasseroli\",\"url\":\"https:\/\/www.italyfamilyhotels.it\/fr\/destinations\/abruzzes-montaigne\/pescasseroli\",\"name\":\"Les meilleurs H\u00f4tels pour familles \u00e0 Pescasseroli\",\"isPartOf\":{\"@id\":\"https:\/\/www.italyfamilyhotels.it\/#website\"},\"datePublished\":\"2023-01-23T13:20:24+00:00\",\"dateModified\":\"2023-01-24T15:37:48+00:00\",\"description\":\"Envie de vacances en famille ? Nous avons s\u00e9lectionn\u00e9 les meilleurs Family Hotel \u00e0 Pescasseroli dans les Abruzzes\",\"breadcrumb\":{\"@id\":\"https:\/\/www.italyfamilyhotels.it\/fr\/destinations\/abruzzes-montaigne\/pescasseroli#breadcrumb\"},\"inLanguage\":\"fr-FR\",\"potentialAction\":[{\"@type\":\"ReadAction\",\"target\":[\"https:\/\/www.italyfamilyhotels.it\/fr\/destinations\/abruzzes-montaigne\/pescasseroli\"]}]},{\"@type\":\"BreadcrumbList\",\"@id\":\"https:\/\/www.italyfamilyhotels.it\/fr\/destinations\/abruzzes-montaigne\/pescasseroli#breadcrumb\",\"itemListElement\":[{\"@type\":\"ListItem\",\"position\":1,\"name\":\"Home\",\"item\":\"https:\/\/www.italyfamilyhotels.it\/fr\"},{\"@type\":\"ListItem\",\"position\":2,\"name\":\"Destinations\",\"item\":\"https:\/\/www.italyfamilyhotels.it\/fr\/destinations\"},{\"@type\":\"ListItem\",\"position\":3,\"name\":\"Abruzzes\",\"item\":\"https:\/\/www.italyfamilyhotels.it\/fr\/destinations\/abruzzes-montaigne\"},{\"@type\":\"ListItem\",\"position\":4,\"name\":\"Pescasseroli\"}]},{\"@type\":\"WebSite\",\"@id\":\"https:\/\/www.italyfamilyhotels.it\/#website\",\"url\":\"https:\/\/www.italyfamilyhotels.it\/\",\"name\":\"Italy Family Hotels\",\"description\":\"\",\"potentialAction\":[{\"@type\":\"SearchAction\",\"target\":{\"@type\":\"EntryPoint\",\"urlTemplate\":\"https:\/\/www.italyfamilyhotels.it\/?s={search_term_string}\"},\"query-input\":{\"@type\":\"PropertyValueSpecification\",\"valueRequired\":true,\"valueName\":\"search_term_string\"}}],\"inLanguage\":\"fr-FR\"}]}<\/script>\n<!-- \/ Yoast SEO plugin. -->","yoast_head_json":{"title":"Les meilleurs H\u00f4tels pour familles \u00e0 Pescasseroli","description":"Envie de vacances en famille ? Nous avons s\u00e9lectionn\u00e9 les meilleurs Family Hotel \u00e0 Pescasseroli dans les Abruzzes","robots":{"index":"index","follow":"follow","max-snippet":"max-snippet:-1","max-image-preview":"max-image-preview:large","max-video-preview":"max-video-preview:-1"},"canonical":"https:\/\/www.italyfamilyhotels.it\/fr\/destinations\/abruzzes-montaigne\/pescasseroli","og_locale":"fr_FR","og_type":"article","og_title":"Les meilleurs H\u00f4tels pour familles \u00e0 Pescasseroli","og_description":"Envie de vacances en famille ? Nous avons s\u00e9lectionn\u00e9 les meilleurs Family Hotel \u00e0 Pescasseroli dans les Abruzzes","og_url":"https:\/\/www.italyfamilyhotels.it\/fr\/destinations\/abruzzes-montaigne\/pescasseroli","og_site_name":"Italy Family Hotels","article_publisher":"https:\/\/www.facebook.com\/ItalyFamilyHotels\/","article_modified_time":"2023-01-24T15:37:48+00:00","twitter_card":"summary_large_image","twitter_misc":{"Dur\u00e9e de lecture estim\u00e9e":"1 minute"},"schema":{"@context":"https:\/\/schema.org","@graph":[{"@type":"WebPage","@id":"https:\/\/www.italyfamilyhotels.it\/fr\/destinations\/abruzzes-montaigne\/pescasseroli","url":"https:\/\/www.italyfamilyhotels.it\/fr\/destinations\/abruzzes-montaigne\/pescasseroli","name":"Les meilleurs H\u00f4tels pour familles \u00e0 Pescasseroli","isPartOf":{"@id":"https:\/\/www.italyfamilyhotels.it\/#website"},"datePublished":"2023-01-23T13:20:24+00:00","dateModified":"2023-01-24T15:37:48+00:00","description":"Envie de vacances en famille ? Nous avons s\u00e9lectionn\u00e9 les meilleurs Family Hotel \u00e0 Pescasseroli dans les Abruzzes","breadcrumb":{"@id":"https:\/\/www.italyfamilyhotels.it\/fr\/destinations\/abruzzes-montaigne\/pescasseroli#breadcrumb"},"inLanguage":"fr-FR","potentialAction":[{"@type":"ReadAction","target":["https:\/\/www.italyfamilyhotels.it\/fr\/destinations\/abruzzes-montaigne\/pescasseroli"]}]},{"@type":"BreadcrumbList","@id":"https:\/\/www.italyfamilyhotels.it\/fr\/destinations\/abruzzes-montaigne\/pescasseroli#breadcrumb","itemListElement":[{"@type":"ListItem","position":1,"name":"Home","item":"https:\/\/www.italyfamilyhotels.it\/fr"},{"@type":"ListItem","position":2,"name":"Destinations","item":"https:\/\/www.italyfamilyhotels.it\/fr\/destinations"},{"@type":"ListItem","position":3,"name":"Abruzzes","item":"https:\/\/www.italyfamilyhotels.it\/fr\/destinations\/abruzzes-montaigne"},{"@type":"ListItem","position":4,"name":"Pescasseroli"}]},{"@type":"WebSite","@id":"https:\/\/www.italyfamilyhotels.it\/#website","url":"https:\/\/www.italyfamilyhotels.it\/","name":"Italy Family Hotels","description":"","potentialAction":[{"@type":"SearchAction","target":{"@type":"EntryPoint","urlTemplate":"https:\/\/www.italyfamilyhotels.it\/?s={search_term_string}"},"query-input":{"@type":"PropertyValueSpecification","valueRequired":true,"valueName":"search_term_string"}}],"inLanguage":"fr-FR"}]}},"_links":{"self":[{"href":"https:\/\/www.italyfamilyhotels.it\/fr\/wp-json\/wp\/v2\/pages\/43665","targetHints":{"allow":["GET"]}}],"collection":[{"href":"https:\/\/www.italyfamilyhotels.it\/fr\/wp-json\/wp\/v2\/pages"}],"about":[{"href":"https:\/\/www.italyfamilyhotels.it\/fr\/wp-json\/wp\/v2\/types\/page"}],"author":[{"embeddable":true,"href":"https:\/\/www.italyfamilyhotels.it\/fr\/wp-json\/wp\/v2\/users\/2"}],"replies":[{"embeddable":true,"href":"https:\/\/www.italyfamilyhotels.it\/fr\/wp-json\/wp\/v2\/comments?post=43665"}],"version-history":[{"count":1,"href":"https:\/\/www.italyfamilyhotels.it\/fr\/wp-json\/wp\/v2\/pages\/43665\/revisions"}],"predecessor-version":[{"id":43670,"href":"https:\/\/www.italyfamilyhotels.it\/fr\/wp-json\/wp\/v2\/pages\/43665\/revisions\/43670"}],"up":[{"embeddable":true,"href":"https:\/\/www.italyfamilyhotels.it\/fr\/wp-json\/wp\/v2\/pages\/43565"}],"wp:attachment":[{"href":"https:\/\/www.italyfamilyhotels.it\/fr\/wp-json\/wp\/v2\/media?parent=43665"}],"curies":[{"name":"wp","href":"https:\/\/api.w.org\/{rel}","templated":true}]}}