{"id":43659,"date":"2023-01-23T14:20:20","date_gmt":"2023-01-23T13:20:20","guid":{"rendered":"https:\/\/www.italyfamilyhotels.it\/destinations\/abruzzes\/martinsicuro"},"modified":"2023-01-24T15:20:42","modified_gmt":"2023-01-24T14:20:42","slug":"martinsicuro","status":"publish","type":"page","link":"https:\/\/www.italyfamilyhotels.it\/fr\/destinations\/abruzzes-mer\/martinsicuro","title":{"rendered":"Martinsicuro"},"content":{"rendered":"\n<p>Une plage aux formes singuli\u00e8res et sinueuses court le long de la c\u00f4te qui plonge dans la splendide mer de <b>Martinsicuro<\/b>, avant les <b>sept s\u0153urs<\/b> \u2013 \u00e0 la fronti\u00e8re avec les Marches \u2013 pour accueillir les touristes qui arrivent dans les Abruzzes. Lieu parfaitement \u00e9quip\u00e9 pour accueillir de grands flux de vacanciers, le centre de Teramo, domin\u00e9 par la <b>Tour de Charles Quint<\/b>, clins d&#8217;\u0153il aux familles \u00e0 la recherche d&#8217;un s\u00e9jour paisible et \u00e0 qui r\u00eave d&#8217;une immersion totale dans un lieu attentif \u00e0 la nature. Enfin, les cyclistes connaissent \u00e9galement bien Martinsicuro, lesquels en croise le nom en suivant l&#8217;itin\u00e9raire du <b>Couloir vert de l&#8217;Adriatique<\/b> sur les cartes, avec des pistes cyclables qui vont de Foce dal Po jusqu&#8217;aux Pouilles.<\/p>\n","protected":false},"excerpt":{"rendered":"<p>Une plage aux formes singuli\u00e8res et sinueuses court le long de la c\u00f4te qui plonge dans la splendide mer de Martinsicuro, avant les sept s\u0153urs \u2013 \u00e0 la fronti\u00e8re avec les Marches \u2013 pour accueillir les touristes qui arrivent dans les Abruzzes. Lieu parfaitement \u00e9quip\u00e9 pour accueillir de grands flux de vacanciers, le centre de &hellip;<\/p>\n","protected":false},"author":2,"featured_media":0,"parent":43563,"menu_order":0,"comment_status":"closed","ping_status":"closed","template":"page-templates\/scheda_localita.php","meta":{"_acf_changed":false,"inline_featured_image":false,"footnotes":""},"class_list":["post-43659","page","type-page","status-publish","hentry"],"acf":[],"yoast_head":"<!-- This site is optimized with the Yoast SEO plugin v27.1 - https:\/\/yoast.com\/product\/yoast-seo-wordpress\/ -->\n<title>Les meilleurs H\u00f4tels pour familles \u00e0 Martinsicuro<\/title>\n<meta name=\"description\" content=\"Envie de vacances en famille ? Nous avons s\u00e9lectionn\u00e9 les meilleurs Family Hotel \u00e0 Martinsicuro dans les Abruzzes\" \/>\n<meta name=\"robots\" content=\"index, follow, max-snippet:-1, max-image-preview:large, max-video-preview:-1\" \/>\n<link rel=\"canonical\" href=\"https:\/\/www.italyfamilyhotels.it\/fr\/destinations\/abruzzes-mer\/martinsicuro\" \/>\n<meta property=\"og:locale\" content=\"fr_FR\" \/>\n<meta property=\"og:type\" content=\"article\" \/>\n<meta property=\"og:title\" content=\"Les meilleurs H\u00f4tels pour familles \u00e0 Martinsicuro\" \/>\n<meta property=\"og:description\" content=\"Envie de vacances en famille ? Nous avons s\u00e9lectionn\u00e9 les meilleurs Family Hotel \u00e0 Martinsicuro dans les Abruzzes\" \/>\n<meta property=\"og:url\" content=\"https:\/\/www.italyfamilyhotels.it\/fr\/destinations\/abruzzes-mer\/martinsicuro\" \/>\n<meta property=\"og:site_name\" content=\"Italy Family Hotels\" \/>\n<meta property=\"article:publisher\" content=\"https:\/\/www.facebook.com\/ItalyFamilyHotels\/\" \/>\n<meta property=\"article:modified_time\" content=\"2023-01-24T14:20:42+00:00\" \/>\n<meta name=\"twitter:card\" content=\"summary_large_image\" \/>\n<meta name=\"twitter:label1\" content=\"Dur\u00e9e de lecture estim\u00e9e\" \/>\n\t<meta name=\"twitter:data1\" content=\"1 minute\" \/>\n<script type=\"application\/ld+json\" class=\"yoast-schema-graph\">{\"@context\":\"https:\/\/schema.org\",\"@graph\":[{\"@type\":\"WebPage\",\"@id\":\"https:\/\/www.italyfamilyhotels.it\/fr\/destinations\/abruzzes-mer\/martinsicuro\",\"url\":\"https:\/\/www.italyfamilyhotels.it\/fr\/destinations\/abruzzes-mer\/martinsicuro\",\"name\":\"Les meilleurs H\u00f4tels pour familles \u00e0 Martinsicuro\",\"isPartOf\":{\"@id\":\"https:\/\/www.italyfamilyhotels.it\/#website\"},\"datePublished\":\"2023-01-23T13:20:20+00:00\",\"dateModified\":\"2023-01-24T14:20:42+00:00\",\"description\":\"Envie de vacances en famille ? Nous avons s\u00e9lectionn\u00e9 les meilleurs Family Hotel \u00e0 Martinsicuro dans les Abruzzes\",\"breadcrumb\":{\"@id\":\"https:\/\/www.italyfamilyhotels.it\/fr\/destinations\/abruzzes-mer\/martinsicuro#breadcrumb\"},\"inLanguage\":\"fr-FR\",\"potentialAction\":[{\"@type\":\"ReadAction\",\"target\":[\"https:\/\/www.italyfamilyhotels.it\/fr\/destinations\/abruzzes-mer\/martinsicuro\"]}]},{\"@type\":\"BreadcrumbList\",\"@id\":\"https:\/\/www.italyfamilyhotels.it\/fr\/destinations\/abruzzes-mer\/martinsicuro#breadcrumb\",\"itemListElement\":[{\"@type\":\"ListItem\",\"position\":1,\"name\":\"Home\",\"item\":\"https:\/\/www.italyfamilyhotels.it\/fr\"},{\"@type\":\"ListItem\",\"position\":2,\"name\":\"Destinations\",\"item\":\"https:\/\/www.italyfamilyhotels.it\/fr\/destinations\"},{\"@type\":\"ListItem\",\"position\":3,\"name\":\"Abruzzes\",\"item\":\"https:\/\/www.italyfamilyhotels.it\/fr\/destinations\/abruzzes-mer\"},{\"@type\":\"ListItem\",\"position\":4,\"name\":\"Martinsicuro\"}]},{\"@type\":\"WebSite\",\"@id\":\"https:\/\/www.italyfamilyhotels.it\/#website\",\"url\":\"https:\/\/www.italyfamilyhotels.it\/\",\"name\":\"Italy Family Hotels\",\"description\":\"\",\"potentialAction\":[{\"@type\":\"SearchAction\",\"target\":{\"@type\":\"EntryPoint\",\"urlTemplate\":\"https:\/\/www.italyfamilyhotels.it\/?s={search_term_string}\"},\"query-input\":{\"@type\":\"PropertyValueSpecification\",\"valueRequired\":true,\"valueName\":\"search_term_string\"}}],\"inLanguage\":\"fr-FR\"}]}<\/script>\n<!-- \/ Yoast SEO plugin. -->","yoast_head_json":{"title":"Les meilleurs H\u00f4tels pour familles \u00e0 Martinsicuro","description":"Envie de vacances en famille ? Nous avons s\u00e9lectionn\u00e9 les meilleurs Family Hotel \u00e0 Martinsicuro dans les Abruzzes","robots":{"index":"index","follow":"follow","max-snippet":"max-snippet:-1","max-image-preview":"max-image-preview:large","max-video-preview":"max-video-preview:-1"},"canonical":"https:\/\/www.italyfamilyhotels.it\/fr\/destinations\/abruzzes-mer\/martinsicuro","og_locale":"fr_FR","og_type":"article","og_title":"Les meilleurs H\u00f4tels pour familles \u00e0 Martinsicuro","og_description":"Envie de vacances en famille ? Nous avons s\u00e9lectionn\u00e9 les meilleurs Family Hotel \u00e0 Martinsicuro dans les Abruzzes","og_url":"https:\/\/www.italyfamilyhotels.it\/fr\/destinations\/abruzzes-mer\/martinsicuro","og_site_name":"Italy Family Hotels","article_publisher":"https:\/\/www.facebook.com\/ItalyFamilyHotels\/","article_modified_time":"2023-01-24T14:20:42+00:00","twitter_card":"summary_large_image","twitter_misc":{"Dur\u00e9e de lecture estim\u00e9e":"1 minute"},"schema":{"@context":"https:\/\/schema.org","@graph":[{"@type":"WebPage","@id":"https:\/\/www.italyfamilyhotels.it\/fr\/destinations\/abruzzes-mer\/martinsicuro","url":"https:\/\/www.italyfamilyhotels.it\/fr\/destinations\/abruzzes-mer\/martinsicuro","name":"Les meilleurs H\u00f4tels pour familles \u00e0 Martinsicuro","isPartOf":{"@id":"https:\/\/www.italyfamilyhotels.it\/#website"},"datePublished":"2023-01-23T13:20:20+00:00","dateModified":"2023-01-24T14:20:42+00:00","description":"Envie de vacances en famille ? Nous avons s\u00e9lectionn\u00e9 les meilleurs Family Hotel \u00e0 Martinsicuro dans les Abruzzes","breadcrumb":{"@id":"https:\/\/www.italyfamilyhotels.it\/fr\/destinations\/abruzzes-mer\/martinsicuro#breadcrumb"},"inLanguage":"fr-FR","potentialAction":[{"@type":"ReadAction","target":["https:\/\/www.italyfamilyhotels.it\/fr\/destinations\/abruzzes-mer\/martinsicuro"]}]},{"@type":"BreadcrumbList","@id":"https:\/\/www.italyfamilyhotels.it\/fr\/destinations\/abruzzes-mer\/martinsicuro#breadcrumb","itemListElement":[{"@type":"ListItem","position":1,"name":"Home","item":"https:\/\/www.italyfamilyhotels.it\/fr"},{"@type":"ListItem","position":2,"name":"Destinations","item":"https:\/\/www.italyfamilyhotels.it\/fr\/destinations"},{"@type":"ListItem","position":3,"name":"Abruzzes","item":"https:\/\/www.italyfamilyhotels.it\/fr\/destinations\/abruzzes-mer"},{"@type":"ListItem","position":4,"name":"Martinsicuro"}]},{"@type":"WebSite","@id":"https:\/\/www.italyfamilyhotels.it\/#website","url":"https:\/\/www.italyfamilyhotels.it\/","name":"Italy Family Hotels","description":"","potentialAction":[{"@type":"SearchAction","target":{"@type":"EntryPoint","urlTemplate":"https:\/\/www.italyfamilyhotels.it\/?s={search_term_string}"},"query-input":{"@type":"PropertyValueSpecification","valueRequired":true,"valueName":"search_term_string"}}],"inLanguage":"fr-FR"}]}},"_links":{"self":[{"href":"https:\/\/www.italyfamilyhotels.it\/fr\/wp-json\/wp\/v2\/pages\/43659","targetHints":{"allow":["GET"]}}],"collection":[{"href":"https:\/\/www.italyfamilyhotels.it\/fr\/wp-json\/wp\/v2\/pages"}],"about":[{"href":"https:\/\/www.italyfamilyhotels.it\/fr\/wp-json\/wp\/v2\/types\/page"}],"author":[{"embeddable":true,"href":"https:\/\/www.italyfamilyhotels.it\/fr\/wp-json\/wp\/v2\/users\/2"}],"replies":[{"embeddable":true,"href":"https:\/\/www.italyfamilyhotels.it\/fr\/wp-json\/wp\/v2\/comments?post=43659"}],"version-history":[{"count":1,"href":"https:\/\/www.italyfamilyhotels.it\/fr\/wp-json\/wp\/v2\/pages\/43659\/revisions"}],"predecessor-version":[{"id":43661,"href":"https:\/\/www.italyfamilyhotels.it\/fr\/wp-json\/wp\/v2\/pages\/43659\/revisions\/43661"}],"up":[{"embeddable":true,"href":"https:\/\/www.italyfamilyhotels.it\/fr\/wp-json\/wp\/v2\/pages\/43563"}],"wp:attachment":[{"href":"https:\/\/www.italyfamilyhotels.it\/fr\/wp-json\/wp\/v2\/media?parent=43659"}],"curies":[{"name":"wp","href":"https:\/\/api.w.org\/{rel}","templated":true}]}}