{"id":43653,"date":"2023-01-23T14:20:15","date_gmt":"2023-01-23T13:20:15","guid":{"rendered":"https:\/\/www.italyfamilyhotels.it\/destinations\/abruzzes\/alba-adriatica"},"modified":"2023-01-24T15:19:07","modified_gmt":"2023-01-24T14:19:07","slug":"alba-adriatica","status":"publish","type":"page","link":"https:\/\/www.italyfamilyhotels.it\/fr\/destinations\/abruzzes-mer\/alba-adriatica","title":{"rendered":"Alba Adriatica"},"content":{"rendered":"\n<p>Connue comme <i>la Plage d&#8217;argent<\/i>, <b>Alba Adriatica<\/b> \u2013 dont les racines historiques, comme en t\u00e9moignent les nombreuses d\u00e9couvertes issues des fouilles qui repr\u00e9sentent l&#8217;un des attraits d&#8217;une promenade dans la ville, remontent \u00e0 l&#8217;\u00e9poque romaine &#8211; est l&#8217;une des stations touristiques les plus c\u00e9l\u00e8bres de la c\u00f4te des Abruzzes. Les <b>h\u00f4tels et autres structures d\u2019h\u00e9bergement<\/b> \u2013 adapt\u00e9s \u00e0 tous les types de client\u00e8le et parfaits pour le tourisme familial &#8211; sont <b>\u00e0 l\u2019avant-garde<\/b> et propose des formules pour tous les go\u00fbts, qui s&#8217;accordent avec le calendrier charg\u00e9 des activit\u00e9s culturelles et sportives, capables de rendre des vacances inoubliables\u2026 du lever au coucher du soleil.<\/p>\n","protected":false},"excerpt":{"rendered":"<p>Connue comme la Plage d&#8217;argent, Alba Adriatica \u2013 dont les racines historiques, comme en t\u00e9moignent les nombreuses d\u00e9couvertes issues des fouilles qui repr\u00e9sentent l&#8217;un des attraits d&#8217;une promenade dans la ville, remontent \u00e0 l&#8217;\u00e9poque romaine &#8211; est l&#8217;une des stations touristiques les plus c\u00e9l\u00e8bres de la c\u00f4te des Abruzzes. Les h\u00f4tels et autres structures d\u2019h\u00e9bergement &hellip;<\/p>\n","protected":false},"author":2,"featured_media":0,"parent":43563,"menu_order":0,"comment_status":"closed","ping_status":"closed","template":"page-templates\/scheda_localita.php","meta":{"_acf_changed":false,"inline_featured_image":false,"footnotes":""},"class_list":["post-43653","page","type-page","status-publish","hentry"],"acf":[],"yoast_head":"<!-- This site is optimized with the Yoast SEO plugin v27.1 - https:\/\/yoast.com\/product\/yoast-seo-wordpress\/ -->\n<title>Les meilleurs H\u00f4tels pour familles \u00e0 Alba Adriatica<\/title>\n<meta name=\"description\" content=\"Envie de vacances en famille ? Nous avons s\u00e9lectionn\u00e9 les meilleurs Family Hotel en Italie \u00e0 Alba Adriatica\" \/>\n<meta name=\"robots\" content=\"index, follow, max-snippet:-1, max-image-preview:large, max-video-preview:-1\" \/>\n<link rel=\"canonical\" href=\"https:\/\/www.italyfamilyhotels.it\/fr\/destinations\/abruzzes-mer\/alba-adriatica\" \/>\n<meta property=\"og:locale\" content=\"fr_FR\" \/>\n<meta property=\"og:type\" content=\"article\" \/>\n<meta property=\"og:title\" content=\"Les meilleurs H\u00f4tels pour familles \u00e0 Alba Adriatica\" \/>\n<meta property=\"og:description\" content=\"Envie de vacances en famille ? Nous avons s\u00e9lectionn\u00e9 les meilleurs Family Hotel en Italie \u00e0 Alba Adriatica\" \/>\n<meta property=\"og:url\" content=\"https:\/\/www.italyfamilyhotels.it\/fr\/destinations\/abruzzes-mer\/alba-adriatica\" \/>\n<meta property=\"og:site_name\" content=\"Italy Family Hotels\" \/>\n<meta property=\"article:publisher\" content=\"https:\/\/www.facebook.com\/ItalyFamilyHotels\/\" \/>\n<meta property=\"article:modified_time\" content=\"2023-01-24T14:19:07+00:00\" \/>\n<meta name=\"twitter:card\" content=\"summary_large_image\" \/>\n<meta name=\"twitter:label1\" content=\"Dur\u00e9e de lecture estim\u00e9e\" \/>\n\t<meta name=\"twitter:data1\" content=\"1 minute\" \/>\n<script type=\"application\/ld+json\" class=\"yoast-schema-graph\">{\"@context\":\"https:\/\/schema.org\",\"@graph\":[{\"@type\":\"WebPage\",\"@id\":\"https:\/\/www.italyfamilyhotels.it\/fr\/destinations\/abruzzes-mer\/alba-adriatica\",\"url\":\"https:\/\/www.italyfamilyhotels.it\/fr\/destinations\/abruzzes-mer\/alba-adriatica\",\"name\":\"Les meilleurs H\u00f4tels pour familles \u00e0 Alba Adriatica\",\"isPartOf\":{\"@id\":\"https:\/\/www.italyfamilyhotels.it\/#website\"},\"datePublished\":\"2023-01-23T13:20:15+00:00\",\"dateModified\":\"2023-01-24T14:19:07+00:00\",\"description\":\"Envie de vacances en famille ? Nous avons s\u00e9lectionn\u00e9 les meilleurs Family Hotel en Italie \u00e0 Alba Adriatica\",\"breadcrumb\":{\"@id\":\"https:\/\/www.italyfamilyhotels.it\/fr\/destinations\/abruzzes-mer\/alba-adriatica#breadcrumb\"},\"inLanguage\":\"fr-FR\",\"potentialAction\":[{\"@type\":\"ReadAction\",\"target\":[\"https:\/\/www.italyfamilyhotels.it\/fr\/destinations\/abruzzes-mer\/alba-adriatica\"]}]},{\"@type\":\"BreadcrumbList\",\"@id\":\"https:\/\/www.italyfamilyhotels.it\/fr\/destinations\/abruzzes-mer\/alba-adriatica#breadcrumb\",\"itemListElement\":[{\"@type\":\"ListItem\",\"position\":1,\"name\":\"Home\",\"item\":\"https:\/\/www.italyfamilyhotels.it\/fr\"},{\"@type\":\"ListItem\",\"position\":2,\"name\":\"Destinations\",\"item\":\"https:\/\/www.italyfamilyhotels.it\/fr\/destinations\"},{\"@type\":\"ListItem\",\"position\":3,\"name\":\"Abruzzes\",\"item\":\"https:\/\/www.italyfamilyhotels.it\/fr\/destinations\/abruzzes-mer\"},{\"@type\":\"ListItem\",\"position\":4,\"name\":\"Alba Adriatica\"}]},{\"@type\":\"WebSite\",\"@id\":\"https:\/\/www.italyfamilyhotels.it\/#website\",\"url\":\"https:\/\/www.italyfamilyhotels.it\/\",\"name\":\"Italy Family Hotels\",\"description\":\"\",\"potentialAction\":[{\"@type\":\"SearchAction\",\"target\":{\"@type\":\"EntryPoint\",\"urlTemplate\":\"https:\/\/www.italyfamilyhotels.it\/?s={search_term_string}\"},\"query-input\":{\"@type\":\"PropertyValueSpecification\",\"valueRequired\":true,\"valueName\":\"search_term_string\"}}],\"inLanguage\":\"fr-FR\"}]}<\/script>\n<!-- \/ Yoast SEO plugin. -->","yoast_head_json":{"title":"Les meilleurs H\u00f4tels pour familles \u00e0 Alba Adriatica","description":"Envie de vacances en famille ? Nous avons s\u00e9lectionn\u00e9 les meilleurs Family Hotel en Italie \u00e0 Alba Adriatica","robots":{"index":"index","follow":"follow","max-snippet":"max-snippet:-1","max-image-preview":"max-image-preview:large","max-video-preview":"max-video-preview:-1"},"canonical":"https:\/\/www.italyfamilyhotels.it\/fr\/destinations\/abruzzes-mer\/alba-adriatica","og_locale":"fr_FR","og_type":"article","og_title":"Les meilleurs H\u00f4tels pour familles \u00e0 Alba Adriatica","og_description":"Envie de vacances en famille ? Nous avons s\u00e9lectionn\u00e9 les meilleurs Family Hotel en Italie \u00e0 Alba Adriatica","og_url":"https:\/\/www.italyfamilyhotels.it\/fr\/destinations\/abruzzes-mer\/alba-adriatica","og_site_name":"Italy Family Hotels","article_publisher":"https:\/\/www.facebook.com\/ItalyFamilyHotels\/","article_modified_time":"2023-01-24T14:19:07+00:00","twitter_card":"summary_large_image","twitter_misc":{"Dur\u00e9e de lecture estim\u00e9e":"1 minute"},"schema":{"@context":"https:\/\/schema.org","@graph":[{"@type":"WebPage","@id":"https:\/\/www.italyfamilyhotels.it\/fr\/destinations\/abruzzes-mer\/alba-adriatica","url":"https:\/\/www.italyfamilyhotels.it\/fr\/destinations\/abruzzes-mer\/alba-adriatica","name":"Les meilleurs H\u00f4tels pour familles \u00e0 Alba Adriatica","isPartOf":{"@id":"https:\/\/www.italyfamilyhotels.it\/#website"},"datePublished":"2023-01-23T13:20:15+00:00","dateModified":"2023-01-24T14:19:07+00:00","description":"Envie de vacances en famille ? Nous avons s\u00e9lectionn\u00e9 les meilleurs Family Hotel en Italie \u00e0 Alba Adriatica","breadcrumb":{"@id":"https:\/\/www.italyfamilyhotels.it\/fr\/destinations\/abruzzes-mer\/alba-adriatica#breadcrumb"},"inLanguage":"fr-FR","potentialAction":[{"@type":"ReadAction","target":["https:\/\/www.italyfamilyhotels.it\/fr\/destinations\/abruzzes-mer\/alba-adriatica"]}]},{"@type":"BreadcrumbList","@id":"https:\/\/www.italyfamilyhotels.it\/fr\/destinations\/abruzzes-mer\/alba-adriatica#breadcrumb","itemListElement":[{"@type":"ListItem","position":1,"name":"Home","item":"https:\/\/www.italyfamilyhotels.it\/fr"},{"@type":"ListItem","position":2,"name":"Destinations","item":"https:\/\/www.italyfamilyhotels.it\/fr\/destinations"},{"@type":"ListItem","position":3,"name":"Abruzzes","item":"https:\/\/www.italyfamilyhotels.it\/fr\/destinations\/abruzzes-mer"},{"@type":"ListItem","position":4,"name":"Alba Adriatica"}]},{"@type":"WebSite","@id":"https:\/\/www.italyfamilyhotels.it\/#website","url":"https:\/\/www.italyfamilyhotels.it\/","name":"Italy Family Hotels","description":"","potentialAction":[{"@type":"SearchAction","target":{"@type":"EntryPoint","urlTemplate":"https:\/\/www.italyfamilyhotels.it\/?s={search_term_string}"},"query-input":{"@type":"PropertyValueSpecification","valueRequired":true,"valueName":"search_term_string"}}],"inLanguage":"fr-FR"}]}},"_links":{"self":[{"href":"https:\/\/www.italyfamilyhotels.it\/fr\/wp-json\/wp\/v2\/pages\/43653","targetHints":{"allow":["GET"]}}],"collection":[{"href":"https:\/\/www.italyfamilyhotels.it\/fr\/wp-json\/wp\/v2\/pages"}],"about":[{"href":"https:\/\/www.italyfamilyhotels.it\/fr\/wp-json\/wp\/v2\/types\/page"}],"author":[{"embeddable":true,"href":"https:\/\/www.italyfamilyhotels.it\/fr\/wp-json\/wp\/v2\/users\/2"}],"replies":[{"embeddable":true,"href":"https:\/\/www.italyfamilyhotels.it\/fr\/wp-json\/wp\/v2\/comments?post=43653"}],"version-history":[{"count":1,"href":"https:\/\/www.italyfamilyhotels.it\/fr\/wp-json\/wp\/v2\/pages\/43653\/revisions"}],"predecessor-version":[{"id":43654,"href":"https:\/\/www.italyfamilyhotels.it\/fr\/wp-json\/wp\/v2\/pages\/43653\/revisions\/43654"}],"up":[{"embeddable":true,"href":"https:\/\/www.italyfamilyhotels.it\/fr\/wp-json\/wp\/v2\/pages\/43563"}],"wp:attachment":[{"href":"https:\/\/www.italyfamilyhotels.it\/fr\/wp-json\/wp\/v2\/media?parent=43653"}],"curies":[{"name":"wp","href":"https:\/\/api.w.org\/{rel}","templated":true}]}}