{"id":43615,"date":"2023-01-23T14:19:53","date_gmt":"2023-01-23T13:19:53","guid":{"rendered":"https:\/\/www.italyfamilyhotels.it\/destinations\/riviera-romagnole\/milano-marittima"},"modified":"2024-02-12T12:12:08","modified_gmt":"2024-02-12T11:12:08","slug":"milano-marittima","status":"publish","type":"page","link":"https:\/\/www.italyfamilyhotels.it\/fr\/destinations\/riviera-romagnole\/milano-marittima","title":{"rendered":"Milano Marittima"},"content":{"rendered":"\n<p>Tout le monde conna\u00eet <b>Milano Marittima<\/b> pour ses nombreuses bo\u00eetes de nuit qui, chaque \u00e9t\u00e9, attirent des milliers de jeunes dans ses avenues bord\u00e9es d&#8217;arbres, \u00e0 la recherche de discoth\u00e8ques branch\u00e9es et de divertissement, entre cocktails et pistes de danse. Mais il peut \u00e9galement \u00eatre surprenant de d\u00e9couvrir ce que cette localit\u00e9 a \u00e0 offrir \u00e0 qui recherche un tourisme diff\u00e9rent, fait de tranquillit\u00e9, de services et d&#8217;activit\u00e9s adapt\u00e9es aux <b>familles avec enfants<\/b>. Les nombreuses <b>plages \u00e9quip\u00e9es<\/b>, le long d&#8217;une c\u00f4te sablonneuse de 4 kilom\u00e8tres, ne sont qu&#8217;une des attractions que Milano Marittima r\u00e9serve aux parents et aux enfants, qui peuvent \u00e9galement partir \u00e0 la d\u00e9couverte de la <b>pin\u00e8de<\/b> et des <b>marais salants<\/b>, ins\u00e9r\u00e9s dans le parc du Delta du P\u00f4.<\/p>\n","protected":false},"excerpt":{"rendered":"<p>Tout le monde conna\u00eet Milano Marittima pour ses nombreuses bo\u00eetes de nuit qui, chaque \u00e9t\u00e9, attirent des milliers de jeunes dans ses avenues bord\u00e9es d&#8217;arbres, \u00e0 la recherche de discoth\u00e8ques branch\u00e9es et de divertissement, entre cocktails et pistes de danse. Mais il peut \u00e9galement \u00eatre surprenant de d\u00e9couvrir ce que cette localit\u00e9 a \u00e0 offrir &hellip;<\/p>\n","protected":false},"author":2,"featured_media":0,"parent":43555,"menu_order":0,"comment_status":"closed","ping_status":"closed","template":"page-templates\/scheda_localita.php","meta":{"_acf_changed":false,"inline_featured_image":false,"footnotes":""},"class_list":["post-43615","page","type-page","status-publish","hentry"],"acf":[],"yoast_head":"<!-- This site is optimized with the Yoast SEO plugin v27.1 - https:\/\/yoast.com\/product\/yoast-seo-wordpress\/ -->\n<title>Les meilleurs H\u00f4tels pour familles \u00e0 Milano Marittima<\/title>\n<meta name=\"description\" content=\"Envie de vacances en famille sur la c\u00f4te adriatique ? Nous avons s\u00e9lectionn\u00e9 les meilleurs Family Hotels \u00e0 Milano Marittima\" \/>\n<meta name=\"robots\" content=\"index, follow, max-snippet:-1, max-image-preview:large, max-video-preview:-1\" \/>\n<link rel=\"canonical\" href=\"https:\/\/www.italyfamilyhotels.it\/fr\/destinations\/riviera-romagnole\/milano-marittima\" \/>\n<meta property=\"og:locale\" content=\"fr_FR\" \/>\n<meta property=\"og:type\" content=\"article\" \/>\n<meta property=\"og:title\" content=\"Les meilleurs H\u00f4tels pour familles \u00e0 Milano Marittima\" \/>\n<meta property=\"og:description\" content=\"Envie de vacances en famille sur la c\u00f4te adriatique ? Nous avons s\u00e9lectionn\u00e9 les meilleurs Family Hotels \u00e0 Milano Marittima\" \/>\n<meta property=\"og:url\" content=\"https:\/\/www.italyfamilyhotels.it\/fr\/destinations\/riviera-romagnole\/milano-marittima\" \/>\n<meta property=\"og:site_name\" content=\"Italy Family Hotels\" \/>\n<meta property=\"article:publisher\" content=\"https:\/\/www.facebook.com\/ItalyFamilyHotels\/\" \/>\n<meta property=\"article:modified_time\" content=\"2024-02-12T11:12:08+00:00\" \/>\n<meta name=\"twitter:card\" content=\"summary_large_image\" \/>\n<meta name=\"twitter:label1\" content=\"Dur\u00e9e de lecture estim\u00e9e\" \/>\n\t<meta name=\"twitter:data1\" content=\"1 minute\" \/>\n<script type=\"application\/ld+json\" class=\"yoast-schema-graph\">{\"@context\":\"https:\/\/schema.org\",\"@graph\":[{\"@type\":\"WebPage\",\"@id\":\"https:\/\/www.italyfamilyhotels.it\/fr\/destinations\/riviera-romagnole\/milano-marittima\",\"url\":\"https:\/\/www.italyfamilyhotels.it\/fr\/destinations\/riviera-romagnole\/milano-marittima\",\"name\":\"Les meilleurs H\u00f4tels pour familles \u00e0 Milano Marittima\",\"isPartOf\":{\"@id\":\"https:\/\/www.italyfamilyhotels.it\/#website\"},\"datePublished\":\"2023-01-23T13:19:53+00:00\",\"dateModified\":\"2024-02-12T11:12:08+00:00\",\"description\":\"Envie de vacances en famille sur la c\u00f4te adriatique ? Nous avons s\u00e9lectionn\u00e9 les meilleurs Family Hotels \u00e0 Milano Marittima\",\"breadcrumb\":{\"@id\":\"https:\/\/www.italyfamilyhotels.it\/fr\/destinations\/riviera-romagnole\/milano-marittima#breadcrumb\"},\"inLanguage\":\"fr-FR\",\"potentialAction\":[{\"@type\":\"ReadAction\",\"target\":[\"https:\/\/www.italyfamilyhotels.it\/fr\/destinations\/riviera-romagnole\/milano-marittima\"]}]},{\"@type\":\"BreadcrumbList\",\"@id\":\"https:\/\/www.italyfamilyhotels.it\/fr\/destinations\/riviera-romagnole\/milano-marittima#breadcrumb\",\"itemListElement\":[{\"@type\":\"ListItem\",\"position\":1,\"name\":\"Home\",\"item\":\"https:\/\/www.italyfamilyhotels.it\/fr\"},{\"@type\":\"ListItem\",\"position\":2,\"name\":\"Destinations\",\"item\":\"https:\/\/www.italyfamilyhotels.it\/fr\/destinations\"},{\"@type\":\"ListItem\",\"position\":3,\"name\":\"Riviera Romagnole\",\"item\":\"https:\/\/www.italyfamilyhotels.it\/fr\/destinations\/riviera-romagnole\"},{\"@type\":\"ListItem\",\"position\":4,\"name\":\"Milano Marittima\"}]},{\"@type\":\"WebSite\",\"@id\":\"https:\/\/www.italyfamilyhotels.it\/#website\",\"url\":\"https:\/\/www.italyfamilyhotels.it\/\",\"name\":\"Italy Family Hotels\",\"description\":\"\",\"potentialAction\":[{\"@type\":\"SearchAction\",\"target\":{\"@type\":\"EntryPoint\",\"urlTemplate\":\"https:\/\/www.italyfamilyhotels.it\/?s={search_term_string}\"},\"query-input\":{\"@type\":\"PropertyValueSpecification\",\"valueRequired\":true,\"valueName\":\"search_term_string\"}}],\"inLanguage\":\"fr-FR\"}]}<\/script>\n<!-- \/ Yoast SEO plugin. -->","yoast_head_json":{"title":"Les meilleurs H\u00f4tels pour familles \u00e0 Milano Marittima","description":"Envie de vacances en famille sur la c\u00f4te adriatique ? Nous avons s\u00e9lectionn\u00e9 les meilleurs Family Hotels \u00e0 Milano Marittima","robots":{"index":"index","follow":"follow","max-snippet":"max-snippet:-1","max-image-preview":"max-image-preview:large","max-video-preview":"max-video-preview:-1"},"canonical":"https:\/\/www.italyfamilyhotels.it\/fr\/destinations\/riviera-romagnole\/milano-marittima","og_locale":"fr_FR","og_type":"article","og_title":"Les meilleurs H\u00f4tels pour familles \u00e0 Milano Marittima","og_description":"Envie de vacances en famille sur la c\u00f4te adriatique ? Nous avons s\u00e9lectionn\u00e9 les meilleurs Family Hotels \u00e0 Milano Marittima","og_url":"https:\/\/www.italyfamilyhotels.it\/fr\/destinations\/riviera-romagnole\/milano-marittima","og_site_name":"Italy Family Hotels","article_publisher":"https:\/\/www.facebook.com\/ItalyFamilyHotels\/","article_modified_time":"2024-02-12T11:12:08+00:00","twitter_card":"summary_large_image","twitter_misc":{"Dur\u00e9e de lecture estim\u00e9e":"1 minute"},"schema":{"@context":"https:\/\/schema.org","@graph":[{"@type":"WebPage","@id":"https:\/\/www.italyfamilyhotels.it\/fr\/destinations\/riviera-romagnole\/milano-marittima","url":"https:\/\/www.italyfamilyhotels.it\/fr\/destinations\/riviera-romagnole\/milano-marittima","name":"Les meilleurs H\u00f4tels pour familles \u00e0 Milano Marittima","isPartOf":{"@id":"https:\/\/www.italyfamilyhotels.it\/#website"},"datePublished":"2023-01-23T13:19:53+00:00","dateModified":"2024-02-12T11:12:08+00:00","description":"Envie de vacances en famille sur la c\u00f4te adriatique ? Nous avons s\u00e9lectionn\u00e9 les meilleurs Family Hotels \u00e0 Milano Marittima","breadcrumb":{"@id":"https:\/\/www.italyfamilyhotels.it\/fr\/destinations\/riviera-romagnole\/milano-marittima#breadcrumb"},"inLanguage":"fr-FR","potentialAction":[{"@type":"ReadAction","target":["https:\/\/www.italyfamilyhotels.it\/fr\/destinations\/riviera-romagnole\/milano-marittima"]}]},{"@type":"BreadcrumbList","@id":"https:\/\/www.italyfamilyhotels.it\/fr\/destinations\/riviera-romagnole\/milano-marittima#breadcrumb","itemListElement":[{"@type":"ListItem","position":1,"name":"Home","item":"https:\/\/www.italyfamilyhotels.it\/fr"},{"@type":"ListItem","position":2,"name":"Destinations","item":"https:\/\/www.italyfamilyhotels.it\/fr\/destinations"},{"@type":"ListItem","position":3,"name":"Riviera Romagnole","item":"https:\/\/www.italyfamilyhotels.it\/fr\/destinations\/riviera-romagnole"},{"@type":"ListItem","position":4,"name":"Milano Marittima"}]},{"@type":"WebSite","@id":"https:\/\/www.italyfamilyhotels.it\/#website","url":"https:\/\/www.italyfamilyhotels.it\/","name":"Italy Family Hotels","description":"","potentialAction":[{"@type":"SearchAction","target":{"@type":"EntryPoint","urlTemplate":"https:\/\/www.italyfamilyhotels.it\/?s={search_term_string}"},"query-input":{"@type":"PropertyValueSpecification","valueRequired":true,"valueName":"search_term_string"}}],"inLanguage":"fr-FR"}]}},"_links":{"self":[{"href":"https:\/\/www.italyfamilyhotels.it\/fr\/wp-json\/wp\/v2\/pages\/43615","targetHints":{"allow":["GET"]}}],"collection":[{"href":"https:\/\/www.italyfamilyhotels.it\/fr\/wp-json\/wp\/v2\/pages"}],"about":[{"href":"https:\/\/www.italyfamilyhotels.it\/fr\/wp-json\/wp\/v2\/types\/page"}],"author":[{"embeddable":true,"href":"https:\/\/www.italyfamilyhotels.it\/fr\/wp-json\/wp\/v2\/users\/2"}],"replies":[{"embeddable":true,"href":"https:\/\/www.italyfamilyhotels.it\/fr\/wp-json\/wp\/v2\/comments?post=43615"}],"version-history":[{"count":5,"href":"https:\/\/www.italyfamilyhotels.it\/fr\/wp-json\/wp\/v2\/pages\/43615\/revisions"}],"predecessor-version":[{"id":56562,"href":"https:\/\/www.italyfamilyhotels.it\/fr\/wp-json\/wp\/v2\/pages\/43615\/revisions\/56562"}],"up":[{"embeddable":true,"href":"https:\/\/www.italyfamilyhotels.it\/fr\/wp-json\/wp\/v2\/pages\/43555"}],"wp:attachment":[{"href":"https:\/\/www.italyfamilyhotels.it\/fr\/wp-json\/wp\/v2\/media?parent=43615"}],"curies":[{"name":"wp","href":"https:\/\/api.w.org\/{rel}","templated":true}]}}