{"id":43603,"date":"2023-01-23T14:19:47","date_gmt":"2023-01-23T13:19:47","guid":{"rendered":"https:\/\/www.italyfamilyhotels.it\/destinations\/riviera-romagnole\/lido-di-classe"},"modified":"2023-04-06T14:21:25","modified_gmt":"2023-04-06T12:21:25","slug":"lido-di-classe","status":"publish","type":"page","link":"https:\/\/www.italyfamilyhotels.it\/fr\/destinations\/riviera-romagnole\/lido-di-classe","title":{"rendered":"Family Hotel \u00e0 Lido di Classe"},"content":{"rendered":"\n<p>Lido di Classe se trouve dans une oasis naturelle prot\u00e9g\u00e9e, entre mer limpide et pin\u00e8de parfum\u00e9e. Des <b>vacances avec des enfants \u00e0 Lido di Classe<\/b> permettent un tourisme qui privil\u00e9gie des <b>rythmes lents<\/b>, la <b>d\u00e9tente<\/b>, le <b>calme<\/b>, les <b>activit\u00e9s en ext\u00e9rieur<\/b>, dans une nature intacte.<\/p>\n\n\n\n<p>Les <b>plages <\/b>\u00e9quip\u00e9es et bien organis\u00e9es s&#8217;\u00e9tendent entre la pin\u00e8de de Classe et l&#8217;embouchure du fleuve Savio. Bref, si vous cherchez un endroit o\u00f9 <b>vous d\u00e9connecter compl\u00e8tement du quotidien<\/b>, Lido di Classe est la destination parfaite.<\/p>\n\n\n\n<p>Si vous aimez les <b>vacances actives<\/b>, vous pourrez pratiquer le beach volley, le beach soccer et le beach tennis, le basket, le cyclotourisme, la voile, le kite-surf et l&#8217;\u00e9quitation. De plus, Lido di Classe est le point de d\u00e9part id\u00e9al pour passer une journ\u00e9e au parc d\u2019attractions <b>Mirabilandia<\/b>, situ\u00e9 \u00e0 seulement 10 minutes en voiture, ou pour <b>visiter Ravenne<\/b>, la ville des mosa\u00efques, class\u00e9e au patrimoine mondial de l&#8217;UNESCO.<\/p>\n","protected":false},"excerpt":{"rendered":"<p>Lido di Classe se trouve dans une oasis naturelle prot\u00e9g\u00e9e, entre mer limpide et pin\u00e8de parfum\u00e9e. Des vacances avec des enfants \u00e0 Lido di Classe permettent un tourisme qui privil\u00e9gie des rythmes lents, la d\u00e9tente, le calme, les activit\u00e9s en ext\u00e9rieur, dans une nature intacte. Les plages \u00e9quip\u00e9es et bien organis\u00e9es s&#8217;\u00e9tendent entre la pin\u00e8de &hellip;<\/p>\n","protected":false},"author":2,"featured_media":0,"parent":43555,"menu_order":0,"comment_status":"closed","ping_status":"closed","template":"page-templates\/scheda_localita.php","meta":{"_acf_changed":false,"inline_featured_image":false,"footnotes":""},"class_list":["post-43603","page","type-page","status-publish","hentry"],"acf":[],"yoast_head":"<!-- This site is optimized with the Yoast SEO plugin v27.1 - https:\/\/yoast.com\/product\/yoast-seo-wordpress\/ -->\n<title>Les meilleurs h\u00f4tels pour familles \u00e0 Lido di Classe | Italy Family Hotels<\/title>\n<meta name=\"description\" content=\"Envie de vacances en famille\u00a0? Nous avons s\u00e9lectionn\u00e9 les meilleurs h\u00f4tels pour familles et Family Hotels \u00e0 Lido di Classe\" \/>\n<meta name=\"robots\" content=\"index, follow, max-snippet:-1, max-image-preview:large, max-video-preview:-1\" \/>\n<link rel=\"canonical\" href=\"https:\/\/www.italyfamilyhotels.it\/fr\/destinations\/riviera-romagnole\/lido-di-classe\" \/>\n<meta property=\"og:locale\" content=\"fr_FR\" \/>\n<meta property=\"og:type\" content=\"article\" \/>\n<meta property=\"og:title\" content=\"Les meilleurs h\u00f4tels pour familles \u00e0 Lido di Classe | Italy Family Hotels\" \/>\n<meta property=\"og:description\" content=\"Envie de vacances en famille\u00a0? Nous avons s\u00e9lectionn\u00e9 les meilleurs h\u00f4tels pour familles et Family Hotels \u00e0 Lido di Classe\" \/>\n<meta property=\"og:url\" content=\"https:\/\/www.italyfamilyhotels.it\/fr\/destinations\/riviera-romagnole\/lido-di-classe\" \/>\n<meta property=\"og:site_name\" content=\"Italy Family Hotels\" \/>\n<meta property=\"article:publisher\" content=\"https:\/\/www.facebook.com\/ItalyFamilyHotels\/\" \/>\n<meta property=\"article:modified_time\" content=\"2023-04-06T12:21:25+00:00\" \/>\n<meta name=\"twitter:card\" content=\"summary_large_image\" \/>\n<meta name=\"twitter:label1\" content=\"Dur\u00e9e de lecture estim\u00e9e\" \/>\n\t<meta name=\"twitter:data1\" content=\"1 minute\" \/>\n<script type=\"application\/ld+json\" class=\"yoast-schema-graph\">{\"@context\":\"https:\/\/schema.org\",\"@graph\":[{\"@type\":\"WebPage\",\"@id\":\"https:\/\/www.italyfamilyhotels.it\/fr\/destinations\/riviera-romagnole\/lido-di-classe\",\"url\":\"https:\/\/www.italyfamilyhotels.it\/fr\/destinations\/riviera-romagnole\/lido-di-classe\",\"name\":\"Les meilleurs h\u00f4tels pour familles \u00e0 Lido di Classe | Italy Family Hotels\",\"isPartOf\":{\"@id\":\"https:\/\/www.italyfamilyhotels.it\/#website\"},\"datePublished\":\"2023-01-23T13:19:47+00:00\",\"dateModified\":\"2023-04-06T12:21:25+00:00\",\"description\":\"Envie de vacances en famille\u00a0? Nous avons s\u00e9lectionn\u00e9 les meilleurs h\u00f4tels pour familles et Family Hotels \u00e0 Lido di Classe\",\"breadcrumb\":{\"@id\":\"https:\/\/www.italyfamilyhotels.it\/fr\/destinations\/riviera-romagnole\/lido-di-classe#breadcrumb\"},\"inLanguage\":\"fr-FR\",\"potentialAction\":[{\"@type\":\"ReadAction\",\"target\":[\"https:\/\/www.italyfamilyhotels.it\/fr\/destinations\/riviera-romagnole\/lido-di-classe\"]}]},{\"@type\":\"BreadcrumbList\",\"@id\":\"https:\/\/www.italyfamilyhotels.it\/fr\/destinations\/riviera-romagnole\/lido-di-classe#breadcrumb\",\"itemListElement\":[{\"@type\":\"ListItem\",\"position\":1,\"name\":\"Home\",\"item\":\"https:\/\/www.italyfamilyhotels.it\/fr\"},{\"@type\":\"ListItem\",\"position\":2,\"name\":\"Destinations\",\"item\":\"https:\/\/www.italyfamilyhotels.it\/fr\/destinations\"},{\"@type\":\"ListItem\",\"position\":3,\"name\":\"Riviera Romagnole\",\"item\":\"https:\/\/www.italyfamilyhotels.it\/fr\/destinations\/riviera-romagnole\"},{\"@type\":\"ListItem\",\"position\":4,\"name\":\"Family Hotel \u00e0 Lido di Classe\"}]},{\"@type\":\"WebSite\",\"@id\":\"https:\/\/www.italyfamilyhotels.it\/#website\",\"url\":\"https:\/\/www.italyfamilyhotels.it\/\",\"name\":\"Italy Family Hotels\",\"description\":\"\",\"potentialAction\":[{\"@type\":\"SearchAction\",\"target\":{\"@type\":\"EntryPoint\",\"urlTemplate\":\"https:\/\/www.italyfamilyhotels.it\/?s={search_term_string}\"},\"query-input\":{\"@type\":\"PropertyValueSpecification\",\"valueRequired\":true,\"valueName\":\"search_term_string\"}}],\"inLanguage\":\"fr-FR\"}]}<\/script>\n<!-- \/ Yoast SEO plugin. -->","yoast_head_json":{"title":"Les meilleurs h\u00f4tels pour familles \u00e0 Lido di Classe | Italy Family Hotels","description":"Envie de vacances en famille\u00a0? Nous avons s\u00e9lectionn\u00e9 les meilleurs h\u00f4tels pour familles et Family Hotels \u00e0 Lido di Classe","robots":{"index":"index","follow":"follow","max-snippet":"max-snippet:-1","max-image-preview":"max-image-preview:large","max-video-preview":"max-video-preview:-1"},"canonical":"https:\/\/www.italyfamilyhotels.it\/fr\/destinations\/riviera-romagnole\/lido-di-classe","og_locale":"fr_FR","og_type":"article","og_title":"Les meilleurs h\u00f4tels pour familles \u00e0 Lido di Classe | Italy Family Hotels","og_description":"Envie de vacances en famille\u00a0? Nous avons s\u00e9lectionn\u00e9 les meilleurs h\u00f4tels pour familles et Family Hotels \u00e0 Lido di Classe","og_url":"https:\/\/www.italyfamilyhotels.it\/fr\/destinations\/riviera-romagnole\/lido-di-classe","og_site_name":"Italy Family Hotels","article_publisher":"https:\/\/www.facebook.com\/ItalyFamilyHotels\/","article_modified_time":"2023-04-06T12:21:25+00:00","twitter_card":"summary_large_image","twitter_misc":{"Dur\u00e9e de lecture estim\u00e9e":"1 minute"},"schema":{"@context":"https:\/\/schema.org","@graph":[{"@type":"WebPage","@id":"https:\/\/www.italyfamilyhotels.it\/fr\/destinations\/riviera-romagnole\/lido-di-classe","url":"https:\/\/www.italyfamilyhotels.it\/fr\/destinations\/riviera-romagnole\/lido-di-classe","name":"Les meilleurs h\u00f4tels pour familles \u00e0 Lido di Classe | Italy Family Hotels","isPartOf":{"@id":"https:\/\/www.italyfamilyhotels.it\/#website"},"datePublished":"2023-01-23T13:19:47+00:00","dateModified":"2023-04-06T12:21:25+00:00","description":"Envie de vacances en famille\u00a0? Nous avons s\u00e9lectionn\u00e9 les meilleurs h\u00f4tels pour familles et Family Hotels \u00e0 Lido di Classe","breadcrumb":{"@id":"https:\/\/www.italyfamilyhotels.it\/fr\/destinations\/riviera-romagnole\/lido-di-classe#breadcrumb"},"inLanguage":"fr-FR","potentialAction":[{"@type":"ReadAction","target":["https:\/\/www.italyfamilyhotels.it\/fr\/destinations\/riviera-romagnole\/lido-di-classe"]}]},{"@type":"BreadcrumbList","@id":"https:\/\/www.italyfamilyhotels.it\/fr\/destinations\/riviera-romagnole\/lido-di-classe#breadcrumb","itemListElement":[{"@type":"ListItem","position":1,"name":"Home","item":"https:\/\/www.italyfamilyhotels.it\/fr"},{"@type":"ListItem","position":2,"name":"Destinations","item":"https:\/\/www.italyfamilyhotels.it\/fr\/destinations"},{"@type":"ListItem","position":3,"name":"Riviera Romagnole","item":"https:\/\/www.italyfamilyhotels.it\/fr\/destinations\/riviera-romagnole"},{"@type":"ListItem","position":4,"name":"Family Hotel \u00e0 Lido di Classe"}]},{"@type":"WebSite","@id":"https:\/\/www.italyfamilyhotels.it\/#website","url":"https:\/\/www.italyfamilyhotels.it\/","name":"Italy Family Hotels","description":"","potentialAction":[{"@type":"SearchAction","target":{"@type":"EntryPoint","urlTemplate":"https:\/\/www.italyfamilyhotels.it\/?s={search_term_string}"},"query-input":{"@type":"PropertyValueSpecification","valueRequired":true,"valueName":"search_term_string"}}],"inLanguage":"fr-FR"}]}},"_links":{"self":[{"href":"https:\/\/www.italyfamilyhotels.it\/fr\/wp-json\/wp\/v2\/pages\/43603","targetHints":{"allow":["GET"]}}],"collection":[{"href":"https:\/\/www.italyfamilyhotels.it\/fr\/wp-json\/wp\/v2\/pages"}],"about":[{"href":"https:\/\/www.italyfamilyhotels.it\/fr\/wp-json\/wp\/v2\/types\/page"}],"author":[{"embeddable":true,"href":"https:\/\/www.italyfamilyhotels.it\/fr\/wp-json\/wp\/v2\/users\/2"}],"replies":[{"embeddable":true,"href":"https:\/\/www.italyfamilyhotels.it\/fr\/wp-json\/wp\/v2\/comments?post=43603"}],"version-history":[{"count":3,"href":"https:\/\/www.italyfamilyhotels.it\/fr\/wp-json\/wp\/v2\/pages\/43603\/revisions"}],"predecessor-version":[{"id":48783,"href":"https:\/\/www.italyfamilyhotels.it\/fr\/wp-json\/wp\/v2\/pages\/43603\/revisions\/48783"}],"up":[{"embeddable":true,"href":"https:\/\/www.italyfamilyhotels.it\/fr\/wp-json\/wp\/v2\/pages\/43555"}],"wp:attachment":[{"href":"https:\/\/www.italyfamilyhotels.it\/fr\/wp-json\/wp\/v2\/media?parent=43603"}],"curies":[{"name":"wp","href":"https:\/\/api.w.org\/{rel}","templated":true}]}}