{"id":43597,"date":"2023-01-23T14:19:43","date_gmt":"2023-01-23T13:19:43","guid":{"rendered":"https:\/\/www.italyfamilyhotels.it\/destinations\/riviera-romagnole\/cesenatico"},"modified":"2023-01-25T10:07:58","modified_gmt":"2023-01-25T09:07:58","slug":"cesenatico","status":"publish","type":"page","link":"https:\/\/www.italyfamilyhotels.it\/fr\/destinations\/riviera-romagnole\/cesenatico","title":{"rendered":"Cesenatico"},"content":{"rendered":"\n<p>Destination embl\u00e9matique du tourisme bas\u00e9 sur les activit\u00e9s familiales et sportives, <b>Cesenatico<\/b> se d\u00e9tache clairement du concept de vacances visant au seul divertissement lequel, pendant trop d&#8217;ann\u00e9es, a repr\u00e9sent\u00e9 la seule image possible de la Riviera Romagnole aux yeux du monde. Un <b>port-canal<\/b> con\u00e7u par nul autre que L\u00e9onard de Vinci, devrait suffire \u00e0 donner un signe du caract\u00e8re unique d&#8217;un lieu qui s&#8217;est longtemps concentr\u00e9 sur la valorisation de son patrimoine culturel, sur l&#8217;offre d\u00e9di\u00e9e aux amateurs d&#8217;activit\u00e9s <b>\u00e0 ciel ouvert<\/b> \u2013 en particulier, les cyclistes \u2013 et pour les enfants, qui trouveront ici une mer propre, de grandes plages et la possibilit\u00e9 de laisser libre cours \u00e0 leur imagination.<\/p>\n","protected":false},"excerpt":{"rendered":"<p>Destination embl\u00e9matique du tourisme bas\u00e9 sur les activit\u00e9s familiales et sportives, Cesenatico se d\u00e9tache clairement du concept de vacances visant au seul divertissement lequel, pendant trop d&#8217;ann\u00e9es, a repr\u00e9sent\u00e9 la seule image possible de la Riviera Romagnole aux yeux du monde. Un port-canal con\u00e7u par nul autre que L\u00e9onard de Vinci, devrait suffire \u00e0 donner &hellip;<\/p>\n","protected":false},"author":2,"featured_media":0,"parent":43555,"menu_order":0,"comment_status":"closed","ping_status":"closed","template":"page-templates\/scheda_localita.php","meta":{"_acf_changed":false,"inline_featured_image":false,"footnotes":""},"class_list":["post-43597","page","type-page","status-publish","hentry"],"acf":[],"yoast_head":"<!-- This site is optimized with the Yoast SEO plugin v27.1 - https:\/\/yoast.com\/product\/yoast-seo-wordpress\/ -->\n<title>Les meilleurs H\u00f4tels pour familles \u00e0 Cesenatico<\/title>\n<meta name=\"description\" content=\"Envie de vacances en famille sur la c\u00f4te adriatique ? Nous avons s\u00e9lectionn\u00e9 les meilleurs Family Hotels \u00e0 Cesenatico\" \/>\n<meta name=\"robots\" content=\"index, follow, max-snippet:-1, max-image-preview:large, max-video-preview:-1\" \/>\n<link rel=\"canonical\" href=\"https:\/\/www.italyfamilyhotels.it\/fr\/destinations\/riviera-romagnole\/cesenatico\" \/>\n<meta property=\"og:locale\" content=\"fr_FR\" \/>\n<meta property=\"og:type\" content=\"article\" \/>\n<meta property=\"og:title\" content=\"Les meilleurs H\u00f4tels pour familles \u00e0 Cesenatico\" \/>\n<meta property=\"og:description\" content=\"Envie de vacances en famille sur la c\u00f4te adriatique ? Nous avons s\u00e9lectionn\u00e9 les meilleurs Family Hotels \u00e0 Cesenatico\" \/>\n<meta property=\"og:url\" content=\"https:\/\/www.italyfamilyhotels.it\/fr\/destinations\/riviera-romagnole\/cesenatico\" \/>\n<meta property=\"og:site_name\" content=\"Italy Family Hotels\" \/>\n<meta property=\"article:publisher\" content=\"https:\/\/www.facebook.com\/ItalyFamilyHotels\/\" \/>\n<meta property=\"article:modified_time\" content=\"2023-01-25T09:07:58+00:00\" \/>\n<meta name=\"twitter:card\" content=\"summary_large_image\" \/>\n<meta name=\"twitter:label1\" content=\"Dur\u00e9e de lecture estim\u00e9e\" \/>\n\t<meta name=\"twitter:data1\" content=\"1 minute\" \/>\n<script type=\"application\/ld+json\" class=\"yoast-schema-graph\">{\"@context\":\"https:\/\/schema.org\",\"@graph\":[{\"@type\":\"WebPage\",\"@id\":\"https:\/\/www.italyfamilyhotels.it\/fr\/destinations\/riviera-romagnole\/cesenatico\",\"url\":\"https:\/\/www.italyfamilyhotels.it\/fr\/destinations\/riviera-romagnole\/cesenatico\",\"name\":\"Les meilleurs H\u00f4tels pour familles \u00e0 Cesenatico\",\"isPartOf\":{\"@id\":\"https:\/\/www.italyfamilyhotels.it\/#website\"},\"datePublished\":\"2023-01-23T13:19:43+00:00\",\"dateModified\":\"2023-01-25T09:07:58+00:00\",\"description\":\"Envie de vacances en famille sur la c\u00f4te adriatique ? Nous avons s\u00e9lectionn\u00e9 les meilleurs Family Hotels \u00e0 Cesenatico\",\"breadcrumb\":{\"@id\":\"https:\/\/www.italyfamilyhotels.it\/fr\/destinations\/riviera-romagnole\/cesenatico#breadcrumb\"},\"inLanguage\":\"fr-FR\",\"potentialAction\":[{\"@type\":\"ReadAction\",\"target\":[\"https:\/\/www.italyfamilyhotels.it\/fr\/destinations\/riviera-romagnole\/cesenatico\"]}]},{\"@type\":\"BreadcrumbList\",\"@id\":\"https:\/\/www.italyfamilyhotels.it\/fr\/destinations\/riviera-romagnole\/cesenatico#breadcrumb\",\"itemListElement\":[{\"@type\":\"ListItem\",\"position\":1,\"name\":\"Home\",\"item\":\"https:\/\/www.italyfamilyhotels.it\/fr\"},{\"@type\":\"ListItem\",\"position\":2,\"name\":\"Destinations\",\"item\":\"https:\/\/www.italyfamilyhotels.it\/fr\/destinations\"},{\"@type\":\"ListItem\",\"position\":3,\"name\":\"Riviera Romagnole\",\"item\":\"https:\/\/www.italyfamilyhotels.it\/fr\/destinations\/riviera-romagnole\"},{\"@type\":\"ListItem\",\"position\":4,\"name\":\"Cesenatico\"}]},{\"@type\":\"WebSite\",\"@id\":\"https:\/\/www.italyfamilyhotels.it\/#website\",\"url\":\"https:\/\/www.italyfamilyhotels.it\/\",\"name\":\"Italy Family Hotels\",\"description\":\"\",\"potentialAction\":[{\"@type\":\"SearchAction\",\"target\":{\"@type\":\"EntryPoint\",\"urlTemplate\":\"https:\/\/www.italyfamilyhotels.it\/?s={search_term_string}\"},\"query-input\":{\"@type\":\"PropertyValueSpecification\",\"valueRequired\":true,\"valueName\":\"search_term_string\"}}],\"inLanguage\":\"fr-FR\"}]}<\/script>\n<!-- \/ Yoast SEO plugin. -->","yoast_head_json":{"title":"Les meilleurs H\u00f4tels pour familles \u00e0 Cesenatico","description":"Envie de vacances en famille sur la c\u00f4te adriatique ? Nous avons s\u00e9lectionn\u00e9 les meilleurs Family Hotels \u00e0 Cesenatico","robots":{"index":"index","follow":"follow","max-snippet":"max-snippet:-1","max-image-preview":"max-image-preview:large","max-video-preview":"max-video-preview:-1"},"canonical":"https:\/\/www.italyfamilyhotels.it\/fr\/destinations\/riviera-romagnole\/cesenatico","og_locale":"fr_FR","og_type":"article","og_title":"Les meilleurs H\u00f4tels pour familles \u00e0 Cesenatico","og_description":"Envie de vacances en famille sur la c\u00f4te adriatique ? Nous avons s\u00e9lectionn\u00e9 les meilleurs Family Hotels \u00e0 Cesenatico","og_url":"https:\/\/www.italyfamilyhotels.it\/fr\/destinations\/riviera-romagnole\/cesenatico","og_site_name":"Italy Family Hotels","article_publisher":"https:\/\/www.facebook.com\/ItalyFamilyHotels\/","article_modified_time":"2023-01-25T09:07:58+00:00","twitter_card":"summary_large_image","twitter_misc":{"Dur\u00e9e de lecture estim\u00e9e":"1 minute"},"schema":{"@context":"https:\/\/schema.org","@graph":[{"@type":"WebPage","@id":"https:\/\/www.italyfamilyhotels.it\/fr\/destinations\/riviera-romagnole\/cesenatico","url":"https:\/\/www.italyfamilyhotels.it\/fr\/destinations\/riviera-romagnole\/cesenatico","name":"Les meilleurs H\u00f4tels pour familles \u00e0 Cesenatico","isPartOf":{"@id":"https:\/\/www.italyfamilyhotels.it\/#website"},"datePublished":"2023-01-23T13:19:43+00:00","dateModified":"2023-01-25T09:07:58+00:00","description":"Envie de vacances en famille sur la c\u00f4te adriatique ? Nous avons s\u00e9lectionn\u00e9 les meilleurs Family Hotels \u00e0 Cesenatico","breadcrumb":{"@id":"https:\/\/www.italyfamilyhotels.it\/fr\/destinations\/riviera-romagnole\/cesenatico#breadcrumb"},"inLanguage":"fr-FR","potentialAction":[{"@type":"ReadAction","target":["https:\/\/www.italyfamilyhotels.it\/fr\/destinations\/riviera-romagnole\/cesenatico"]}]},{"@type":"BreadcrumbList","@id":"https:\/\/www.italyfamilyhotels.it\/fr\/destinations\/riviera-romagnole\/cesenatico#breadcrumb","itemListElement":[{"@type":"ListItem","position":1,"name":"Home","item":"https:\/\/www.italyfamilyhotels.it\/fr"},{"@type":"ListItem","position":2,"name":"Destinations","item":"https:\/\/www.italyfamilyhotels.it\/fr\/destinations"},{"@type":"ListItem","position":3,"name":"Riviera Romagnole","item":"https:\/\/www.italyfamilyhotels.it\/fr\/destinations\/riviera-romagnole"},{"@type":"ListItem","position":4,"name":"Cesenatico"}]},{"@type":"WebSite","@id":"https:\/\/www.italyfamilyhotels.it\/#website","url":"https:\/\/www.italyfamilyhotels.it\/","name":"Italy Family Hotels","description":"","potentialAction":[{"@type":"SearchAction","target":{"@type":"EntryPoint","urlTemplate":"https:\/\/www.italyfamilyhotels.it\/?s={search_term_string}"},"query-input":{"@type":"PropertyValueSpecification","valueRequired":true,"valueName":"search_term_string"}}],"inLanguage":"fr-FR"}]}},"_links":{"self":[{"href":"https:\/\/www.italyfamilyhotels.it\/fr\/wp-json\/wp\/v2\/pages\/43597","targetHints":{"allow":["GET"]}}],"collection":[{"href":"https:\/\/www.italyfamilyhotels.it\/fr\/wp-json\/wp\/v2\/pages"}],"about":[{"href":"https:\/\/www.italyfamilyhotels.it\/fr\/wp-json\/wp\/v2\/types\/page"}],"author":[{"embeddable":true,"href":"https:\/\/www.italyfamilyhotels.it\/fr\/wp-json\/wp\/v2\/users\/2"}],"replies":[{"embeddable":true,"href":"https:\/\/www.italyfamilyhotels.it\/fr\/wp-json\/wp\/v2\/comments?post=43597"}],"version-history":[{"count":1,"href":"https:\/\/www.italyfamilyhotels.it\/fr\/wp-json\/wp\/v2\/pages\/43597\/revisions"}],"predecessor-version":[{"id":43598,"href":"https:\/\/www.italyfamilyhotels.it\/fr\/wp-json\/wp\/v2\/pages\/43597\/revisions\/43598"}],"up":[{"embeddable":true,"href":"https:\/\/www.italyfamilyhotels.it\/fr\/wp-json\/wp\/v2\/pages\/43555"}],"wp:attachment":[{"href":"https:\/\/www.italyfamilyhotels.it\/fr\/wp-json\/wp\/v2\/media?parent=43597"}],"curies":[{"name":"wp","href":"https:\/\/api.w.org\/{rel}","templated":true}]}}