{"id":43589,"date":"2023-01-23T14:19:34","date_gmt":"2023-01-23T13:19:34","guid":{"rendered":"https:\/\/www.italyfamilyhotels.it\/destinations\/riviera-romagnole\/bellaria-igea-marina"},"modified":"2023-01-25T09:55:13","modified_gmt":"2023-01-25T08:55:13","slug":"bellaria-igea-marina","status":"publish","type":"page","link":"https:\/\/www.italyfamilyhotels.it\/fr\/destinations\/riviera-romagnole\/bellaria-igea-marina","title":{"rendered":"Bellaria Igea Marina"},"content":{"rendered":"\n<p>Au centre de la Riviera Adriatique, <b>Bellaria Igea Marina<\/b> n&#8217;est pas seulement un endroit id\u00e9al pour passer des vacances en famille, mais \u00e9galement le point de d\u00e9part id\u00e9al pour des excursions vers les stations baln\u00e9aires voisines et les villes d&#8217;art de l&#8217;arri\u00e8re-pays et de la c\u00f4te, telles que Ravenne et Rimini. Et pour \u00eatre parfaitement honn\u00eate, il sera difficile de d\u00e9cider d&#8217;abandonner cet ancien village de p\u00eacheurs apr\u00e8s avoir d\u00e9couvert ses plages, sa grande offre <b>gastronomique<\/b> et d\u2019activit\u00e9s, ainsi qu\u2019apr\u00e8s avoir respir\u00e9 cet air de la mer et des arbres qui n\u2019existe que dans des endroits comme celui-ci, o\u00f9 le maquis m\u00e9diterran\u00e9en du <b>Parc del Gelso<\/b> m\u00eale ses parfums \u00e0 celui de l&#8217;eau sal\u00e9e qui caresse le sable.<\/p>\n","protected":false},"excerpt":{"rendered":"<p>Au centre de la Riviera Adriatique, Bellaria Igea Marina n&#8217;est pas seulement un endroit id\u00e9al pour passer des vacances en famille, mais \u00e9galement le point de d\u00e9part id\u00e9al pour des excursions vers les stations baln\u00e9aires voisines et les villes d&#8217;art de l&#8217;arri\u00e8re-pays et de la c\u00f4te, telles que Ravenne et Rimini. Et pour \u00eatre parfaitement &hellip;<\/p>\n","protected":false},"author":2,"featured_media":0,"parent":43555,"menu_order":0,"comment_status":"closed","ping_status":"closed","template":"page-templates\/scheda_localita.php","meta":{"_acf_changed":false,"inline_featured_image":false,"footnotes":""},"class_list":["post-43589","page","type-page","status-publish","hentry"],"acf":[],"yoast_head":"<!-- This site is optimized with the Yoast SEO plugin v27.1 - https:\/\/yoast.com\/product\/yoast-seo-wordpress\/ -->\n<title>Les meilleurs H\u00f4tels pour familles \u00e0 Bellaria Igea Marina<\/title>\n<meta name=\"description\" content=\"Envie de vacances en famille sur la c\u00f4te adriatique ? Nous avons s\u00e9lectionn\u00e9 les meilleurs Family Hotels \u00e0 Bellaria Igea Marina\" \/>\n<meta name=\"robots\" content=\"index, follow, max-snippet:-1, max-image-preview:large, max-video-preview:-1\" \/>\n<link rel=\"canonical\" href=\"https:\/\/www.italyfamilyhotels.it\/fr\/destinations\/riviera-romagnole\/bellaria-igea-marina\" \/>\n<meta property=\"og:locale\" content=\"fr_FR\" \/>\n<meta property=\"og:type\" content=\"article\" \/>\n<meta property=\"og:title\" content=\"Les meilleurs H\u00f4tels pour familles \u00e0 Bellaria Igea Marina\" \/>\n<meta property=\"og:description\" content=\"Envie de vacances en famille sur la c\u00f4te adriatique ? Nous avons s\u00e9lectionn\u00e9 les meilleurs Family Hotels \u00e0 Bellaria Igea Marina\" \/>\n<meta property=\"og:url\" content=\"https:\/\/www.italyfamilyhotels.it\/fr\/destinations\/riviera-romagnole\/bellaria-igea-marina\" \/>\n<meta property=\"og:site_name\" content=\"Italy Family Hotels\" \/>\n<meta property=\"article:publisher\" content=\"https:\/\/www.facebook.com\/ItalyFamilyHotels\/\" \/>\n<meta property=\"article:modified_time\" content=\"2023-01-25T08:55:13+00:00\" \/>\n<meta name=\"twitter:card\" content=\"summary_large_image\" \/>\n<meta name=\"twitter:label1\" content=\"Dur\u00e9e de lecture estim\u00e9e\" \/>\n\t<meta name=\"twitter:data1\" content=\"1 minute\" \/>\n<script type=\"application\/ld+json\" class=\"yoast-schema-graph\">{\"@context\":\"https:\/\/schema.org\",\"@graph\":[{\"@type\":\"WebPage\",\"@id\":\"https:\/\/www.italyfamilyhotels.it\/fr\/destinations\/riviera-romagnole\/bellaria-igea-marina\",\"url\":\"https:\/\/www.italyfamilyhotels.it\/fr\/destinations\/riviera-romagnole\/bellaria-igea-marina\",\"name\":\"Les meilleurs H\u00f4tels pour familles \u00e0 Bellaria Igea Marina\",\"isPartOf\":{\"@id\":\"https:\/\/www.italyfamilyhotels.it\/#website\"},\"datePublished\":\"2023-01-23T13:19:34+00:00\",\"dateModified\":\"2023-01-25T08:55:13+00:00\",\"description\":\"Envie de vacances en famille sur la c\u00f4te adriatique ? Nous avons s\u00e9lectionn\u00e9 les meilleurs Family Hotels \u00e0 Bellaria Igea Marina\",\"breadcrumb\":{\"@id\":\"https:\/\/www.italyfamilyhotels.it\/fr\/destinations\/riviera-romagnole\/bellaria-igea-marina#breadcrumb\"},\"inLanguage\":\"fr-FR\",\"potentialAction\":[{\"@type\":\"ReadAction\",\"target\":[\"https:\/\/www.italyfamilyhotels.it\/fr\/destinations\/riviera-romagnole\/bellaria-igea-marina\"]}]},{\"@type\":\"BreadcrumbList\",\"@id\":\"https:\/\/www.italyfamilyhotels.it\/fr\/destinations\/riviera-romagnole\/bellaria-igea-marina#breadcrumb\",\"itemListElement\":[{\"@type\":\"ListItem\",\"position\":1,\"name\":\"Home\",\"item\":\"https:\/\/www.italyfamilyhotels.it\/fr\"},{\"@type\":\"ListItem\",\"position\":2,\"name\":\"Destinations\",\"item\":\"https:\/\/www.italyfamilyhotels.it\/fr\/destinations\"},{\"@type\":\"ListItem\",\"position\":3,\"name\":\"Riviera Romagnole\",\"item\":\"https:\/\/www.italyfamilyhotels.it\/fr\/destinations\/riviera-romagnole\"},{\"@type\":\"ListItem\",\"position\":4,\"name\":\"Bellaria Igea Marina\"}]},{\"@type\":\"WebSite\",\"@id\":\"https:\/\/www.italyfamilyhotels.it\/#website\",\"url\":\"https:\/\/www.italyfamilyhotels.it\/\",\"name\":\"Italy Family Hotels\",\"description\":\"\",\"potentialAction\":[{\"@type\":\"SearchAction\",\"target\":{\"@type\":\"EntryPoint\",\"urlTemplate\":\"https:\/\/www.italyfamilyhotels.it\/?s={search_term_string}\"},\"query-input\":{\"@type\":\"PropertyValueSpecification\",\"valueRequired\":true,\"valueName\":\"search_term_string\"}}],\"inLanguage\":\"fr-FR\"}]}<\/script>\n<!-- \/ Yoast SEO plugin. -->","yoast_head_json":{"title":"Les meilleurs H\u00f4tels pour familles \u00e0 Bellaria Igea Marina","description":"Envie de vacances en famille sur la c\u00f4te adriatique ? Nous avons s\u00e9lectionn\u00e9 les meilleurs Family Hotels \u00e0 Bellaria Igea Marina","robots":{"index":"index","follow":"follow","max-snippet":"max-snippet:-1","max-image-preview":"max-image-preview:large","max-video-preview":"max-video-preview:-1"},"canonical":"https:\/\/www.italyfamilyhotels.it\/fr\/destinations\/riviera-romagnole\/bellaria-igea-marina","og_locale":"fr_FR","og_type":"article","og_title":"Les meilleurs H\u00f4tels pour familles \u00e0 Bellaria Igea Marina","og_description":"Envie de vacances en famille sur la c\u00f4te adriatique ? Nous avons s\u00e9lectionn\u00e9 les meilleurs Family Hotels \u00e0 Bellaria Igea Marina","og_url":"https:\/\/www.italyfamilyhotels.it\/fr\/destinations\/riviera-romagnole\/bellaria-igea-marina","og_site_name":"Italy Family Hotels","article_publisher":"https:\/\/www.facebook.com\/ItalyFamilyHotels\/","article_modified_time":"2023-01-25T08:55:13+00:00","twitter_card":"summary_large_image","twitter_misc":{"Dur\u00e9e de lecture estim\u00e9e":"1 minute"},"schema":{"@context":"https:\/\/schema.org","@graph":[{"@type":"WebPage","@id":"https:\/\/www.italyfamilyhotels.it\/fr\/destinations\/riviera-romagnole\/bellaria-igea-marina","url":"https:\/\/www.italyfamilyhotels.it\/fr\/destinations\/riviera-romagnole\/bellaria-igea-marina","name":"Les meilleurs H\u00f4tels pour familles \u00e0 Bellaria Igea Marina","isPartOf":{"@id":"https:\/\/www.italyfamilyhotels.it\/#website"},"datePublished":"2023-01-23T13:19:34+00:00","dateModified":"2023-01-25T08:55:13+00:00","description":"Envie de vacances en famille sur la c\u00f4te adriatique ? Nous avons s\u00e9lectionn\u00e9 les meilleurs Family Hotels \u00e0 Bellaria Igea Marina","breadcrumb":{"@id":"https:\/\/www.italyfamilyhotels.it\/fr\/destinations\/riviera-romagnole\/bellaria-igea-marina#breadcrumb"},"inLanguage":"fr-FR","potentialAction":[{"@type":"ReadAction","target":["https:\/\/www.italyfamilyhotels.it\/fr\/destinations\/riviera-romagnole\/bellaria-igea-marina"]}]},{"@type":"BreadcrumbList","@id":"https:\/\/www.italyfamilyhotels.it\/fr\/destinations\/riviera-romagnole\/bellaria-igea-marina#breadcrumb","itemListElement":[{"@type":"ListItem","position":1,"name":"Home","item":"https:\/\/www.italyfamilyhotels.it\/fr"},{"@type":"ListItem","position":2,"name":"Destinations","item":"https:\/\/www.italyfamilyhotels.it\/fr\/destinations"},{"@type":"ListItem","position":3,"name":"Riviera Romagnole","item":"https:\/\/www.italyfamilyhotels.it\/fr\/destinations\/riviera-romagnole"},{"@type":"ListItem","position":4,"name":"Bellaria Igea Marina"}]},{"@type":"WebSite","@id":"https:\/\/www.italyfamilyhotels.it\/#website","url":"https:\/\/www.italyfamilyhotels.it\/","name":"Italy Family Hotels","description":"","potentialAction":[{"@type":"SearchAction","target":{"@type":"EntryPoint","urlTemplate":"https:\/\/www.italyfamilyhotels.it\/?s={search_term_string}"},"query-input":{"@type":"PropertyValueSpecification","valueRequired":true,"valueName":"search_term_string"}}],"inLanguage":"fr-FR"}]}},"_links":{"self":[{"href":"https:\/\/www.italyfamilyhotels.it\/fr\/wp-json\/wp\/v2\/pages\/43589","targetHints":{"allow":["GET"]}}],"collection":[{"href":"https:\/\/www.italyfamilyhotels.it\/fr\/wp-json\/wp\/v2\/pages"}],"about":[{"href":"https:\/\/www.italyfamilyhotels.it\/fr\/wp-json\/wp\/v2\/types\/page"}],"author":[{"embeddable":true,"href":"https:\/\/www.italyfamilyhotels.it\/fr\/wp-json\/wp\/v2\/users\/2"}],"replies":[{"embeddable":true,"href":"https:\/\/www.italyfamilyhotels.it\/fr\/wp-json\/wp\/v2\/comments?post=43589"}],"version-history":[{"count":1,"href":"https:\/\/www.italyfamilyhotels.it\/fr\/wp-json\/wp\/v2\/pages\/43589\/revisions"}],"predecessor-version":[{"id":43590,"href":"https:\/\/www.italyfamilyhotels.it\/fr\/wp-json\/wp\/v2\/pages\/43589\/revisions\/43590"}],"up":[{"embeddable":true,"href":"https:\/\/www.italyfamilyhotels.it\/fr\/wp-json\/wp\/v2\/pages\/43555"}],"wp:attachment":[{"href":"https:\/\/www.italyfamilyhotels.it\/fr\/wp-json\/wp\/v2\/media?parent=43589"}],"curies":[{"name":"wp","href":"https:\/\/api.w.org\/{rel}","templated":true}]}}